{"id":2747,"date":"2021-07-20T10:42:34","date_gmt":"2021-07-20T10:42:34","guid":{"rendered":"http:\/\/blogs.uned.es\/salidasprofesionales\/?page_id=2747"},"modified":"2021-07-20T10:42:35","modified_gmt":"2021-07-20T10:42:35","slug":"trayectorias-laborales-y-formativas-personales-ingenieria-en-tecnologias-de-las-informacion","status":"publish","type":"page","link":"https:\/\/blogs.uned.es\/salidasprofesionales\/grados\/ingenieria-y-arquitectura\/grado-en-ingenieria-en-tecnologias-de-la-informacion\/trayectorias-laborales-y-formativas-personales-ingenieria-en-tecnologias-de-las-informacion\/","title":{"rendered":"Trayectorias laborales y formativas personales (Ingenier\u00eda en Tecnolog\u00edas de las Informaci\u00f3n)"},"content":{"rendered":"<p><img decoding=\"async\" class=\"aligncenter size-full wp-image-2035\" src=\"http:\/\/blogs.uned.es\/salidasprofesionales\/wp-content\/uploads\/sites\/165\/2020\/05\/testimonios.png\" alt=\"\" width=\"245\" height=\"160\" \/><\/p>\n<p><strong>Programas de radio:<\/strong><\/p>\n<ul>\n<li><a href=\"https:\/\/www.bing.com\/videos\/search?q=ingenier%c3%ada+inform%c3%a1tica+uned&amp;&amp;view=detail&amp;mid=86B47CB1F2736034E9F586B47CB1F2736034E9F5&amp;&amp;FORM=VRDGAR&amp;ru=%2Fvideos%2Fsearch%3Fq%3Dingenier%25C3%25ADa%2520inform%25C3%25A1tica%2520uned%26qs%3Dn%26form%3DQBVR%26sp%3D-1%26pq%3Dingenier%25C3%25ADa%2520inform%25C3%25A1tica%2520une%26sc%3D8-26%26sk%3D%26cvid%3D028CF8DE3BCC47CA9FD7B247C8F1DE1C\">M\u00e1ster universitario en Ingenier\u00eda Inform\u00e1tica<\/a><\/li>\n<li><a href=\"https:\/\/www.bing.com\/videos\/search?q=experiencia+inform%c3%a1tica+uned&amp;&amp;view=detail&amp;mid=D98ADAA92A1DBCB91DC2D98ADAA92A1DBCB91DC2&amp;&amp;FORM=VRDGAR&amp;ru=%2Fvideos%2Fsearch%3Fq%3Dexperiencia%2520inform%25C3%25A1tica%2520uned%26qs%3Dn%26form%3DQBVR%26sp%3D-1%26pq%3Dexperiencia%2520inform%25C3%25A1tica%2520uned%26sc%3D0-28%26sk%3D%26cvid%3D31C5B416EBAA45DFBB8E970E29619B22\">Master de Inteligencia Artificial Avanzada<\/a><\/li>\n<li><a href=\"https:\/\/www.bing.com\/videos\/search?q=experiencia+inform%c3%a1tica+uned&amp;&amp;view=detail&amp;mid=676FC0BCFAEFA5C81045676FC0BCFAEFA5C81045&amp;&amp;FORM=VRDGAR&amp;ru=%2Fvideos%2Fsearch%3Fq%3Dexperiencia%2520inform%25C3%25A1tica%2520uned%26qs%3Dn%26form%3DQBVR%26sp%3D-1%26pq%3Dexperiencia%2520inform%25C3%25A1tica%2520uned%26sc%3D0-28%26sk%3D%26cvid%3D31C5B416EBAA45DFBB8E970E29619B22\">Temas avanzados de ingenier\u00eda de software<\/a><\/li>\n<\/ul>\n<p><strong>Video:<\/strong><\/p>\n<ul>\n<li><a href=\"https:\/\/www.bing.com\/videos\/search?q=+mercada+laboral+inform%c3%a1tica+espa%c3%b1a&amp;&amp;view=detail&amp;mid=A6B3E4684FF9BF99A372A6B3E4684FF9BF99A372&amp;&amp;FORM=VRDGAR&amp;ru=%2Fvideos%2Fsearch%3Fq%3D%2520mercada%2520laboral%2520inform%25C3%25A1tica%2520espa%25C3%25B1a%26qs%3Dn%26form%3DQBVR%26sp%3D-1%26pq%3Dmercada%2520laboral%2520inform%25C3%25A1tica%2520espa%25C3%25B1a%26sc%3D0-34%26sk%3D%26cvid%3D9F09A9A1A14D40229053021CCC795E06\"> \u00bfCobras poco? Carreras profesionales en software &#8211; David Bonilla<\/a><\/li>\n<li><a href=\"https:\/\/www.bing.com\/videos\/search?q=+mercada+laboral+inform%c3%a1tica+espa%c3%b1a&amp;&amp;view=detail&amp;mid=A51033A234D682F23F3EA51033A234D682F23F3E&amp;&amp;FORM=VRDGAR&amp;ru=%2Fvideos%2Fsearch%3Fq%3D%2520mercada%2520laboral%2520inform%25C3%25A1tica%2520espa%25C3%25B1a%26qs%3Dn%26form%3DQBVR%26sp%3D-1%26pq%3Dmercada%2520laboral%2520inform%25C3%25A1tica%2520espa%25C3%25B1a%26sc%3D0-34%26sk%3D%26cvid%3D9F09A9A1A14D40229053021CCC795E06\">Retos de la seguridad inform\u00e1tica en la formaci\u00f3n y en la empresa<\/a><\/li>\n<li><a href=\"https:\/\/www.bing.com\/videos\/search?q=+mercada+laboral+inform%c3%a1tica+espa%c3%b1a&amp;&amp;view=detail&amp;mid=6D2A4ABB558B334839DC6D2A4ABB558B334839DC&amp;&amp;FORM=VRDGAR&amp;ru=%2Fvideos%2Fsearch%3Fq%3D%2520mercada%2520laboral%2520inform%25C3%25A1tica%2520espa%25C3%25B1a%26qs%3Dn%26form%3DQBVR%26sp%3D-1%26pq%3Dmercada%2520laboral%2520inform%25C3%25A1tica%2520espa%25C3%25B1a%26sc%3D0-34%26sk%3D%26cvid%3D9F09A9A1A14D40229053021CCC795E06\">Aprende lo que necesitas para obtener trabajo c\u00f3mo programador<\/a><\/li>\n<\/ul>\n<p><a href=\"https:\/\/canal.uned.es\/video\/60ed2ddeb6092303a876f7b2\">Jornada de puertas abiertas \u00abEscuela de Inform\u00e1tica\u00bb<\/a><\/p>\n\n\n<p><\/p>\n","protected":false},"excerpt":{"rendered":"<p>Programas de radio: M\u00e1ster universitario en Ingenier\u00eda Inform\u00e1tica Master de Inteligencia Artificial Avanzada Temas avanzados de ingenier\u00eda de software Video: \u00bfCobras poco? Carreras profesionales en software &#8211; David Bonilla Retos de la seguridad inform\u00e1tica en la formaci\u00f3n y en la empresa Aprende lo que necesitas para obtener trabajo c\u00f3mo programador Jornada de puertas abiertas \u00abEscuela [&hellip;]<\/p>\n","protected":false},"author":5997,"featured_media":0,"parent":257,"menu_order":0,"comment_status":"closed","ping_status":"closed","template":"","meta":{"footnotes":""},"class_list":["post-2747","page","type-page","status-publish","czr-hentry"],"_links":{"self":[{"href":"https:\/\/blogs.uned.es\/salidasprofesionales\/wp-json\/wp\/v2\/pages\/2747","targetHints":{"allow":["GET"]}}],"collection":[{"href":"https:\/\/blogs.uned.es\/salidasprofesionales\/wp-json\/wp\/v2\/pages"}],"about":[{"href":"https:\/\/blogs.uned.es\/salidasprofesionales\/wp-json\/wp\/v2\/types\/page"}],"author":[{"embeddable":true,"href":"https:\/\/blogs.uned.es\/salidasprofesionales\/wp-json\/wp\/v2\/users\/5997"}],"replies":[{"embeddable":true,"href":"https:\/\/blogs.uned.es\/salidasprofesionales\/wp-json\/wp\/v2\/comments?post=2747"}],"version-history":[{"count":4,"href":"https:\/\/blogs.uned.es\/salidasprofesionales\/wp-json\/wp\/v2\/pages\/2747\/revisions"}],"predecessor-version":[{"id":4911,"href":"https:\/\/blogs.uned.es\/salidasprofesionales\/wp-json\/wp\/v2\/pages\/2747\/revisions\/4911"}],"up":[{"embeddable":true,"href":"https:\/\/blogs.uned.es\/salidasprofesionales\/wp-json\/wp\/v2\/pages\/257"}],"wp:attachment":[{"href":"https:\/\/blogs.uned.es\/salidasprofesionales\/wp-json\/wp\/v2\/media?parent=2747"}],"curies":[{"name":"wp","href":"https:\/\/api.w.org\/{rel}","templated":true}]}}