{"id":2689,"date":"2020-06-30T10:55:00","date_gmt":"2020-06-30T10:55:00","guid":{"rendered":"http:\/\/blogs.uned.es\/salidasprofesionales\/?page_id=2689"},"modified":"2020-06-30T11:03:12","modified_gmt":"2020-06-30T11:03:12","slug":"ocupaciones-puestos-ingenieria-en-tecnologias-de-la-informacion","status":"publish","type":"page","link":"https:\/\/blogs.uned.es\/salidasprofesionales\/grados\/ingenieria-y-arquitectura\/grado-en-ingenieria-en-tecnologias-de-la-informacion\/ocupaciones-puestos-ingenieria-en-tecnologias-de-la-informacion\/","title":{"rendered":"Ocupaciones\/puestos (Ingenier\u00eda en Tecnolog\u00edas de la Informaci\u00f3n)"},"content":{"rendered":"<h3><img fetchpriority=\"high\" decoding=\"async\" class=\"size-full wp-image-2695 alignleft\" src=\"http:\/\/blogs.uned.es\/salidasprofesionales\/wp-content\/uploads\/sites\/165\/2020\/06\/puestos-1.jpg\" alt=\"\" width=\"304\" height=\"180\" srcset=\"https:\/\/blogs.uned.es\/salidasprofesionales\/wp-content\/uploads\/sites\/165\/2020\/06\/puestos-1.jpg 304w, https:\/\/blogs.uned.es\/salidasprofesionales\/wp-content\/uploads\/sites\/165\/2020\/06\/puestos-1-300x178.jpg 300w\" sizes=\"(max-width: 304px) 100vw, 304px\" \/><\/h3>\n<h3><strong>Puestos propios de la titulaci\u00f3n<\/strong><\/h3>\n<p><strong>\u2022 Gestor de transferencia de tecnolog\u00eda:<\/strong> Profesional que se encarga de promover la colaboraci\u00f3n y la transferencia de tecnolog\u00eda entre la universidad y el sector empresarial. Realiza las siguientes funciones y actividades: identificar y difundir la oferta tecnol\u00f3gica de la universidad, difundir la informaci\u00f3n de Investigaci\u00f3n, Desarrollo e Innovaci\u00f3n (I+D+i) a trav\u00e9s de los sistemas de informaci\u00f3n y de las p\u00e1ginas Web, asesorar y gestionar propuestas de proyectos nuevos, llevar a cabo la protecci\u00f3n de los resultados de la investigaci\u00f3n, comercializar los productos tecnol\u00f3gicos obtenidos, asesorar en la creaci\u00f3n de empresas de base tecnol\u00f3gica y llevar a cabo la vigilancia tecnol\u00f3gica para empresas del sector de Tecnolog\u00edas de la Informaci\u00f3n y Comunicaciones (TIC).<\/p>\n<p><strong>\u2022 Ingeniero de desarrollo de hardware:<\/strong> Profesional que estudia, dise\u00f1a y crea los elementos de hardware o componentes f\u00edsicos de un ordenador o vinculados al mismo: disco duro, dispositivo de CD-ROM, cables, tarjetas, y perif\u00e9ricos de todo tipo. Se encarga de la creaci\u00f3n de la documentaci\u00f3n, de la administraci\u00f3n, y del mantenimiento y mejora del hardware.<\/p>\n<p><strong>\u2022 Ingeniero de desarrollo de software:<\/strong> Profesional que crea y mantiene los programas inform\u00e1ticos aplicando las tecnolog\u00edas y pr\u00e1cticas de las ciencias computacionales. El proceso que realiza para ello va desde el an\u00e1lisis de requisitos y especificaci\u00f3n de condiciones que<br \/>\nha de tener el programa a crear, hasta el dise\u00f1o, programaci\u00f3n y prueba del software, finalizando con la creaci\u00f3n de la documentaci\u00f3n y mantenimiento.<\/p>\n<p><strong>\u2022 Ingeniera biom\u00e9dica, Ingeniero biom\u00e9dico:<\/strong> Profesional especializado en la concepci\u00f3n, dise\u00f1o, fabricaci\u00f3n, instalaci\u00f3n, mantenimiento y reparaci\u00f3n de equipos e instrumentos m\u00e9dicos, tales como equipos de diagn\u00f3stico, equipos para cirug\u00eda asistida por ordenador, ayudas t\u00e9cnicas para las personas con limitaciones funcionales o materiales para pr\u00f3tesis e implantes<\/p>\n<p><strong>\u2022 Analista de aplicaciones:<\/strong> Profesional que se responsabiliza del an\u00e1lisis de las necesidades inform\u00e1ticas en los diferentes departamentos de las empresas, en los \u00e1mbitos relacionados con el desarrollo de aplicaciones, la planificaci\u00f3n, coordinaci\u00f3n e implementaci\u00f3n de las posibles mejoras, en colaboraci\u00f3n con el programador que es quien se encarga finalmente de crear o modificar la aplicaci\u00f3n. Realizan informes de justificaci\u00f3n t\u00e9cnicos, elaboran presupuestos y los modos de implementaci\u00f3n de los mismos, dise\u00f1an presentaciones de proyectos y realizan un estudio continuo del mercado con el fin de encontrar nuevos productos y tendencias.<\/p>\n<p><strong>\u2022 Analista-programador:<\/strong> Profesional que partiendo del an\u00e1lisis de las necesidades inform\u00e1ticas de una empresa dise\u00f1a, programa e implementa una aplicaci\u00f3n o sistema para cubrir dichas necesidades. La figura del analista programador resuelve los problemas t\u00edpicos de comunicaci\u00f3n que se dan entre analistas y programadores por la excesiva especializaci\u00f3n y facilita por lo tanto una mayor conexi\u00f3n en todo el proceso.<\/p>\n<p><strong>\u2022 Jefe de Proyectos inform\u00e1ticos:<\/strong> Profesional responsable de la direcci\u00f3n y gesti\u00f3n de los proyectos inform\u00e1ticos que se llevan a cabo en la empresa cliente. Para ello eval\u00faa las necesidades inform\u00e1ticas, elabora, planifica y coordina un plan para implantar el sistema inform\u00e1tico que necesite la empresa, realiza la presentaci\u00f3n del proyecto, controla su puesta en marcha, eval\u00faa los resultados obtenidos y supervisa la elaboraci\u00f3n de manuales de funcionamiento.<\/p>\n<p><strong>\u2022 Analista de sistemas inform\u00e1ticos:<\/strong> Profesional que se encarga del an\u00e1lisis funcional, dise\u00f1o, implantaci\u00f3n y mantenimiento del sistema inform\u00e1tico seg\u00fan las necesidades de los usuarios y de mejoras en el funcionamiento de redes y comunicaciones de las empresas, en lo relacionado con servidores, software de sistemas, perif\u00e9ricos, seguridad inform\u00e1tica, sistemas operativos y sistemas de aplicaciones. Tambi\u00e9n son de su competencia el estudio de mercado para la b\u00fasqueda de nuevos productos y tendencias, la redacci\u00f3n de presupuestos, el articulado de protocolos y normas de procedimiento y la presentaci\u00f3n de proyectos.<\/p>\n<p><strong>\u2022 T\u00e9cnico en Seguridad inform\u00e1tica:<\/strong> Profesional que se encarga de analizar, implantar, gestionar, mantener, evaluar y auditar las acciones y los sistemas de seguridad inform\u00e1tica que<br \/>\nprotegen las redes y sistemas de una empresa u organizaci\u00f3n ante eventuales amenazas. Son \u00e1reas de su inter\u00e9s: la criptograf\u00eda, la \u201cusabilidad\u201d y confidencialidad de la informaci\u00f3n en las redes y las bases de datos inform\u00e1ticas, el comercio y la firma electr\u00f3nica, los m\u00e9todos de autentificaci\u00f3n, la propiedad intelectual, la criminalidad inform\u00e1tica, la responsabilidad jur\u00eddica en internet, los peritajes judiciales, los m\u00e9todos de detecci\u00f3n y protecci\u00f3n ante la intrusi\u00f3n (\u201chacker\u201d,\u201ccortafuegos\u201d) o de timos como el \u201cphishing\u201d.<\/p>\n<p><strong>\u2022 T\u00e9cnico Comercial inform\u00e1tica:<\/strong> Profesional especializado en la venta de proyectos y\/o equipos inform\u00e1ticos a las empresas e instituciones. Su labor consiste en analizar las necesidades de un cliente y traducirlas en un sistema inform\u00e1tico \u00f3ptimo, estimando costes y negociando con el cliente.<\/p>\n<p><strong>\u2022 Consultor o Consultora en soluciones TIC (Tecnolog\u00eda de la Informaci\u00f3n y de las Comunicaciones):<\/strong> Profesional que se encarga de analizar e identificar las necesidades de informaci\u00f3n y comunicaci\u00f3n interna y externa de las organizaciones. Su objetivo es proponer medidas o procedimientos que optimicen las posibilidades de interconexi\u00f3n de las redes inform\u00e1ticas.<\/p>\n<p><strong>\u2022Ingeniero electr\u00f3nico de mantenimiento:<\/strong> se basa en el mantenimiento electr\u00f3nico correctivo y preventivo en v\u00eda; An\u00e1lisis, seguimiento y comunicaci\u00f3n de incidencias; Gesti\u00f3n de almacenes; &#8211; Uso de aplicaciones electr\u00f3nicas instaladas e incluso el manejo de documentaci\u00f3n t\u00e9cnica.<\/p>\n<h3><img decoding=\"async\" class=\"size-full wp-image-2697 alignright\" src=\"http:\/\/blogs.uned.es\/salidasprofesionales\/wp-content\/uploads\/sites\/165\/2020\/06\/puestos-2-1.jpg\" alt=\"\" width=\"307\" height=\"178\" srcset=\"https:\/\/blogs.uned.es\/salidasprofesionales\/wp-content\/uploads\/sites\/165\/2020\/06\/puestos-2-1.jpg 307w, https:\/\/blogs.uned.es\/salidasprofesionales\/wp-content\/uploads\/sites\/165\/2020\/06\/puestos-2-1-300x174.jpg 300w\" sizes=\"(max-width: 307px) 100vw, 307px\" \/><\/h3>\n<h3>Puestos comunes a otras titulaciones<\/h3>\n<p>La titulaci\u00f3n Grado en \u201cIngenier\u00eda en Tecnolog\u00edas de Informaci\u00f3n\u201d tambi\u00e9n da acceso a puestos comunes a otras titulaciones:<\/p>\n<p>-T\u00e9cnico\/T\u00e9cnica en Rob\u00f3tica<br \/>\n-Investigador\/a<br \/>\n-Director o Directora de Investigaci\u00f3n (I+D) y Desarrollo y de Investigaci\u00f3n<br \/>\n-Desarrollo e Innovaci\u00f3n (I+D+i)<br \/>\n-Ejercicio libre de la profesi\u00f3n<br \/>\n-Director o Directora de calidad<br \/>\n-T\u00e9cnica o T\u00e9cnico en Formaci\u00f3n<br \/>\n-Director o Directora de calidad<br \/>\n-Consultor o Consultora de negocios en internet (Consultor\/a e business)<br \/>\n-Administrador o Administradora de bases de datos<br \/>\n-Editor o Editora de contenidos web<br \/>\n-T\u00e9cnica o T\u00e9cnico en Hardware y software<br \/>\n-T\u00e9cnica o T\u00e9cnico en Desarrollo y mantenimiento de P\u00e1ginas we b (webmaster)<br \/>\n-T\u00e9cnica inform\u00e1tica o T\u00e9cnico inform\u00e1tico para Soporte y mantenimiento de usuarios y usuarias (helpdesk)<br \/>\n-T\u00e9cnica o T\u00e9cnico en Control y evaluaci\u00f3n de la calidad<br \/>\n-Controlador o Controladora de Tr\u00e1nsito a\u00e9reo<br \/>\n-T\u00e9cnico\/a comercial<br \/>\n-Consultor\/a<br \/>\n-Tutor o Tutora de formaci\u00f3n abierta y a distancia<br \/>\n-Tutor o Tutora de formaci\u00f3n abierta y a distancia<br \/>\n-Especialista en Dise\u00f1o y elaboraci\u00f3n de materiales did\u00e1cticos<br \/>\n-Profesor Universitario<br \/>\n-Profesor de secundaria<\/p>\n","protected":false},"excerpt":{"rendered":"<p>Puestos propios de la titulaci\u00f3n \u2022 Gestor de transferencia de tecnolog\u00eda: Profesional que se encarga de promover la colaboraci\u00f3n y la transferencia de tecnolog\u00eda entre la universidad y el sector empresarial. Realiza las siguientes funciones y actividades: identificar y difundir la oferta tecnol\u00f3gica de la universidad, difundir la informaci\u00f3n de Investigaci\u00f3n, Desarrollo e Innovaci\u00f3n (I+D+i) [&hellip;]<\/p>\n","protected":false},"author":5997,"featured_media":0,"parent":257,"menu_order":0,"comment_status":"closed","ping_status":"closed","template":"","meta":{"footnotes":""},"class_list":["post-2689","page","type-page","status-publish","czr-hentry"],"_links":{"self":[{"href":"https:\/\/blogs.uned.es\/salidasprofesionales\/wp-json\/wp\/v2\/pages\/2689","targetHints":{"allow":["GET"]}}],"collection":[{"href":"https:\/\/blogs.uned.es\/salidasprofesionales\/wp-json\/wp\/v2\/pages"}],"about":[{"href":"https:\/\/blogs.uned.es\/salidasprofesionales\/wp-json\/wp\/v2\/types\/page"}],"author":[{"embeddable":true,"href":"https:\/\/blogs.uned.es\/salidasprofesionales\/wp-json\/wp\/v2\/users\/5997"}],"replies":[{"embeddable":true,"href":"https:\/\/blogs.uned.es\/salidasprofesionales\/wp-json\/wp\/v2\/comments?post=2689"}],"version-history":[{"count":3,"href":"https:\/\/blogs.uned.es\/salidasprofesionales\/wp-json\/wp\/v2\/pages\/2689\/revisions"}],"predecessor-version":[{"id":2699,"href":"https:\/\/blogs.uned.es\/salidasprofesionales\/wp-json\/wp\/v2\/pages\/2689\/revisions\/2699"}],"up":[{"embeddable":true,"href":"https:\/\/blogs.uned.es\/salidasprofesionales\/wp-json\/wp\/v2\/pages\/257"}],"wp:attachment":[{"href":"https:\/\/blogs.uned.es\/salidasprofesionales\/wp-json\/wp\/v2\/media?parent=2689"}],"curies":[{"name":"wp","href":"https:\/\/api.w.org\/{rel}","templated":true}]}}