{"id":261,"date":"2019-02-04T13:46:46","date_gmt":"2019-02-04T13:46:46","guid":{"rendered":"http:\/\/blogs.uned.es\/salidasprofesionales\/?page_id=261"},"modified":"2021-09-13T09:19:36","modified_gmt":"2021-09-13T09:19:36","slug":"grado-en-ingenieria-informatica","status":"publish","type":"page","link":"https:\/\/blogs.uned.es\/salidasprofesionales\/grados\/ingenieria-y-arquitectura\/grado-en-ingenieria-informatica\/","title":{"rendered":"Grado en Ingenier\u00eda Inform\u00e1tica"},"content":{"rendered":"<p><img decoding=\"async\" class=\"alignnone size-medium wp-image-1497 alignright\" src=\"http:\/\/blogs.uned.es\/salidasprofesionales\/wp-content\/uploads\/sites\/165\/2020\/05\/portada-1-300x128.jpg\" alt=\"\" width=\"300\" height=\"128\" \/><\/p>\n<p><strong>Itinerario formativo<\/strong><\/p>\n<p><a href=\"http:\/\/blogs.uned.es\/salidasprofesionales\/perfil-del-grado-ingenieria-informatica\/\">Perfil del Grado<\/a><br \/><a href=\"http:\/\/blogs.uned.es\/salidasprofesionales\/competencias-profesionales-ingenieria-informatica\/\">Competencias Profesionales<\/a><br \/><a href=\"http:\/\/blogs.uned.es\/salidasprofesionales\/opciones-formativas-vinculadas-al-titulo-ingenieria-informatica\/\">Opciones formativas vinculadas al t\u00edtulo<\/a><\/p>\n<p><strong>Salidas profesionales<\/strong><\/p>\n<p><a href=\"http:\/\/blogs.uned.es\/salidasprofesionales\/perspectivas-laborales-ingenieria-informatica\/\">Perspectivas Laborales<\/a><br \/><a href=\"http:\/\/blogs.uned.es\/salidasprofesionales\/ambitos-profesionales-ingenieria-informatica\/\">\u00c1mbitos profesionales<\/a><br \/><a href=\"http:\/\/blogs.uned.es\/salidasprofesionales\/ocupaciones-puestos-ingenieria-informatica\/\">Ocupaciones\/Puestos<\/a><br \/><a href=\"http:\/\/blogs.uned.es\/salidasprofesionales\/empresas-organizaciones-y-portales-especificos-de-empleo-ingenieria-informatica\/\">Empresas, organizaciones y portales espec\u00edficos de empleo<\/a><\/p>\n<p><strong>Recursos de Inter\u00e9s<\/strong><\/p>\n<p><a href=\"http:\/\/blogs.uned.es\/salidasprofesionales\/organizaciones-y-enlaces-relevantes-ingenieria-informatica\/\">Organizaciones y enlaces relevantes<\/a><br \/><a href=\"http:\/\/blogs.uned.es\/salidasprofesionales\/estadisticas-e-informes-del-mercado-de-trabajo-ingenieria-informatica\/\">Estad\u00edsticas e informes del Mercado de Trabajo<\/a><br \/><a href=\"http:\/\/blogs.uned.es\/salidasprofesionales\/trayectorias-laborales-y-formativas-profesionales-ingenieria-informatica\/\">Trayectorias laborales y formativas personales<\/a><\/p>\n\n\n<p><\/p>\n","protected":false},"excerpt":{"rendered":"<p>Itinerario formativo Perfil del GradoCompetencias ProfesionalesOpciones formativas vinculadas al t\u00edtulo Salidas profesionales Perspectivas Laborales\u00c1mbitos profesionalesOcupaciones\/PuestosEmpresas, organizaciones y portales espec\u00edficos de empleo Recursos de Inter\u00e9s Organizaciones y enlaces relevantesEstad\u00edsticas e informes del Mercado de TrabajoTrayectorias laborales y formativas personales<\/p>\n","protected":false},"author":417,"featured_media":0,"parent":107,"menu_order":0,"comment_status":"closed","ping_status":"closed","template":"","meta":{"footnotes":""},"class_list":["post-261","page","type-page","status-publish","czr-hentry"],"_links":{"self":[{"href":"https:\/\/blogs.uned.es\/salidasprofesionales\/wp-json\/wp\/v2\/pages\/261","targetHints":{"allow":["GET"]}}],"collection":[{"href":"https:\/\/blogs.uned.es\/salidasprofesionales\/wp-json\/wp\/v2\/pages"}],"about":[{"href":"https:\/\/blogs.uned.es\/salidasprofesionales\/wp-json\/wp\/v2\/types\/page"}],"author":[{"embeddable":true,"href":"https:\/\/blogs.uned.es\/salidasprofesionales\/wp-json\/wp\/v2\/users\/417"}],"replies":[{"embeddable":true,"href":"https:\/\/blogs.uned.es\/salidasprofesionales\/wp-json\/wp\/v2\/comments?post=261"}],"version-history":[{"count":17,"href":"https:\/\/blogs.uned.es\/salidasprofesionales\/wp-json\/wp\/v2\/pages\/261\/revisions"}],"predecessor-version":[{"id":4949,"href":"https:\/\/blogs.uned.es\/salidasprofesionales\/wp-json\/wp\/v2\/pages\/261\/revisions\/4949"}],"up":[{"embeddable":true,"href":"https:\/\/blogs.uned.es\/salidasprofesionales\/wp-json\/wp\/v2\/pages\/107"}],"wp:attachment":[{"href":"https:\/\/blogs.uned.es\/salidasprofesionales\/wp-json\/wp\/v2\/media?parent=261"}],"curies":[{"name":"wp","href":"https:\/\/api.w.org\/{rel}","templated":true}]}}