{"id":2557,"date":"2020-06-29T11:11:15","date_gmt":"2020-06-29T11:11:15","guid":{"rendered":"http:\/\/blogs.uned.es\/salidasprofesionales\/?page_id=2557"},"modified":"2020-06-29T11:21:52","modified_gmt":"2020-06-29T11:21:52","slug":"empresas-organizaciones-y-portales-especificos-de-empleo-economia","status":"publish","type":"page","link":"https:\/\/blogs.uned.es\/salidasprofesionales\/grados\/ciencias-sociales-y-juridicas\/grado-en-economia\/empresas-organizaciones-y-portales-especificos-de-empleo-economia\/","title":{"rendered":"Empresas, organizaciones y portales espec\u00edficos de empleo (Econom\u00eda)"},"content":{"rendered":"<p><img decoding=\"async\" class=\"aligncenter  wp-image-1811\" src=\"http:\/\/blogs.uned.es\/salidasprofesionales\/wp-content\/uploads\/sites\/165\/2020\/05\/portales-1.png\" alt=\"\" width=\"219\" height=\"163\" \/><\/p>\n<p>A continuaci\u00f3n os presentamos algunos portales espec\u00edficos que pueden ser de inter\u00e9s:<\/p>\n<ul>\n<li><a href=\"http:\/\/www.bde.es\">Banco de Espa\u00f1a<\/a><\/li>\n<li><a href=\"https:\/\/www.experteer.es\">https:\/\/www.experteer.es<\/a><\/li>\n<li><a href=\"http:\/\/www.conciliat.es\">Selecci\u00f3n de personal contable y financiero<\/a><\/li>\n<li><a href=\"http:\/\/www.bancomundial.org\">http:\/\/www.bancomundial.org<\/a><\/li>\n<li><a href=\"http:\/\/www.ey.com\">http:\/\/www.ey.com<\/a><\/li>\n<li><a href=\"http:\/\/www.ceca.es\">http:\/\/www.ceca.es<\/a><\/li>\n<li><a href=\"http:\/\/es.ejecutivos.com\">http:\/\/es.ejecutivos.com<\/a><\/li>\n<li><a href=\"http:\/\/www.michaelpage.es\/index.html\">http:\/\/www.michaelpage.es\/index.html<\/a><\/li>\n<li><a href=\"http:\/\/www.secretary-plus.com\">http:\/\/www.secretary-plus.com<\/a><\/li>\n<li><a href=\"http:\/\/statusema.cvtools.com\">http:\/\/statusema.cvtools.com<\/a> (Profesionales directivos)<\/li>\n<li><a href=\"http:\/\/secretosdeunheadhunter.com\">http:\/\/secretosdeunheadhunter.com<\/a> (Listado de Headhunters y empresas de selecci\u00f3n)<\/li>\n<li><a href=\"http:\/\/www.execuzone.com\">http:\/\/www.execuzone.com<\/a><\/li>\n<li><a href=\"http:\/\/uniempleo.ubu.\">http:\/\/uniempleo.ubu.<\/a><\/li>\n<\/ul>\n","protected":false},"excerpt":{"rendered":"<p>A continuaci\u00f3n os presentamos algunos portales espec\u00edficos que pueden ser de inter\u00e9s: Banco de Espa\u00f1a https:\/\/www.experteer.es Selecci\u00f3n de personal contable y financiero http:\/\/www.bancomundial.org http:\/\/www.ey.com http:\/\/www.ceca.es http:\/\/es.ejecutivos.com http:\/\/www.michaelpage.es\/index.html http:\/\/www.secretary-plus.com http:\/\/statusema.cvtools.com (Profesionales directivos) http:\/\/secretosdeunheadhunter.com (Listado de Headhunters y empresas de selecci\u00f3n) http:\/\/www.execuzone.com http:\/\/uniempleo.ubu.<\/p>\n","protected":false},"author":5997,"featured_media":0,"parent":183,"menu_order":0,"comment_status":"closed","ping_status":"closed","template":"","meta":{"footnotes":""},"class_list":["post-2557","page","type-page","status-publish","czr-hentry"],"_links":{"self":[{"href":"https:\/\/blogs.uned.es\/salidasprofesionales\/wp-json\/wp\/v2\/pages\/2557","targetHints":{"allow":["GET"]}}],"collection":[{"href":"https:\/\/blogs.uned.es\/salidasprofesionales\/wp-json\/wp\/v2\/pages"}],"about":[{"href":"https:\/\/blogs.uned.es\/salidasprofesionales\/wp-json\/wp\/v2\/types\/page"}],"author":[{"embeddable":true,"href":"https:\/\/blogs.uned.es\/salidasprofesionales\/wp-json\/wp\/v2\/users\/5997"}],"replies":[{"embeddable":true,"href":"https:\/\/blogs.uned.es\/salidasprofesionales\/wp-json\/wp\/v2\/comments?post=2557"}],"version-history":[{"count":5,"href":"https:\/\/blogs.uned.es\/salidasprofesionales\/wp-json\/wp\/v2\/pages\/2557\/revisions"}],"predecessor-version":[{"id":2567,"href":"https:\/\/blogs.uned.es\/salidasprofesionales\/wp-json\/wp\/v2\/pages\/2557\/revisions\/2567"}],"up":[{"embeddable":true,"href":"https:\/\/blogs.uned.es\/salidasprofesionales\/wp-json\/wp\/v2\/pages\/183"}],"wp:attachment":[{"href":"https:\/\/blogs.uned.es\/salidasprofesionales\/wp-json\/wp\/v2\/media?parent=2557"}],"curies":[{"name":"wp","href":"https:\/\/api.w.org\/{rel}","templated":true}]}}