{"id":245,"date":"2021-07-21T11:36:55","date_gmt":"2021-07-21T11:36:55","guid":{"rendered":"http:\/\/blogs.uned.es\/salidasprofesionales\/?page_id=245"},"modified":"2021-07-21T11:36:56","modified_gmt":"2021-07-21T11:36:56","slug":"grado-en-ingenieria-electrica","status":"publish","type":"page","link":"https:\/\/blogs.uned.es\/salidasprofesionales\/grados\/ingenieria-y-arquitectura\/grado-en-ingenieria-electrica\/","title":{"rendered":"Grado en Ingenier\u00eda El\u00e9ctrica"},"content":{"rendered":"<p><img fetchpriority=\"high\" decoding=\"async\" class=\"aligncenter size-full wp-image-4205\" src=\"http:\/\/blogs.uned.es\/salidasprofesionales\/wp-content\/uploads\/sites\/165\/2020\/09\/blog.jpg\" alt=\"\" width=\"329\" height=\"174\" srcset=\"https:\/\/blogs.uned.es\/salidasprofesionales\/wp-content\/uploads\/sites\/165\/2020\/09\/blog.jpg 329w, https:\/\/blogs.uned.es\/salidasprofesionales\/wp-content\/uploads\/sites\/165\/2020\/09\/blog-300x159.jpg 300w\" sizes=\"(max-width: 329px) 100vw, 329px\" \/><\/p>\n<p><a href=\"https:\/\/canal.uned.es\/video\/60f7dad3b609233b911af634\">Jornada de puertas abiertas \u00abEscuela de Ingenieros Industriales\u00bb<\/a><\/p>\n<p>Profesiones para las que capacita el t\u00edtulo: actualmente, el t\u00edtulo de Graduado o Graduada en Ingenier\u00eda El\u00e9ctrica confiere las mismas atribuciones profesionales que las de la titulaci\u00f3n de Ingeniero T\u00e9cnico Industrial, especialidad en Electricidad (Orden Ministerial CIN\/351\/2009, de 9 de febrero).<\/p>\n<p>Aparte de las dependientes del empleo p\u00fablico, entre las <strong>salidas profesionales<\/strong> pueden citarse las vinculadas a las siguientes actividades:<\/p>\n<ul>\n<li>Generaci\u00f3n de energ\u00eda el\u00e9ctrica: e\u00f3lica, fotovoltaica, gran hidr\u00e1ulica y minihidr\u00e1ulica, centrales t\u00e9rmicas de producci\u00f3n de energ\u00eda el\u00e9ctrica.<\/li>\n<li>Transporte, distribuci\u00f3n y comercializaci\u00f3n de energ\u00eda el\u00e9ctrica.<\/li>\n<li>Proyecto y realizaci\u00f3n de instalaciones el\u00e9ctricas.<\/li>\n<li>Inspecci\u00f3n y mantenimiento de instalaciones el\u00e9ctricas.<\/li>\n<li>Tracci\u00f3n el\u00e9ctrica (veh\u00edculo el\u00e9ctrico).<\/li>\n<li>Instalaciones el\u00e9ctricas en buques.<\/li>\n<li>Gesti\u00f3n energ\u00e9tica.<\/li>\n<li>Dise\u00f1o y construcci\u00f3n de equipos el\u00e9ctricos.<\/li>\n<li>Fabricaci\u00f3n de equipos de alumbrado.<\/li>\n<\/ul>\n<p>Actualmente en Espa\u00f1a esa <strong>actividad profesional est\u00e1 regulada en Espa\u00f1a por las siguientes normas:<\/strong><\/p>\n<ul>\n<li>Ley Org\u00e1nica 12\/1986, de 1 de abril, sobre regulaci\u00f3n de las atribuciones profesionales de los Arquitectos T\u00e9cnicos e Ingenieros T\u00e9cnicos.<\/li>\n<li>Ley 33\/1992 de 9 de diciembre de modificaci\u00f3n de la ley 12\/1986 sobre regulaci\u00f3n de las atribuciones profesionales.<\/li>\n<li>Real Decreto 1665\/1991 de 25 de octubre por el que se regula el sistema general de reconocimiento de los T\u00ed\u00adtulos de<\/li>\n<li>Educaci\u00f3n superior en los estados miembros de la Comunidad Europea. (Transpone la Directiva 89\/48\/CEE).<\/li>\n<li>Ley Org\u00e1nica 6\/2001, de 21 de diciembre, de Universidades. Titulo V, de la evaluaci\u00f3n y la acreditaci\u00f3n.<\/li>\n<li>Ley Org\u00e1nica 4\/2007, de 12 de abril, por la que se modifica la Ley Org\u00e1nica 6\/2001, de 21 de diciembre, de Universidades.<\/li>\n<li>Real Decreto 1497\/1987 por el que se establecen las directrices generales comunes de los planes de estudio de los t\u00ed\u00adtulos de car\u00e1cter oficial y validez en todo el territorio nacional.<\/li>\n<li>Real Decreto 1402\/1992 de 20 de noviembre por el que se establece el t\u00ed\u00adtulo universitario oficial de Ingeniero<\/li>\n<li>T\u00e9cnico en Electricidad y se aprueban las directrices generales propias.<\/li>\n<li>Real Decreto 50\/1995, de 20 de enero, por el que se modifica los reales decretos por los que se establecen determinados t\u00ed\u00adtulos universitarios oficiales de Ingenieros T\u00e9cnicos y se aprueban las directrices generales propias.<\/li>\n<li>Real Decreto 1393\/2007, de 29 de octubre, por el que se establece la ordenaci\u00f3n de las ense\u00f1anzas universitarias oficiales.<\/li>\n<li>Orden ministerial CIN\/351\/2009, de 9 de febrero, por la que se establecen los requisitos para la verificaci\u00f3n de los t\u00ed\u00adtulos universitarios oficiales que habiliten para el ejercicio de la profesi\u00f3n de Ingeniero T\u00e9cnico Industrial.<\/li>\n<\/ul>\n<h3><strong>ATRIBUCIONES PROFESIONALES<\/strong><\/h3>\n<p>La nueva titulaci\u00f3n de Graduado o Graduada en Ingenier\u00eda El\u00e9ctrica (240 cr\u00e9ditos ECTS) engloba la formaci\u00f3n del antiguo t\u00edtulo de Ingeniero T\u00e9cnico Industrial especialidad en Electricidad, de tres a\u00f1os. Partiendo de esta base, el Graduado o Graduada en Ingenier\u00eda El\u00e9ctrica llevar\u00e1 asociadas, al menos, las competencias profesionales de la actual titulaci\u00f3n de Ingeniero T\u00e9cnico Industrial especialidad en Electricidad.<\/p>\n<p>En este sentido, cabe destacar que seg\u00fan la Ley 12\/1986, de 1 de abril, sobre regulaci\u00f3n de las atribuciones profesionales de los arquitectos e ingenieros t\u00e9cnicos, modificada por la ley 33\/1992, de 9 de diciembre, corresponden a los ingenieros t\u00e9cnicos, dentro de su respectiva especialidad, las siguientes <em><strong>atribuciones profesionales:<\/strong><\/em><\/p>\n<p style=\"padding-left: 30px\">A) La redacci\u00f3n y firma de proyectos que tengan por objeto la construcci\u00f3n, reforma, reparaci\u00f3n, conservaci\u00f3n, demolici\u00f3n, fabricaci\u00f3n, instalaci\u00f3n, montaje o explotaci\u00f3n de bienes muebles o inmuebles, en sus respectivos casos, tanto con car\u00e1cter principal como accesorio, siempre que queden comprendidos por su naturaleza y caracter\u00edsticas en la t\u00e9cnica propia de cada titulaci\u00f3n.<\/p>\n<p style=\"padding-left: 30px\">B) La direcci\u00f3n de las actividades objeto de los proyectos a que se refiere el apartado anterior, incluso cuando los proyectos hubieren sido elaborados por un tercero.<\/p>\n<p style=\"padding-left: 30px\">C) La realizaci\u00f3n de mediciones, c\u00e1lculos, valoraciones, tasaciones, peritaciones, estudios, informes, planos de labores y otros trabajos an\u00e1logos.<\/p>\n<p style=\"padding-left: 30px\">D) El ejercicio de la docencia en sus diversos grados en los casos y t\u00e9rminos previstos en la normativa correspondiente y, en particular, conforme a lo dispuesto en la ley org\u00e1nica 11\/1983, de 25 de agosto, de reforma universitaria.<\/p>\n<p style=\"padding-left: 30px\">E) La direcci\u00f3n de toda clase de industrias o explotaciones y el ejercicio, en general respecto de ellas, de las actividades a que se refieren los apartados anteriores.<\/p>\n","protected":false},"excerpt":{"rendered":"<p>Jornada de puertas abiertas \u00abEscuela de Ingenieros Industriales\u00bb Profesiones para las que capacita el t\u00edtulo: actualmente, el t\u00edtulo de Graduado o Graduada en Ingenier\u00eda El\u00e9ctrica confiere las mismas atribuciones profesionales que las de la titulaci\u00f3n de Ingeniero T\u00e9cnico Industrial, especialidad en Electricidad (Orden Ministerial CIN\/351\/2009, de 9 de febrero). Aparte de las dependientes del empleo [&hellip;]<\/p>\n","protected":false},"author":417,"featured_media":0,"parent":107,"menu_order":0,"comment_status":"closed","ping_status":"closed","template":"","meta":{"footnotes":""},"class_list":["post-245","page","type-page","status-publish","czr-hentry"],"_links":{"self":[{"href":"https:\/\/blogs.uned.es\/salidasprofesionales\/wp-json\/wp\/v2\/pages\/245","targetHints":{"allow":["GET"]}}],"collection":[{"href":"https:\/\/blogs.uned.es\/salidasprofesionales\/wp-json\/wp\/v2\/pages"}],"about":[{"href":"https:\/\/blogs.uned.es\/salidasprofesionales\/wp-json\/wp\/v2\/types\/page"}],"author":[{"embeddable":true,"href":"https:\/\/blogs.uned.es\/salidasprofesionales\/wp-json\/wp\/v2\/users\/417"}],"replies":[{"embeddable":true,"href":"https:\/\/blogs.uned.es\/salidasprofesionales\/wp-json\/wp\/v2\/comments?post=245"}],"version-history":[{"count":4,"href":"https:\/\/blogs.uned.es\/salidasprofesionales\/wp-json\/wp\/v2\/pages\/245\/revisions"}],"predecessor-version":[{"id":4919,"href":"https:\/\/blogs.uned.es\/salidasprofesionales\/wp-json\/wp\/v2\/pages\/245\/revisions\/4919"}],"up":[{"embeddable":true,"href":"https:\/\/blogs.uned.es\/salidasprofesionales\/wp-json\/wp\/v2\/pages\/107"}],"wp:attachment":[{"href":"https:\/\/blogs.uned.es\/salidasprofesionales\/wp-json\/wp\/v2\/media?parent=245"}],"curies":[{"name":"wp","href":"https:\/\/api.w.org\/{rel}","templated":true}]}}