{"id":241,"date":"2021-07-21T11:38:01","date_gmt":"2021-07-21T11:38:01","guid":{"rendered":"http:\/\/blogs.uned.es\/salidasprofesionales\/?page_id=241"},"modified":"2021-07-21T11:38:02","modified_gmt":"2021-07-21T11:38:02","slug":"grado-en-ingenieria-en-electronica-industrial-y-automatica","status":"publish","type":"page","link":"https:\/\/blogs.uned.es\/salidasprofesionales\/grados\/ingenieria-y-arquitectura\/grado-en-ingenieria-en-electronica-industrial-y-automatica\/","title":{"rendered":"Grado en Ingenier\u00eda en Electr\u00f3nica Industrial y Autom\u00e1tica"},"content":{"rendered":"<p><img decoding=\"async\" class=\"aligncenter size-full wp-image-4219\" src=\"http:\/\/blogs.uned.es\/salidasprofesionales\/wp-content\/uploads\/sites\/165\/2020\/09\/Industrial-y-autom\u00e1tica.jpg\" alt=\"\" width=\"274\" height=\"180\" \/><\/p>\n<p><a href=\"https:\/\/canal.uned.es\/video\/60f7dad3b609233b911af634\">Jornada de puertas abiertas \u00abEscuela de Ingenieros Industriales\u00bb<\/a><\/p>\n<p>Profesiones para las que capacita el t\u00edtulo: actualmente, el t\u00edtulo de Graduado o Graduada en Ingenier\u00eda en Electr\u00f3nica Industrial y Autom\u00e1tica se espera que lleve asociadas, al menos, las atribuciones profesionales de la actual titulaci\u00f3n de Ingeniero T\u00e9cnico Industrial, especialidad en Electr\u00f3nica Industrial (Orden Ministerial CIN\/351\/2009, de 9 de febrero).<\/p>\n<p><strong>Los perfiles profesionales b\u00e1sicos<\/strong> a que da lugar la titulaci\u00f3n de Graduado o Graduada en Ingenier\u00eda Electr\u00f3nica Industrial y Autom\u00e1tica, aprobados por el Pleno de la Conferencia de Directores de Escuelas de Ingenieros Industriales, son los siguientes:<\/p>\n<ul>\n<li>Desarrollo de sistemas de control y automatizaci\u00f3n.<\/li>\n<li>Desarrollo de sistemas electr\u00f3nicos industriales.<\/li>\n<li>Desarrollo de sistemas robotizados.<\/li>\n<li>Ingenier\u00eda de mantenimiento de este tipo de instalaciones.<\/li>\n<\/ul>\n<h3><strong>ATRIBUCIONES PROFESIONALES<\/strong><\/h3>\n<p>Profesiones para las que capacita el t\u00edtulo: actualmente, el t\u00edtulo de Graduado o Graduada en Ingenier\u00eda El\u00e9ctrica confiere las mismas atribuciones profesionales que las de la titulaci\u00f3n de Ingeniero T\u00e9cnico Industrial, especialidad en Electricidad (Orden Ministerial CIN\/351\/2009, de 9 de febrero).<\/p>\n<p>Aparte de las dependientes del empleo p\u00fablico, entre las <strong>salidas profesionales<\/strong> pueden citarse las vinculadas a las siguientes actividades:<\/p>\n<ul>\n<li>La redacci\u00f3n y firma de proyectos que tengan por objeto la construcci\u00f3n, reforma, reparaci\u00f3n, conservaci\u00f3n, demolici\u00f3n, fabricaci\u00f3n, instalaci\u00f3n, montaje o explotaci\u00f3n de bienes muebles o inmuebles, en sus respectivos casos, tanto con car\u00e1cter principal como accesorio, siempre que queden comprendidos por su naturaleza y caracter\u00edsticas en la t\u00e9cnica propia de cada titulaci\u00f3n.<\/li>\n<li>La realizaci\u00f3n de mediciones, c\u00e1lculos, valoraciones, tasaciones, peritaciones, estudios, informes, planos de labores y otros trabajos an\u00e1logos.<\/li>\n<li>Dise\u00f1o, an\u00e1lisis, integraci\u00f3n y mantenimiento de sistemas y equipamientos electr\u00f3nicos e instalaciones industriales automatizadas y automatizaci\u00f3n de maquinaria.<\/li>\n<li>Direcci\u00f3n y gesti\u00f3n de proyectos de I+D en: automatizaci\u00f3n, comunicaciones industriales, transporte (ferrocarril, avi\u00f3nica, automoci\u00f3n), energ\u00edas renovables y en sistemas electr\u00f3nicos y automatizados en medicina y dom\u00f3tica.<\/li>\n<li>Inform\u00e1tica industrial, programaci\u00f3n de robots y de aut\u00f3matas programables y sistemas electr\u00f3nicos programables en general.<\/li>\n<li>El ejercicio de la docencia en sus diversos grados en los casos y t\u00e9rminos previstos en la normativa correspondiente y, en particular, conforme a lo dispuesto en la ley org\u00e1nica 11\/1983, de 25 de agosto, de reforma universitaria.<\/li>\n<li>Gesti\u00f3n y organizaci\u00f3n comercial de empresas de productos y sistemas electr\u00f3nicos y\/o autom\u00e1ticos y\/o inform\u00e1ticos.<\/li>\n<li>La direcci\u00f3n de toda clase de industrias o explotaciones y el ejercicio, en general respecto de ellas, de las actividades a que se refieren los apartados anteriores.<\/li>\n<\/ul>\n<p>Actualmente en Espa\u00f1a esta actividad profesional est\u00e1 regulada en Espa\u00f1a por las siguientes normas:<\/p>\n<ul>\n<li>Ley Org\u00e1nica 12\/1986, de 1 de abril, sobre regulaci\u00f3n de las atribuciones profesionales de los Arquitectos T\u00e9cnicos e Ingenieros T\u00e9cnicos.<\/li>\n<li>Ley 33\/1992 de 9 de diciembre de modificaci\u00f3n de la ley 12\/1986 sobre regulaci\u00f3n de las atribuciones profesionales.<\/li>\n<li>Real Decreto 1665\/1991 de 25 de octubre por el que se regula el sistema general de reconocimiento de los T\u00ed\u00adtulos de<\/li>\n<li>Educaci\u00f3n superior en los estados miembros de la Comunidad Europea. (Transpone la Directiva 89\/48\/CEE).<\/li>\n<li>Ley Org\u00e1nica 6\/2001, de 21 de diciembre, de Universidades. Titulo V, de la evaluaci\u00f3n y la acreditaci\u00f3n.<\/li>\n<li>Ley Org\u00e1nica 4\/2007, de 12 de abril, por la que se modifica la Ley Org\u00e1nica 6\/2001, de 21 de diciembre, de Universidades.<\/li>\n<li>Real Decreto 1497\/1987 por el que se establecen las directrices generales comunes de los planes de estudio de los t\u00edtulos de car\u00e1cter oficial y validez en todo el territorio nacional.<\/li>\n<li>Real Decreto 1403\/1992 de 20 de noviembre por el que se establece el t\u00ed\u00adtulo universitario oficial de Ingeniero T\u00e9cnico en Electr\u00f3nica Industrial y se aprueban las directrices generales propias.<\/li>\n<li>Real Decreto 50\/1995, de 20 de enero, por el que se modifica los reales decretos por los que se establecen determinados t\u00ed\u00adtulos universitarios oficiales de Ingenieros T\u00e9cnicos y se aprueban las directrices generales propias.<\/li>\n<li>Real Decreto 1393\/2007, de 29 de octubre, por el que se establece la ordenaci\u00f3n de las ense\u00f1anzas universitarias oficiales.<\/li>\n<li>Orden ministerial CIN\/351\/2009, de 9 de febrero, por la que se establecen los requisitos para la verificaci\u00f3n de los t\u00ed\u00adtulos universitarios oficiales que habiliten para el ejercicio de la profesi\u00f3n de Ingeniero T\u00e9cnico Industrial.<\/li>\n<\/ul>\n","protected":false},"excerpt":{"rendered":"<p>Jornada de puertas abiertas \u00abEscuela de Ingenieros Industriales\u00bb Profesiones para las que capacita el t\u00edtulo: actualmente, el t\u00edtulo de Graduado o Graduada en Ingenier\u00eda en Electr\u00f3nica Industrial y Autom\u00e1tica se espera que lleve asociadas, al menos, las atribuciones profesionales de la actual titulaci\u00f3n de Ingeniero T\u00e9cnico Industrial, especialidad en Electr\u00f3nica Industrial (Orden Ministerial CIN\/351\/2009, de [&hellip;]<\/p>\n","protected":false},"author":417,"featured_media":0,"parent":107,"menu_order":0,"comment_status":"closed","ping_status":"closed","template":"","meta":{"footnotes":""},"class_list":["post-241","page","type-page","status-publish","czr-hentry"],"_links":{"self":[{"href":"https:\/\/blogs.uned.es\/salidasprofesionales\/wp-json\/wp\/v2\/pages\/241","targetHints":{"allow":["GET"]}}],"collection":[{"href":"https:\/\/blogs.uned.es\/salidasprofesionales\/wp-json\/wp\/v2\/pages"}],"about":[{"href":"https:\/\/blogs.uned.es\/salidasprofesionales\/wp-json\/wp\/v2\/types\/page"}],"author":[{"embeddable":true,"href":"https:\/\/blogs.uned.es\/salidasprofesionales\/wp-json\/wp\/v2\/users\/417"}],"replies":[{"embeddable":true,"href":"https:\/\/blogs.uned.es\/salidasprofesionales\/wp-json\/wp\/v2\/comments?post=241"}],"version-history":[{"count":6,"href":"https:\/\/blogs.uned.es\/salidasprofesionales\/wp-json\/wp\/v2\/pages\/241\/revisions"}],"predecessor-version":[{"id":4921,"href":"https:\/\/blogs.uned.es\/salidasprofesionales\/wp-json\/wp\/v2\/pages\/241\/revisions\/4921"}],"up":[{"embeddable":true,"href":"https:\/\/blogs.uned.es\/salidasprofesionales\/wp-json\/wp\/v2\/pages\/107"}],"wp:attachment":[{"href":"https:\/\/blogs.uned.es\/salidasprofesionales\/wp-json\/wp\/v2\/media?parent=241"}],"curies":[{"name":"wp","href":"https:\/\/api.w.org\/{rel}","templated":true}]}}