{"id":2241,"date":"2020-06-04T15:30:56","date_gmt":"2020-06-04T15:30:56","guid":{"rendered":"http:\/\/blogs.uned.es\/salidasprofesionales\/?page_id=2241"},"modified":"2020-06-04T15:30:56","modified_gmt":"2020-06-04T15:30:56","slug":"estadisticas-e-informes-del-mercado-de-trabajo-matematicas","status":"publish","type":"page","link":"https:\/\/blogs.uned.es\/salidasprofesionales\/grados\/ciencias\/grado-en-matematicas\/estadisticas-e-informes-del-mercado-de-trabajo-matematicas\/","title":{"rendered":"Estad\u00edsticas e informes del Mercado de Trabajo (Matem\u00e1ticas)"},"content":{"rendered":"<p><img decoding=\"async\" class=\"aligncenter size-full wp-image-2243\" src=\"http:\/\/blogs.uned.es\/salidasprofesionales\/wp-content\/uploads\/sites\/165\/2020\/06\/estadisticas.jpg\" alt=\"\" width=\"255\" height=\"128\" \/><\/p>\n<p>Os proponemos los siguientes enlaces:<\/p>\n<ul>\n<li><a href=\"http:\/\/portal.uned.es\/portal\/page?_pageid=93,22985590&amp;_dad=portal&amp;_schema=PORTAL\">UNED. (2010). Grados EEES. Grado en Matem\u00e1ticas<\/a><\/li>\n<li><a href=\"http:\/\/www.aneca.es\/\">Agencia Nacional de Evaluaci\u00f3n de la Calidad y Acreditaci\u00f3n (ANECA)<\/a>. (2005)<\/li>\n<li>\u00a0<a href=\"http:\/\/www.aneca.es\/var\/media\/150436\/libroblanco_jun05_matematicas.pdf\">Libro Blanco del T\u00edtulo de Grado de matem\u00e1ticas<\/a><\/li>\n<li><a href=\"https:\/\/www.sepe.es\/HomeSepe\/que-es-el-sepe\/estadisticas.html\">Estad\u00edsticas del Sistema P\u00fablico de Empleo<\/a><\/li>\n<li><a href=\"https:\/\/administracion.gob.es\/\">punto de acceso a la Administraci\u00f3n espa\u00f1ola<\/a><\/li>\n<li><a href=\"https:\/\/www.rsme.es\/\">Real Sociedad Matem\u00e1tica Espa\u00f1ola<\/a> (RSME)<\/li>\n<li><a href=\"http:\/\/coie-server.uned.es\/observatorio\">Observatorio de Empleabilidad y Empleo de la UNED<\/a><\/li>\n<\/ul>\n","protected":false},"excerpt":{"rendered":"<p>Os proponemos los siguientes enlaces: UNED. (2010). Grados EEES. Grado en Matem\u00e1ticas Agencia Nacional de Evaluaci\u00f3n de la Calidad y Acreditaci\u00f3n (ANECA). (2005) \u00a0Libro Blanco del T\u00edtulo de Grado de matem\u00e1ticas Estad\u00edsticas del Sistema P\u00fablico de Empleo punto de acceso a la Administraci\u00f3n espa\u00f1ola Real Sociedad Matem\u00e1tica Espa\u00f1ola (RSME) Observatorio de Empleabilidad y Empleo de [&hellip;]<\/p>\n","protected":false},"author":5997,"featured_media":0,"parent":287,"menu_order":0,"comment_status":"closed","ping_status":"closed","template":"","meta":{"footnotes":""},"class_list":["post-2241","page","type-page","status-publish","czr-hentry"],"_links":{"self":[{"href":"https:\/\/blogs.uned.es\/salidasprofesionales\/wp-json\/wp\/v2\/pages\/2241","targetHints":{"allow":["GET"]}}],"collection":[{"href":"https:\/\/blogs.uned.es\/salidasprofesionales\/wp-json\/wp\/v2\/pages"}],"about":[{"href":"https:\/\/blogs.uned.es\/salidasprofesionales\/wp-json\/wp\/v2\/types\/page"}],"author":[{"embeddable":true,"href":"https:\/\/blogs.uned.es\/salidasprofesionales\/wp-json\/wp\/v2\/users\/5997"}],"replies":[{"embeddable":true,"href":"https:\/\/blogs.uned.es\/salidasprofesionales\/wp-json\/wp\/v2\/comments?post=2241"}],"version-history":[{"count":1,"href":"https:\/\/blogs.uned.es\/salidasprofesionales\/wp-json\/wp\/v2\/pages\/2241\/revisions"}],"predecessor-version":[{"id":2245,"href":"https:\/\/blogs.uned.es\/salidasprofesionales\/wp-json\/wp\/v2\/pages\/2241\/revisions\/2245"}],"up":[{"embeddable":true,"href":"https:\/\/blogs.uned.es\/salidasprofesionales\/wp-json\/wp\/v2\/pages\/287"}],"wp:attachment":[{"href":"https:\/\/blogs.uned.es\/salidasprofesionales\/wp-json\/wp\/v2\/media?parent=2241"}],"curies":[{"name":"wp","href":"https:\/\/api.w.org\/{rel}","templated":true}]}}