{"id":179,"date":"2019-02-04T13:40:49","date_gmt":"2019-02-04T13:40:49","guid":{"rendered":"http:\/\/blogs.uned.es\/salidasprofesionales\/?page_id=179"},"modified":"2021-09-09T09:24:45","modified_gmt":"2021-09-09T09:24:45","slug":"grado-en-administracion-y-direccion-de-empresas","status":"publish","type":"page","link":"https:\/\/blogs.uned.es\/salidasprofesionales\/grados\/ciencias-sociales-y-juridicas\/grado-en-administracion-y-direccion-de-empresas\/","title":{"rendered":"Grado en Administraci\u00f3n y Direcci\u00f3n de Empresas"},"content":{"rendered":"<p><img decoding=\"async\" class=\"aligncenter size-full wp-image-4239\" src=\"http:\/\/blogs.uned.es\/salidasprofesionales\/wp-content\/uploads\/sites\/165\/2020\/09\/ADE.jpg\" alt=\"\" width=\"308\" height=\"138\" srcset=\"https:\/\/blogs.uned.es\/salidasprofesionales\/wp-content\/uploads\/sites\/165\/2020\/09\/ADE.jpg 308w, https:\/\/blogs.uned.es\/salidasprofesionales\/wp-content\/uploads\/sites\/165\/2020\/09\/ADE-300x134.jpg 300w\" sizes=\"(max-width: 308px) 100vw, 308px\" \/><\/p>\n<p>Itinerario formativo:<\/p>\n<p><a href=\"http:\/\/blogs.uned.es\/salidasprofesionales\/grados\/ciencias-sociales-y-juridicas\/grado-en-administracion-y-direccion-de-empresas\/perfil-del-grado-administracion-y-direccion-de-empresas\/\">Perfil del Grado<\/a><br \/>\n<a href=\"http:\/\/blogs.uned.es\/salidasprofesionales\/grados\/ciencias-sociales-y-juridicas\/grado-en-administracion-y-direccion-de-empresas\/competencias-profesionales-ade\/\">Competencias Profesionales<\/a><br \/>\n<a href=\"http:\/\/blogs.uned.es\/salidasprofesionales\/grados\/ciencias-sociales-y-juridicas\/grado-en-administracion-y-direccion-de-empresas\/opciones-formativas-vinculadas-al-titulo-ade\/\">Opciones formativas vinculadas al t\u00edtulo<\/a><\/p>\n<p>Salidas profesionales:<\/p>\n<p><a href=\"http:\/\/blogs.uned.es\/salidasprofesionales\/grados\/ciencias-sociales-y-juridicas\/grado-en-administracion-y-direccion-de-empresas\/perspectivas-laborales-ade\/\">Perspectivas Laborales<\/a><br \/>\n<a href=\"http:\/\/blogs.uned.es\/salidasprofesionales\/grados\/ciencias-sociales-y-juridicas\/grado-en-administracion-y-direccion-de-empresas\/ambitos-profesionales-ade\/\">\u00c1mbitos profesionales<\/a><br \/>\n<a href=\"http:\/\/blogs.uned.es\/salidasprofesionales\/grados\/ciencias-sociales-y-juridicas\/grado-en-administracion-y-direccion-de-empresas\/ocupaciones-puestos-ade\/\">Ocupaciones\/Puestos<\/a><br \/>\n<a href=\"http:\/\/blogs.uned.es\/salidasprofesionales\/grados\/ciencias-sociales-y-juridicas\/grado-en-administracion-y-direccion-de-empresas\/empresas-organizaciones-y-portales-especificos-de-empleo-ade\/\">Empresas, organizaciones y portales espec\u00edficos de empleo<\/a><\/p>\n<p>Recursos de Inter\u00e9s:<\/p>\n<p><a href=\"http:\/\/blogs.uned.es\/salidasprofesionales\/grados\/ciencias-sociales-y-juridicas\/grado-en-administracion-y-direccion-de-empresas\/organizaciones-y-enlaces-relevantes-ade\/\">Organizaciones y enlaces relevantes<\/a><br \/>\n<a href=\"http:\/\/blogs.uned.es\/salidasprofesionales\/grados\/ciencias-sociales-y-juridicas\/grado-en-administracion-y-direccion-de-empresas\/estadisticas-e-informes-del-mercado-de-trabajo-ade\/\">Estad\u00edsticas e informes del Mercado de Trabajo<\/a><\/p>\n","protected":false},"excerpt":{"rendered":"<p>Itinerario formativo: Perfil del Grado Competencias Profesionales Opciones formativas vinculadas al t\u00edtulo Salidas profesionales: Perspectivas Laborales \u00c1mbitos profesionales Ocupaciones\/Puestos Empresas, organizaciones y portales espec\u00edficos de empleo Recursos de Inter\u00e9s: Organizaciones y enlaces relevantes Estad\u00edsticas e informes del Mercado de Trabajo<\/p>\n","protected":false},"author":417,"featured_media":0,"parent":99,"menu_order":0,"comment_status":"closed","ping_status":"closed","template":"","meta":{"footnotes":""},"class_list":["post-179","page","type-page","status-publish","czr-hentry"],"_links":{"self":[{"href":"https:\/\/blogs.uned.es\/salidasprofesionales\/wp-json\/wp\/v2\/pages\/179","targetHints":{"allow":["GET"]}}],"collection":[{"href":"https:\/\/blogs.uned.es\/salidasprofesionales\/wp-json\/wp\/v2\/pages"}],"about":[{"href":"https:\/\/blogs.uned.es\/salidasprofesionales\/wp-json\/wp\/v2\/types\/page"}],"author":[{"embeddable":true,"href":"https:\/\/blogs.uned.es\/salidasprofesionales\/wp-json\/wp\/v2\/users\/417"}],"replies":[{"embeddable":true,"href":"https:\/\/blogs.uned.es\/salidasprofesionales\/wp-json\/wp\/v2\/comments?post=179"}],"version-history":[{"count":15,"href":"https:\/\/blogs.uned.es\/salidasprofesionales\/wp-json\/wp\/v2\/pages\/179\/revisions"}],"predecessor-version":[{"id":4943,"href":"https:\/\/blogs.uned.es\/salidasprofesionales\/wp-json\/wp\/v2\/pages\/179\/revisions\/4943"}],"up":[{"embeddable":true,"href":"https:\/\/blogs.uned.es\/salidasprofesionales\/wp-json\/wp\/v2\/pages\/99"}],"wp:attachment":[{"href":"https:\/\/blogs.uned.es\/salidasprofesionales\/wp-json\/wp\/v2\/media?parent=179"}],"curies":[{"name":"wp","href":"https:\/\/api.w.org\/{rel}","templated":true}]}}