{"id":1749,"date":"2020-05-25T15:57:26","date_gmt":"2020-05-25T15:57:26","guid":{"rendered":"http:\/\/blogs.uned.es\/salidasprofesionales\/?page_id=1749"},"modified":"2020-06-01T14:46:37","modified_gmt":"2020-06-01T14:46:37","slug":"perspectivas-laborales-pedagogia","status":"publish","type":"page","link":"https:\/\/blogs.uned.es\/salidasprofesionales\/grados\/ciencias-sociales-y-juridicas\/grado-en-pedagogia\/perspectivas-laborales-pedagogia\/","title":{"rendered":"Perspectivas laborales (Pedagog\u00eda)"},"content":{"rendered":"<p><img decoding=\"async\" class=\"alignnone size-full wp-image-1751 aligncenter\" src=\"http:\/\/blogs.uned.es\/salidasprofesionales\/wp-content\/uploads\/sites\/165\/2020\/05\/perspectivas.jpg\" alt=\"\" width=\"252\" height=\"189\" \/><\/p>\n<p>Las salidas laborales de los pedagogos son variadas, el abanico de sectores y empresas donde pueden ejercer su profesi\u00f3n se va ampliando cada a\u00f1o. Los pedagogos no se limitan solo a trabajar en el \u00e1mbito escolar, sino que sus actuaciones se extienden a otros campos como el social, cultural o empresarial.<br \/>\nEntre las funciones y actividades que desempe\u00f1an los pedagogos en el mercado laboral encontramos las siguientes:<\/p>\n<ul>\n<li>Docencia<\/li>\n<li>Dise\u00f1o y producci\u00f3n de programas educativos<\/li>\n<li>Coordinaci\u00f3n y asesoramiento de planes de estudio y programas de formaci\u00f3n<\/li>\n<li>Funciones de direcci\u00f3n en centros formativos y escolares<\/li>\n<li>Atenci\u00f3n y desarrollo de planes espec\u00edficos para servicios sociales y culturales<\/li>\n<li>Dise\u00f1o de planes de acogida<\/li>\n<li>Atenci\u00f3n pedag\u00f3gica en centros penitenciarios<\/li>\n<li>Dise\u00f1o e implementaci\u00f3n de proyectos de cooperaci\u00f3n social<\/li>\n<li>Formaci\u00f3n de formadores<\/li>\n<li>Redacci\u00f3n y conceptualizaci\u00f3n de materiales pedag\u00f3gicos y de actividades de tiempo libre<\/li>\n<li><a href=\"https:\/\/www.academia.edu\/1824483\/Nuevas_perspectivas_laborales_para_los_pedagogos_las_mediaciones\">Mediaci\u00f3n<\/a><\/li>\n<\/ul>\n<p>Con todo esto, las salidas profesionales abarcan la direcci\u00f3n t\u00e9cnica de centros, planificador curricular y escolar, asesor en pol\u00edtica educativa y m\u00e9todos y t\u00e9cnicas did\u00e1cticas, inform\u00e1tica educativa, educaci\u00f3n especializada, animaci\u00f3n sociocultural, educaci\u00f3n sanitaria o investigaci\u00f3n socioeducativa, entre otras.<\/p>\n<p>Entre las profesiones que se pueden ejercer como pedagogo est\u00e1 orientador profesional, jefe de formaci\u00f3n o profesor de educaci\u00f3n de adultos, pero tambi\u00e9n asesor juvenil o informador juvenil. Muchas opciones para encaminar tu trayectoria profesional.<\/p>\n<p>&nbsp;<\/p>\n<p>&nbsp;<\/p>\n","protected":false},"excerpt":{"rendered":"<p>Las salidas laborales de los pedagogos son variadas, el abanico de sectores y empresas donde pueden ejercer su profesi\u00f3n se va ampliando cada a\u00f1o. Los pedagogos no se limitan solo a trabajar en el \u00e1mbito escolar, sino que sus actuaciones se extienden a otros campos como el social, cultural o empresarial. Entre las funciones y [&hellip;]<\/p>\n","protected":false},"author":5997,"featured_media":0,"parent":207,"menu_order":0,"comment_status":"closed","ping_status":"closed","template":"","meta":{"footnotes":""},"class_list":["post-1749","page","type-page","status-publish","czr-hentry"],"_links":{"self":[{"href":"https:\/\/blogs.uned.es\/salidasprofesionales\/wp-json\/wp\/v2\/pages\/1749","targetHints":{"allow":["GET"]}}],"collection":[{"href":"https:\/\/blogs.uned.es\/salidasprofesionales\/wp-json\/wp\/v2\/pages"}],"about":[{"href":"https:\/\/blogs.uned.es\/salidasprofesionales\/wp-json\/wp\/v2\/types\/page"}],"author":[{"embeddable":true,"href":"https:\/\/blogs.uned.es\/salidasprofesionales\/wp-json\/wp\/v2\/users\/5997"}],"replies":[{"embeddable":true,"href":"https:\/\/blogs.uned.es\/salidasprofesionales\/wp-json\/wp\/v2\/comments?post=1749"}],"version-history":[{"count":4,"href":"https:\/\/blogs.uned.es\/salidasprofesionales\/wp-json\/wp\/v2\/pages\/1749\/revisions"}],"predecessor-version":[{"id":1761,"href":"https:\/\/blogs.uned.es\/salidasprofesionales\/wp-json\/wp\/v2\/pages\/1749\/revisions\/1761"}],"up":[{"embeddable":true,"href":"https:\/\/blogs.uned.es\/salidasprofesionales\/wp-json\/wp\/v2\/pages\/207"}],"wp:attachment":[{"href":"https:\/\/blogs.uned.es\/salidasprofesionales\/wp-json\/wp\/v2\/media?parent=1749"}],"curies":[{"name":"wp","href":"https:\/\/api.w.org\/{rel}","templated":true}]}}