{"id":1639,"date":"2020-05-20T11:10:16","date_gmt":"2020-05-20T11:10:16","guid":{"rendered":"http:\/\/blogs.uned.es\/salidasprofesionales\/?page_id=1639"},"modified":"2020-06-01T14:44:17","modified_gmt":"2020-06-01T14:44:17","slug":"estadisticas-e-informes-del-mercado-de-trabajo-ingenieria-informatica","status":"publish","type":"page","link":"https:\/\/blogs.uned.es\/salidasprofesionales\/grados\/ingenieria-y-arquitectura\/grado-en-ingenieria-informatica\/estadisticas-e-informes-del-mercado-de-trabajo-ingenieria-informatica\/","title":{"rendered":"Estad\u00edsticas e informes del mercado de trabajo (Ingenier\u00eda Inform\u00e1tica)"},"content":{"rendered":"<p style=\"text-align: center\">\u00a0<img fetchpriority=\"high\" decoding=\"async\" class=\"alignnone wp-image-1663\" src=\"http:\/\/blogs.uned.es\/salidasprofesionales\/wp-content\/uploads\/sites\/165\/2020\/05\/estaditicas.png\" alt=\"\" width=\"312\" height=\"198\" \/><\/p>\n<p>Os mostramos enlaces a distintos organismos donde podr\u00e9is consultas las<strong> estad\u00edsticas de empleo<\/strong> relacionadas con la titulaci\u00f3n:<\/p>\n<ul>\n<li><a href=\"https:\/\/blog.tecnoempleo.com\/candidatos\/2013\/6235\/estadisticas-de-empleo-informatica-y-telecomunicaciones-en-tecnoempleo\/\">Estad\u00edsticas de empleo en Inform\u00e1tica y telecomuicaciones<\/a> (Tecnoempleo)<\/li>\n<li><a href=\"https:\/\/www.ine.es\/jaxiT3\/Datos.htm?t=2553#!tabs-grafico\">Instituto Nacional de estad\u00edstica (INE)<\/a><\/li>\n<li><a href=\"http:\/\/www.sepe.es\/contenidos\/observatorio\/mercado_trabajo\/3267-1.pdf\">Informe del Mercado de trabajo estatal<\/a> (SEPE)<\/li>\n<li><a href=\"https:\/\/es.statista.com\/grafico\/6359\/la-informatica-y-los-datos-conquistan-el-mercado-de-trabajo\/\">La inform\u00e1tica y los datos conquistan el mercado de trabajo<\/a> (Statista)<\/li>\n<\/ul>\n<h3>Otros documentos y enlaces que pueden resultar de inter\u00e9s:<\/h3>\n<p>&#8211;<a href=\"http:\/\/portal.uned.es\/portal\/page?_pageid=93,22985816&amp;_dad=portal&amp;_schema=PORTAL\">UNED. (2010). Grados EEES. Grado en Ingenier\u00eda Inform\u00e1tica<\/a>.<\/p>\n<p>&#8211;<strong>Agencia Nacional de Evaluaci\u00f3n de la Calidad y Acreditaci\u00f3n (ANECA)<\/strong>. (2005).<br \/>\n<a href=\"http:\/\/www.aneca.es\/var\/media\/150388\/libroblanco_jun05_informatica.pdf\">Libro Blanco del T\u00edtulo de Grado Ingeniero de Inform\u00e1tica.<\/a><\/p>\n<p><a href=\"https:\/\/www.boe.es\/diario_boe\/txt.php?id=BOE-A-2007-18770\">-BOE (2007). R. D. 1393\/2007, 29 de octubre, por el que se establece la ordenaci\u00f3n de las ense\u00f1anzas universitarias oficiales<\/a>.<\/p>\n<p>&#8211;<strong>Agencia Nacional de Evaluaci\u00f3n de la Calidad y Acreditaci\u00f3n (ANECA)<\/strong>. <a href=\"https:\/\/descargas.uned.es\/publico\/pdf\/guias\/7102\/7102_MEMORIA_VERIF.pdf\">Memoria Grado en Ingenier\u00eda de las Tecnolog\u00edas de la Informaci\u00f3n.<\/a><\/p>\n<p>&#8211;<a href=\"https:\/\/view.genial.ly\/5ea6f4a9ab2ca80dbec50945\/vertical-infographic-perfiles-profesionales\">Infograf\u00eda \u00abPerfiles profesionales potenciales\u00bb.<\/a><\/p>\n<p>&#8211;<a href=\"https:\/\/www.sepe.es\/HomeSepe\/que-es-el-sepe\/observatorio\/informes-mercado-trabajo\/informacion-titulaciones\/informacion-titulaciones-universitarias.html\">Informaci\u00f3n mensual\/anual del mercado de trabajo de personas tituladas.<\/a><\/p>\n<p>&#8211;<a href=\"https:\/\/www.innovandtalent.es\/2019\/09\/27\/los-perfiles-digitales-mas-demandados-en-espana\/\">Perfiles profesionales m\u00e1s demandados en el \u00e1mbito de los Contenidos Digitales .<\/a><\/p>\n<p>&#8211;<a href=\"https:\/\/www.ilo.org\/wcmsp5\/groups\/public\/---dgreports\/---dcomm\/---publ\/documents\/publication\/wcms_670569.pdf\">Tendencias Mundiales del Empleo 2019.<\/a><\/p>\n<p>&#8211;<a href=\"https:\/\/marcaempleo.es\/2012\/11\/24\/lectura-semanal-elige-profesion-guias-de-ocupaciones\/\">Gu\u00edas interactivas de ocupaciones.\u00a0<\/a><\/p>\n<p>&nbsp;<\/p>\n<p>&nbsp;<\/p>\n<p>&nbsp;<\/p>\n<p>&nbsp;<\/p>\n","protected":false},"excerpt":{"rendered":"<p>\u00a0 Os mostramos enlaces a distintos organismos donde podr\u00e9is consultas las estad\u00edsticas de empleo relacionadas con la titulaci\u00f3n: Estad\u00edsticas de empleo en Inform\u00e1tica y telecomuicaciones (Tecnoempleo) Instituto Nacional de estad\u00edstica (INE) Informe del Mercado de trabajo estatal (SEPE) La inform\u00e1tica y los datos conquistan el mercado de trabajo (Statista) Otros documentos y enlaces que pueden [&hellip;]<\/p>\n","protected":false},"author":5997,"featured_media":0,"parent":261,"menu_order":0,"comment_status":"closed","ping_status":"closed","template":"","meta":{"footnotes":""},"class_list":["post-1639","page","type-page","status-publish","czr-hentry"],"_links":{"self":[{"href":"https:\/\/blogs.uned.es\/salidasprofesionales\/wp-json\/wp\/v2\/pages\/1639","targetHints":{"allow":["GET"]}}],"collection":[{"href":"https:\/\/blogs.uned.es\/salidasprofesionales\/wp-json\/wp\/v2\/pages"}],"about":[{"href":"https:\/\/blogs.uned.es\/salidasprofesionales\/wp-json\/wp\/v2\/types\/page"}],"author":[{"embeddable":true,"href":"https:\/\/blogs.uned.es\/salidasprofesionales\/wp-json\/wp\/v2\/users\/5997"}],"replies":[{"embeddable":true,"href":"https:\/\/blogs.uned.es\/salidasprofesionales\/wp-json\/wp\/v2\/comments?post=1639"}],"version-history":[{"count":12,"href":"https:\/\/blogs.uned.es\/salidasprofesionales\/wp-json\/wp\/v2\/pages\/1639\/revisions"}],"predecessor-version":[{"id":1665,"href":"https:\/\/blogs.uned.es\/salidasprofesionales\/wp-json\/wp\/v2\/pages\/1639\/revisions\/1665"}],"up":[{"embeddable":true,"href":"https:\/\/blogs.uned.es\/salidasprofesionales\/wp-json\/wp\/v2\/pages\/261"}],"wp:attachment":[{"href":"https:\/\/blogs.uned.es\/salidasprofesionales\/wp-json\/wp\/v2\/media?parent=1639"}],"curies":[{"name":"wp","href":"https:\/\/api.w.org\/{rel}","templated":true}]}}