{"id":1595,"date":"2020-05-20T10:42:41","date_gmt":"2020-05-20T10:42:41","guid":{"rendered":"http:\/\/blogs.uned.es\/salidasprofesionales\/?page_id=1595"},"modified":"2020-06-01T14:43:14","modified_gmt":"2020-06-01T14:43:14","slug":"ocupaciones-puestos-ingenieria-informatica","status":"publish","type":"page","link":"https:\/\/blogs.uned.es\/salidasprofesionales\/grados\/ingenieria-y-arquitectura\/grado-en-ingenieria-informatica\/ocupaciones-puestos-ingenieria-informatica\/","title":{"rendered":"Ocupaciones\/puestos (Ingenier\u00eda Inform\u00e1tica)"},"content":{"rendered":"<p><img fetchpriority=\"high\" decoding=\"async\" class=\"alignnone size-medium wp-image-1603 alignright\" src=\"http:\/\/blogs.uned.es\/salidasprofesionales\/wp-content\/uploads\/sites\/165\/2020\/05\/puestos-300x168.jpg\" alt=\"\" width=\"300\" height=\"168\" \/><\/p>\n<p>A continuaci\u00f3n se detallan los puestos propios de la titulaci\u00f3n de Ingenier\u00eda Inform\u00e1tica:<\/p>\n<p><strong>-T\u00e9cnica o T\u00e9cnico en Seguridad inform\u00e1tica<\/strong><\/p>\n<p>Profesional que se encarga de analizar, implantar, gestionar, mantener, evaluar y auditar las acciones y los sistemas de seguridad inform\u00e1tica que protegen las redes y sistemas de una empresa u organizaci\u00f3n ante eventuales amenazas.<br \/>\nSon \u00e1reas de su inter\u00e9s: la criptograf\u00eda, la \u201cusabilidad\u201d y confidencialidad de la informaci\u00f3n en las redes y las bases de datos inform\u00e1ticas, el comercio y la firma electr\u00f3nica, los m\u00e9todos de autentificaci\u00f3n, la propiedad intelectual, la criminalidad inform\u00e1tica, la responsabilidad jur\u00eddica en internet, los peritajes judiciales, los m\u00e9todos de detecci\u00f3n y protecci\u00f3n ante la intrusi\u00f3n (\u201chacker\u201d,\u201ccortafuegos\u201d) o de timos como el \u201cphishing\u201d.<\/p>\n<p><strong>-T\u00e9cnica inform\u00e1tica o T\u00e9cnico inform\u00e1tico para Soporte y mantenimiento de usuarios y usuarias (helpdesk)<\/strong><\/p>\n<p>Profesional que se responsabiliza de instalar, configurar, inventariar y mantener los equipos inform\u00e1ticos (hardware, software, aplicaciones y servicios) en una empresa. Registra y resuelve las incidencias ocurridas en los sistemas, telef\u00f3nica o presencialmente o a trav\u00e9s de internet y realiza una labor informativa respecto al funcionamiento de las aplicaciones inform\u00e1ticas o del nuevo hardware instalado.<\/p>\n<p><strong>-Ingeniera o Ingeniero de desarrollo de hardware<\/strong><\/p>\n<p>Profesional que estudia, dise\u00f1a y crea los elementos de hardware o componentes f\u00edsicos de un ordenador o vinculados al mismo: disco duro, dispositivo de CD-ROM, cables, tarjetas, y perif\u00e9ricos de todo tipo. Se encarga de la creaci\u00f3n de la documentaci\u00f3n, de la administraci\u00f3n, y del mantenimiento y mejora del hardware.<\/p>\n<p><strong>-Ingeniera o Ingeniero de desarrollo de software<\/strong><\/p>\n<p>Profesional que crea y mantiene los programas inform\u00e1ticos aplicando las tecnolog\u00edas y pr\u00e1cticas de las ciencias computacionales. El proceso que realiza para ello va desde el an\u00e1lisis de requisitos y especificaci\u00f3n de condiciones que ha de tener el programa a crear, hasta el dise\u00f1o, programaci\u00f3n y prueba del software, finalizando con la creaci\u00f3n de la documentaci\u00f3n y mantenimiento.<\/p>\n<p><strong>-Ingeniera biom\u00e9dica, Ingeniero biom\u00e9dico<\/strong><\/p>\n<p>Profesional especializado en la concepci\u00f3n, dise\u00f1o, fabricaci\u00f3n, instalaci\u00f3n, mantenimiento y reparaci\u00f3n de equipos e instrumentos m\u00e9dicos, tales como equipos de diagn\u00f3stico, equipos para cirug\u00eda asistida por ordenador, ayudas t\u00e9cnicas para las personas con limitaciones funcionales o materiales para pr\u00f3tesis e implantes.<\/p>\n<p><strong>-Analista de aplicaciones<\/strong><\/p>\n<p>Profesional que se responsabiliza del an\u00e1lisis de las necesidades inform\u00e1ticas en los diferentes departamentos de las empresas, en los \u00e1mbitos relacionados con el desarrollo de aplicaciones, la planificaci\u00f3n, coordinaci\u00f3n e implementaci\u00f3n de las posibles mejoras, en colaboraci\u00f3n con el programador que es quien se encarga finalmente de crear o modificar la aplicaci\u00f3n.<br \/>\nRealizan informes de justificaci\u00f3n t\u00e9cnicos, elaboran presupuestos y los modos de implementaci\u00f3n de los mismos, dise\u00f1an presentaciones de proyectos y realizan un estudio continuo del mercado con el fin de encontrar nuevos productos y tendencias.<\/p>\n<p><strong>-Analista-programador\/a<\/strong><\/p>\n<p>Profesional que partiendo del an\u00e1lisis de las necesidades inform\u00e1ticas de una empresa dise\u00f1a, programa e implementa una aplicaci\u00f3n o sistema para cubrir dichas necesidades. La figura del analista programador resuelve los problemas t\u00edpicos de comunicaci\u00f3n que se dan entre analistas y programadores por la excesiva especializaci\u00f3n y facilita por lo tanto una mayor conexi\u00f3n en todo el proceso.<\/p>\n<p><img decoding=\"async\" class=\"alignnone size-full wp-image-1605 alignleft\" src=\"http:\/\/blogs.uned.es\/salidasprofesionales\/wp-content\/uploads\/sites\/165\/2020\/05\/puestos-2.jpg\" alt=\"\" width=\"292\" height=\"174\" \/><\/p>\n<p>La titulaci\u00f3n Grado en \u201cIngenier\u00eda Inform\u00e1tica\u201d tambi\u00e9n da acceso a <em><strong>puestos comunes a otras titulaciones<\/strong><\/em>. Estos son:<\/p>\n<p>-T\u00e9cnico\/T\u00e9cnica en Rob\u00f3tica<br \/>\n-Investigador\/a<br \/>\n-Director o Directora de Investigaci\u00f3n (I+D) y Desarrollo y de Investigaci\u00f3n<br \/>\n-Desarrollo e Innovaci\u00f3n (I+D+i)<br \/>\n-Ejercicio libre de la profesi\u00f3n<br \/>\n-Director o Directora de calidad<br \/>\n-T\u00e9cnica o T\u00e9cnico en Formaci\u00f3n<br \/>\n-Director o Directora de calidad<br \/>\n-Consultor o Consultora de negocios en internet (Consultor\/a e business)<br \/>\n-Administrador o Administradora de bases de datos<br \/>\n-Editor o Editora de contenidos web<br \/>\n-T\u00e9cnica o T\u00e9cnico en Hardware y software<br \/>\n-T\u00e9cnica o T\u00e9cnico en Desarrollo y mantenimiento de P\u00e1ginas web (webmaster)<br \/>\n-T\u00e9cnica inform\u00e1tica o T\u00e9cnico inform\u00e1tico para Soporte y mantenimiento de usuarios y usuarias (helpdesk)<br \/>\n-T\u00e9cnica o T\u00e9cnico en Control y evaluaci\u00f3n de la calidad<br \/>\n-Controlador o Controladora de Tr\u00e1nsito a\u00e9reo<br \/>\n-T\u00e9cnico\/a comercial<br \/>\n-Consultor\/a<br \/>\n-Tutor o Tutora de formaci\u00f3n abierta y a distancia<br \/>\n-Tutor o Tutora de formaci\u00f3n abierta y a distancia<br \/>\n-Especialista en Dise\u00f1o y elaboraci\u00f3n de materiales did\u00e1cticos<br \/>\n-Profesor Universitario<br \/>\n-Profesor de secundaria<\/p>\n","protected":false},"excerpt":{"rendered":"<p>A continuaci\u00f3n se detallan los puestos propios de la titulaci\u00f3n de Ingenier\u00eda Inform\u00e1tica: -T\u00e9cnica o T\u00e9cnico en Seguridad inform\u00e1tica Profesional que se encarga de analizar, implantar, gestionar, mantener, evaluar y auditar las acciones y los sistemas de seguridad inform\u00e1tica que protegen las redes y sistemas de una empresa u organizaci\u00f3n ante eventuales amenazas. Son \u00e1reas [&hellip;]<\/p>\n","protected":false},"author":5997,"featured_media":0,"parent":261,"menu_order":0,"comment_status":"closed","ping_status":"closed","template":"","meta":{"footnotes":""},"class_list":["post-1595","page","type-page","status-publish","czr-hentry"],"_links":{"self":[{"href":"https:\/\/blogs.uned.es\/salidasprofesionales\/wp-json\/wp\/v2\/pages\/1595","targetHints":{"allow":["GET"]}}],"collection":[{"href":"https:\/\/blogs.uned.es\/salidasprofesionales\/wp-json\/wp\/v2\/pages"}],"about":[{"href":"https:\/\/blogs.uned.es\/salidasprofesionales\/wp-json\/wp\/v2\/types\/page"}],"author":[{"embeddable":true,"href":"https:\/\/blogs.uned.es\/salidasprofesionales\/wp-json\/wp\/v2\/users\/5997"}],"replies":[{"embeddable":true,"href":"https:\/\/blogs.uned.es\/salidasprofesionales\/wp-json\/wp\/v2\/comments?post=1595"}],"version-history":[{"count":4,"href":"https:\/\/blogs.uned.es\/salidasprofesionales\/wp-json\/wp\/v2\/pages\/1595\/revisions"}],"predecessor-version":[{"id":1607,"href":"https:\/\/blogs.uned.es\/salidasprofesionales\/wp-json\/wp\/v2\/pages\/1595\/revisions\/1607"}],"up":[{"embeddable":true,"href":"https:\/\/blogs.uned.es\/salidasprofesionales\/wp-json\/wp\/v2\/pages\/261"}],"wp:attachment":[{"href":"https:\/\/blogs.uned.es\/salidasprofesionales\/wp-json\/wp\/v2\/media?parent=1595"}],"curies":[{"name":"wp","href":"https:\/\/api.w.org\/{rel}","templated":true}]}}