{"id":1579,"date":"2020-05-20T10:38:20","date_gmt":"2020-05-20T10:38:20","guid":{"rendered":"http:\/\/blogs.uned.es\/salidasprofesionales\/?page_id=1579"},"modified":"2020-06-01T14:42:53","modified_gmt":"2020-06-01T14:42:53","slug":"ambitos-profesionales-ingenieria-informatica","status":"publish","type":"page","link":"https:\/\/blogs.uned.es\/salidasprofesionales\/grados\/ingenieria-y-arquitectura\/grado-en-ingenieria-informatica\/ambitos-profesionales-ingenieria-informatica\/","title":{"rendered":"\u00c1mbitos profesionales (Ingenier\u00eda Inform\u00e1tica)"},"content":{"rendered":"<p><img decoding=\"async\" class=\"alignnone size-medium wp-image-1589 alignright\" src=\"http:\/\/blogs.uned.es\/salidasprofesionales\/wp-content\/uploads\/sites\/165\/2020\/05\/ambitos-profesionales-300x166.jpg\" alt=\"\" width=\"300\" height=\"166\" \/><\/p>\n<p>El Ingeniero Inform\u00e1tico podr\u00e1 desarrollar sus distintas funciones en los siguientes \u00e1mbitos:<\/p>\n<p><strong>-Asesoramiento y consultor\u00eda<\/strong><\/p>\n<p>Calidad o de otros \u00e1mbitos en los que habitualmente se contraten servicios externos para realizar una actividad. Suelen realizarse en asesor\u00edas jur\u00eddicas, consultoras o gestor\u00edas.<br \/>\nEl sector de las empresas de auditor\u00eda y consultor\u00eda ha tenido un crecimiento constante y permanente a lo largo de estos a\u00f1os, debido tanto al impulso propio como a la \u00abexternalizaci\u00f3n\u00bb de tales funciones por parte de empresas.<\/p>\n<p><strong>-Docencia e investigaci\u00f3n<\/strong><\/p>\n<p>Comprende las actividades de ense\u00f1anza y formaci\u00f3n tanto en el \u00e1mbito del sistema educativo reglado (ense\u00f1anza primaria, secundaria y universitaria), apoyo escolar, formaci\u00f3n extraescolar, formaci\u00f3n de especializaci\u00f3n, formaci\u00f3n sociocultural y la relacionada con el mundo del trabajo (formaci\u00f3n ocupacional y formaci\u00f3n continua). En cuanto a la investigaci\u00f3n, se incluyen aquellas profesiones que pueden tener una proyecci\u00f3n investigadora cient\u00edfica o t\u00e9cnica.<\/p>\n<p><strong>-Industria<\/strong><\/p>\n<p>Actividades y profesiones relacionadas con la producci\u00f3n industrial (industria alimentaria, del autom\u00f3vil, construcci\u00f3n de maquinaria, del caucho y pl\u00e1sticas, manufacturera, de material y equipo el\u00e9ctrico, muebles, metal\u00fargica, papel y cart\u00f3n, textil, qu\u00edmica y farmac\u00e9utica) as\u00ed como la vinculadas al mantenimiento de la maquinaria.<\/p>\n<p><strong>-Informaci\u00f3n: an\u00e1lisis, gesti\u00f3n y tratamiento<\/strong><\/p>\n<p>El sector lo integran las actividades relacionadas con la gesti\u00f3n del conocimiento, la b\u00fasqueda, tratamiento, clasificaci\u00f3n y recuperaci\u00f3n de la informaci\u00f3n en cualquier soporte.<\/p>\n<p><strong>-Inform\u00e1tica<\/strong><\/p>\n<p>Abarca las actividades relacionadas con la inform\u00e1tica y las telecomunicaciones en sus diversas aplicaciones (programaci\u00f3n, an\u00e1lisis, soporte y mantenimiento, instalaci\u00f3n de hardware y software, dise\u00f1o de equipos y componentes, etc.).<\/p>\n<p><strong>-Ingenier\u00eda y dise\u00f1o: ejecuci\u00f3n de proyectos tecnol\u00f3gicos y de ingenier\u00eda<\/strong><\/p>\n<p>Actividades y profesiones relacionadas con las \u00e1reas de ingenier\u00eda civil, ingenier\u00eda industrial, cartograf\u00eda y telecomunicaciones.<\/p>\n<p><strong>-Prevenci\u00f3n de riesgos, control de la calidad y seguridad<\/strong><\/p>\n<p>Actividades y profesiones relacionadas con la seguridad de las personas, instalaciones, productos y la actividad de la empresa.<\/p>\n<p>Actividades o profesiones relacionadas con los servicios a las empresas, organismos p\u00fablicos y a particulares de tipo jur\u00eddico, fiscal, econ\u00f3mico-contable, de recursos humanos, de prevenci\u00f3n de riesgos laborales, etc.<\/p>\n","protected":false},"excerpt":{"rendered":"<p>El Ingeniero Inform\u00e1tico podr\u00e1 desarrollar sus distintas funciones en los siguientes \u00e1mbitos: -Asesoramiento y consultor\u00eda Calidad o de otros \u00e1mbitos en los que habitualmente se contraten servicios externos para realizar una actividad. Suelen realizarse en asesor\u00edas jur\u00eddicas, consultoras o gestor\u00edas. El sector de las empresas de auditor\u00eda y consultor\u00eda ha tenido un crecimiento constante y [&hellip;]<\/p>\n","protected":false},"author":5997,"featured_media":0,"parent":261,"menu_order":0,"comment_status":"closed","ping_status":"closed","template":"","meta":{"footnotes":""},"class_list":["post-1579","page","type-page","status-publish","czr-hentry"],"_links":{"self":[{"href":"https:\/\/blogs.uned.es\/salidasprofesionales\/wp-json\/wp\/v2\/pages\/1579","targetHints":{"allow":["GET"]}}],"collection":[{"href":"https:\/\/blogs.uned.es\/salidasprofesionales\/wp-json\/wp\/v2\/pages"}],"about":[{"href":"https:\/\/blogs.uned.es\/salidasprofesionales\/wp-json\/wp\/v2\/types\/page"}],"author":[{"embeddable":true,"href":"https:\/\/blogs.uned.es\/salidasprofesionales\/wp-json\/wp\/v2\/users\/5997"}],"replies":[{"embeddable":true,"href":"https:\/\/blogs.uned.es\/salidasprofesionales\/wp-json\/wp\/v2\/comments?post=1579"}],"version-history":[{"count":5,"href":"https:\/\/blogs.uned.es\/salidasprofesionales\/wp-json\/wp\/v2\/pages\/1579\/revisions"}],"predecessor-version":[{"id":1591,"href":"https:\/\/blogs.uned.es\/salidasprofesionales\/wp-json\/wp\/v2\/pages\/1579\/revisions\/1591"}],"up":[{"embeddable":true,"href":"https:\/\/blogs.uned.es\/salidasprofesionales\/wp-json\/wp\/v2\/pages\/261"}],"wp:attachment":[{"href":"https:\/\/blogs.uned.es\/salidasprofesionales\/wp-json\/wp\/v2\/media?parent=1579"}],"curies":[{"name":"wp","href":"https:\/\/api.w.org\/{rel}","templated":true}]}}