{"id":1565,"date":"2020-05-20T10:31:00","date_gmt":"2020-05-20T10:31:00","guid":{"rendered":"http:\/\/blogs.uned.es\/salidasprofesionales\/?page_id=1565"},"modified":"2020-06-01T14:42:29","modified_gmt":"2020-06-01T14:42:29","slug":"perspectivas-laborales-ingenieria-informatica","status":"publish","type":"page","link":"https:\/\/blogs.uned.es\/salidasprofesionales\/grados\/ingenieria-y-arquitectura\/grado-en-ingenieria-informatica\/perspectivas-laborales-ingenieria-informatica\/","title":{"rendered":"Perspectivas laborales (Ingenier\u00eda Inform\u00e1tica)"},"content":{"rendered":"<p><img fetchpriority=\"high\" decoding=\"async\" class=\"alignnone wp-image-1573 alignleft\" src=\"http:\/\/blogs.uned.es\/salidasprofesionales\/wp-content\/uploads\/sites\/165\/2020\/05\/perspectivas-laborales.png\" alt=\"\" width=\"238\" height=\"217\" \/><\/p>\n<p>El concepto de \u201cYacimiento de Empleo\u201d ha sido utilizado en numerosos contextos con significaciones muy diversas que van desde la mera descripci\u00f3n de actividades con elevadas demandas puntuales hasta su identificaci\u00f3n con<br \/>\nsectores emergentes. Dentro de este estudio, \u201cYacimientos de Empleo: Horizonte 2006\u201d se ha optado por una definici\u00f3n mixta que combina una aproximaci\u00f3n de actividad econ\u00f3mica con otra temporal en relaci\u00f3n con el empleo. De esta manera un yacimiento de empleo queda definido como: \u201cUna agregaci\u00f3n homog\u00e9nea de actividades estrechamente relacionadas desde el punto de vista de su desarrollo, donde se produce o va a producir una demanda laboral significativa, frente a los niveles previos de generaci\u00f3n de empleo.\u201d<\/p>\n<p>Se presentan actualmente, \u201cNuevos Yacimientos de Empleo\u201d (NYE), los cuales tratan de recoger los retos de las sociedades europeas, desempleo y nuevas necesidades. Estos se pretende conjugarlos para ofrecer una soluci\u00f3n conjunta.<\/p>\n<p>En cuanto a la clasificaci\u00f3n de los NYE, inicialmente se definieron 17 \u00e1mbitos, si bien posteriormente se han ido ampliando, englob\u00e1ndolos dentro de cinco apartados:<\/p>\n<p>a) <strong>Servicios de vida diaria<\/strong> (los servicios a domicilio, el cuidado de ni\u00f1os\/as, las nuevas tecnolog\u00edas de la informaci\u00f3n y de la comunicaci\u00f3n, y la ayuda a los j\u00f3venes con dificultad de inserci\u00f3n).<\/p>\n<p>b) <strong>Servicios de mejora de la calidad de vida<\/strong> (la mejora de la vivienda, los transportes colectivos locales, la seguridad de los lugares p\u00fablicos y viviendas, la revalorizaci\u00f3n de los espacios p\u00fablicos urbanos, y los comercios de proximidad).<\/p>\n<p>c) <strong>Servicios culturales y de ocio<\/strong> (el turismo, el sector audiovisual, el desarrollo cultural local, y la valorizaci\u00f3n del patrimonio cultural).<\/p>\n<p>d) <strong>Servicios de medio ambiente<\/strong> (la gesti\u00f3n de los residuos, la gesti\u00f3n del agua, la protecci\u00f3n y el mantenimiento de las zonas naturales, y la normativa, control de la contaminaci\u00f3n e instalaciones).<\/p>\n<p>e) <strong>Otros NYE<\/strong> (el deporte, la gesti\u00f3n de las energ\u00edas renovables y el tercer sector).<\/p>\n<p>En el caso del Grado en Ingenier\u00eda de las Tecnolog\u00edas de la Informaci\u00f3n y la Comunicaci\u00f3nInform\u00e1tica, estos nuevos yacimientos los podemos encontrar principalmente en los dos siguientes \u00e1mbitos, destacando los nuevos yacimientos de cada uno de ellos:<\/p>\n<p>a) <strong>Servicios de la vida cotidiana:<\/strong> nuevas tecnolog\u00edas de la informaci\u00f3n y de la comunicaci\u00f3n:<\/p>\n<p>-Equipos y servicios inform\u00e1ticos<\/p>\n<p>-Equipos y servicios de telecomunicaci\u00f3n<\/p>\n<p>-Servicios de acceso a la informaci\u00f3n (Internet, redes, bases de datos)<\/p>\n<p>-Nuevas formas de distribuci\u00f3n de la TV (cable, sat\u00e9lite)<\/p>\n<p>-Producci\u00f3n multimedia<\/p>\n<p>-Teleservicios (a hogares, empresas, administraciones p\u00fablicas)<\/p>\n<p>-Servicios de apoyo a actividades profesionales (teletrabajo\u2026)<\/p>\n<p>-Comercio telem\u00e1tico<\/p>\n<p>-Servicios educativos y formaci\u00f3n a distancia<\/p>\n<p>-Otras teleaplicaciones en el \u00e1mbito de la administraci\u00f3n p\u00fablica, las empresas y los hogares (teleadministraci\u00f3n\u2026)<\/p>\n<p>-Telemedicina<\/p>\n<p>b) <strong>Servicios de mejora de la calidad de vida<\/strong>: Seguridad (televigilancia e instalaciones de seguridad en empresas y domicilios)<\/p>\n<p>-Vigilancia de lugares p\u00fablicos<\/p>\n<p>-Vigilancia en transportes colectivos<\/p>\n<p>-Instalaciones de seguridad en domicilios<\/p>\n<p>-Instalaciones de seguridad en empresas<\/p>\n<p>-Instalaciones de seguridad en lugares p\u00fablicos<\/p>\n<p>-Televigilancia<\/p>\n<p>c) <strong>Servicios culturales y de ocio<\/strong><\/p>\n<p>-Plataformas de distribuci\u00f3n de contenidos audiovisuales<\/p>\n<p>-Desarrollo de videojuegos<\/p>\n<p>-Codificaci\u00f3n y compresi\u00f3n de audio y v\u00eddeo<\/p>\n<p>-Desarrollo y gesti\u00f3n de redes sociales<\/p>\n<p>-Gesti\u00f3n de venta de entradas a eventos<\/p>\n<p>d) <strong>Servicios de medio ambiente<\/strong><\/p>\n<p>-Sistemas distribuidos para la monitorizaci\u00f3n medioambiental<\/p>\n<p>-Big data aplicado a la monitorizaci\u00f3n del medio ambiente<\/p>\n<p>-Gesti\u00f3n del transporte en la ciudad inteligente<\/p>\n<p>-Plataformas inform\u00e1ticas para la econom\u00eda colaborativa<\/p>\n<p>-Monitorizaci\u00f3n de la contaminaci\u00f3n y redes de sensores<\/p>\n<p>e) <strong>Otros NYE<\/strong><\/p>\n<p>-e-sports<\/p>\n<p>-Aplicaciones inform\u00e1ticas para redes log\u00edsticas y de energ\u00eda<\/p>\n<p>-Plataformas digitales de activismo y colaboraci\u00f3n en red<\/p>\n","protected":false},"excerpt":{"rendered":"<p>El concepto de \u201cYacimiento de Empleo\u201d ha sido utilizado en numerosos contextos con significaciones muy diversas que van desde la mera descripci\u00f3n de actividades con elevadas demandas puntuales hasta su identificaci\u00f3n con sectores emergentes. Dentro de este estudio, \u201cYacimientos de Empleo: Horizonte 2006\u201d se ha optado por una definici\u00f3n mixta que combina una aproximaci\u00f3n de [&hellip;]<\/p>\n","protected":false},"author":5997,"featured_media":0,"parent":261,"menu_order":0,"comment_status":"closed","ping_status":"closed","template":"","meta":{"footnotes":""},"class_list":["post-1565","page","type-page","status-publish","czr-hentry"],"_links":{"self":[{"href":"https:\/\/blogs.uned.es\/salidasprofesionales\/wp-json\/wp\/v2\/pages\/1565","targetHints":{"allow":["GET"]}}],"collection":[{"href":"https:\/\/blogs.uned.es\/salidasprofesionales\/wp-json\/wp\/v2\/pages"}],"about":[{"href":"https:\/\/blogs.uned.es\/salidasprofesionales\/wp-json\/wp\/v2\/types\/page"}],"author":[{"embeddable":true,"href":"https:\/\/blogs.uned.es\/salidasprofesionales\/wp-json\/wp\/v2\/users\/5997"}],"replies":[{"embeddable":true,"href":"https:\/\/blogs.uned.es\/salidasprofesionales\/wp-json\/wp\/v2\/comments?post=1565"}],"version-history":[{"count":4,"href":"https:\/\/blogs.uned.es\/salidasprofesionales\/wp-json\/wp\/v2\/pages\/1565\/revisions"}],"predecessor-version":[{"id":1575,"href":"https:\/\/blogs.uned.es\/salidasprofesionales\/wp-json\/wp\/v2\/pages\/1565\/revisions\/1575"}],"up":[{"embeddable":true,"href":"https:\/\/blogs.uned.es\/salidasprofesionales\/wp-json\/wp\/v2\/pages\/261"}],"wp:attachment":[{"href":"https:\/\/blogs.uned.es\/salidasprofesionales\/wp-json\/wp\/v2\/media?parent=1565"}],"curies":[{"name":"wp","href":"https:\/\/api.w.org\/{rel}","templated":true}]}}