{"id":1455,"date":"2020-05-19T12:02:03","date_gmt":"2020-05-19T12:02:03","guid":{"rendered":"http:\/\/blogs.uned.es\/salidasprofesionales\/?page_id=1455"},"modified":"2020-06-01T14:30:31","modified_gmt":"2020-06-01T14:30:31","slug":"estadisticas-e-informes-del-mercado-de-trabajo-ciencia-politica-y-de-la-administracion","status":"publish","type":"page","link":"https:\/\/blogs.uned.es\/salidasprofesionales\/grados\/ciencias-sociales-y-juridicas\/grado-en-ciencia-politica-y-de-la-administracion\/estadisticas-e-informes-del-mercado-de-trabajo-ciencia-politica-y-de-la-administracion\/","title":{"rendered":"Estad\u00edsticas e informes del mercado de trabajo (Ciencia Pol\u00edtica y de la Administraci\u00f3n)"},"content":{"rendered":"<p><img fetchpriority=\"high\" decoding=\"async\" class=\"alignnone size-medium wp-image-1465 aligncenter\" src=\"http:\/\/blogs.uned.es\/salidasprofesionales\/wp-content\/uploads\/sites\/165\/2020\/05\/estadisticas-300x168.jpg\" alt=\"\" width=\"300\" height=\"168\" \/><\/p>\n<p>En los siguiente enlaces se podr\u00e1n revisar informaciones relevantes respecto a la profesi\u00f3n:<\/p>\n<ul>\n<li>UNED. (2020). <a href=\"http:\/\/portal.uned.es\/portal\/page?_pageid=93,22959274&amp;_dad=portal&amp;_schema=PORTAL\">Grados EEES. Grado en Ciencia Pol\u00edtica y de la Administraci\u00f3n.\u00a0<\/a><\/li>\n<li>Agencia Nacional de Evaluaci\u00f3n de la Calidad y Acreditaci\u00f3n (ANECA). (2020). <a href=\"http:\/\/www.aneca.es\/var\/media\/150260\/libroblanco_politicas_def.pdf\">Libro Blanco del T\u00edtulo de Grado en Ciencia Pol\u00edtica y de la Administraci\u00f3n, Sociolog\u00eda y Gesti\u00f3n y Administraci\u00f3n P\u00fablica.\u00a0<\/a><\/li>\n<li><a href=\"https:\/\/www.colpolsoc.org\/\">Ilustre Colegio Nacional de Doctores y Licenciados en Ciencias Pol\u00edticas y Sociolog\u00eda. (2020).\u00a0<\/a><\/li>\n<li><a href=\"http:\/\/coie-server.uned.es\/8919\">Inserci\u00f3n laboral y empleabilidad UNED<\/a> (Observatorio de empleabilidad y empleo)<\/li>\n<\/ul>\n<p>&nbsp;<\/p>\n","protected":false},"excerpt":{"rendered":"<p>En los siguiente enlaces se podr\u00e1n revisar informaciones relevantes respecto a la profesi\u00f3n: UNED. (2020). Grados EEES. Grado en Ciencia Pol\u00edtica y de la Administraci\u00f3n.\u00a0 Agencia Nacional de Evaluaci\u00f3n de la Calidad y Acreditaci\u00f3n (ANECA). (2020). Libro Blanco del T\u00edtulo de Grado en Ciencia Pol\u00edtica y de la Administraci\u00f3n, Sociolog\u00eda y Gesti\u00f3n y Administraci\u00f3n P\u00fablica.\u00a0 [&hellip;]<\/p>\n","protected":false},"author":5997,"featured_media":0,"parent":211,"menu_order":0,"comment_status":"closed","ping_status":"closed","template":"","meta":{"footnotes":""},"class_list":["post-1455","page","type-page","status-publish","czr-hentry"],"_links":{"self":[{"href":"https:\/\/blogs.uned.es\/salidasprofesionales\/wp-json\/wp\/v2\/pages\/1455","targetHints":{"allow":["GET"]}}],"collection":[{"href":"https:\/\/blogs.uned.es\/salidasprofesionales\/wp-json\/wp\/v2\/pages"}],"about":[{"href":"https:\/\/blogs.uned.es\/salidasprofesionales\/wp-json\/wp\/v2\/types\/page"}],"author":[{"embeddable":true,"href":"https:\/\/blogs.uned.es\/salidasprofesionales\/wp-json\/wp\/v2\/users\/5997"}],"replies":[{"embeddable":true,"href":"https:\/\/blogs.uned.es\/salidasprofesionales\/wp-json\/wp\/v2\/comments?post=1455"}],"version-history":[{"count":5,"href":"https:\/\/blogs.uned.es\/salidasprofesionales\/wp-json\/wp\/v2\/pages\/1455\/revisions"}],"predecessor-version":[{"id":1467,"href":"https:\/\/blogs.uned.es\/salidasprofesionales\/wp-json\/wp\/v2\/pages\/1455\/revisions\/1467"}],"up":[{"embeddable":true,"href":"https:\/\/blogs.uned.es\/salidasprofesionales\/wp-json\/wp\/v2\/pages\/211"}],"wp:attachment":[{"href":"https:\/\/blogs.uned.es\/salidasprofesionales\/wp-json\/wp\/v2\/media?parent=1455"}],"curies":[{"name":"wp","href":"https:\/\/api.w.org\/{rel}","templated":true}]}}