{"id":1423,"date":"2022-06-17T11:01:52","date_gmt":"2022-06-17T11:01:52","guid":{"rendered":"http:\/\/blogs.uned.es\/salidasprofesionales\/?page_id=1423"},"modified":"2022-06-17T11:01:52","modified_gmt":"2022-06-17T11:01:52","slug":"empresas-organizaciones-y-portales-especificos-de-empleo-ciencia-politica-y-de-la-administracion","status":"publish","type":"page","link":"https:\/\/blogs.uned.es\/salidasprofesionales\/grados\/ciencias-sociales-y-juridicas\/grado-en-ciencia-politica-y-de-la-administracion\/empresas-organizaciones-y-portales-especificos-de-empleo-ciencia-politica-y-de-la-administracion\/","title":{"rendered":"Empresas, organizaciones y portales espec\u00edficos de empleo (Ciencia Pol\u00edtica y de la Administraci\u00f3n)"},"content":{"rendered":"<p><img decoding=\"async\" class=\"alignnone size-full wp-image-1435 aligncenter\" src=\"http:\/\/blogs.uned.es\/salidasprofesionales\/wp-content\/uploads\/sites\/165\/2020\/05\/portales.jpg\" alt=\"\" width=\"245\" height=\"160\" \/><\/p>\n<p>A continuaci\u00f3n se presentan <strong>organismos o entidades<\/strong> con las que podemos contactar:<\/p>\n<ul>\n<li>Instituciones Pol\u00edticas y Administraciones P\u00fablicas,\u00a0Instituciones Pol\u00edticas y Administraci\u00f3n de la Uni\u00f3n Europea, Parlamento Europeo, Comisi\u00f3n Europea, Comit\u00e9 Econ\u00f3mico y Social, Agencias de la Uni\u00f3n Europea,\u00a0Instituciones<\/li>\n<li>Pol\u00edticas de Espa\u00f1a y su Organizaci\u00f3n administrativa: Parlamento (Congreso y Senado), \u00d3rganos Unipersonales de direcci\u00f3n pol\u00edtica (Presidencia, Vicepresidencia, Ministerios, y sus gabinetes y \u00f3rganos de apoyo).<\/li>\n<li>\u00d3rganos departamentales de direcci\u00f3n y gesti\u00f3n sectorial y de apoyo interno a la direcci\u00f3n pol\u00edtica (Secretar\u00edas de Estado, Secretar\u00edas Generales, Direcciones Generales, Subsecretar\u00eda y Secretar\u00edas Generales T\u00e9cnicas), \u00d3rganos de la Administraci\u00f3n Perif\u00e9rica del Estado (Delegaciones y Subdelegaciones del Gobierno), \u00d3rganos de fiscalizaci\u00f3n y control (Intervenci\u00f3n, Inspecciones Generales de Servicios y Tribunal de Cuentas), \u00d3rganos consultivos, Cuerpos de seguridad del Estado,\u00a0Instituciones Pol\u00edticas y Administraciones de las CC.AA (Parlamentos auton\u00f3micos, Defensor del pueblo auton\u00f3mico), \u00d3rganos Unipersonales de direcci\u00f3n pol\u00edtica (Presidencia, Vicepresidencia, Consejer\u00edas, y sus gabinetes y \u00f3rganos de apoyo), \u00d3rganos departamentales de direcci\u00f3n y gesti\u00f3n sectorial y de apoyo, interno a la direcci\u00f3n pol\u00edtica (Direcciones Generales, Secretar\u00edas Generales, T\u00e9cnicas, etc.).<\/li>\n<li>Servicios perif\u00e9ricos de la Administraci\u00f3n Auton\u00f3mica, \u00d3rganos de fiscalizaci\u00f3n y control auton\u00f3micos: Sindicaturas de Cuentas. \u00d3rganos consultivos.<\/li>\n<li>Entes instrumentales auton\u00f3micos: organismos aut\u00f3nomos, entidades p\u00fablicas empresariales, sociedades p\u00fablicas y fundaciones p\u00fablicas en los m\u00e1s diversos \u00e1mbitos de la acci\u00f3n administrativa (sanidad, educaci\u00f3n, cultura, etc.).<\/li>\n<li>Ayuntamientos. Diputaciones Provinciales (o forales). \u00d3rganos de fiscalizaci\u00f3n, control, consulta y participaci\u00f3n de \u00e1mbito local Organizaciones para el desarrollo econ\u00f3mico, social y comunitario. Organizaciones pol\u00edticas.<\/li>\n<li>Centros especiales de empleo. Centros ocupacionales y de inserci\u00f3n socio profesional. Empresas gestoras de programas formativos.<\/li>\n<li>Escuelas profesionales. Asociaciones de empleo y formaci\u00f3n.<\/li>\n<li>Organismos Internacionales y Acci\u00f3n Exterior (Ministerio de Asuntos Exteriores. Agencia Espa\u00f1ola de Cooperaci\u00f3n Internacional)<\/li>\n<\/ul>\n<p>Es interesante que se visite el <a href=\"https:\/\/marcaempleo.es\/empleo\/webs-empleo-por-sectores\/\">siguiente enlace<\/a> donde podremos encontrar enlaces de <strong>portales de empleo por sectores<\/strong> espec\u00edficos.<\/p>\n<p>Si lo que nos interesa es e<strong>l empleo p\u00fablico:<\/strong><\/p>\n<ul>\n<li><a href=\"https:\/\/marcaempleo.es\/empleo\/webs-empleo-por-sectores\/\">Bolet\u00edn semanal de Empleo P\u00fablico<\/a><\/li>\n<li><a href=\"https:\/\/trabajarenlopublico.ning.com\/\">Trabajar en lo p\u00fablico<\/a><\/li>\n<li><a href=\"https:\/\/administracion.gob.es\/\">El Punto de Acceso a la Administraci\u00f3n Espa\u00f1ola<\/a><\/li>\n<li><a href=\"https:\/\/www.colpolsoc.org\/preparacion-oposiciones-a2-cuerpo-de-gestion-de-la-administracion-civil-del-estado\/\">Cuerpo de Gesti\u00f3n de la Administraci\u00f3n Civil del Estado (CGACE)<\/a><\/li>\n<\/ul>\n","protected":false},"excerpt":{"rendered":"<p>A continuaci\u00f3n se presentan organismos o entidades con las que podemos contactar: Instituciones Pol\u00edticas y Administraciones P\u00fablicas,\u00a0Instituciones Pol\u00edticas y Administraci\u00f3n de la Uni\u00f3n Europea, Parlamento Europeo, Comisi\u00f3n Europea, Comit\u00e9 Econ\u00f3mico y Social, Agencias de la Uni\u00f3n Europea,\u00a0Instituciones Pol\u00edticas de Espa\u00f1a y su Organizaci\u00f3n administrativa: Parlamento (Congreso y Senado), \u00d3rganos Unipersonales de direcci\u00f3n pol\u00edtica (Presidencia, Vicepresidencia, [&hellip;]<\/p>\n","protected":false},"author":5997,"featured_media":0,"parent":211,"menu_order":0,"comment_status":"closed","ping_status":"closed","template":"","meta":{"footnotes":""},"class_list":["post-1423","page","type-page","status-publish","czr-hentry"],"_links":{"self":[{"href":"https:\/\/blogs.uned.es\/salidasprofesionales\/wp-json\/wp\/v2\/pages\/1423","targetHints":{"allow":["GET"]}}],"collection":[{"href":"https:\/\/blogs.uned.es\/salidasprofesionales\/wp-json\/wp\/v2\/pages"}],"about":[{"href":"https:\/\/blogs.uned.es\/salidasprofesionales\/wp-json\/wp\/v2\/types\/page"}],"author":[{"embeddable":true,"href":"https:\/\/blogs.uned.es\/salidasprofesionales\/wp-json\/wp\/v2\/users\/5997"}],"replies":[{"embeddable":true,"href":"https:\/\/blogs.uned.es\/salidasprofesionales\/wp-json\/wp\/v2\/comments?post=1423"}],"version-history":[{"count":7,"href":"https:\/\/blogs.uned.es\/salidasprofesionales\/wp-json\/wp\/v2\/pages\/1423\/revisions"}],"predecessor-version":[{"id":5141,"href":"https:\/\/blogs.uned.es\/salidasprofesionales\/wp-json\/wp\/v2\/pages\/1423\/revisions\/5141"}],"up":[{"embeddable":true,"href":"https:\/\/blogs.uned.es\/salidasprofesionales\/wp-json\/wp\/v2\/pages\/211"}],"wp:attachment":[{"href":"https:\/\/blogs.uned.es\/salidasprofesionales\/wp-json\/wp\/v2\/media?parent=1423"}],"curies":[{"name":"wp","href":"https:\/\/api.w.org\/{rel}","templated":true}]}}