{"id":1393,"date":"2020-05-19T11:31:35","date_gmt":"2020-05-19T11:31:35","guid":{"rendered":"http:\/\/blogs.uned.es\/salidasprofesionales\/?page_id=1393"},"modified":"2020-06-01T14:29:20","modified_gmt":"2020-06-01T14:29:20","slug":"ambitos-profesionales-ciencia-politica-y-de-la-administracion","status":"publish","type":"page","link":"https:\/\/blogs.uned.es\/salidasprofesionales\/grados\/ciencias-sociales-y-juridicas\/grado-en-ciencia-politica-y-de-la-administracion\/ambitos-profesionales-ciencia-politica-y-de-la-administracion\/","title":{"rendered":"\u00c1mbitos profesionales (Ciencia Pol\u00edtica y de la Administraci\u00f3n)"},"content":{"rendered":"<p><img decoding=\"async\" class=\"alignnone size-full wp-image-1395 alignright\" src=\"http:\/\/blogs.uned.es\/salidasprofesionales\/wp-content\/uploads\/sites\/165\/2020\/05\/perfiles-profesionales.jpg\" alt=\"\" width=\"299\" height=\"145\" \/><\/p>\n<p>Dentro de los distintos perfiles profesionales, podemos encontrar graduados en Ciencia Pol\u00edtica y de la Administraci\u00f3n trabajando en los siguientes \u00e1mbitos:<\/p>\n<p>\u2022 <strong>Instituciones pol\u00edticas y administraciones p\u00fablicas<\/strong><\/p>\n<p>Este \u00e1mbito abarca todas las Instituciones pol\u00edticas y las Administraciones p\u00fablicas que operan en el \u00e1mbito de la Uni\u00f3n Europea, en el \u00e1mbito estatal, en el \u00e1mbito auton\u00f3mico y en el \u00e1mbito local, y sus respectivas organizaciones administrativas. Incluye, para cada uno de estos cuatro niveles pol\u00edtico-territoriales, todas aquellas actividades de naturaleza representativa y de gobierno realizadas desde dichas organizaciones, ya sea en el ejercicio de la pol\u00edtica activa o mediante el desempe\u00f1o profesional a trav\u00e9s de oposiciones a los cuerpos de las Administraciones P\u00fablicas o mediante contrato laboral.<\/p>\n<p>\u2022 <strong>Organizaciones pol\u00edticas, de representaci\u00f3n de intereses y no gubernamentales<\/strong><\/p>\n<p>Este \u00e1mbito abarca entre otros a los partidos pol\u00edticos, organizaciones sindicales, organizaciones empresariales, organizaciones no gubernamentales, fundaciones, grupos de inter\u00e9s y diversas corporaciones p\u00fablicas de base privada. El nivel territorial que engloba abarca desde el internacional, el de la Uni\u00f3n Europea, el estatal, el auton\u00f3mico y el local. En el \u00e1mbito p\u00fablico las oposiciones m\u00e1s comunes a las que se presentan los polit\u00f3logos\/as son el Cuerpo Superior de Administradores Civiles del Estado, y sus equivalentes en las diferentes comunidades aut\u00f3nomas, ya que el temario de estas oposiciones coincide en gran medida con el contenido de la carrera. Otras oposiciones a las que se presentan los polit\u00f3logos\/as, aunque en menor medida son: Cuerpo Diplom\u00e1tico, T\u00e9cnico de Administraci\u00f3n General en las corporaciones locales, Cuerpo de Inspectores Trabajo y Seguridad Social, y Cuerpo de Gesti\u00f3n de la Administraci\u00f3n Civil del Estado. Una nueva oportunidad en el sector p\u00fablico son las instituciones europeas. Las oposiciones a la Uni\u00f3n Europea son bastante desconocidas, pero los puestos que all\u00ed se encuentran pueden adecuarse al perfil de la carrera, con la ventaja de que se trata de oposiciones sin temario, m\u00e1s sencillas de preparar y cuya preparaci\u00f3n es compatible con trabajar o ampliar estudios.<\/p>\n<p><strong>\u2022 Sector privado<\/strong><\/p>\n<p>Esencialmente se trata del trabajo desarrollado en empresas, dedicadas al amplio campo del asesoramiento, consultor\u00eda y gesti\u00f3n consultoras de recursos humanos, consultoras de calidad, consultoras de comercio exterior e institutos de estudios de mercado y opini\u00f3n p\u00fablica, empresas el sector de comunicaci\u00f3n pol\u00edtica y corporativa, e incidencia pol\u00edtica (lobby y advocacy).<br \/>\nTambi\u00e9n la Ense\u00f1anza e investigaci\u00f3n ofrece posibilidades de empleo. Este \u00e1mbito abarca todas aquellas actividades que tienen por objeto la transmisi\u00f3n y la producci\u00f3n de conocimiento cient\u00edfico y la formaci\u00f3n curricular. Incluye al conjunto de instituciones p\u00fablicas y privadas de investigaci\u00f3n y ense\u00f1anza en el territorio nacional (universidades, institutos de investigaci\u00f3n superior, centros de ense\u00f1anza secundaria, centros de formaci\u00f3n continua y escuelas de negocios, etc.).<\/p>\n<p>\u2022 <strong>Organismos Internacionales y Acci\u00f3n Exterior<\/strong><\/p>\n<p>Este \u00e1mbito identifica a la Diplomacia, vinculada al Ministerio de Asuntos Exteriores o a organismos internacionales, realizada en embajadas y consulados o en organizaciones internacionales (Banco Mundial, ONU, oficinas de cooperaci\u00f3n, etc.). Adem\u00e1s, tambi\u00e9n ha de contemplarse la posibilidad de desarrollar este trabajo en las Consejer\u00edas de Relaciones Exteriores y Cooperaci\u00f3n (o equivalentes), en las oficinas t\u00e9cnicas abiertas por las Comunidades Aut\u00f3nomas en el exterior y en organizaciones del Tercer Sector que operan en el \u00e1mbito internacional.<\/p>\n","protected":false},"excerpt":{"rendered":"<p>Dentro de los distintos perfiles profesionales, podemos encontrar graduados en Ciencia Pol\u00edtica y de la Administraci\u00f3n trabajando en los siguientes \u00e1mbitos: \u2022 Instituciones pol\u00edticas y administraciones p\u00fablicas Este \u00e1mbito abarca todas las Instituciones pol\u00edticas y las Administraciones p\u00fablicas que operan en el \u00e1mbito de la Uni\u00f3n Europea, en el \u00e1mbito estatal, en el \u00e1mbito auton\u00f3mico [&hellip;]<\/p>\n","protected":false},"author":5997,"featured_media":0,"parent":211,"menu_order":0,"comment_status":"closed","ping_status":"closed","template":"","meta":{"footnotes":""},"class_list":["post-1393","page","type-page","status-publish","czr-hentry"],"_links":{"self":[{"href":"https:\/\/blogs.uned.es\/salidasprofesionales\/wp-json\/wp\/v2\/pages\/1393","targetHints":{"allow":["GET"]}}],"collection":[{"href":"https:\/\/blogs.uned.es\/salidasprofesionales\/wp-json\/wp\/v2\/pages"}],"about":[{"href":"https:\/\/blogs.uned.es\/salidasprofesionales\/wp-json\/wp\/v2\/types\/page"}],"author":[{"embeddable":true,"href":"https:\/\/blogs.uned.es\/salidasprofesionales\/wp-json\/wp\/v2\/users\/5997"}],"replies":[{"embeddable":true,"href":"https:\/\/blogs.uned.es\/salidasprofesionales\/wp-json\/wp\/v2\/comments?post=1393"}],"version-history":[{"count":1,"href":"https:\/\/blogs.uned.es\/salidasprofesionales\/wp-json\/wp\/v2\/pages\/1393\/revisions"}],"predecessor-version":[{"id":1397,"href":"https:\/\/blogs.uned.es\/salidasprofesionales\/wp-json\/wp\/v2\/pages\/1393\/revisions\/1397"}],"up":[{"embeddable":true,"href":"https:\/\/blogs.uned.es\/salidasprofesionales\/wp-json\/wp\/v2\/pages\/211"}],"wp:attachment":[{"href":"https:\/\/blogs.uned.es\/salidasprofesionales\/wp-json\/wp\/v2\/media?parent=1393"}],"curies":[{"name":"wp","href":"https:\/\/api.w.org\/{rel}","templated":true}]}}