{"id":1353,"date":"2020-05-19T11:02:08","date_gmt":"2020-05-19T11:02:08","guid":{"rendered":"http:\/\/blogs.uned.es\/salidasprofesionales\/?page_id=1353"},"modified":"2020-06-01T14:28:39","modified_gmt":"2020-06-01T14:28:39","slug":"opciones-formativas-vinculadas-al-titulo-ciencia-politica-y-de-la-administracion","status":"publish","type":"page","link":"https:\/\/blogs.uned.es\/salidasprofesionales\/grados\/ciencias-sociales-y-juridicas\/grado-en-ciencia-politica-y-de-la-administracion\/opciones-formativas-vinculadas-al-titulo-ciencia-politica-y-de-la-administracion\/","title":{"rendered":"Opciones formativas vinculadas al t\u00edtulo (Ciencia Pol\u00edtica y de la Administraci\u00f3n)"},"content":{"rendered":"<p><img fetchpriority=\"high\" decoding=\"async\" class=\"alignnone size-full wp-image-1363 alignleft\" src=\"http:\/\/blogs.uned.es\/salidasprofesionales\/wp-content\/uploads\/sites\/165\/2020\/05\/formaci\u00f3n-1.png\" alt=\"\" width=\"275\" height=\"202\" \/><\/p>\n<p><strong><a href=\"https:\/\/portal.uned.es\/portal\/page?_pageid=93,1643102&amp;_dad=portal&amp;_schema=PORTAL\">Grados<\/a> o <a href=\"http:\/\/portal.uned.es\/portal\/page?_pageid=93,40318593&amp;_dad=portal&amp;_schema=PORTAL\">grados combinados<\/a> relacionados con la titulaci\u00f3n.<\/strong><\/p>\n<p>\u2013 Grado en <a href=\"http:\/\/portal.uned.es\/portal\/page?_pageid=93,61703722&amp;_dad=portal&amp;_schema=PORTAL\">\u201cCiencias jur\u00eddicas de las administraciones p\u00fablicas\u201d<\/a>.<br \/>\n\u2013 Grado en <a href=\"http:\/\/portal.uned.es\/portal\/page?_pageid=93,61705330&amp;_dad=portal&amp;_schema=PORTAL\">\u201cDerecho\u201d.<\/a><br \/>\n\u2013 Grado en <a href=\"http:\/\/portal.uned.es\/portal\/page?_pageid=93,61705321&amp;_dad=portal&amp;_schema=PORTAL\">\u201cEconom\u00eda\u201d<\/a>.<br \/>\n\u2013 Grado en <a href=\"http:\/\/portal.uned.es\/portal\/page?_pageid=93,61705362&amp;_dad=portal&amp;_schema=PORTAL\">\u201cSociolog\u00eda\u201d<\/a>.<br \/>\n\u2013 Grado en <a href=\"http:\/\/portal.uned.es\/portal\/page?_pageid=93,61703726&amp;_dad=portal&amp;_schema=PORTAL\">\u201cTrabajo Social\u201d<\/a>.<\/p>\n<p>&nbsp;<\/p>\n<p>&nbsp;<\/p>\n<p>La oferta educativa de la UNED ofrece la posibilidad de obtener dos titulaciones en \u00e1reas de conocimiento afines por menos de 360 ECTS, es lo que llamamos <strong>grados combinados<\/strong>. Esta iniciativa tiene como objetivo poner de manifiesto que un estudiante puede conseguir dos t\u00edtulos de grado, seleccionando o combinando una serie de asignaturas.<\/p>\n<p>Los Grados Combinados NO son un Doble Grado. Son dos titulaciones distintas y por tanto, los estudiantes deben realizar dos Trabajos de Fin de Grado, uno para cada titulaci\u00f3n. Para obtener <a href=\"https:\/\/portal.uned.es\/portal\/page?_pageid=93,40318593&amp;_dad=portal&amp;_schema=PORTAL\">m\u00e1s informaci\u00f3n sobre los grados combinados.<\/a><\/p>\n<p>\u2013 Grado combinado de \u201cDerecho y Ciencias jur\u00eddicas de las administraciones p\u00fablicas\u201d.<br \/>\n\u2013 Grado combinado de \u201cAdministraci\u00f3n de empresas y Econom\u00eda\u201d.<br \/>\n\u2013 Grado combinado de \u201cSociolog\u00eda y Ciencia pol\u00edtica y de la administraci\u00f3n\u201d.<\/p>\n<p>Para m\u00e1s informaci\u00f3n sobre los <a href=\"http:\/\/portal.uned.es\/portal\/page?_pageid=93,40316600&amp;_dad=portal&amp;_schema=PORTAL\">reconocimientos de cr\u00e9ditos en los grados combinados<\/a>.<\/p>\n<p><strong><a href=\"http:\/\/portal.uned.es\/portal\/page?_pageid=93,1113796&amp;_dad=portal&amp;_schema=PORTAL\">M\u00e1steres oficiales<\/a> en relaci\u00f3n con el t\u00edtulo.<\/strong><\/p>\n<p>Con la aplicaci\u00f3n del EEES, los M\u00e1steres por primera vez tienen car\u00e1cter oficial y siguen un plan de estudios aprobado por el Ministerio de Educaci\u00f3n y Ciencia (hasta ahora los M\u00e1steres han seguido planes propios de cada universidad y han sido considerados t\u00edtulos propios de Postgrado, no oficiales). Los nuevos M\u00e1steres tienen entre 60 y 120 cr\u00e9ditos ECTS y seg\u00fan su orientaci\u00f3n pueden ser profesionalizantes (especializaci\u00f3n orientada al mundo laboral) o de investigaci\u00f3n (especializaci\u00f3n orientada al mundo acad\u00e9mico).<\/p>\n<p>Los t\u00edtulos obtenidos por la UNED dentro del EEES, son altamente competitivos y facilitan la inserci\u00f3n en el mercado laboral. Existe una mayor movilidad formativa y profesional, y los t\u00edtulos son reconocidos a nivel europeo.<br \/>\nSuponen el primer ciclo de la nueva estructura y capacita al estudiante para el ejercicio profesional.<\/p>\n<p>\u2013 M\u00e1ster universitario en \u201c<a href=\"http:\/\/portal.uned.es\/portal\/page?_pageid=93,22953215&amp;_dad=portal&amp;_schema=PORTAL\">La Espa\u00f1a contempor\u00e1nea en el contexto internacional\u201d<\/a>.<br \/>\n\u2013 M\u00e1ster universitario en <a href=\"http:\/\/portal.uned.es\/portal\/page?_pageid=93,1339277&amp;_dad=portal&amp;_schema=PORTAL\">\u201cSeguridad\u201d<\/a>.<br \/>\n\u2013 M\u00e1ster universitario en <a href=\"http:\/\/portal.uned.es\/portal\/page?_pageid=93,7202478&amp;_dad=portal&amp;_schema=PORTAL\">\u201cProblemas sociales\u201d<\/a>.<br \/>\n\u2013 M\u00e1ster universitario en <a href=\"http:\/\/portal.uned.es\/portal\/page?_pageid=93,38452525&amp;_dad=portal&amp;_schema=PORTAL\">\u201cComunicaci\u00f3n, cultura, sociedad y pol\u00edtica\u201d<\/a>.<br \/>\n\u2013 M\u00e1ster universitario en <a href=\"http:\/\/portal.uned.es\/portal\/page?_pageid=93,23059800&amp;_dad=portal&amp;_schema=PORTAL\">\u201cDirecci\u00f3n p\u00fablica, pol\u00edticas p\u00fablicas y tributaci\u00f3n\u201d.<\/a><br \/>\n\u2013 M\u00e1ster universitario en <a href=\"http:\/\/portal.uned.es\/portal\/page?_pageid=93,61573277&amp;_dad=portal&amp;_schema=PORTAL\">\u201cEstudios de g\u00e9nero\u201d<\/a>.<br \/>\n\u2013 M\u00e1ster universitario en <a href=\"http:\/\/portal.uned.es\/portal\/page?_pageid=93,49431381&amp;_dad=portal&amp;_schema=PORTAL\">\u201cHacienda p\u00fablica y administraci\u00f3n financiera y tributaria\u201d.<\/a><br \/>\n\u2013 M\u00e1ster universitario en <a href=\"http:\/\/portal.uned.es\/portal\/page?_pageid=93,30034361&amp;_dad=portal&amp;_schema=PORTAL\">\u201cPaz, seguridad y defensa\u201d.<\/a><br \/>\n\u2013 M\u00e1ster universitario en <a href=\"http:\/\/portal.uned.es\/portal\/page?_pageid=93,27260193&amp;_dad=portal&amp;_schema=PORTAL\">\u201cTrabajo social, estado del bienestar y metodolog\u00edas de intervenci\u00f3n social\u201d.<\/a><br \/>\n\u2013 M\u00e1ster universitario en <a href=\"http:\/\/portal.uned.es\/portal\/page?_pageid=93,1339251&amp;_dad=portal&amp;_schema=PORTAL\">\u201cUni\u00f3n Europea\u201d<\/a>.<br \/>\n\u2013 M\u00e1ster universitario en <a href=\"http:\/\/portal.uned.es\/portal\/page?_pageid=93,27260215&amp;_dad=portal&amp;_schema=PORTAL\">\u201cGesti\u00f3n de contratos y programas en el sector p\u00fablico, con especial aplicaci\u00f3n al \u00e1mbito de la defensa\u201d.<\/a><br \/>\n\u2013 M\u00e1ster universitario en <a href=\"http:\/\/portal.uned.es\/portal\/page?_pageid=93,55252183&amp;_dad=portal&amp;_schema=PORTAL\">\u201cStrategic border management \/ gesti\u00f3n estrat\u00e9gica de fronteras\u201d<\/a>.<\/p>\n<p><a href=\"http:\/\/portal.uned.es\/portal\/page?_pageid=93,27260115&amp;_dad=portal&amp;_schema=PORTAL\"><strong>Doctorados.<\/strong><\/a><\/p>\n<p>Los estudios de Doctorado constituyen el tercer ciclo de los estudios universitarios oficiales, conducentes a la adquisici\u00f3n de las competencias y habilidades relacionadas con la investigaci\u00f3n cient\u00edfica de calidad. Los Programas de Doctorado son un conjunto de actividades conducentes a la adquisici\u00f3n de las competencias y habilidades necesarias para la obtenci\u00f3n del t\u00edtulo de Doctor.<\/p>\n<p><a href=\"https:\/\/formacionpermanente.uned.es\/tp_indice\/idcuraca\/17&amp;CodFacultad=F09\"><strong>Cursos de formaci\u00f3n permanente.<\/strong><\/a><\/p>\n<p>La Formaci\u00f3n Permanente en las universidades es un proceso educativo continuado que puede definirse como toda actividad de aprendizaje a lo largo de la vida con el objetivo de mejorar y actualizar los conocimientos, las aptitudes y capacidades de una persona. Se articula en dos grandes \u00e1reas: Programas de Postgrado y Programas de Desarrollo Profesional y Personal.<br \/>\nLa superaci\u00f3n de estos estudios dar\u00e1 derecho, en su caso, a la obtenci\u00f3n del correspondiente t\u00edtulo propio firmado por el Rector, que con car\u00e1cter de ense\u00f1anza universitaria no oficial otorgue la UNED, acreditando la especialidad y el nivel cursado.<br \/>\nLa principal diferencia entre los m\u00e1steres oficiales universitarios mencionados anteriormente y los m\u00e1steres propios de postgrado se encuentra, en que los m\u00e1steres oficiales tienen validez en todo el territorio nacional, surten efectos acad\u00e9micos plenos y habilitan para el ejercicio profesional, de acuerdo con la normativa vigente.<br \/>\nLos t\u00edtulos propios son ense\u00f1anzas que las Universidades podr\u00e1n impartir en uso de su autonom\u00eda, y que carecen de efectos acad\u00e9micos plenos y de la habilitaci\u00f3n para el ejercicio profesional que las disposiciones legales otorguen a los t\u00edtulos oficiales.<\/p>\n","protected":false},"excerpt":{"rendered":"<p>Grados o grados combinados relacionados con la titulaci\u00f3n. \u2013 Grado en \u201cCiencias jur\u00eddicas de las administraciones p\u00fablicas\u201d. \u2013 Grado en \u201cDerecho\u201d. \u2013 Grado en \u201cEconom\u00eda\u201d. \u2013 Grado en \u201cSociolog\u00eda\u201d. \u2013 Grado en \u201cTrabajo Social\u201d. &nbsp; &nbsp; La oferta educativa de la UNED ofrece la posibilidad de obtener dos titulaciones en \u00e1reas de conocimiento afines por [&hellip;]<\/p>\n","protected":false},"author":5997,"featured_media":0,"parent":211,"menu_order":0,"comment_status":"closed","ping_status":"closed","template":"","meta":{"footnotes":""},"class_list":["post-1353","page","type-page","status-publish","czr-hentry"],"_links":{"self":[{"href":"https:\/\/blogs.uned.es\/salidasprofesionales\/wp-json\/wp\/v2\/pages\/1353","targetHints":{"allow":["GET"]}}],"collection":[{"href":"https:\/\/blogs.uned.es\/salidasprofesionales\/wp-json\/wp\/v2\/pages"}],"about":[{"href":"https:\/\/blogs.uned.es\/salidasprofesionales\/wp-json\/wp\/v2\/types\/page"}],"author":[{"embeddable":true,"href":"https:\/\/blogs.uned.es\/salidasprofesionales\/wp-json\/wp\/v2\/users\/5997"}],"replies":[{"embeddable":true,"href":"https:\/\/blogs.uned.es\/salidasprofesionales\/wp-json\/wp\/v2\/comments?post=1353"}],"version-history":[{"count":8,"href":"https:\/\/blogs.uned.es\/salidasprofesionales\/wp-json\/wp\/v2\/pages\/1353\/revisions"}],"predecessor-version":[{"id":1487,"href":"https:\/\/blogs.uned.es\/salidasprofesionales\/wp-json\/wp\/v2\/pages\/1353\/revisions\/1487"}],"up":[{"embeddable":true,"href":"https:\/\/blogs.uned.es\/salidasprofesionales\/wp-json\/wp\/v2\/pages\/211"}],"wp:attachment":[{"href":"https:\/\/blogs.uned.es\/salidasprofesionales\/wp-json\/wp\/v2\/media?parent=1353"}],"curies":[{"name":"wp","href":"https:\/\/api.w.org\/{rel}","templated":true}]}}