{"id":1345,"date":"2020-05-19T10:55:46","date_gmt":"2020-05-19T10:55:46","guid":{"rendered":"http:\/\/blogs.uned.es\/salidasprofesionales\/?page_id=1345"},"modified":"2020-06-01T14:28:20","modified_gmt":"2020-06-01T14:28:20","slug":"competencias-profesionales-ciencia-politica-y-de-la-administracion","status":"publish","type":"page","link":"https:\/\/blogs.uned.es\/salidasprofesionales\/grados\/ciencias-sociales-y-juridicas\/grado-en-ciencia-politica-y-de-la-administracion\/competencias-profesionales-ciencia-politica-y-de-la-administracion\/","title":{"rendered":"Competencias Profesionales (Ciencia Pol\u00edtica y de la Administraci\u00f3n)"},"content":{"rendered":"<p><img decoding=\"async\" class=\"alignnone size-medium wp-image-1347 aligncenter\" src=\"http:\/\/blogs.uned.es\/salidasprofesionales\/wp-content\/uploads\/sites\/165\/2020\/05\/competencias-300x141.jpg\" alt=\"\" width=\"300\" height=\"141\" \/><\/p>\n<ul>\n<li>Plantear, dise\u00f1ar y ejecutar una investigaci\u00f3n en Ciencia Pol\u00edtica utilizando datos estad\u00edsticos, los principales m\u00e9todos y las t\u00e9cnicas de investigaci\u00f3n en ciencias sociales.<\/li>\n<li>Conocer y comprender las bases de la Ciencia Pol\u00edtica, la estructura del Estado y sus instituciones y de la sociedad civil.<\/li>\n<li>Explicar las etapas de un programa o productos de unas pol\u00edticas p\u00fablicas, as\u00ed como conocer los m\u00e9todos e instrumentos de evaluaci\u00f3n de los efectos y una correcta interpretaci\u00f3n de los resultados.<\/li>\n<li>Comprender las relaciones que se producen entre la estructura social (din\u00e1micas de los colectivos y grupos), los procesos de socializaci\u00f3n pol\u00edtica.<\/li>\n<li>Capacidad de an\u00e1lisis y s\u00edntesis de los contenidos te\u00f3ricos y pr\u00e1cticos mediante la selecci\u00f3n y el manejo adecuado de los conocimientos, as\u00ed como la utilizaci\u00f3n de recursos y estrategias cognitivas tales como la jerarquizaci\u00f3n de los contenidos de los materiales de estudio en funci\u00f3n de la importancia de los mensajes, uso de esquemas conceptuales, etc.<\/li>\n<li>Razonamiento inquisitivo, l\u00f3gico y cr\u00edtico para valorar constructivamente el trabajo propio y el ajeno, potenciando la reflexi\u00f3n sobre los contenidos de las diferentes materias y el establecimiento de conexiones entre ellas y en el seno de cada una de ellas.<\/li>\n<li>Dominio de la expresi\u00f3n, en cuanto competencia instrumental b\u00e1sica para lograr una comunicaci\u00f3n verbal adecuada y eficaz de los estudiantes tanto con los equipos docentes como, posteriormente, en los diferentes \u00e1mbitos de desarrollo profesional.<\/li>\n<\/ul>\n","protected":false},"excerpt":{"rendered":"<p>Plantear, dise\u00f1ar y ejecutar una investigaci\u00f3n en Ciencia Pol\u00edtica utilizando datos estad\u00edsticos, los principales m\u00e9todos y las t\u00e9cnicas de investigaci\u00f3n en ciencias sociales. Conocer y comprender las bases de la Ciencia Pol\u00edtica, la estructura del Estado y sus instituciones y de la sociedad civil. Explicar las etapas de un programa o productos de unas pol\u00edticas [&hellip;]<\/p>\n","protected":false},"author":5997,"featured_media":0,"parent":211,"menu_order":0,"comment_status":"closed","ping_status":"closed","template":"","meta":{"footnotes":""},"class_list":["post-1345","page","type-page","status-publish","czr-hentry"],"_links":{"self":[{"href":"https:\/\/blogs.uned.es\/salidasprofesionales\/wp-json\/wp\/v2\/pages\/1345","targetHints":{"allow":["GET"]}}],"collection":[{"href":"https:\/\/blogs.uned.es\/salidasprofesionales\/wp-json\/wp\/v2\/pages"}],"about":[{"href":"https:\/\/blogs.uned.es\/salidasprofesionales\/wp-json\/wp\/v2\/types\/page"}],"author":[{"embeddable":true,"href":"https:\/\/blogs.uned.es\/salidasprofesionales\/wp-json\/wp\/v2\/users\/5997"}],"replies":[{"embeddable":true,"href":"https:\/\/blogs.uned.es\/salidasprofesionales\/wp-json\/wp\/v2\/comments?post=1345"}],"version-history":[{"count":1,"href":"https:\/\/blogs.uned.es\/salidasprofesionales\/wp-json\/wp\/v2\/pages\/1345\/revisions"}],"predecessor-version":[{"id":1349,"href":"https:\/\/blogs.uned.es\/salidasprofesionales\/wp-json\/wp\/v2\/pages\/1345\/revisions\/1349"}],"up":[{"embeddable":true,"href":"https:\/\/blogs.uned.es\/salidasprofesionales\/wp-json\/wp\/v2\/pages\/211"}],"wp:attachment":[{"href":"https:\/\/blogs.uned.es\/salidasprofesionales\/wp-json\/wp\/v2\/media?parent=1345"}],"curies":[{"name":"wp","href":"https:\/\/api.w.org\/{rel}","templated":true}]}}