{"id":1291,"date":"2020-05-05T14:29:46","date_gmt":"2020-05-05T14:29:46","guid":{"rendered":"http:\/\/blogs.uned.es\/salidasprofesionales\/?page_id=1291"},"modified":"2021-07-20T10:36:32","modified_gmt":"2021-07-20T10:36:32","slug":"trayectorias-laborales-y-formativas-personales-educacion-social","status":"publish","type":"page","link":"https:\/\/blogs.uned.es\/salidasprofesionales\/grados\/ciencias-sociales-y-juridicas\/grado-en-educacion-social\/trayectorias-laborales-y-formativas-personales-educacion-social\/","title":{"rendered":"Trayectorias laborales y formativas personales (Educaci\u00f3n Social)"},"content":{"rendered":"<p><img decoding=\"async\" class=\"alignnone size-full wp-image-1299 aligncenter\" src=\"http:\/\/blogs.uned.es\/salidasprofesionales\/wp-content\/uploads\/sites\/165\/2020\/05\/experiencias-1.jpg\" alt=\"\" width=\"271\" height=\"175\" srcset=\"https:\/\/blogs.uned.es\/salidasprofesionales\/wp-content\/uploads\/sites\/165\/2020\/05\/experiencias-1.jpg 271w, https:\/\/blogs.uned.es\/salidasprofesionales\/wp-content\/uploads\/sites\/165\/2020\/05\/experiencias-1-270x175.jpg 270w\" sizes=\"(max-width: 271px) 100vw, 271px\" \/><\/p>\n<p>En este apartado incluimos algunos testimonios relativos a la Educaci\u00f3n Social que podr\u00edan ser de tu inter\u00e9s:<\/p>\n<ul>\n<li>Educaci\u00f3n social, competencias profesionales. <a href=\"https:\/\/www.bing.com\/videos\/search?q=trayectorias+profesionales+educaci%c3%b3n+social+uned&amp;&amp;view=detail&amp;mid=70E3922CFAB4322E4B7B70E3922CFAB4322E4B7B&amp;&amp;FORM=VRDGAR&amp;ru=%2Fvideos%2Fsearch%3Fq%3Dtrayectorias%2520profesionales%2520educaci%25C3%25B3n%2520social%2520uned%26qs%3Dn%26form%3DQBVR%26sp%3D-1%26pq%3Dtrayectorias%2520profesionales%2520educaci%25C3%25B3n%2520social%2520uned%26sc%3D0-48%26sk%3D%26cvid%3DD8E234FA71064E9B913DD5C294466F05\">RADIO UNED<\/a><\/li>\n<li><a href=\"https:\/\/www.bing.com\/videos\/search?q=trayectorias+profesionales+educaci%c3%b3n+social+uned&amp;&amp;view=detail&amp;mid=23326F20503D17068D7B23326F20503D17068D7B&amp;&amp;FORM=VRDGAR&amp;ru=%2Fvideos%2Fsearch%3Fq%3Dtrayectorias%2520profesionales%2520educaci%25C3%25B3n%2520social%2520uned%26qs%3Dn%26form%3DQBVR%26sp%3D-1%26pq%3Dtrayectorias%2520profesionales%2520educaci%25C3%25B3n%2520social%2520uned%26sc%3D0-48%26sk%3D%26cvid%3DD8E234FA71064E9B913DD5C294466F05\">Revisi\u00f3n hist\u00f3rica de la pr\u00e1ctica profesional de la Educaci\u00f3n Social<\/a>. Ana Maria Mart\u00edn Cuadrado. UNED<\/li>\n<li><a href=\"https:\/\/www.bing.com\/videos\/search?q=trayectorias+profesionales+educaci%c3%b3n+social+uned&amp;&amp;view=detail&amp;mid=9BB79566A74104D17CA89BB79566A74104D17CA8&amp;&amp;FORM=VRDGAR&amp;ru=%2Fvideos%2Fsearch%3Fq%3Dtrayectorias%2520profesionales%2520educaci%25C3%25B3n%2520social%2520uned%26qs%3Dn%26form%3DQBVR%26sp%3D-1%26pq%3Dtrayectorias%2520profesionales%2520educaci%25C3%25B3n%2520social%2520uned%26sc%3D0-48%26sk%3D%26cvid%3DD8E234FA71064E9B913DD5C294466F05\">El educador social y las personas mayores.<\/a> UNED<\/li>\n<li><a href=\"https:\/\/canal.uned.es\/video\/60ee9728b609230daa3f09f2\">Jornada de puertas abiertas \u00abFacultad de Educaci\u00f3n\u00bb<\/a><\/li>\n<\/ul>\n","protected":false},"excerpt":{"rendered":"<p>En este apartado incluimos algunos testimonios relativos a la Educaci\u00f3n Social que podr\u00edan ser de tu inter\u00e9s: Educaci\u00f3n social, competencias profesionales. RADIO UNED Revisi\u00f3n hist\u00f3rica de la pr\u00e1ctica profesional de la Educaci\u00f3n Social. Ana Maria Mart\u00edn Cuadrado. UNED El educador social y las personas mayores. UNED Jornada de puertas abiertas \u00abFacultad de Educaci\u00f3n\u00bb<\/p>\n","protected":false},"author":5997,"featured_media":0,"parent":203,"menu_order":0,"comment_status":"closed","ping_status":"closed","template":"","meta":{"footnotes":""},"class_list":["post-1291","page","type-page","status-publish","czr-hentry"],"_links":{"self":[{"href":"https:\/\/blogs.uned.es\/salidasprofesionales\/wp-json\/wp\/v2\/pages\/1291","targetHints":{"allow":["GET"]}}],"collection":[{"href":"https:\/\/blogs.uned.es\/salidasprofesionales\/wp-json\/wp\/v2\/pages"}],"about":[{"href":"https:\/\/blogs.uned.es\/salidasprofesionales\/wp-json\/wp\/v2\/types\/page"}],"author":[{"embeddable":true,"href":"https:\/\/blogs.uned.es\/salidasprofesionales\/wp-json\/wp\/v2\/users\/5997"}],"replies":[{"embeddable":true,"href":"https:\/\/blogs.uned.es\/salidasprofesionales\/wp-json\/wp\/v2\/comments?post=1291"}],"version-history":[{"count":4,"href":"https:\/\/blogs.uned.es\/salidasprofesionales\/wp-json\/wp\/v2\/pages\/1291\/revisions"}],"predecessor-version":[{"id":4899,"href":"https:\/\/blogs.uned.es\/salidasprofesionales\/wp-json\/wp\/v2\/pages\/1291\/revisions\/4899"}],"up":[{"embeddable":true,"href":"https:\/\/blogs.uned.es\/salidasprofesionales\/wp-json\/wp\/v2\/pages\/203"}],"wp:attachment":[{"href":"https:\/\/blogs.uned.es\/salidasprofesionales\/wp-json\/wp\/v2\/media?parent=1291"}],"curies":[{"name":"wp","href":"https:\/\/api.w.org\/{rel}","templated":true}]}}