{"id":1177,"date":"2021-07-05T11:00:50","date_gmt":"2021-07-05T11:00:50","guid":{"rendered":"http:\/\/blogs.uned.es\/salidasprofesionales\/?page_id=1177"},"modified":"2021-07-05T11:00:50","modified_gmt":"2021-07-05T11:00:50","slug":"opciones-formativas-vinculadas-al-titulo-educacion-social","status":"publish","type":"page","link":"https:\/\/blogs.uned.es\/salidasprofesionales\/grados\/ciencias-sociales-y-juridicas\/grado-en-educacion-social\/opciones-formativas-vinculadas-al-titulo-educacion-social\/","title":{"rendered":"Opciones formativas vinculadas al t\u00edtulo (Educaci\u00f3n Social)"},"content":{"rendered":"<p>\u00a0<\/p>\n<p><img fetchpriority=\"high\" decoding=\"async\" class=\"alignnone size-full wp-image-1181 aligncenter\" src=\"http:\/\/blogs.uned.es\/salidasprofesionales\/wp-content\/uploads\/sites\/165\/2020\/05\/formaci\u00f3n.jpg\" alt=\"\" width=\"269\" height=\"201\" \/><\/p>\n<p>La Facultad de Educaci\u00f3n de la UNED oferta los <a href=\"https:\/\/www.uned.es\/universidad\/facultades\/educacion\/bienvenida\/estudios.html\">siguientes M\u00e1steres Universitarios oficiales <\/a>tras la finalizaci\u00f3n del Grado en Educaci\u00f3n Social.<\/p>\n<p>Dentro de la <b>Formaci\u00f3n Permanente<\/b> de la UNED, y concretamente de la Facultad de Educaci\u00f3n, podr\u00e9is encontrar los <a href=\"https:\/\/formacionpermanente.uned.es\/tp_indice\/idcuraca\/17&amp;CodFacultad=F03\">siguientes t\u00edtulos.<\/a><\/p>\n<p>\u00a0<\/p>\n\n\n<p><\/p>\n","protected":false},"excerpt":{"rendered":"<p>\u00a0 La Facultad de Educaci\u00f3n de la UNED oferta los siguientes M\u00e1steres Universitarios oficiales tras la finalizaci\u00f3n del Grado en Educaci\u00f3n Social. Dentro de la Formaci\u00f3n Permanente de la UNED, y concretamente de la Facultad de Educaci\u00f3n, podr\u00e9is encontrar los siguientes t\u00edtulos. \u00a0<\/p>\n","protected":false},"author":5997,"featured_media":0,"parent":203,"menu_order":0,"comment_status":"closed","ping_status":"closed","template":"","meta":{"footnotes":""},"class_list":["post-1177","page","type-page","status-publish","czr-hentry"],"_links":{"self":[{"href":"https:\/\/blogs.uned.es\/salidasprofesionales\/wp-json\/wp\/v2\/pages\/1177","targetHints":{"allow":["GET"]}}],"collection":[{"href":"https:\/\/blogs.uned.es\/salidasprofesionales\/wp-json\/wp\/v2\/pages"}],"about":[{"href":"https:\/\/blogs.uned.es\/salidasprofesionales\/wp-json\/wp\/v2\/types\/page"}],"author":[{"embeddable":true,"href":"https:\/\/blogs.uned.es\/salidasprofesionales\/wp-json\/wp\/v2\/users\/5997"}],"replies":[{"embeddable":true,"href":"https:\/\/blogs.uned.es\/salidasprofesionales\/wp-json\/wp\/v2\/comments?post=1177"}],"version-history":[{"count":2,"href":"https:\/\/blogs.uned.es\/salidasprofesionales\/wp-json\/wp\/v2\/pages\/1177\/revisions"}],"predecessor-version":[{"id":4877,"href":"https:\/\/blogs.uned.es\/salidasprofesionales\/wp-json\/wp\/v2\/pages\/1177\/revisions\/4877"}],"up":[{"embeddable":true,"href":"https:\/\/blogs.uned.es\/salidasprofesionales\/wp-json\/wp\/v2\/pages\/203"}],"wp:attachment":[{"href":"https:\/\/blogs.uned.es\/salidasprofesionales\/wp-json\/wp\/v2\/media?parent=1177"}],"curies":[{"name":"wp","href":"https:\/\/api.w.org\/{rel}","templated":true}]}}