{"id":111,"date":"2022-07-28T11:43:01","date_gmt":"2022-07-28T11:43:01","guid":{"rendered":"http:\/\/blogs.uned.es\/salidasprofesionales\/?page_id=111"},"modified":"2022-07-28T11:43:01","modified_gmt":"2022-07-28T11:43:01","slug":"ciencias","status":"publish","type":"page","link":"https:\/\/blogs.uned.es\/salidasprofesionales\/grados\/ciencias\/","title":{"rendered":"CIENCIAS"},"content":{"rendered":"<p><img decoding=\"async\" class=\"size-full wp-image-363 aligncenter\" src=\"http:\/\/blogs.uned.es\/salidasprofesionales\/wp-content\/uploads\/sites\/165\/2019\/02\/cienciasexperimentales3.png\" alt=\"\" width=\"225\" height=\"182\" \/><\/p>\n<ol>\n<li><a href=\"http:\/\/blogs.uned.es\/salidasprofesionales\/grado-en-ciencias-ambientales\/\">Grado en Ciencias Ambientales<\/a><\/li>\n<li><a href=\"http:\/\/blogs.uned.es\/salidasprofesionales\/grados\/ciencias\/grado-en-fisica\/\">Grado en F\u00edsicas<\/a><\/li>\n<li><a href=\"http:\/\/blogs.uned.es\/salidasprofesionales\/grado-en-matematicas\/\">Grado en Matem\u00e1ticas<\/a><\/li>\n<li><a href=\"https:\/\/blogs.uned.es\/salidasprofesionales\/grados\/ciencias\/grado-en-quimica\/\">Grado en Qu\u00edmicas<\/a><\/li>\n<\/ol>\n\n\n<p><\/p>\n","protected":false},"excerpt":{"rendered":"<p>Grado en Ciencias Ambientales Grado en F\u00edsicas Grado en Matem\u00e1ticas Grado en Qu\u00edmicas<\/p>\n","protected":false},"author":5997,"featured_media":0,"parent":17,"menu_order":0,"comment_status":"closed","ping_status":"closed","template":"","meta":{"footnotes":""},"class_list":["post-111","page","type-page","status-publish","czr-hentry"],"_links":{"self":[{"href":"https:\/\/blogs.uned.es\/salidasprofesionales\/wp-json\/wp\/v2\/pages\/111","targetHints":{"allow":["GET"]}}],"collection":[{"href":"https:\/\/blogs.uned.es\/salidasprofesionales\/wp-json\/wp\/v2\/pages"}],"about":[{"href":"https:\/\/blogs.uned.es\/salidasprofesionales\/wp-json\/wp\/v2\/types\/page"}],"author":[{"embeddable":true,"href":"https:\/\/blogs.uned.es\/salidasprofesionales\/wp-json\/wp\/v2\/users\/5997"}],"replies":[{"embeddable":true,"href":"https:\/\/blogs.uned.es\/salidasprofesionales\/wp-json\/wp\/v2\/comments?post=111"}],"version-history":[{"count":11,"href":"https:\/\/blogs.uned.es\/salidasprofesionales\/wp-json\/wp\/v2\/pages\/111\/revisions"}],"predecessor-version":[{"id":5313,"href":"https:\/\/blogs.uned.es\/salidasprofesionales\/wp-json\/wp\/v2\/pages\/111\/revisions\/5313"}],"up":[{"embeddable":true,"href":"https:\/\/blogs.uned.es\/salidasprofesionales\/wp-json\/wp\/v2\/pages\/17"}],"wp:attachment":[{"href":"https:\/\/blogs.uned.es\/salidasprofesionales\/wp-json\/wp\/v2\/media?parent=111"}],"curies":[{"name":"wp","href":"https:\/\/api.w.org\/{rel}","templated":true}]}}