{"id":107,"date":"2023-07-27T06:22:29","date_gmt":"2023-07-27T06:22:29","guid":{"rendered":"http:\/\/blogs.uned.es\/salidasprofesionales\/?page_id=107"},"modified":"2023-07-27T06:22:30","modified_gmt":"2023-07-27T06:22:30","slug":"ingenieria-y-arquitectura","status":"publish","type":"page","link":"https:\/\/blogs.uned.es\/salidasprofesionales\/grados\/ingenieria-y-arquitectura\/","title":{"rendered":"INGENIER\u00cdA Y ARQUITECTURA"},"content":{"rendered":"<p><img decoding=\"async\" class=\"size-full wp-image-367 aligncenter\" src=\"http:\/\/blogs.uned.es\/salidasprofesionales\/wp-content\/uploads\/sites\/165\/2019\/02\/estudiostecnicos2.png\" alt=\"\" width=\"225\" height=\"172\" \/><\/p>\n<ol>\n<li><a href=\"http:\/\/blogs.uned.es\/salidasprofesionales\/grado-en-ingenieria-informatica\/\">Grado en Ingenier\u00eda Inform\u00e1tica<\/a><\/li>\n<li><a href=\"http:\/\/blogs.uned.es\/salidasprofesionales\/grados\/ingenieria-y-arquitectura\/grado-en-ingenieria-en-tecnologias-de-la-informacion\/\">Grado en Ingenier\u00eda en Tecnolog\u00edas de la Informaci\u00f3n<\/a><\/li>\n<li><a href=\"http:\/\/blogs.uned.es\/salidasprofesionales\/grados\/ingenieria-y-arquitectura\/grado-en-ingenieria-electrica\/\">Grado en Ingenier\u00eda El\u00e9ctrica<\/a><\/li>\n<li><a href=\"http:\/\/blogs.uned.es\/salidasprofesionales\/grados\/ingenieria-y-arquitectura\/grado-en-ingenieria-en-electronica-industrial-y-automatica\/\">Grado en Ingenier\u00eda en Electr\u00f3nica Industrial y Autom\u00e1tica<\/a><\/li>\n<li><a href=\"https:\/\/blogs.uned.es\/salidasprofesionales\/grados\/ingenieria-y-arquitectura\/grado-en-tecnologias-industriales\/\">Grado en Ingenier\u00eda en Tecnolog\u00edas Industriales<\/a><\/li>\n<li>Grado en Ingenier\u00eda Mec\u00e1nica<\/li>\n<li>Grado en Ingenier\u00eda de la Energ\u00eda<\/li>\n<\/ol>\n","protected":false},"excerpt":{"rendered":"<p>Grado en Ingenier\u00eda Inform\u00e1tica Grado en Ingenier\u00eda en Tecnolog\u00edas de la Informaci\u00f3n Grado en Ingenier\u00eda El\u00e9ctrica Grado en Ingenier\u00eda en Electr\u00f3nica Industrial y Autom\u00e1tica Grado en Ingenier\u00eda en Tecnolog\u00edas Industriales Grado en Ingenier\u00eda Mec\u00e1nica Grado en Ingenier\u00eda de la Energ\u00eda<\/p>\n","protected":false},"author":417,"featured_media":0,"parent":17,"menu_order":0,"comment_status":"closed","ping_status":"closed","template":"","meta":{"footnotes":""},"class_list":["post-107","page","type-page","status-publish","czr-hentry"],"_links":{"self":[{"href":"https:\/\/blogs.uned.es\/salidasprofesionales\/wp-json\/wp\/v2\/pages\/107","targetHints":{"allow":["GET"]}}],"collection":[{"href":"https:\/\/blogs.uned.es\/salidasprofesionales\/wp-json\/wp\/v2\/pages"}],"about":[{"href":"https:\/\/blogs.uned.es\/salidasprofesionales\/wp-json\/wp\/v2\/types\/page"}],"author":[{"embeddable":true,"href":"https:\/\/blogs.uned.es\/salidasprofesionales\/wp-json\/wp\/v2\/users\/417"}],"replies":[{"embeddable":true,"href":"https:\/\/blogs.uned.es\/salidasprofesionales\/wp-json\/wp\/v2\/comments?post=107"}],"version-history":[{"count":9,"href":"https:\/\/blogs.uned.es\/salidasprofesionales\/wp-json\/wp\/v2\/pages\/107\/revisions"}],"predecessor-version":[{"id":5697,"href":"https:\/\/blogs.uned.es\/salidasprofesionales\/wp-json\/wp\/v2\/pages\/107\/revisions\/5697"}],"up":[{"embeddable":true,"href":"https:\/\/blogs.uned.es\/salidasprofesionales\/wp-json\/wp\/v2\/pages\/17"}],"wp:attachment":[{"href":"https:\/\/blogs.uned.es\/salidasprofesionales\/wp-json\/wp\/v2\/media?parent=107"}],"curies":[{"name":"wp","href":"https:\/\/api.w.org\/{rel}","templated":true}]}}