{"id":15,"date":"2019-10-09T10:29:38","date_gmt":"2019-10-09T08:29:38","guid":{"rendered":"http:\/\/blogs.uned.es\/sails\/?page_id=15"},"modified":"2026-05-07T18:16:09","modified_gmt":"2026-05-07T16:16:09","slug":"inicio","status":"publish","type":"page","link":"https:\/\/blogs.uned.es\/sails\/","title":{"rendered":"Inicio"},"content":{"rendered":"\t\t<div data-elementor-type=\"wp-page\" data-elementor-id=\"15\" class=\"elementor elementor-15\" data-elementor-post-type=\"page\">\n\t\t\t\t\t\t<section class=\"elementor-section elementor-top-section elementor-element elementor-element-648e023 elementor-section-stretched elementor-section-height-min-height elementor-section-content-middle elementor-section-boxed elementor-section-height-default elementor-section-items-middle\" data-id=\"648e023\" data-element_type=\"section\" data-e-type=\"section\" data-settings=\"{&quot;stretch_section&quot;:&quot;section-stretched&quot;,&quot;background_background&quot;:&quot;classic&quot;}\">\n\t\t\t\t\t\t<div class=\"elementor-container elementor-column-gap-default\">\n\t\t\t\t\t<div class=\"elementor-column elementor-col-50 elementor-top-column elementor-element elementor-element-2c56c9a\" data-id=\"2c56c9a\" data-element_type=\"column\" data-e-type=\"column\">\n\t\t\t<div class=\"elementor-widget-wrap elementor-element-populated\">\n\t\t\t\t\t\t<div class=\"elementor-element elementor-element-9dbee3b logoPortada animated-slow elementor-invisible elementor-widget elementor-widget-image\" data-id=\"9dbee3b\" data-element_type=\"widget\" data-e-type=\"widget\" data-settings=\"{&quot;_animation&quot;:&quot;fadeIn&quot;,&quot;_animation_delay&quot;:&quot;200&quot;}\" data-widget_type=\"image.default\">\n\t\t\t\t<div class=\"elementor-widget-container\">\n\t\t\t\t\t\t\t\t\t\t\t\t\t\t\t<img fetchpriority=\"high\" decoding=\"async\" width=\"840\" height=\"683\" src=\"https:\/\/blogs.uned.es\/sails\/wp-content\/uploads\/sites\/641\/2026\/03\/unnamed-3-e1772698000400.png\" class=\"attachment-2048x2048 size-2048x2048 wp-image-873\" alt=\"\" srcset=\"https:\/\/blogs.uned.es\/sails\/wp-content\/uploads\/sites\/641\/2026\/03\/unnamed-3-e1772698000400.png 840w, https:\/\/blogs.uned.es\/sails\/wp-content\/uploads\/sites\/641\/2026\/03\/unnamed-3-e1772698000400-300x244.png 300w, https:\/\/blogs.uned.es\/sails\/wp-content\/uploads\/sites\/641\/2026\/03\/unnamed-3-e1772698000400-768x624.png 768w\" sizes=\"(max-width: 840px) 100vw, 840px\" \/>\t\t\t\t\t\t\t\t\t\t\t\t\t\t\t<\/div>\n\t\t\t\t<\/div>\n\t\t\t\t\t<\/div>\n\t\t<\/div>\n\t\t\t\t<div class=\"elementor-column elementor-col-50 elementor-top-column elementor-element elementor-element-05169e9\" data-id=\"05169e9\" data-element_type=\"column\" data-e-type=\"column\">\n\t\t\t<div class=\"elementor-widget-wrap elementor-element-populated\">\n\t\t\t\t\t\t<div class=\"elementor-element elementor-element-e7ce4e7 tituloSitioPortada elementor-widget__width-initial elementor-widget elementor-widget-heading\" data-id=\"e7ce4e7\" data-element_type=\"widget\" data-e-type=\"widget\" data-widget_type=\"heading.default\">\n\t\t\t\t<div class=\"elementor-widget-container\">\n\t\t\t\t\t<h3 class=\"elementor-heading-title elementor-size-small\">Sistemas Adaptativos Inteligentes para Sostenibilidad y Aprendizaje<\/h3>\t\t\t\t<\/div>\n\t\t\t\t<\/div>\n\t\t\t\t\t<\/div>\n\t\t<\/div>\n\t\t\t\t\t<\/div>\n\t\t<\/section>\n\t\t\t\t<section class=\"elementor-section elementor-top-section elementor-element elementor-element-a2ac8bd elementor-section-boxed elementor-section-height-default elementor-section-height-default\" data-id=\"a2ac8bd\" data-element_type=\"section\" data-e-type=\"section\">\n\t\t\t\t\t\t<div class=\"elementor-container elementor-column-gap-default\">\n\t\t\t\t\t<div class=\"elementor-column elementor-col-33 elementor-top-column elementor-element elementor-element-063abe9\" data-id=\"063abe9\" data-element_type=\"column\" data-e-type=\"column\">\n\t\t\t<div class=\"elementor-widget-wrap elementor-element-populated\">\n\t\t\t\t\t\t<div class=\"elementor-element elementor-element-a43b847 elementor-widget__width-initial elementor-widget elementor-widget-image\" data-id=\"a43b847\" data-element_type=\"widget\" data-e-type=\"widget\" data-widget_type=\"image.default\">\n\t\t\t\t<div class=\"elementor-widget-container\">\n\t\t\t\t\t\t\t\t\t\t\t\t\t\t\t<img decoding=\"async\" width=\"800\" height=\"173\" src=\"https:\/\/blogs.uned.es\/sails\/wp-content\/uploads\/sites\/641\/2019\/10\/portadapublicaciones-1024x222.jpg\" class=\"attachment-large size-large wp-image-381\" alt=\"\" srcset=\"https:\/\/blogs.uned.es\/sails\/wp-content\/uploads\/sites\/641\/2019\/10\/portadapublicaciones-1024x222.jpg 1024w, https:\/\/blogs.uned.es\/sails\/wp-content\/uploads\/sites\/641\/2019\/10\/portadapublicaciones-300x65.jpg 300w, https:\/\/blogs.uned.es\/sails\/wp-content\/uploads\/sites\/641\/2019\/10\/portadapublicaciones-768x166.jpg 768w\" sizes=\"(max-width: 800px) 100vw, 800px\" \/>\t\t\t\t\t\t\t\t\t\t\t\t\t\t\t<\/div>\n\t\t\t\t<\/div>\n\t\t\t\t<div class=\"elementor-element elementor-element-b08211d elementor-widget elementor-widget-text-editor\" data-id=\"b08211d\" data-element_type=\"widget\" data-e-type=\"widget\" data-widget_type=\"text-editor.default\">\n\t\t\t\t<div class=\"elementor-widget-container\">\n\t\t\t\t\t\t\t\t\t<h3><strong>\u00bfQu\u00e9 hacemos?<\/strong><\/h3>\t\t\t\t\t\t\t\t<\/div>\n\t\t\t\t<\/div>\n\t\t\t\t<div class=\"elementor-element elementor-element-01c0d4b elementor-widget elementor-widget-text-editor\" data-id=\"01c0d4b\" data-element_type=\"widget\" data-e-type=\"widget\" data-widget_type=\"text-editor.default\">\n\t\t\t\t<div class=\"elementor-widget-container\">\n\t\t\t\t\t\t\t\t\t<p><span class=\"TextRun SCXW228835002 BCX4\" lang=\"ES-ES\" xml:lang=\"ES-ES\" data-contrast=\"none\"><span class=\"NormalTextRun SCXW228835002 BCX4\">El grupo de investigaci\u00f3n en Sistemas Adaptativos Inteligentes para Sostenibilidad y Aprendizaje tiene como l\u00ednea de investigaci\u00f3n preferente <\/span><span class=\"NormalTextRun SCXW228835002 BCX4\">la aplicaci\u00f3n<\/span> <span class=\"NormalTextRun SCXW228835002 BCX4\">de t\u00e9cnicas de aprendizaje <\/span><span class=\"NormalTextRun SCXW228835002 BCX4\">autom\u00e1ti<\/span><span class=\"NormalTextRun SCXW228835002 BCX4\">co en contexto<\/span><span class=\"NormalTextRun SCXW228835002 BCX4\">s<\/span><span class=\"NormalTextRun SCXW228835002 BCX4\"> industriales y <\/span><span class=\"NormalTextRun SCXW228835002 BCX4\">cient\u00edfi<\/span><span class=\"NormalTextRun SCXW228835002 BCX4\">cos.\u00a0<\/span><\/span><\/p>\t\t\t\t\t\t\t\t<\/div>\n\t\t\t\t<\/div>\n\t\t\t\t\t<\/div>\n\t\t<\/div>\n\t\t\t\t<div class=\"elementor-column elementor-col-33 elementor-top-column elementor-element elementor-element-c7d086b\" data-id=\"c7d086b\" data-element_type=\"column\" data-e-type=\"column\">\n\t\t\t<div class=\"elementor-widget-wrap elementor-element-populated\">\n\t\t\t\t\t\t<div class=\"elementor-element elementor-element-335b114 elementor-widget__width-initial elementor-widget elementor-widget-image\" data-id=\"335b114\" data-element_type=\"widget\" data-e-type=\"widget\" data-widget_type=\"image.default\">\n\t\t\t\t<div class=\"elementor-widget-container\">\n\t\t\t\t\t\t\t\t\t\t\t\t\t\t\t<img decoding=\"async\" width=\"800\" height=\"173\" src=\"https:\/\/blogs.uned.es\/sails\/wp-content\/uploads\/sites\/641\/2019\/10\/contacto7-1024x222.jpg\" class=\"attachment-large size-large wp-image-301\" alt=\"\" srcset=\"https:\/\/blogs.uned.es\/sails\/wp-content\/uploads\/sites\/641\/2019\/10\/contacto7-1024x222.jpg 1024w, https:\/\/blogs.uned.es\/sails\/wp-content\/uploads\/sites\/641\/2019\/10\/contacto7-300x65.jpg 300w, https:\/\/blogs.uned.es\/sails\/wp-content\/uploads\/sites\/641\/2019\/10\/contacto7-768x166.jpg 768w\" sizes=\"(max-width: 800px) 100vw, 800px\" \/>\t\t\t\t\t\t\t\t\t\t\t\t\t\t\t<\/div>\n\t\t\t\t<\/div>\n\t\t\t\t<div class=\"elementor-element elementor-element-2d3181e elementor-widget elementor-widget-text-editor\" data-id=\"2d3181e\" data-element_type=\"widget\" data-e-type=\"widget\" data-widget_type=\"text-editor.default\">\n\t\t\t\t<div class=\"elementor-widget-container\">\n\t\t\t\t\t\t\t\t\t<h3><strong>L\u00edneas de trabajo<\/strong><\/h3>\t\t\t\t\t\t\t\t<\/div>\n\t\t\t\t<\/div>\n\t\t\t\t<div class=\"elementor-element elementor-element-fb43ec3 elementor-widget elementor-widget-text-editor\" data-id=\"fb43ec3\" data-element_type=\"widget\" data-e-type=\"widget\" data-widget_type=\"text-editor.default\">\n\t\t\t\t<div class=\"elementor-widget-container\">\n\t\t\t\t\t\t\t\t\t<ul><li>Aprendizaje autom\u00e1tico para la optimizaci\u00f3n de procesos industriales (<a href=\"http:\/\/blogs.uned.es\/ml-edar\" target=\"_blank\" rel=\"noopener\">blogs.uned.es\/ml-edar<\/a>)<\/li><li>Sistemas adaptativos para la ense\u00f1anza<\/li><\/ul><p><span class=\"TextRun SCXW206022791 BCX4\" lang=\"ES-ES\" xml:lang=\"ES-ES\" data-contrast=\"none\"><span class=\"NormalTextRun SCXW206022791 BCX4\">Es un<\/span><span class=\"NormalTextRun SCXW206022791 BCX4\">a propuesta <\/span><span class=\"NormalTextRun SCXW206022791 BCX4\">con un marcado car\u00e1cter interdisciplinar, que combina t\u00e9cnicas de aprendizaje autom\u00e1tico, modelado del usuario y toma de decisiones inteligente.<\/span><\/span><\/p>\t\t\t\t\t\t\t\t<\/div>\n\t\t\t\t<\/div>\n\t\t\t\t\t<\/div>\n\t\t<\/div>\n\t\t\t\t<div class=\"elementor-column elementor-col-33 elementor-top-column elementor-element elementor-element-0d1e14f\" data-id=\"0d1e14f\" data-element_type=\"column\" data-e-type=\"column\">\n\t\t\t<div class=\"elementor-widget-wrap elementor-element-populated\">\n\t\t\t\t\t\t<div class=\"elementor-element elementor-element-94432b5 elementor-widget__width-initial elementor-widget elementor-widget-image\" data-id=\"94432b5\" data-element_type=\"widget\" data-e-type=\"widget\" data-widget_type=\"image.default\">\n\t\t\t\t<div class=\"elementor-widget-container\">\n\t\t\t\t\t\t\t\t\t\t\t\t\t\t\t<img loading=\"lazy\" decoding=\"async\" width=\"800\" height=\"173\" src=\"https:\/\/blogs.uned.es\/sails\/wp-content\/uploads\/sites\/641\/2019\/10\/participa-1024x222.jpg\" class=\"attachment-large size-large wp-image-437\" alt=\"\" srcset=\"https:\/\/blogs.uned.es\/sails\/wp-content\/uploads\/sites\/641\/2019\/10\/participa-1024x222.jpg 1024w, https:\/\/blogs.uned.es\/sails\/wp-content\/uploads\/sites\/641\/2019\/10\/participa-300x65.jpg 300w, https:\/\/blogs.uned.es\/sails\/wp-content\/uploads\/sites\/641\/2019\/10\/participa-768x167.jpg 768w\" sizes=\"(max-width: 800px) 100vw, 800px\" \/>\t\t\t\t\t\t\t\t\t\t\t\t\t\t\t<\/div>\n\t\t\t\t<\/div>\n\t\t\t\t<div class=\"elementor-element elementor-element-a54628d elementor-widget elementor-widget-text-editor\" data-id=\"a54628d\" data-element_type=\"widget\" data-e-type=\"widget\" data-widget_type=\"text-editor.default\">\n\t\t\t\t<div class=\"elementor-widget-container\">\n\t\t\t\t\t\t\t\t\t<h3>\u00a1Colabora!<\/h3>\t\t\t\t\t\t\t\t<\/div>\n\t\t\t\t<\/div>\n\t\t\t\t<div class=\"elementor-element elementor-element-2448c07 elementor-widget elementor-widget-text-editor\" data-id=\"2448c07\" data-element_type=\"widget\" data-e-type=\"widget\" data-widget_type=\"text-editor.default\">\n\t\t\t\t<div class=\"elementor-widget-container\">\n\t\t\t\t\t\t\t\t\t<p>Visita las p\u00e1ginas con nuestras ofertas de PFG y TFM:<\/p><ul><li><a href=\"https:\/\/blogs.uned.es\/sails\/tfms\/\" target=\"_blank\" rel=\"noopener\">Trabajos fin de m\u00e1ster<\/a><\/li><li><a href=\"https:\/\/blogs.uned.es\/sails\/ofertas-pfg-proyectos-fin-de-grado\/\" target=\"_blank\" rel=\"noopener\">Proyectos fin de grado<\/a><\/li><\/ul>\t\t\t\t\t\t\t\t<\/div>\n\t\t\t\t<\/div>\n\t\t\t\t\t<\/div>\n\t\t<\/div>\n\t\t\t\t\t<\/div>\n\t\t<\/section>\n\t\t\t\t<\/div>\n\t\t","protected":false},"excerpt":{"rendered":"<p>Sistemas Adaptativos Inteligentes para Sostenibilidad y Aprendizaje \u00bfQu\u00e9 hacemos? El grupo de investigaci\u00f3n en Sistemas Adaptativos Inteligentes para Sostenibilidad y Aprendizaje tiene como l\u00ednea de investigaci\u00f3n preferente la aplicaci\u00f3n de t\u00e9cnicas de aprendizaje autom\u00e1tico en contextos industriales y cient\u00edficos.\u00a0 L\u00edneas de trabajo Aprendizaje autom\u00e1tico para la optimizaci\u00f3n de procesos industriales (blogs.uned.es\/ml-edar) Sistemas adaptativos para la ense\u00f1anza Es una propuesta con un marcado car\u00e1cter interdisciplinar, que combina t\u00e9cnicas de aprendizaje autom\u00e1tico, modelado del usuario y toma de decisiones inteligente. \u00a1Colabora! Visita las p\u00e1ginas con nuestras ofertas de PFG y TFM: Trabajos fin de m\u00e1ster Proyectos fin de grado<\/p>\n","protected":false},"author":1,"featured_media":0,"parent":0,"menu_order":0,"comment_status":"closed","ping_status":"closed","template":"","meta":{"footnotes":""},"class_list":["post-15","page","type-page","status-publish"],"_links":{"self":[{"href":"https:\/\/blogs.uned.es\/sails\/wp-json\/wp\/v2\/pages\/15","targetHints":{"allow":["GET"]}}],"collection":[{"href":"https:\/\/blogs.uned.es\/sails\/wp-json\/wp\/v2\/pages"}],"about":[{"href":"https:\/\/blogs.uned.es\/sails\/wp-json\/wp\/v2\/types\/page"}],"author":[{"embeddable":true,"href":"https:\/\/blogs.uned.es\/sails\/wp-json\/wp\/v2\/users\/1"}],"replies":[{"embeddable":true,"href":"https:\/\/blogs.uned.es\/sails\/wp-json\/wp\/v2\/comments?post=15"}],"version-history":[{"count":122,"href":"https:\/\/blogs.uned.es\/sails\/wp-json\/wp\/v2\/pages\/15\/revisions"}],"predecessor-version":[{"id":1177,"href":"https:\/\/blogs.uned.es\/sails\/wp-json\/wp\/v2\/pages\/15\/revisions\/1177"}],"wp:attachment":[{"href":"https:\/\/blogs.uned.es\/sails\/wp-json\/wp\/v2\/media?parent=15"}],"curies":[{"name":"wp","href":"https:\/\/api.w.org\/{rel}","templated":true}]}}