{"id":1181,"date":"2026-05-12T10:16:25","date_gmt":"2026-05-12T08:16:25","guid":{"rendered":"https:\/\/blogs.uned.es\/sails\/?page_id=1181"},"modified":"2026-05-12T11:00:58","modified_gmt":"2026-05-12T09:00:58","slug":"proyectos-1181","status":"publish","type":"page","link":"https:\/\/blogs.uned.es\/sails\/proyectos-1181\/","title":{"rendered":"Proyectos"},"content":{"rendered":"\t\t<div data-elementor-type=\"wp-page\" data-elementor-id=\"1181\" class=\"elementor elementor-1181\" data-elementor-post-type=\"page\">\n\t\t\t\t\t\t<section class=\"elementor-section elementor-top-section elementor-element elementor-element-80930d3 elementor-section-boxed elementor-section-height-default elementor-section-height-default\" data-id=\"80930d3\" data-element_type=\"section\" data-e-type=\"section\">\n\t\t\t\t\t\t<div class=\"elementor-container elementor-column-gap-default\">\n\t\t\t\t\t<div class=\"elementor-column elementor-col-100 elementor-top-column elementor-element elementor-element-b9d0218\" data-id=\"b9d0218\" data-element_type=\"column\" data-e-type=\"column\">\n\t\t\t<div class=\"elementor-widget-wrap elementor-element-populated\">\n\t\t\t\t\t\t<div class=\"elementor-element elementor-element-ceaa8c1 elementor-widget elementor-widget-text-editor\" data-id=\"ceaa8c1\" data-element_type=\"widget\" data-e-type=\"widget\" data-widget_type=\"text-editor.default\">\n\t\t\t\t<div class=\"elementor-widget-container\">\n\t\t\t\t\t\t\t\t\t<p>Los proyectos actuales en los que estamos trabajando actualmente son los siguientes<\/p>\t\t\t\t\t\t\t\t<\/div>\n\t\t\t\t<\/div>\n\t\t\t\t\t<\/div>\n\t\t<\/div>\n\t\t\t\t\t<\/div>\n\t\t<\/section>\n\t\t\t\t<section class=\"elementor-section elementor-top-section elementor-element elementor-element-ede2277 elementor-section-boxed elementor-section-height-default elementor-section-height-default\" data-id=\"ede2277\" data-element_type=\"section\" data-e-type=\"section\">\n\t\t\t\t\t\t<div class=\"elementor-container elementor-column-gap-default\">\n\t\t\t\t\t<div class=\"elementor-column elementor-col-50 elementor-top-column elementor-element elementor-element-b194c5b\" data-id=\"b194c5b\" data-element_type=\"column\" data-e-type=\"column\">\n\t\t\t<div class=\"elementor-widget-wrap elementor-element-populated\">\n\t\t\t\t\t\t<div class=\"elementor-element elementor-element-3d87776 elementor-widget__width-initial elementor-widget elementor-widget-image\" data-id=\"3d87776\" data-element_type=\"widget\" data-e-type=\"widget\" data-widget_type=\"image.default\">\n\t\t\t\t<div class=\"elementor-widget-container\">\n\t\t\t\t\t\t\t\t\t\t\t\t\t\t\t<img fetchpriority=\"high\" decoding=\"async\" width=\"478\" height=\"188\" src=\"https:\/\/blogs.uned.es\/sails\/wp-content\/uploads\/sites\/641\/2026\/05\/evin-1.png\" class=\"attachment-large size-large wp-image-1201\" alt=\"\" srcset=\"https:\/\/blogs.uned.es\/sails\/wp-content\/uploads\/sites\/641\/2026\/05\/evin-1.png 478w, https:\/\/blogs.uned.es\/sails\/wp-content\/uploads\/sites\/641\/2026\/05\/evin-1-300x118.png 300w\" sizes=\"(max-width: 478px) 100vw, 478px\" \/>\t\t\t\t\t\t\t\t\t\t\t\t\t\t\t<\/div>\n\t\t\t\t<\/div>\n\t\t\t\t<div class=\"elementor-element elementor-element-b1ce108 elementor-widget__width-initial elementor-view-default elementor-widget elementor-widget-icon\" data-id=\"b1ce108\" data-element_type=\"widget\" data-e-type=\"widget\" data-widget_type=\"icon.default\">\n\t\t\t\t<div class=\"elementor-widget-container\">\n\t\t\t\t\t\t\t<div class=\"elementor-icon-wrapper\">\n\t\t\t<a class=\"elementor-icon\" href=\"http:\/\/siea.ia.uned.es\">\n\t\t\t<i aria-hidden=\"true\" class=\"far fa-arrow-alt-circle-right\"><\/i>\t\t\t<\/a>\n\t\t<\/div>\n\t\t\t\t\t\t<\/div>\n\t\t\t\t<\/div>\n\t\t\t\t<div class=\"elementor-element elementor-element-7c3df2a elementor-widget elementor-widget-heading\" data-id=\"7c3df2a\" data-element_type=\"widget\" data-e-type=\"widget\" data-widget_type=\"heading.default\">\n\t\t\t\t<div class=\"elementor-widget-container\">\n\t\t\t\t\t<h2 class=\"elementor-heading-title elementor-size-default\"><a href=\"http:\/\/siea.ia.uned.es\">Estimulaci\u00f3n visual en Internet  <\/a><\/h2>\t\t\t\t<\/div>\n\t\t\t\t<\/div>\n\t\t\t\t<div class=\"elementor-element elementor-element-a2cc40e elementor-widget elementor-widget-text-editor\" data-id=\"a2cc40e\" data-element_type=\"widget\" data-e-type=\"widget\" data-widget_type=\"text-editor.default\">\n\t\t\t\t<div class=\"elementor-widget-container\">\n\t\t\t\t\t\t\t\t\t<p style=\"text-align: left\">Los usuarios de EVIN podr\u00e1n ejercitarse en diferentes tareas visuales mediante <span class=\"resaltado\">juegos online<\/span> con el prop\u00f3sito de poder mejorar sus capacidades perceptivas visuales. Estos juegos ofrecen la posibilidad de <span class=\"resaltado\">configurar los est\u00edmulos<\/span> (tama\u00f1os, complejidad, n\u00famero de est\u00edmulos&#8230;) para adaptarse a las caracter\u00edsticas individuales de los alumnos.<\/p>\t\t\t\t\t\t\t\t<\/div>\n\t\t\t\t<\/div>\n\t\t\t\t\t<\/div>\n\t\t<\/div>\n\t\t\t\t<div class=\"elementor-column elementor-col-50 elementor-top-column elementor-element elementor-element-10d029b\" data-id=\"10d029b\" data-element_type=\"column\" data-e-type=\"column\">\n\t\t\t<div class=\"elementor-widget-wrap elementor-element-populated\">\n\t\t\t\t\t\t<div class=\"elementor-element elementor-element-ccf65d1 elementor-widget__width-initial elementor-widget elementor-widget-image\" data-id=\"ccf65d1\" data-element_type=\"widget\" data-e-type=\"widget\" data-widget_type=\"image.default\">\n\t\t\t\t<div class=\"elementor-widget-container\">\n\t\t\t\t\t\t\t\t\t\t\t\t\t\t\t<img decoding=\"async\" width=\"728\" height=\"366\" src=\"https:\/\/blogs.uned.es\/sails\/wp-content\/uploads\/sites\/641\/2026\/05\/mledar.png\" class=\"attachment-large size-large wp-image-1199\" alt=\"\" srcset=\"https:\/\/blogs.uned.es\/sails\/wp-content\/uploads\/sites\/641\/2026\/05\/mledar.png 728w, https:\/\/blogs.uned.es\/sails\/wp-content\/uploads\/sites\/641\/2026\/05\/mledar-300x151.png 300w\" sizes=\"(max-width: 728px) 100vw, 728px\" \/>\t\t\t\t\t\t\t\t\t\t\t\t\t\t\t<\/div>\n\t\t\t\t<\/div>\n\t\t\t\t<div class=\"elementor-element elementor-element-2e69710 elementor-widget__width-initial elementor-view-default elementor-widget elementor-widget-icon\" data-id=\"2e69710\" data-element_type=\"widget\" data-e-type=\"widget\" data-widget_type=\"icon.default\">\n\t\t\t\t<div class=\"elementor-widget-container\">\n\t\t\t\t\t\t\t<div class=\"elementor-icon-wrapper\">\n\t\t\t<a class=\"elementor-icon\" href=\"http:\/\/blogs.uned.es\/ml-edar\/\">\n\t\t\t<i aria-hidden=\"true\" class=\"far fa-arrow-alt-circle-right\"><\/i>\t\t\t<\/a>\n\t\t<\/div>\n\t\t\t\t\t\t<\/div>\n\t\t\t\t<\/div>\n\t\t\t\t<div class=\"elementor-element elementor-element-1e239d6 elementor-widget__width-initial elementor-widget elementor-widget-heading\" data-id=\"1e239d6\" data-element_type=\"widget\" data-e-type=\"widget\" data-widget_type=\"heading.default\">\n\t\t\t\t<div class=\"elementor-widget-container\">\n\t\t\t\t\t<h2 class=\"elementor-heading-title elementor-size-default\"><a href=\"http:\/\/blogs.uned.es\/ml-edar\/\">Optimizaci\u00f3n inteligente de plantas depuradoras de aguas residuales<\/a><\/h2>\t\t\t\t<\/div>\n\t\t\t\t<\/div>\n\t\t\t\t<div class=\"elementor-element elementor-element-cf4a040 elementor-widget__width-initial elementor-widget elementor-widget-text-editor\" data-id=\"cf4a040\" data-element_type=\"widget\" data-e-type=\"widget\" data-widget_type=\"text-editor.default\">\n\t\t\t\t<div class=\"elementor-widget-container\">\n\t\t\t\t\t\t\t\t\t<p>Nuestro objetivo es utilizar t\u00e9cnicas de Inteligencia Artificial para mejorar la eficiencia operativa, reducir el consumo energ\u00e9tico y garantizar el cumplimiento de normativas ambientales en plantas depuradoras de aguas residuales.<\/p>\t\t\t\t\t\t\t\t<\/div>\n\t\t\t\t<\/div>\n\t\t\t\t\t<\/div>\n\t\t<\/div>\n\t\t\t\t\t<\/div>\n\t\t<\/section>\n\t\t\t\t<section class=\"elementor-section elementor-top-section elementor-element elementor-element-f123814 elementor-section-boxed elementor-section-height-default elementor-section-height-default\" data-id=\"f123814\" data-element_type=\"section\" data-e-type=\"section\">\n\t\t\t\t\t\t<div class=\"elementor-container elementor-column-gap-default\">\n\t\t\t\t\t<div class=\"elementor-column elementor-col-100 elementor-top-column elementor-element elementor-element-25cd47c\" data-id=\"25cd47c\" data-element_type=\"column\" data-e-type=\"column\">\n\t\t\t<div class=\"elementor-widget-wrap elementor-element-populated\">\n\t\t\t\t\t\t<div class=\"elementor-element elementor-element-d186f91 elementor-widget__width-initial elementor-widget elementor-widget-image\" data-id=\"d186f91\" data-element_type=\"widget\" data-e-type=\"widget\" data-widget_type=\"image.default\">\n\t\t\t\t<div class=\"elementor-widget-container\">\n\t\t\t\t\t\t\t\t\t\t\t\t\t\t\t<img decoding=\"async\" width=\"800\" height=\"245\" src=\"https:\/\/blogs.uned.es\/sails\/wp-content\/uploads\/sites\/641\/2019\/10\/spacious-lecture-hall-in-college-PXBRG4V-1024x313.jpg\" class=\"attachment-large size-large wp-image-81\" alt=\"\" srcset=\"https:\/\/blogs.uned.es\/sails\/wp-content\/uploads\/sites\/641\/2019\/10\/spacious-lecture-hall-in-college-PXBRG4V-1024x313.jpg 1024w, https:\/\/blogs.uned.es\/sails\/wp-content\/uploads\/sites\/641\/2019\/10\/spacious-lecture-hall-in-college-PXBRG4V-300x92.jpg 300w, https:\/\/blogs.uned.es\/sails\/wp-content\/uploads\/sites\/641\/2019\/10\/spacious-lecture-hall-in-college-PXBRG4V-768x234.jpg 768w\" sizes=\"(max-width: 800px) 100vw, 800px\" \/>\t\t\t\t\t\t\t\t\t\t\t\t\t\t\t<\/div>\n\t\t\t\t<\/div>\n\t\t\t\t<div class=\"elementor-element elementor-element-72eab5b elementor-widget elementor-widget-heading\" data-id=\"72eab5b\" data-element_type=\"widget\" data-e-type=\"widget\" data-widget_type=\"heading.default\">\n\t\t\t\t<div class=\"elementor-widget-container\">\n\t\t\t\t\t<h2 class=\"elementor-heading-title elementor-size-default\">Proyectos de innovaci\u00f3n docente<\/h2>\t\t\t\t<\/div>\n\t\t\t\t<\/div>\n\t\t\t\t\t<\/div>\n\t\t<\/div>\n\t\t\t\t\t<\/div>\n\t\t<\/section>\n\t\t\t\t<section class=\"elementor-section elementor-top-section elementor-element elementor-element-ff0d2b9 elementor-section-boxed elementor-section-height-default elementor-section-height-default\" data-id=\"ff0d2b9\" data-element_type=\"section\" data-e-type=\"section\">\n\t\t\t\t\t\t<div class=\"elementor-container elementor-column-gap-default\">\n\t\t\t\t\t<div class=\"elementor-column elementor-col-100 elementor-top-column elementor-element elementor-element-28a7907\" data-id=\"28a7907\" data-element_type=\"column\" data-e-type=\"column\">\n\t\t\t<div class=\"elementor-widget-wrap elementor-element-populated\">\n\t\t\t\t\t\t<div class=\"elementor-element elementor-element-6d195c4 elementor-widget elementor-widget-accordion\" data-id=\"6d195c4\" data-element_type=\"widget\" data-e-type=\"widget\" data-widget_type=\"accordion.default\">\n\t\t\t\t<div class=\"elementor-widget-container\">\n\t\t\t\t\t\t\t<div class=\"elementor-accordion\">\n\t\t\t\t\t\t\t<div class=\"elementor-accordion-item\">\n\t\t\t\t\t<div id=\"elementor-tab-title-1141\" class=\"elementor-tab-title\" data-tab=\"1\" role=\"button\" aria-controls=\"elementor-tab-content-1141\" aria-expanded=\"false\">\n\t\t\t\t\t\t\t\t\t\t\t\t\t<span class=\"elementor-accordion-icon elementor-accordion-icon-left\" aria-hidden=\"true\">\n\t\t\t\t\t\t\t\t\t\t\t\t\t\t\t<span class=\"elementor-accordion-icon-closed\"><i class=\"fas fa-plus\"><\/i><\/span>\n\t\t\t\t\t\t\t\t<span class=\"elementor-accordion-icon-opened\"><i class=\"fas fa-minus\"><\/i><\/span>\n\t\t\t\t\t\t\t\t\t\t\t\t\t\t<\/span>\n\t\t\t\t\t\t\t\t\t\t\t\t<a class=\"elementor-accordion-title\" tabindex=\"0\">\u200b\u200bSistema Inteligente de Recomendaci\u00f3n para Apoyar la Realizaci\u00f3n de la PEC\u200b  (2025-2026)<\/a>\n\t\t\t\t\t<\/div>\n\t\t\t\t\t<div id=\"elementor-tab-content-1141\" class=\"elementor-tab-content elementor-clearfix\" data-tab=\"1\" role=\"region\" aria-labelledby=\"elementor-tab-title-1141\"><div style=\"direction: ltr\"><p>\u00a0<\/p><p style=\"font-weight: normal;font-style: normal;vertical-align: baseline;background-color: transparent;color: windowtext;text-align: justify;margin: 16px 0px 0px 33px;padding-left: 0px;padding-right: 0px;text-indent: 0px\"><span lang=\"ES-ES\" style=\"font-size: 10pt;line-height: 16px;font-family: Arial, 'Arial_EmbeddedFont', 'Arial_MSFontService', sans-serif\" data-contrast=\"auto\">El proyecto\u00a0trata de paliar la baja participaci\u00f3n de los estudiantes en actividades evaluables\u00a0(PEC).\u00a0Esta falta de implicaci\u00f3n se relaciona con la ausencia de seguimiento personalizado y con la dificultad de los estudiantes para identificar cu\u00e1ndo est\u00e1n preparados para abordar las tareas evaluables.<\/span><span style=\"font-size: 10pt;line-height: 16px;font-family: Arial, 'Arial_EmbeddedFont', 'Arial_MSFontService', sans-serif\" data-ccp-props=\"{&quot;201341983&quot;:0,&quot;335551550&quot;:6,&quot;335551620&quot;:6,&quot;335559685&quot;:499,&quot;335559738&quot;:240,&quot;335559739&quot;:0,&quot;335559740&quot;:240}\">\u00a0<\/span><\/p><\/div><div style=\"direction: ltr\"><p style=\"font-weight: normal;font-style: normal;vertical-align: baseline;background-color: transparent;color: windowtext;text-align: justify;margin: 0px 0px 0px 33px;padding-left: 0px;padding-right: 0px;text-indent: 0px\"><span lang=\"ES-ES\" style=\"font-size: 10pt;line-height: 16px;font-family: Arial, 'Arial_EmbeddedFont', 'Arial_MSFontService', sans-serif\" data-contrast=\"auto\">Este proyecto propone investigar la posibilidad de ofrecer recomendaciones personalizadas que indiquen qu\u00e9 partes de la PEC puede ir resolviendo cada estudiante seg\u00fan su interacci\u00f3n en la plataforma. Con ello, se busca fomentar la participaci\u00f3n, mejorar la entrega de la PEC y reducir la tasa de abandono.<\/span><span style=\"font-size: 10pt;line-height: 16px;font-family: Arial, 'Arial_EmbeddedFont', 'Arial_MSFontService', sans-serif\" data-ccp-props=\"{&quot;201341983&quot;:0,&quot;335551550&quot;:6,&quot;335551620&quot;:6,&quot;335559685&quot;:499,&quot;335559738&quot;:240,&quot;335559739&quot;:0,&quot;335559740&quot;:240}\">\u00a0<\/span><\/p><\/div><\/div>\n\t\t\t\t<\/div>\n\t\t\t\t\t\t\t\t<\/div>\n\t\t\t\t\t\t<\/div>\n\t\t\t\t<\/div>\n\t\t\t\t\t<\/div>\n\t\t<\/div>\n\t\t\t\t\t<\/div>\n\t\t<\/section>\n\t\t\t\t<section class=\"elementor-section elementor-top-section elementor-element elementor-element-b199891 elementor-section-boxed elementor-section-height-default elementor-section-height-default\" data-id=\"b199891\" data-element_type=\"section\" data-e-type=\"section\">\n\t\t\t\t\t\t<div class=\"elementor-container elementor-column-gap-default\">\n\t\t\t\t\t<div class=\"elementor-column elementor-col-100 elementor-top-column elementor-element elementor-element-233b542\" data-id=\"233b542\" data-element_type=\"column\" data-e-type=\"column\">\n\t\t\t<div class=\"elementor-widget-wrap\">\n\t\t\t\t\t\t\t<\/div>\n\t\t<\/div>\n\t\t\t\t\t<\/div>\n\t\t<\/section>\n\t\t\t\t<\/div>\n\t\t","protected":false},"excerpt":{"rendered":"<p>Los proyectos actuales en los que estamos trabajando actualmente son los siguientes Estimulaci\u00f3n visual en Internet Los usuarios de EVIN podr\u00e1n ejercitarse en diferentes tareas visuales mediante juegos online con el prop\u00f3sito de poder mejorar sus capacidades perceptivas visuales. Estos juegos ofrecen la posibilidad de configurar los est\u00edmulos (tama\u00f1os, complejidad, n\u00famero de est\u00edmulos&#8230;) para adaptarse a las caracter\u00edsticas individuales de los alumnos. Optimizaci\u00f3n inteligente de plantas depuradoras de aguas residuales Nuestro objetivo es utilizar t\u00e9cnicas de Inteligencia Artificial para mejorar la eficiencia operativa, reducir el consumo energ\u00e9tico y garantizar el cumplimiento de normativas ambientales en plantas depuradoras de aguas residuales. Proyectos de innovaci\u00f3n docente \u200b\u200bSistema Inteligente de Recomendaci\u00f3n para Apoyar la Realizaci\u00f3n de la PEC\u200b (2025-2026) \u00a0 El proyecto\u00a0trata de paliar la baja participaci\u00f3n de los estudiantes en actividades evaluables\u00a0(PEC).\u00a0Esta falta de implicaci\u00f3n se relaciona con la ausencia de seguimiento personalizado y con la dificultad de los estudiantes para identificar&hellip;<\/p>\n<p> <a class=\"more-link\" href=\"https:\/\/blogs.uned.es\/sails\/proyectos-1181\/\">Leer m\u00e1s<\/a><\/p>\n","protected":false},"author":7975,"featured_media":0,"parent":0,"menu_order":0,"comment_status":"closed","ping_status":"closed","template":"","meta":{"footnotes":""},"class_list":["post-1181","page","type-page","status-publish"],"_links":{"self":[{"href":"https:\/\/blogs.uned.es\/sails\/wp-json\/wp\/v2\/pages\/1181","targetHints":{"allow":["GET"]}}],"collection":[{"href":"https:\/\/blogs.uned.es\/sails\/wp-json\/wp\/v2\/pages"}],"about":[{"href":"https:\/\/blogs.uned.es\/sails\/wp-json\/wp\/v2\/types\/page"}],"author":[{"embeddable":true,"href":"https:\/\/blogs.uned.es\/sails\/wp-json\/wp\/v2\/users\/7975"}],"replies":[{"embeddable":true,"href":"https:\/\/blogs.uned.es\/sails\/wp-json\/wp\/v2\/comments?post=1181"}],"version-history":[{"count":23,"href":"https:\/\/blogs.uned.es\/sails\/wp-json\/wp\/v2\/pages\/1181\/revisions"}],"predecessor-version":[{"id":1255,"href":"https:\/\/blogs.uned.es\/sails\/wp-json\/wp\/v2\/pages\/1181\/revisions\/1255"}],"wp:attachment":[{"href":"https:\/\/blogs.uned.es\/sails\/wp-json\/wp\/v2\/media?parent=1181"}],"curies":[{"name":"wp","href":"https:\/\/api.w.org\/{rel}","templated":true}]}}