{"id":1053,"date":"2026-05-07T16:30:19","date_gmt":"2026-05-07T14:30:19","guid":{"rendered":"https:\/\/blogs.uned.es\/sails\/?page_id=1053"},"modified":"2026-05-07T18:09:31","modified_gmt":"2026-05-07T16:09:31","slug":"ofertas-pfg-proyectos-fin-de-grado","status":"publish","type":"page","link":"https:\/\/blogs.uned.es\/sails\/ofertas-pfg-proyectos-fin-de-grado\/","title":{"rendered":"Ofertas PFG (Proyectos Fin de Grado)"},"content":{"rendered":"\t\t<div data-elementor-type=\"wp-page\" data-elementor-id=\"1053\" class=\"elementor elementor-1053\" data-elementor-post-type=\"page\">\n\t\t\t\t\t\t<section class=\"elementor-section elementor-top-section elementor-element elementor-element-cf8821d elementor-section-boxed elementor-section-height-default elementor-section-height-default\" data-id=\"cf8821d\" data-element_type=\"section\" data-e-type=\"section\">\n\t\t\t\t\t\t<div class=\"elementor-container elementor-column-gap-default\">\n\t\t\t\t\t<div class=\"elementor-column elementor-col-100 elementor-top-column elementor-element elementor-element-b19ab98\" data-id=\"b19ab98\" data-element_type=\"column\" data-e-type=\"column\">\n\t\t\t<div class=\"elementor-widget-wrap elementor-element-populated\">\n\t\t\t\t\t\t<div class=\"elementor-element elementor-element-d721678 elementor-widget elementor-widget-heading\" data-id=\"d721678\" data-element_type=\"widget\" data-e-type=\"widget\" data-widget_type=\"heading.default\">\n\t\t\t\t<div class=\"elementor-widget-container\">\n\t\t\t\t\t<h1 class=\"elementor-heading-title elementor-size-default\"><h1>Ofertas PFG (Proyectos fin de Grado)<\/h1><\/h1>\t\t\t\t<\/div>\n\t\t\t\t<\/div>\n\t\t\t\t\t<\/div>\n\t\t<\/div>\n\t\t\t\t\t<\/div>\n\t\t<\/section>\n\t\t\t\t<section class=\"elementor-section elementor-top-section elementor-element elementor-element-9b1421c elementor-section-boxed elementor-section-height-default elementor-section-height-default\" data-id=\"9b1421c\" data-element_type=\"section\" data-e-type=\"section\">\n\t\t\t\t\t\t<div class=\"elementor-container elementor-column-gap-default\">\n\t\t\t\t\t<div class=\"elementor-column elementor-col-100 elementor-top-column elementor-element elementor-element-a628454\" data-id=\"a628454\" data-element_type=\"column\" data-e-type=\"column\">\n\t\t\t<div class=\"elementor-widget-wrap\">\n\t\t\t\t\t\t\t<\/div>\n\t\t<\/div>\n\t\t\t\t\t<\/div>\n\t\t<\/section>\n\t\t\t\t<section class=\"elementor-section elementor-top-section elementor-element elementor-element-749c59b elementor-section-boxed elementor-section-height-default elementor-section-height-default\" data-id=\"749c59b\" data-element_type=\"section\" data-e-type=\"section\">\n\t\t\t\t\t\t<div class=\"elementor-container elementor-column-gap-default\">\n\t\t\t\t\t<div class=\"elementor-column elementor-col-50 elementor-top-column elementor-element elementor-element-c3c7727\" data-id=\"c3c7727\" data-element_type=\"column\" data-e-type=\"column\">\n\t\t\t<div class=\"elementor-widget-wrap elementor-element-populated\">\n\t\t\t\t\t\t<div class=\"elementor-element elementor-element-ac16ce9 elementor-widget__width-initial elementor-widget elementor-widget-image\" data-id=\"ac16ce9\" data-element_type=\"widget\" data-e-type=\"widget\" data-widget_type=\"image.default\">\n\t\t\t\t<div class=\"elementor-widget-container\">\n\t\t\t\t\t\t\t\t\t\t\t\t\t\t\t<img fetchpriority=\"high\" decoding=\"async\" width=\"800\" height=\"588\" src=\"https:\/\/blogs.uned.es\/sails\/wp-content\/uploads\/sites\/641\/2026\/03\/3D-Blog-Post-Articles-1024x752.png\" class=\"attachment-large size-large wp-image-785\" alt=\"\" srcset=\"https:\/\/blogs.uned.es\/sails\/wp-content\/uploads\/sites\/641\/2026\/03\/3D-Blog-Post-Articles-1024x752.png 1024w, https:\/\/blogs.uned.es\/sails\/wp-content\/uploads\/sites\/641\/2026\/03\/3D-Blog-Post-Articles-300x220.png 300w, https:\/\/blogs.uned.es\/sails\/wp-content\/uploads\/sites\/641\/2026\/03\/3D-Blog-Post-Articles-768x564.png 768w, https:\/\/blogs.uned.es\/sails\/wp-content\/uploads\/sites\/641\/2026\/03\/3D-Blog-Post-Articles-1536x1128.png 1536w, https:\/\/blogs.uned.es\/sails\/wp-content\/uploads\/sites\/641\/2026\/03\/3D-Blog-Post-Articles-2048x1505.png 2048w\" sizes=\"(max-width: 800px) 100vw, 800px\" \/>\t\t\t\t\t\t\t\t\t\t\t\t\t\t\t<\/div>\n\t\t\t\t<\/div>\n\t\t\t\t\t<\/div>\n\t\t<\/div>\n\t\t\t\t<div class=\"elementor-column elementor-col-50 elementor-top-column elementor-element elementor-element-318a4f0\" data-id=\"318a4f0\" data-element_type=\"column\" data-e-type=\"column\">\n\t\t\t<div class=\"elementor-widget-wrap elementor-element-populated\">\n\t\t\t\t\t\t<div class=\"elementor-element elementor-element-e23f444 elementor-widget__width-initial elementor-widget elementor-widget-text-editor\" data-id=\"e23f444\" data-element_type=\"widget\" data-e-type=\"widget\" data-widget_type=\"text-editor.default\">\n\t\t\t\t<div class=\"elementor-widget-container\">\n\t\t\t\t\t\t\t\t\t<div>\u00a0<\/div><div>Visita el enlace de cada t\u00edtulo de cada proyecto para obtener m\u00e1s informaci\u00f3n:<\/div><ul><li><a href=\"https:\/\/blogs.uned.es\/sails\/wp-content\/uploads\/sites\/641\/2026\/05\/DESARROLLO-E-INTEGRACIO\u0301N-DE-JUEGOS-DENTRO-DE-LA-PLATAFORMA-W.pdf\" target=\"_blank\" rel=\"noopener\">Desarrollo e integraci\u00f3n de juegos dentro de la plataforma web para la estimulaci\u00f3n visual EVIN.<\/a><\/li><li><a href=\"https:\/\/blogs.uned.es\/sails\/wp-content\/uploads\/sites\/641\/2026\/05\/Construccio\u0301n-de-un-ModeloSimulador-de-una-planta-depuradora.pdf\" target=\"_blank\" rel=\"noopener\">\u00a0Construcci\u00f3n de un Modelo\/Simulador de una planta depuradora de aguas residuales.\u00a0<\/a><\/li><li><a href=\"https:\/\/blogs.uned.es\/sails\/wp-content\/uploads\/sites\/641\/2026\/05\/PFG_Automatas.pdf\" target=\"_blank\" rel=\"noopener\">Herramientas para el aprendizaje de la asignatura de Aut\u00f3matas.\u00a0<\/a><\/li><li><strong>\u00bfTienes una idea que quieres desarrollar como PFG?. \u00a1Cu\u00e9ntanos!<\/strong> (tienes nuestros datos de contacto en esta\u00a0<a href=\"https:\/\/blogs.uned.es\/sails\/quienes\/\" target=\"_blank\" rel=\"noopener\">p\u00e1gina<\/a>)<\/li><\/ul>\t\t\t\t\t\t\t\t<\/div>\n\t\t\t\t<\/div>\n\t\t\t\t\t<\/div>\n\t\t<\/div>\n\t\t\t\t\t<\/div>\n\t\t<\/section>\n\t\t\t\t<section class=\"elementor-section elementor-top-section elementor-element elementor-element-f7086a1 elementor-section-boxed elementor-section-height-default elementor-section-height-default\" data-id=\"f7086a1\" data-element_type=\"section\" data-e-type=\"section\">\n\t\t\t\t\t\t<div class=\"elementor-container elementor-column-gap-default\">\n\t\t\t\t\t<div class=\"elementor-column elementor-col-100 elementor-top-column elementor-element elementor-element-2e4bdf5\" data-id=\"2e4bdf5\" data-element_type=\"column\" data-e-type=\"column\">\n\t\t\t<div class=\"elementor-widget-wrap\">\n\t\t\t\t\t\t\t<\/div>\n\t\t<\/div>\n\t\t\t\t\t<\/div>\n\t\t<\/section>\n\t\t\t\t<\/div>\n\t\t","protected":false},"excerpt":{"rendered":"<p>Ofertas PFG (Proyectos fin de Grado) \u00a0Visita el enlace de cada t\u00edtulo de cada proyecto para obtener m\u00e1s informaci\u00f3n: Desarrollo e integraci\u00f3n de juegos dentro de la plataforma web para la estimulaci\u00f3n visual EVIN. \u00a0Construcci\u00f3n de un Modelo\/Simulador de una planta depuradora de aguas residuales.\u00a0 Herramientas para el aprendizaje de la asignatura de Aut\u00f3matas.\u00a0 \u00bfTienes una idea que quieres desarrollar como PFG?. \u00a1Cu\u00e9ntanos! (tienes nuestros datos de contacto en esta\u00a0p\u00e1gina)<\/p>\n","protected":false},"author":7975,"featured_media":0,"parent":0,"menu_order":0,"comment_status":"closed","ping_status":"closed","template":"","meta":{"footnotes":""},"class_list":["post-1053","page","type-page","status-publish"],"_links":{"self":[{"href":"https:\/\/blogs.uned.es\/sails\/wp-json\/wp\/v2\/pages\/1053","targetHints":{"allow":["GET"]}}],"collection":[{"href":"https:\/\/blogs.uned.es\/sails\/wp-json\/wp\/v2\/pages"}],"about":[{"href":"https:\/\/blogs.uned.es\/sails\/wp-json\/wp\/v2\/types\/page"}],"author":[{"embeddable":true,"href":"https:\/\/blogs.uned.es\/sails\/wp-json\/wp\/v2\/users\/7975"}],"replies":[{"embeddable":true,"href":"https:\/\/blogs.uned.es\/sails\/wp-json\/wp\/v2\/comments?post=1053"}],"version-history":[{"count":25,"href":"https:\/\/blogs.uned.es\/sails\/wp-json\/wp\/v2\/pages\/1053\/revisions"}],"predecessor-version":[{"id":1147,"href":"https:\/\/blogs.uned.es\/sails\/wp-json\/wp\/v2\/pages\/1053\/revisions\/1147"}],"wp:attachment":[{"href":"https:\/\/blogs.uned.es\/sails\/wp-json\/wp\/v2\/media?parent=1053"}],"curies":[{"name":"wp","href":"https:\/\/api.w.org\/{rel}","templated":true}]}}