{"id":977,"date":"2026-01-27T20:15:17","date_gmt":"2026-01-27T19:15:17","guid":{"rendered":"https:\/\/blogs.uned.es\/rediceua\/?page_id=977"},"modified":"2026-02-19T19:19:12","modified_gmt":"2026-02-19T18:19:12","slug":"participacion","status":"publish","type":"page","link":"https:\/\/blogs.uned.es\/rediceua\/participacion\/","title":{"rendered":"Participaci\u00f3n"},"content":{"rendered":"\t\t<div data-elementor-type=\"wp-page\" data-elementor-id=\"977\" class=\"elementor elementor-977\">\n\t\t\t\t\t\t<section class=\"elementor-section elementor-top-section elementor-element elementor-element-323f72d elementor-section-stretched elementor-section-height-min-height elementor-section-content-middle elementor-section-boxed elementor-section-height-default elementor-section-items-middle\" data-id=\"323f72d\" data-element_type=\"section\" data-e-type=\"section\" data-settings=\"{&quot;stretch_section&quot;:&quot;section-stretched&quot;,&quot;background_background&quot;:&quot;gradient&quot;}\">\n\t\t\t\t\t\t<div class=\"elementor-container elementor-column-gap-default\">\n\t\t\t\t\t<div class=\"elementor-column elementor-col-100 elementor-top-column elementor-element elementor-element-8292dc7\" data-id=\"8292dc7\" data-element_type=\"column\" data-e-type=\"column\">\n\t\t\t<div class=\"elementor-widget-wrap elementor-element-populated\">\n\t\t\t\t\t\t<section class=\"elementor-section elementor-inner-section elementor-element elementor-element-1bdd6da elementor-section-boxed elementor-section-height-default elementor-section-height-default\" data-id=\"1bdd6da\" data-element_type=\"section\" data-e-type=\"section\">\n\t\t\t\t\t\t<div class=\"elementor-container elementor-column-gap-default\">\n\t\t\t\t\t<div class=\"elementor-column elementor-col-100 elementor-inner-column elementor-element elementor-element-a8ac438\" data-id=\"a8ac438\" data-element_type=\"column\" data-e-type=\"column\">\n\t\t\t<div class=\"elementor-widget-wrap elementor-element-populated\">\n\t\t\t\t\t\t<div class=\"elementor-element elementor-element-e41b967 elementor-widget elementor-widget-heading\" data-id=\"e41b967\" data-element_type=\"widget\" data-e-type=\"widget\" data-widget_type=\"heading.default\">\n\t\t\t\t<div class=\"elementor-widget-container\">\n\t\t\t\t\t<h2 class=\"elementor-heading-title elementor-size-xxl\">Participaci\u00f3n<\/h2>\t\t\t\t<\/div>\n\t\t\t\t<\/div>\n\t\t\t\t\t<\/div>\n\t\t<\/div>\n\t\t\t\t\t<\/div>\n\t\t<\/section>\n\t\t\t\t\t<\/div>\n\t\t<\/div>\n\t\t\t\t\t<\/div>\n\t\t<\/section>\n\t\t\t\t<section class=\"elementor-section elementor-top-section elementor-element elementor-element-a33f7c4 elementor-section-boxed elementor-section-height-default elementor-section-height-default\" data-id=\"a33f7c4\" data-element_type=\"section\" data-e-type=\"section\">\n\t\t\t\t\t\t<div class=\"elementor-container elementor-column-gap-default\">\n\t\t\t\t\t<div class=\"elementor-column elementor-col-100 elementor-top-column elementor-element elementor-element-f5116bb\" data-id=\"f5116bb\" data-element_type=\"column\" data-e-type=\"column\">\n\t\t\t<div class=\"elementor-widget-wrap elementor-element-populated\">\n\t\t\t\t\t\t<div class=\"elementor-element elementor-element-3bf4a2d elementor-widget elementor-widget-text-editor\" data-id=\"3bf4a2d\" data-element_type=\"widget\" data-e-type=\"widget\" data-widget_type=\"text-editor.default\">\n\t\t\t\t<div class=\"elementor-widget-container\">\n\t\t\t\t\t\t\t\t\t<p><span style=\"color: #000000\">El congreso pretende ser innovador en cuanto a las din\u00e1micas de presentaci\u00f3n y desarrollo de las diferentes ponencias. Se priorizar\u00e1n las mesas tem\u00e1ticas, de discusi\u00f3n y debate, sobre proyectos, actividades e iniciativas de los diferentes participantes y sus respectivas instituciones de pertenencia. Se dar\u00e1 tambi\u00e9n relevancia a los talleres pr\u00e1cticos en los que se facilitar\u00e1 la interacci\u00f3n con los asistentes.<\/span><\/p><p><span style=\"color: #000000\">Cuando hablamos de pensamiento cr\u00edtico y \u00e9tica sobre la Inteligencia Artificial nos referimos a aportar nuestras investigaciones y opiniones y a colaborar para construir entre todas y todos un ambiente seguro de trabajo en el que podamos aprovechar los beneficios de esta nueva tecnolog\u00eda emergente y conocer los riesgos a los que nos enfrentamos, de manera que consigamos avanzar en la docencia y beneficiar tambi\u00e9n al estudiantado.<\/span><\/p><p><span style=\"color: #000000\">Pretendemos, por lo tanto, que el di\u00e1logo sea el hilo conductor de las intervenciones.<\/span><\/p><p><span style=\"color: #000000\">El encuentro constar\u00e1 de ponencias invitadas, comunicaciones y mesas de di\u00e1logo, no solo del \u00e1mbito de la docencia, tambi\u00e9n de organismos oficiales que den voz a los temas relacionados con la inteligencia artificial en cualquier \u00e1mbito vinculado directa o indirectamente a la ense\u00f1anza de lenguas como veh\u00edculo de comunicaci\u00f3n, tales como el Banco Internacional de Desarrollo, la C\u00e1tedra UNESCO de Educaci\u00f3n y varias universidades europeas e internacionales, principalmente The University of West Indies. Participar\u00e1 tambi\u00e9n el Istituto Teseo de Salerno (Italia).<\/span><\/p><p><span style=\"color: #000000\">Idiomas oficiales: espa\u00f1ol, ingl\u00e9s e italiano\u00a0<\/span><\/p>\t\t\t\t\t\t\t\t<\/div>\n\t\t\t\t<\/div>\n\t\t\t\t\t<\/div>\n\t\t<\/div>\n\t\t\t\t\t<\/div>\n\t\t<\/section>\n\t\t\t\t<\/div>\n\t\t","protected":false},"excerpt":{"rendered":"<p>Participaci\u00f3n El congreso pretende ser innovador en cuanto a las din\u00e1micas de presentaci\u00f3n y desarrollo de las diferentes ponencias. Se priorizar\u00e1n las mesas tem\u00e1ticas, de discusi\u00f3n y debate, sobre proyectos, actividades e iniciativas de los diferentes participantes y sus respectivas instituciones de pertenencia. Se dar\u00e1 tambi\u00e9n relevancia a los talleres pr\u00e1cticos en los que se facilitar\u00e1 la interacci\u00f3n con los asistentes. Cuando hablamos de pensamiento cr\u00edtico y \u00e9tica sobre la Inteligencia Artificial nos referimos a aportar nuestras investigaciones y opiniones y a colaborar para construir entre todas y todos un ambiente seguro de trabajo en el que podamos aprovechar los beneficios de esta nueva tecnolog\u00eda emergente y conocer los riesgos a los que nos enfrentamos, de manera que consigamos avanzar en la docencia y beneficiar tambi\u00e9n al estudiantado. Pretendemos, por lo tanto, que el di\u00e1logo sea el hilo conductor de las intervenciones. El encuentro constar\u00e1 de ponencias invitadas, comunicaciones y&hellip;<\/p>\n<p> <a class=\"more-link\" href=\"https:\/\/blogs.uned.es\/rediceua\/participacion\/\">Leer m\u00e1s<\/a><\/p>\n","protected":false},"author":8075,"featured_media":0,"parent":0,"menu_order":0,"comment_status":"closed","ping_status":"closed","template":"","meta":{"footnotes":""},"class_list":["post-977","page","type-page","status-publish"],"_links":{"self":[{"href":"https:\/\/blogs.uned.es\/rediceua\/wp-json\/wp\/v2\/pages\/977","targetHints":{"allow":["GET"]}}],"collection":[{"href":"https:\/\/blogs.uned.es\/rediceua\/wp-json\/wp\/v2\/pages"}],"about":[{"href":"https:\/\/blogs.uned.es\/rediceua\/wp-json\/wp\/v2\/types\/page"}],"author":[{"embeddable":true,"href":"https:\/\/blogs.uned.es\/rediceua\/wp-json\/wp\/v2\/users\/8075"}],"replies":[{"embeddable":true,"href":"https:\/\/blogs.uned.es\/rediceua\/wp-json\/wp\/v2\/comments?post=977"}],"version-history":[{"count":16,"href":"https:\/\/blogs.uned.es\/rediceua\/wp-json\/wp\/v2\/pages\/977\/revisions"}],"predecessor-version":[{"id":2035,"href":"https:\/\/blogs.uned.es\/rediceua\/wp-json\/wp\/v2\/pages\/977\/revisions\/2035"}],"wp:attachment":[{"href":"https:\/\/blogs.uned.es\/rediceua\/wp-json\/wp\/v2\/media?parent=977"}],"curies":[{"name":"wp","href":"https:\/\/api.w.org\/{rel}","templated":true}]}}