{"id":905,"date":"2026-01-27T19:59:51","date_gmt":"2026-01-27T18:59:51","guid":{"rendered":"https:\/\/blogs.uned.es\/rediceua\/?page_id=905"},"modified":"2026-02-19T19:22:27","modified_gmt":"2026-02-19T18:22:27","slug":"llegar","status":"publish","type":"page","link":"https:\/\/blogs.uned.es\/rediceua\/llegar\/","title":{"rendered":"C\u00f3mo llegar"},"content":{"rendered":"\t\t<div data-elementor-type=\"wp-page\" data-elementor-id=\"905\" class=\"elementor elementor-905\">\n\t\t\t\t\t\t<section class=\"elementor-section elementor-top-section elementor-element elementor-element-1a17409 elementor-section-stretched elementor-section-height-min-height elementor-section-content-middle elementor-section-boxed elementor-section-height-default elementor-section-items-middle\" data-id=\"1a17409\" data-element_type=\"section\" data-e-type=\"section\" data-settings=\"{&quot;stretch_section&quot;:&quot;section-stretched&quot;,&quot;background_background&quot;:&quot;classic&quot;}\">\n\t\t\t\t\t\t<div class=\"elementor-container elementor-column-gap-default\">\n\t\t\t\t\t<div class=\"elementor-column elementor-col-100 elementor-top-column elementor-element elementor-element-ca323d7\" data-id=\"ca323d7\" data-element_type=\"column\" data-e-type=\"column\">\n\t\t\t<div class=\"elementor-widget-wrap elementor-element-populated\">\n\t\t\t\t\t\t<section class=\"elementor-section elementor-inner-section elementor-element elementor-element-dcda665 elementor-section-boxed elementor-section-height-default elementor-section-height-default\" data-id=\"dcda665\" data-element_type=\"section\" data-e-type=\"section\">\n\t\t\t\t\t\t<div class=\"elementor-container elementor-column-gap-default\">\n\t\t\t\t\t<div class=\"elementor-column elementor-col-100 elementor-inner-column elementor-element elementor-element-6b90ff0\" data-id=\"6b90ff0\" data-element_type=\"column\" data-e-type=\"column\">\n\t\t\t<div class=\"elementor-widget-wrap elementor-element-populated\">\n\t\t\t\t\t\t<div class=\"elementor-element elementor-element-e109f77 elementor-widget elementor-widget-heading\" data-id=\"e109f77\" data-element_type=\"widget\" data-e-type=\"widget\" data-widget_type=\"heading.default\">\n\t\t\t\t<div class=\"elementor-widget-container\">\n\t\t\t\t\t<h2 class=\"elementor-heading-title elementor-size-default\">C\u00f3mo llegar<\/h2>\t\t\t\t<\/div>\n\t\t\t\t<\/div>\n\t\t\t\t\t<\/div>\n\t\t<\/div>\n\t\t\t\t\t<\/div>\n\t\t<\/section>\n\t\t\t\t\t<\/div>\n\t\t<\/div>\n\t\t\t\t\t<\/div>\n\t\t<\/section>\n\t\t\t\t<section class=\"elementor-section elementor-top-section elementor-element elementor-element-8bfe923 elementor-section-boxed elementor-section-height-default elementor-section-height-default\" data-id=\"8bfe923\" data-element_type=\"section\" data-e-type=\"section\">\n\t\t\t\t\t\t<div class=\"elementor-container elementor-column-gap-default\">\n\t\t\t\t\t<div class=\"elementor-column elementor-col-100 elementor-top-column elementor-element elementor-element-99d4513\" data-id=\"99d4513\" data-element_type=\"column\" data-e-type=\"column\">\n\t\t\t<div class=\"elementor-widget-wrap elementor-element-populated\">\n\t\t\t\t\t\t<div class=\"elementor-element elementor-element-45c1871 elementor-widget elementor-widget-google_maps\" data-id=\"45c1871\" data-element_type=\"widget\" data-e-type=\"widget\" data-widget_type=\"google_maps.default\">\n\t\t\t\t<div class=\"elementor-widget-container\">\n\t\t\t\t\t\t\t<div class=\"elementor-custom-embed\">\n\t\t\t<iframe loading=\"lazy\"\n\t\t\t\t\tsrc=\"https:\/\/maps.google.com\/maps?q=Facultad%20de%20Filolog%C3%ADa%20Uned&#038;t=m&#038;z=16&#038;output=embed&#038;iwloc=near\"\n\t\t\t\t\ttitle=\"Facultad de Filolog\u00eda Uned\"\n\t\t\t\t\taria-label=\"Facultad de Filolog\u00eda Uned\"\n\t\t\t><\/iframe>\n\t\t<\/div>\n\t\t\t\t\t\t<\/div>\n\t\t\t\t<\/div>\n\t\t\t\t\t<\/div>\n\t\t<\/div>\n\t\t\t\t\t<\/div>\n\t\t<\/section>\n\t\t\t\t<section class=\"elementor-section elementor-top-section elementor-element elementor-element-98050fc elementor-section-stretched elementor-section-boxed elementor-section-height-default elementor-section-height-default\" data-id=\"98050fc\" data-element_type=\"section\" data-e-type=\"section\" data-settings=\"{&quot;stretch_section&quot;:&quot;section-stretched&quot;}\">\n\t\t\t\t\t\t<div class=\"elementor-container elementor-column-gap-default\">\n\t\t\t\t\t<div class=\"elementor-column elementor-col-100 elementor-top-column elementor-element elementor-element-f499131\" data-id=\"f499131\" data-element_type=\"column\" data-e-type=\"column\">\n\t\t\t<div class=\"elementor-widget-wrap elementor-element-populated\">\n\t\t\t\t\t\t<div class=\"elementor-element elementor-element-c3e86c8 elementor-widget elementor-widget-text-editor\" data-id=\"c3e86c8\" data-element_type=\"widget\" data-e-type=\"widget\" data-widget_type=\"text-editor.default\">\n\t\t\t\t<div class=\"elementor-widget-container\">\n\t\t\t\t\t\t\t\t\t<p><span style=\"font-weight: bold;color: #000000;font-family: -apple-system, BlinkMacSystemFont, 'Segoe UI', Roboto, Helvetica, Arial, sans-serif, sans-serif;font-size: 1.625em\">Direcci\u00f3n:<\/span><\/p><p><span style=\"color: #000000\"><b>Direcci\u00f3n:<\/b><\/span><br \/><span style=\"color: #000000\">Edificio de Humanidades &#8211; UNED<\/span><br \/><span style=\"color: #000000\">Paseo Senda del Rey, 7<\/span><br \/><span style=\"color: #000000\">28040 MADRID<\/span><\/p><p><span style=\"color: #000000\"><strong>Metro:<\/strong><\/span><br \/><span style=\"color: #000000\">Para llegar s\u00f3lo en metro, deber\u00e1 caminar entre 15 y 20 minutos. Las paradas m\u00e1s cercanas son Moncloa, Ciudad Universitaria y Pr\u00edncipe P\u00edo. (Referencia: Puente de los Franceses)<\/span><\/p><p><span style=\"color: #000000\"><strong>Comunicaciones desde Moncloa:<\/strong><\/span><br \/><span style=\"color: #000000\">AUTOB\u00daS 46: Parada Puente de los Franceses<\/span><br \/><span style=\"color: #000000\">AUTOB\u00daS 160,161, A: Parada Avda. de S\u00e9neca.<\/span><\/p><p><span style=\"color: #000000\"><strong>Comunicaciones desde Principe Pio:<\/strong><\/span><br \/><span style=\"color: #000000\">AUTOB\u00daS 46: Parada Senda del Rey &#8211; Obispo Trejo<\/span><\/p><p><span style=\"color: #000000\"><strong>Comunicaciones desde Ciudad Universitaria:<\/strong><\/span><br \/><span style=\"color: #000000\">AUTOB\u00daS U<\/span><\/p><div>\u00a0<\/div>\t\t\t\t\t\t\t\t<\/div>\n\t\t\t\t<\/div>\n\t\t\t\t\t<\/div>\n\t\t<\/div>\n\t\t\t\t\t<\/div>\n\t\t<\/section>\n\t\t\t\t<\/div>\n\t\t","protected":false},"excerpt":{"rendered":"<p>C\u00f3mo llegar Direcci\u00f3n: Direcci\u00f3n:Edificio de Humanidades &#8211; UNEDPaseo Senda del Rey, 728040 MADRID Metro:Para llegar s\u00f3lo en metro, deber\u00e1 caminar entre 15 y 20 minutos. Las paradas m\u00e1s cercanas son Moncloa, Ciudad Universitaria y Pr\u00edncipe P\u00edo. (Referencia: Puente de los Franceses) Comunicaciones desde Moncloa:AUTOB\u00daS 46: Parada Puente de los FrancesesAUTOB\u00daS 160,161, A: Parada Avda. de S\u00e9neca. Comunicaciones desde Principe Pio:AUTOB\u00daS 46: Parada Senda del Rey &#8211; Obispo Trejo Comunicaciones desde Ciudad Universitaria:AUTOB\u00daS U \u00a0<\/p>\n","protected":false},"author":8075,"featured_media":0,"parent":0,"menu_order":0,"comment_status":"closed","ping_status":"closed","template":"","meta":{"footnotes":""},"class_list":["post-905","page","type-page","status-publish"],"_links":{"self":[{"href":"https:\/\/blogs.uned.es\/rediceua\/wp-json\/wp\/v2\/pages\/905","targetHints":{"allow":["GET"]}}],"collection":[{"href":"https:\/\/blogs.uned.es\/rediceua\/wp-json\/wp\/v2\/pages"}],"about":[{"href":"https:\/\/blogs.uned.es\/rediceua\/wp-json\/wp\/v2\/types\/page"}],"author":[{"embeddable":true,"href":"https:\/\/blogs.uned.es\/rediceua\/wp-json\/wp\/v2\/users\/8075"}],"replies":[{"embeddable":true,"href":"https:\/\/blogs.uned.es\/rediceua\/wp-json\/wp\/v2\/comments?post=905"}],"version-history":[{"count":16,"href":"https:\/\/blogs.uned.es\/rediceua\/wp-json\/wp\/v2\/pages\/905\/revisions"}],"predecessor-version":[{"id":2059,"href":"https:\/\/blogs.uned.es\/rediceua\/wp-json\/wp\/v2\/pages\/905\/revisions\/2059"}],"wp:attachment":[{"href":"https:\/\/blogs.uned.es\/rediceua\/wp-json\/wp\/v2\/media?parent=905"}],"curies":[{"name":"wp","href":"https:\/\/api.w.org\/{rel}","templated":true}]}}