{"id":31,"date":"2019-10-09T10:31:23","date_gmt":"2019-10-09T08:31:23","guid":{"rendered":"http:\/\/blogs.uned.es\/rediceua\/?page_id=31"},"modified":"2026-04-12T09:21:44","modified_gmt":"2026-04-12T07:21:44","slug":"quienes","status":"publish","type":"page","link":"https:\/\/blogs.uned.es\/rediceua\/quienes\/","title":{"rendered":"Informaci\u00f3n"},"content":{"rendered":"\t\t<div data-elementor-type=\"wp-page\" data-elementor-id=\"31\" class=\"elementor elementor-31\">\n\t\t\t\t\t\t<section class=\"elementor-section elementor-top-section elementor-element elementor-element-323f72d elementor-section-stretched elementor-section-height-min-height elementor-section-content-middle elementor-section-boxed elementor-section-height-default elementor-section-items-middle\" data-id=\"323f72d\" data-element_type=\"section\" data-e-type=\"section\" data-settings=\"{&quot;stretch_section&quot;:&quot;section-stretched&quot;,&quot;background_background&quot;:&quot;classic&quot;}\">\n\t\t\t\t\t\t<div class=\"elementor-container elementor-column-gap-default\">\n\t\t\t\t\t<div class=\"elementor-column elementor-col-100 elementor-top-column elementor-element elementor-element-8292dc7\" data-id=\"8292dc7\" data-element_type=\"column\" data-e-type=\"column\">\n\t\t\t<div class=\"elementor-widget-wrap elementor-element-populated\">\n\t\t\t\t\t\t<section class=\"elementor-section elementor-inner-section elementor-element elementor-element-1bdd6da elementor-section-boxed elementor-section-height-default elementor-section-height-default\" data-id=\"1bdd6da\" data-element_type=\"section\" data-e-type=\"section\">\n\t\t\t\t\t\t<div class=\"elementor-container elementor-column-gap-default\">\n\t\t\t\t\t<div class=\"elementor-column elementor-col-100 elementor-inner-column elementor-element elementor-element-a8ac438\" data-id=\"a8ac438\" data-element_type=\"column\" data-e-type=\"column\">\n\t\t\t<div class=\"elementor-widget-wrap elementor-element-populated\">\n\t\t\t\t\t\t<div class=\"elementor-element elementor-element-e41b967 elementor-widget elementor-widget-heading\" data-id=\"e41b967\" data-element_type=\"widget\" data-e-type=\"widget\" data-widget_type=\"heading.default\">\n\t\t\t\t<div class=\"elementor-widget-container\">\n\t\t\t\t\t<h2 class=\"elementor-heading-title elementor-size-xxl\">Informaci\u00f3n<\/h2>\t\t\t\t<\/div>\n\t\t\t\t<\/div>\n\t\t\t\t\t<\/div>\n\t\t<\/div>\n\t\t\t\t\t<\/div>\n\t\t<\/section>\n\t\t\t\t\t<\/div>\n\t\t<\/div>\n\t\t\t\t\t<\/div>\n\t\t<\/section>\n\t\t\t\t<section class=\"elementor-section elementor-top-section elementor-element elementor-element-7dba139 elementor-section-boxed elementor-section-height-default elementor-section-height-default\" data-id=\"7dba139\" data-element_type=\"section\" data-e-type=\"section\">\n\t\t\t\t\t\t<div class=\"elementor-container elementor-column-gap-default\">\n\t\t\t\t\t<div class=\"elementor-column elementor-col-100 elementor-top-column elementor-element elementor-element-c671015\" data-id=\"c671015\" data-element_type=\"column\" data-e-type=\"column\">\n\t\t\t<div class=\"elementor-widget-wrap elementor-element-populated\">\n\t\t\t\t\t\t<div class=\"elementor-element elementor-element-74410b9 elementor-widget elementor-widget-heading\" data-id=\"74410b9\" data-element_type=\"widget\" data-e-type=\"widget\" data-widget_type=\"heading.default\">\n\t\t\t\t<div class=\"elementor-widget-container\">\n\t\t\t\t\t<h1 class=\"elementor-heading-title elementor-size-default\">Marco del encuentro<\/h1>\t\t\t\t<\/div>\n\t\t\t\t<\/div>\n\t\t\t\t<div class=\"elementor-element elementor-element-f954e42 elementor-widget elementor-widget-text-editor\" data-id=\"f954e42\" data-element_type=\"widget\" data-e-type=\"widget\" data-widget_type=\"text-editor.default\">\n\t\t\t\t<div class=\"elementor-widget-container\">\n\t\t\t\t\t\t\t\t\t<p class=\"wp-block-paragraph\" style=\"text-align: left\">El congreso pretende aunar los esfuerzos y resultados de las redes y proyectos de investigaci\u00f3n a los que est\u00e1n vinculados los organizadores y participantes, as\u00ed como las universidades e instituciones que los apoyan. En este caso, el encuentro se centrar\u00e1 en el \u00e1mbito acad\u00e9mico (ling\u00fc\u00edstico, sociocultural y educativo) relacionado con el progresivo desarrollo de la IAG y la transformaci\u00f3n que ya implica su uso y los avances que supondr\u00e1 su implementaci\u00f3n.<\/p><p class=\"wp-block-paragraph\">El congreso pretende ser el resultado de las investigaciones de los miembros de la Red de Investigaci\u00f3n Docente ICE\/UA-6194 de la Universidad de Alicante y del proyecto \u201cLa aplicaci\u00f3n del microaprendizaje para la adquisici\u00f3n del italiano como lengua extranjera a trav\u00e9s del uso adecuado de la Inteligencia Artificial Generativa\u201d de la Facultad de Filolog\u00eda de la UNED.<\/p><p class=\"wp-block-paragraph\">Proyecto I-ASES (aprendizaje de lenguas con inteligencia artificial para personas senior en zonas rurales). Se cuenta, adem\u00e1s, con el apoyo de otras universidades e instituciones de investigaci\u00f3n con proyectos internacionales propios.<\/p><p class=\"wp-block-paragraph\">El impacto del congreso en el \u00e1mbito acad\u00e9mico, sociocultural y educativo est\u00e1 estrechamente relacionado con el progresivo desarrollo de la IAG (inteligencia artificial generativa) y la transformaci\u00f3n que est\u00e1 suponiendo. Los resultados ser\u00e1n necesarios para los avances de la ling\u00fc\u00edstica aplicada y del \u00e1mbito educativo.<\/p>\t\t\t\t\t\t\t\t<\/div>\n\t\t\t\t<\/div>\n\t\t\t\t\t<\/div>\n\t\t<\/div>\n\t\t\t\t\t<\/div>\n\t\t<\/section>\n\t\t\t\t<section class=\"elementor-section elementor-top-section elementor-element elementor-element-b64eb82 elementor-section-boxed elementor-section-height-default elementor-section-height-default\" data-id=\"b64eb82\" data-element_type=\"section\" data-e-type=\"section\">\n\t\t\t\t\t\t<div class=\"elementor-container elementor-column-gap-default\">\n\t\t\t\t\t<div class=\"elementor-column elementor-col-100 elementor-top-column elementor-element elementor-element-430a040\" data-id=\"430a040\" data-element_type=\"column\" data-e-type=\"column\">\n\t\t\t<div class=\"elementor-widget-wrap elementor-element-populated\">\n\t\t\t\t\t\t<div class=\"elementor-element elementor-element-b66a848 elementor-widget elementor-widget-text-editor\" data-id=\"b66a848\" data-element_type=\"widget\" data-e-type=\"widget\" data-widget_type=\"text-editor.default\">\n\t\t\t\t<div class=\"elementor-widget-container\">\n\t\t\t\t\t\t\t\t\t<h3>Colaboraciones con instituciones nacionales<\/h3>\t\t\t\t\t\t\t\t<\/div>\n\t\t\t\t<\/div>\n\t\t\t\t<div class=\"elementor-element elementor-element-d9eabd6 elementor-widget elementor-widget-text-editor\" data-id=\"d9eabd6\" data-element_type=\"widget\" data-e-type=\"widget\" data-widget_type=\"text-editor.default\">\n\t\t\t\t<div class=\"elementor-widget-container\">\n\t\t\t\t\t\t\t\t\t<ul><li><span style=\"color: #000000\">C\u00e1tedra UNESCO de Educaci\u00f3n, Investigaci\u00f3n e Inclusi\u00f3n Digital<\/span><\/li><li><span style=\"color: #000000\">Universida<\/span><span style=\"color: #000000\">d<\/span><span style=\"color: #000000\"> de Alicante<\/span><\/li><li><span style=\"color: #000000\">C\u00e1tedra UNESCO UNED<\/span><\/li><li><span style=\"color: #000000\">Instituto Cervantes<\/span><\/li><li><span style=\"color: #000000\">CEFIRE (Centro de Formaci\u00f3n de profesores, Alicante, Comunidad Valenciana)<\/span><\/li><li><span style=\"color: #000000\">CFPA Sant Vicent Ferrer-Programa de Adultos<\/span><\/li><li><span style=\"color: #000000\">FECYT (Fundaci\u00f3n espa\u00f1ola para la Ciencia y la tecnolog\u00eda)<\/span><\/li><li><span style=\"color: #000000\">CSIC (Madrid)<\/span><\/li><li><span style=\"color: #000000\">Universidad de Almer\u00eda<\/span><\/li><li><span style=\"color: #000000\">Universidad de Burgos<\/span><\/li><li><span style=\"color: #000000\">Universidad de Castilla-La Mancha<\/span><\/li><li><span style=\"color: #000000\">Universidad de C\u00f3rdoba<\/span><\/li><li><span style=\"color: #000000\">Universidad de Granada<\/span><\/li><li><span style=\"color: #000000\">Universidad de Murcia<\/span><\/li><li><span style=\"color: #000000\">Universidad de Valencia<\/span><\/li><li><span style=\"color: #000000\">Universidad Pompeu Fabra (Barcelona).<\/span><\/li><\/ul>\t\t\t\t\t\t\t\t<\/div>\n\t\t\t\t<\/div>\n\t\t\t\t\t<\/div>\n\t\t<\/div>\n\t\t\t\t\t<\/div>\n\t\t<\/section>\n\t\t\t\t<section class=\"elementor-section elementor-top-section elementor-element elementor-element-ae20fa5 elementor-section-boxed elementor-section-height-default elementor-section-height-default\" data-id=\"ae20fa5\" data-element_type=\"section\" data-e-type=\"section\">\n\t\t\t\t\t\t<div class=\"elementor-container elementor-column-gap-default\">\n\t\t\t\t\t<div class=\"elementor-column elementor-col-100 elementor-top-column elementor-element elementor-element-5149c60\" data-id=\"5149c60\" data-element_type=\"column\" data-e-type=\"column\">\n\t\t\t<div class=\"elementor-widget-wrap elementor-element-populated\">\n\t\t\t\t\t\t<div class=\"elementor-element elementor-element-055613f elementor-widget elementor-widget-text-editor\" data-id=\"055613f\" data-element_type=\"widget\" data-e-type=\"widget\" data-widget_type=\"text-editor.default\">\n\t\t\t\t<div class=\"elementor-widget-container\">\n\t\t\t\t\t\t\t\t\t<h3>Colaboraciones con instituciones internacionales<\/h3>\t\t\t\t\t\t\t\t<\/div>\n\t\t\t\t<\/div>\n\t\t\t\t<div class=\"elementor-element elementor-element-4bee711 elementor-widget elementor-widget-text-editor\" data-id=\"4bee711\" data-element_type=\"widget\" data-e-type=\"widget\" data-widget_type=\"text-editor.default\">\n\t\t\t\t<div class=\"elementor-widget-container\">\n\t\t\t\t\t\t\t\t\t<ul><li><span style=\"color: #000000\">Inter-American Development Bank (IDB).<\/span><\/li><li><span style=\"color: #000000\">Naciones Unidas<\/span><\/li><li><span style=\"color: #000000\">Internacional Human-Centered AI Transformations from Common Ground Group<\/span><\/li><li><span style=\"color: #000000\">Universit\u00e0 Federico II, Napoli (Italia)<\/span><\/li><li><span style=\"color: #000000\">University of British Columbia, Vancouber (Canad\u00e1)<\/span><\/li><li><span style=\"color: #000000\">University of Columbia, New York (USA)<\/span><\/li><li><span style=\"color: #000000\">University of Grenoble-Alpes (Francia)<\/span><\/li><li><span style=\"color: #000000\">University of Leeds, Inglaterra (Reino Unido)<\/span><\/li><li><span style=\"color: #000000\">University of Northwestern, Illinois (USA)<\/span><\/li><li><span style=\"color: #000000\">University of Sydney (Australia)<\/span><\/li><li><span style=\"color: #000000\">University West of Indies, Cave Hill (Barbados)<\/span><\/li><li><span style=\"color: #000000\">Istituto Teseo de Salerno (Italia).<\/span><\/li><\/ul>\t\t\t\t\t\t\t\t<\/div>\n\t\t\t\t<\/div>\n\t\t\t\t\t<\/div>\n\t\t<\/div>\n\t\t\t\t\t<\/div>\n\t\t<\/section>\n\t\t\t\t<\/div>\n\t\t","protected":false},"excerpt":{"rendered":"<p>Informaci\u00f3n Marco del encuentro El congreso pretende aunar los esfuerzos y resultados de las redes y proyectos de investigaci\u00f3n a los que est\u00e1n vinculados los organizadores y participantes, as\u00ed como las universidades e instituciones que los apoyan. En este caso, el encuentro se centrar\u00e1 en el \u00e1mbito acad\u00e9mico (ling\u00fc\u00edstico, sociocultural y educativo) relacionado con el progresivo desarrollo de la IAG y la transformaci\u00f3n que ya implica su uso y los avances que supondr\u00e1 su implementaci\u00f3n. El congreso pretende ser el resultado de las investigaciones de los miembros de la Red de Investigaci\u00f3n Docente ICE\/UA-6194 de la Universidad de Alicante y del proyecto \u201cLa aplicaci\u00f3n del microaprendizaje para la adquisici\u00f3n del italiano como lengua extranjera a trav\u00e9s del uso adecuado de la Inteligencia Artificial Generativa\u201d de la Facultad de Filolog\u00eda de la UNED. Proyecto I-ASES (aprendizaje de lenguas con inteligencia artificial para personas senior en zonas rurales). Se cuenta, adem\u00e1s, con&hellip;<\/p>\n<p> <a class=\"more-link\" href=\"https:\/\/blogs.uned.es\/rediceua\/quienes\/\">Leer m\u00e1s<\/a><\/p>\n","protected":false},"author":1,"featured_media":0,"parent":0,"menu_order":0,"comment_status":"closed","ping_status":"closed","template":"","meta":{"footnotes":""},"class_list":["post-31","page","type-page","status-publish"],"_links":{"self":[{"href":"https:\/\/blogs.uned.es\/rediceua\/wp-json\/wp\/v2\/pages\/31","targetHints":{"allow":["GET"]}}],"collection":[{"href":"https:\/\/blogs.uned.es\/rediceua\/wp-json\/wp\/v2\/pages"}],"about":[{"href":"https:\/\/blogs.uned.es\/rediceua\/wp-json\/wp\/v2\/types\/page"}],"author":[{"embeddable":true,"href":"https:\/\/blogs.uned.es\/rediceua\/wp-json\/wp\/v2\/users\/1"}],"replies":[{"embeddable":true,"href":"https:\/\/blogs.uned.es\/rediceua\/wp-json\/wp\/v2\/comments?post=31"}],"version-history":[{"count":45,"href":"https:\/\/blogs.uned.es\/rediceua\/wp-json\/wp\/v2\/pages\/31\/revisions"}],"predecessor-version":[{"id":2515,"href":"https:\/\/blogs.uned.es\/rediceua\/wp-json\/wp\/v2\/pages\/31\/revisions\/2515"}],"wp:attachment":[{"href":"https:\/\/blogs.uned.es\/rediceua\/wp-json\/wp\/v2\/media?parent=31"}],"curies":[{"name":"wp","href":"https:\/\/api.w.org\/{rel}","templated":true}]}}