{"id":2293,"date":"2026-03-04T04:52:59","date_gmt":"2026-03-04T03:52:59","guid":{"rendered":"https:\/\/blogs.uned.es\/rediceua\/?page_id=2293"},"modified":"2026-03-04T06:04:00","modified_gmt":"2026-03-04T05:04:00","slug":"presentacion-para-el-congreso","status":"publish","type":"page","link":"https:\/\/blogs.uned.es\/rediceua\/presentacion-para-el-congreso\/","title":{"rendered":"Presentaci\u00f3n para el congreso"},"content":{"rendered":"\t\t<div data-elementor-type=\"wp-page\" data-elementor-id=\"2293\" class=\"elementor elementor-2293\">\n\t\t\t\t\t\t<section class=\"elementor-section elementor-top-section elementor-element elementor-element-c5d925a elementor-section-stretched elementor-section-height-min-height elementor-section-content-middle elementor-section-boxed elementor-section-height-default elementor-section-items-middle\" data-id=\"c5d925a\" data-element_type=\"section\" data-e-type=\"section\" data-settings=\"{&quot;stretch_section&quot;:&quot;section-stretched&quot;,&quot;background_background&quot;:&quot;gradient&quot;}\">\n\t\t\t\t\t\t<div class=\"elementor-container elementor-column-gap-default\">\n\t\t\t\t\t<div class=\"elementor-column elementor-col-100 elementor-top-column elementor-element elementor-element-0ace82a\" data-id=\"0ace82a\" data-element_type=\"column\" data-e-type=\"column\">\n\t\t\t<div class=\"elementor-widget-wrap elementor-element-populated\">\n\t\t\t\t\t\t<section class=\"elementor-section elementor-inner-section elementor-element elementor-element-fdfcd46 elementor-section-boxed elementor-section-height-default elementor-section-height-default\" data-id=\"fdfcd46\" data-element_type=\"section\" data-e-type=\"section\">\n\t\t\t\t\t\t<div class=\"elementor-container elementor-column-gap-default\">\n\t\t\t\t\t<div class=\"elementor-column elementor-col-100 elementor-inner-column elementor-element elementor-element-10ed2dc\" data-id=\"10ed2dc\" data-element_type=\"column\" data-e-type=\"column\">\n\t\t\t<div class=\"elementor-widget-wrap elementor-element-populated\">\n\t\t\t\t\t\t<div class=\"elementor-element elementor-element-5077377 elementor-widget elementor-widget-heading\" data-id=\"5077377\" data-element_type=\"widget\" data-e-type=\"widget\" data-widget_type=\"heading.default\">\n\t\t\t\t<div class=\"elementor-widget-container\">\n\t\t\t\t\t<h2 class=\"elementor-heading-title elementor-size-xxl\">Presentaci\u00f3n para el congreso<\/h2>\t\t\t\t<\/div>\n\t\t\t\t<\/div>\n\t\t\t\t\t<\/div>\n\t\t<\/div>\n\t\t\t\t\t<\/div>\n\t\t<\/section>\n\t\t\t\t\t<\/div>\n\t\t<\/div>\n\t\t\t\t\t<\/div>\n\t\t<\/section>\n\t\t\t\t<section class=\"elementor-section elementor-top-section elementor-element elementor-element-f7fb29a elementor-section-boxed elementor-section-height-default elementor-section-height-default\" data-id=\"f7fb29a\" data-element_type=\"section\" data-e-type=\"section\">\n\t\t\t\t\t\t<div class=\"elementor-container elementor-column-gap-default\">\n\t\t\t\t\t<div class=\"elementor-column elementor-col-100 elementor-top-column elementor-element elementor-element-66a9ded\" data-id=\"66a9ded\" data-element_type=\"column\" data-e-type=\"column\">\n\t\t\t<div class=\"elementor-widget-wrap elementor-element-populated\">\n\t\t\t\t\t\t<div class=\"elementor-element elementor-element-528345c elementor-widget elementor-widget-text-editor\" data-id=\"528345c\" data-element_type=\"widget\" data-e-type=\"widget\" data-widget_type=\"text-editor.default\">\n\t\t\t\t<div class=\"elementor-widget-container\">\n\t\t\t\t\t\t\t\t\t<p><strong>Con el fin de facilitar la correcta organizaci\u00f3n de las mesas de debate y discusi\u00f3n, rogamos que suban sus presentaciones a este espacio.\u00a0<\/strong><\/p><h5 style=\"text-align: center\">\ud83d\udd17\u00a0<a href=\"https:\/\/blogs.uned.es\/rediceua\/wp-content\/uploads\/sites\/623\/2026\/03\/UNED-PPT-Pantilla-final.pptx\">Plantilla para presentaciones<\/a><\/h5>\t\t\t\t\t\t\t\t<\/div>\n\t\t\t\t<\/div>\n\t\t\t\t\t<\/div>\n\t\t<\/div>\n\t\t\t\t\t<\/div>\n\t\t<\/section>\n\t\t\t\t<section class=\"elementor-section elementor-top-section elementor-element elementor-element-4099d3c elementor-section-boxed elementor-section-height-default elementor-section-height-default\" data-id=\"4099d3c\" data-element_type=\"section\" data-e-type=\"section\">\n\t\t\t\t\t\t<div class=\"elementor-container elementor-column-gap-default\">\n\t\t\t\t\t<div class=\"elementor-column elementor-col-100 elementor-top-column elementor-element elementor-element-682118e\" data-id=\"682118e\" data-element_type=\"column\" data-e-type=\"column\">\n\t\t\t<div class=\"elementor-widget-wrap elementor-element-populated\">\n\t\t\t\t\t\t<div class=\"elementor-element elementor-element-3148f69 acfe-contact-form-align-default acfe-contact-form-btn-align-default elementor-widget elementor-widget-acfe-contact-form\" data-id=\"3148f69\" data-element_type=\"widget\" data-e-type=\"widget\" data-widget_type=\"acfe-contact-form.default\">\n\t\t\t\t<div class=\"elementor-widget-container\">\n\t\t\t\t\t\n\n\t\t\t<div class=\"acfe-contact-form-container\">\n\t\t\t\n<div class=\"wpcf7 no-js\" id=\"wpcf7-f2307-o1\" lang=\"es-ES\" dir=\"ltr\" data-wpcf7-id=\"2307\">\n<div class=\"screen-reader-response\"><p role=\"status\" aria-live=\"polite\" aria-atomic=\"true\"><\/p> <ul><\/ul><\/div>\n<form action=\"\/rediceua\/wp-json\/wp\/v2\/pages\/2293#wpcf7-f2307-o1\" method=\"post\" class=\"wpcf7-form init\" aria-label=\"Formulario de contacto\" enctype=\"multipart\/form-data\" novalidate=\"novalidate\" data-status=\"init\">\n<fieldset class=\"hidden-fields-container\"><input type=\"hidden\" name=\"_wpcf7\" value=\"2307\" \/><input type=\"hidden\" name=\"_wpcf7_version\" value=\"6.1.5\" \/><input type=\"hidden\" name=\"_wpcf7_locale\" value=\"es_ES\" \/><input type=\"hidden\" name=\"_wpcf7_unit_tag\" value=\"wpcf7-f2307-o1\" \/><input type=\"hidden\" name=\"_wpcf7_container_post\" value=\"0\" \/><input type=\"hidden\" name=\"_wpcf7_posted_data_hash\" value=\"\" \/>\n<\/fieldset>\n<p><label> Nombre y apellidos (Obligatorio)<br \/>\n<span class=\"wpcf7-form-control-wrap\" data-name=\"your-name\"><input size=\"40\" maxlength=\"400\" class=\"wpcf7-form-control wpcf7-text wpcf7-validates-as-required\" autocomplete=\"name\" aria-required=\"true\" aria-invalid=\"false\" value=\"\" type=\"text\" name=\"your-name\" \/><\/span> <\/label>\n<\/p>\n<p><label> Tu correo electr\u00f3nico (Obligatorio)<br \/>\n<span class=\"wpcf7-form-control-wrap\" data-name=\"your-email\"><input size=\"40\" maxlength=\"400\" class=\"wpcf7-form-control wpcf7-email wpcf7-validates-as-required wpcf7-text wpcf7-validates-as-email\" autocomplete=\"email\" aria-required=\"true\" aria-invalid=\"false\" value=\"\" type=\"email\" name=\"your-email\" \/><\/span> <\/label>\n<\/p>\n<p><label> Nombre de ponencia (Obligatorio)<br \/>\n<span class=\"wpcf7-form-control-wrap\" data-name=\"your-subject\"><input size=\"40\" maxlength=\"400\" class=\"wpcf7-form-control wpcf7-text wpcf7-validates-as-required\" aria-required=\"true\" aria-invalid=\"false\" value=\"\" type=\"text\" name=\"your-subject\" \/><\/span> <\/label>\n<\/p>\n<p><label> Tipo de ponencia (Obligatorio) <span class=\"wpcf7-form-control-wrap\" data-name=\"radio-953\"><span class=\"wpcf7-form-control wpcf7-radio Tipo de poencia\"><span class=\"wpcf7-list-item first\"><label><input type=\"radio\" name=\"radio-953\" value=\"Mesas tem\u00e1ticas\" \/><span class=\"wpcf7-list-item-label\">Mesas tem\u00e1ticas<\/span><\/label><\/span><span class=\"wpcf7-list-item\"><label><input type=\"radio\" name=\"radio-953\" value=\"Ponencia de 20 minutos\" \/><span class=\"wpcf7-list-item-label\">Ponencia de 20 minutos<\/span><\/label><\/span><span class=\"wpcf7-list-item last\"><label><input type=\"radio\" name=\"radio-953\" value=\"Ponencias invitadas\" \/><span class=\"wpcf7-list-item-label\">Ponencias invitadas<\/span><\/label><\/span><\/span><\/span> <\/label>\n<\/p>\n<p><label> Adjunta la presentaci\u00f3n de tu ponencia (Formatos admitidos: PDF, .docx, .ppt, .pptx) (Obligatorio)<br \/>\n<\/label><span class=\"wpcf7-form-control-wrap\" data-name=\"file-698\"><input size=\"40\" class=\"wpcf7-form-control wpcf7-file wpcf7-validates-as-required\" accept=\"audio\/*,video\/*,image\/*\" aria-required=\"true\" aria-invalid=\"false\" type=\"file\" name=\"file-698\" \/><\/span>\n<\/p>\n<p><input class=\"wpcf7-form-control wpcf7-submit has-spinner\" type=\"submit\" value=\"Enviar\" \/>\n<\/p><p style=\"display: none !important;\" class=\"akismet-fields-container\" data-prefix=\"_wpcf7_ak_\"><label>&#916;<textarea name=\"_wpcf7_ak_hp_textarea\" cols=\"45\" rows=\"8\" maxlength=\"100\"><\/textarea><\/label><input type=\"hidden\" id=\"ak_js_1\" name=\"_wpcf7_ak_js\" value=\"110\"\/><script>document.getElementById( \"ak_js_1\" ).setAttribute( \"value\", ( new Date() ).getTime() );<\/script><\/p><div class=\"wpcf7-response-output\" aria-hidden=\"true\"><\/div>\n<\/form>\n<\/div>\n\t\t<\/div>\n\t\n\t\t\t\t\t<\/div>\n\t\t\t\t<\/div>\n\t\t\t\t<div class=\"elementor-element elementor-element-ac2f157 elementor-widget elementor-widget-text-editor\" data-id=\"ac2f157\" data-element_type=\"widget\" data-e-type=\"widget\" data-widget_type=\"text-editor.default\">\n\t\t\t\t<div class=\"elementor-widget-container\">\n\t\t\t\t\t\t\t\t\t<p><strong>Fecha l\u00edmite para subir las presentaciones: 30 de septiembre de 2026<\/strong><\/p>\t\t\t\t\t\t\t\t<\/div>\n\t\t\t\t<\/div>\n\t\t\t\t\t<\/div>\n\t\t<\/div>\n\t\t\t\t\t<\/div>\n\t\t<\/section>\n\t\t\t\t<\/div>\n\t\t","protected":false},"excerpt":{"rendered":"<p>Presentaci\u00f3n para el congreso Con el fin de facilitar la correcta organizaci\u00f3n de las mesas de debate y discusi\u00f3n, rogamos que suban sus presentaciones a este espacio.\u00a0 \ud83d\udd17\u00a0Plantilla para presentaciones Nombre y apellidos (Obligatorio) Tu correo electr\u00f3nico (Obligatorio) Nombre de ponencia (Obligatorio) Tipo de ponencia (Obligatorio) Mesas tem\u00e1ticasPonencia de 20 minutosPonencias invitadas Adjunta la presentaci\u00f3n de tu ponencia (Formatos admitidos: PDF, .docx, .ppt, .pptx) (Obligatorio) &#916; Fecha l\u00edmite para subir las presentaciones: 30 de septiembre de 2026<\/p>\n","protected":false},"author":8071,"featured_media":0,"parent":0,"menu_order":0,"comment_status":"closed","ping_status":"closed","template":"","meta":{"footnotes":""},"class_list":["post-2293","page","type-page","status-publish"],"_links":{"self":[{"href":"https:\/\/blogs.uned.es\/rediceua\/wp-json\/wp\/v2\/pages\/2293","targetHints":{"allow":["GET"]}}],"collection":[{"href":"https:\/\/blogs.uned.es\/rediceua\/wp-json\/wp\/v2\/pages"}],"about":[{"href":"https:\/\/blogs.uned.es\/rediceua\/wp-json\/wp\/v2\/types\/page"}],"author":[{"embeddable":true,"href":"https:\/\/blogs.uned.es\/rediceua\/wp-json\/wp\/v2\/users\/8071"}],"replies":[{"embeddable":true,"href":"https:\/\/blogs.uned.es\/rediceua\/wp-json\/wp\/v2\/comments?post=2293"}],"version-history":[{"count":22,"href":"https:\/\/blogs.uned.es\/rediceua\/wp-json\/wp\/v2\/pages\/2293\/revisions"}],"predecessor-version":[{"id":2397,"href":"https:\/\/blogs.uned.es\/rediceua\/wp-json\/wp\/v2\/pages\/2293\/revisions\/2397"}],"wp:attachment":[{"href":"https:\/\/blogs.uned.es\/rediceua\/wp-json\/wp\/v2\/media?parent=2293"}],"curies":[{"name":"wp","href":"https:\/\/api.w.org\/{rel}","templated":true}]}}