{"id":1607,"date":"2026-02-16T10:35:52","date_gmt":"2026-02-16T09:35:52","guid":{"rendered":"https:\/\/blogs.uned.es\/rediceua\/?page_id=1607"},"modified":"2026-02-17T06:55:52","modified_gmt":"2026-02-17T05:55:52","slug":"comite-cientifico-2","status":"publish","type":"page","link":"https:\/\/blogs.uned.es\/rediceua\/comite-cientifico-2\/","title":{"rendered":"Comit\u00e9 cient\u00edfico"},"content":{"rendered":"\t\t<div data-elementor-type=\"wp-page\" data-elementor-id=\"1607\" class=\"elementor elementor-1607\">\n\t\t\t\t\t\t<section class=\"elementor-section elementor-top-section elementor-element elementor-element-26f0dbd elementor-section-stretched elementor-section-full_width elementor-section-height-min-height elementor-section-height-default elementor-section-items-middle\" data-id=\"26f0dbd\" data-element_type=\"section\" data-e-type=\"section\" data-settings=\"{&quot;stretch_section&quot;:&quot;section-stretched&quot;,&quot;background_background&quot;:&quot;classic&quot;}\">\n\t\t\t\t\t\t<div class=\"elementor-container elementor-column-gap-default\">\n\t\t\t\t\t<div class=\"elementor-column elementor-col-100 elementor-top-column elementor-element elementor-element-cbd8f12\" data-id=\"cbd8f12\" data-element_type=\"column\" data-e-type=\"column\">\n\t\t\t<div class=\"elementor-widget-wrap elementor-element-populated\">\n\t\t\t\t\t\t<section class=\"elementor-section elementor-inner-section elementor-element elementor-element-bd874ea elementor-section-boxed elementor-section-height-default elementor-section-height-default\" data-id=\"bd874ea\" data-element_type=\"section\" data-e-type=\"section\">\n\t\t\t\t\t\t<div class=\"elementor-container elementor-column-gap-default\">\n\t\t\t\t\t<div class=\"elementor-column elementor-col-100 elementor-inner-column elementor-element elementor-element-e1e9ef2\" data-id=\"e1e9ef2\" data-element_type=\"column\" data-e-type=\"column\">\n\t\t\t<div class=\"elementor-widget-wrap elementor-element-populated\">\n\t\t\t\t\t\t<div class=\"elementor-element elementor-element-e0796b7 elementor-widget elementor-widget-heading\" data-id=\"e0796b7\" data-element_type=\"widget\" data-e-type=\"widget\" data-widget_type=\"heading.default\">\n\t\t\t\t<div class=\"elementor-widget-container\">\n\t\t\t\t\t<h2 class=\"elementor-heading-title elementor-size-default\">Comit\u00e9 cient\u00edfico<\/h2>\t\t\t\t<\/div>\n\t\t\t\t<\/div>\n\t\t\t\t\t<\/div>\n\t\t<\/div>\n\t\t\t\t\t<\/div>\n\t\t<\/section>\n\t\t\t\t\t<\/div>\n\t\t<\/div>\n\t\t\t\t\t<\/div>\n\t\t<\/section>\n\t\t\t\t<section class=\"elementor-section elementor-top-section elementor-element elementor-element-aab34f5 elementor-section-boxed elementor-section-height-default elementor-section-height-default\" data-id=\"aab34f5\" data-element_type=\"section\" data-e-type=\"section\">\n\t\t\t\t\t\t<div class=\"elementor-container elementor-column-gap-default\">\n\t\t\t\t\t<div class=\"elementor-column elementor-col-100 elementor-top-column elementor-element elementor-element-13ae781\" data-id=\"13ae781\" data-element_type=\"column\" data-e-type=\"column\">\n\t\t\t<div class=\"elementor-widget-wrap elementor-element-populated\">\n\t\t\t\t\t\t<div class=\"elementor-element elementor-element-6768f18 elementor-widget elementor-widget-text-editor\" data-id=\"6768f18\" data-element_type=\"widget\" data-e-type=\"widget\" data-widget_type=\"text-editor.default\">\n\t\t\t\t<div class=\"elementor-widget-container\">\n\t\t\t\t\t\t\t\t\t<p>Antonio Garc\u00eda G\u00f3mez (Catedr\u00e1tico UAH)<br>Monserrat L\u00f3pez-M\u00fajica (UAH)<br>Ingrid Mosquera Gende (UNIR)<br>Isabel Dans de Sotomayor (USC)<br>Stefano Amodio (SSML Salerno)<br>Elena B\u00e1rcena Madera (Catedr\u00e1tica UNED)<br>Mar\u00eda Dolores Castrillo de Larreta-Azelain (UNED)<br>Alberto And\u00fajar Vaca (Universidad de Almer\u00eda)<br>Elena Mart\u00edn Monje (UNED)<br>Jorge Ar\u00fas Hita (UCM)<br>Jos\u00e9 Luis Calvo (UNED)<br>Blanca Garc\u00eda Riaza (USAL)<br>Mercedes Sanz Gil (Universitat Jaume I)<br>Mar\u00eda Goicoechea (UCM)<br>Antonio Pareja Lora (UAH)<br>Tamara Garc\u00eda Vidal (UNED)<br>Timothy Martin Read (UNED)<br>Cristina Calle Mart\u00ednez (UCM)<br>Rosabel Roig Vila (UA)<br>Isabel G\u00f3mez Trigueros (UA)<br>Mar\u00eda Tabuenca Cuenca (UA)<br>Jos\u00e9 Rovira Collado (UA)<br>M\u00f3nica Ruiz Ba\u00f1uls (UA)<br>Delf\u00edn Ortega S\u00e1nchez (Catedr\u00e1tico Universidad de Burgos)<br>Jos\u00e9 Manuel de Amo S\u00e1nchez-Fort\u00fan (Catedr\u00e1tico Universidad de Almer\u00eda)<br>Pere Marqu\u00e8s Graells (DIM-EDU)<br>Sebasti\u00e1n Reyes Alvarado (Catedr\u00e1tico ISAE Universidad de Panam\u00e1)<br>Jos\u00e9 Luis Ortega (Catedr\u00e1tico Universidad de Granada)<br>Irene Romera Pintor (Catedr\u00e1tica UV)<\/p>\t\t\t\t\t\t\t\t<\/div>\n\t\t\t\t<\/div>\n\t\t\t\t\t<\/div>\n\t\t<\/div>\n\t\t\t\t\t<\/div>\n\t\t<\/section>\n\t\t\t\t<\/div>\n\t\t","protected":false},"excerpt":{"rendered":"<p>Comit\u00e9 cient\u00edfico Antonio Garc\u00eda G\u00f3mez (Catedr\u00e1tico UAH)Monserrat L\u00f3pez-M\u00fajica (UAH)Ingrid Mosquera Gende (UNIR)Isabel Dans de Sotomayor (USC)Stefano Amodio (SSML Salerno)Elena B\u00e1rcena Madera (Catedr\u00e1tica UNED)Mar\u00eda Dolores Castrillo de Larreta-Azelain (UNED)Alberto And\u00fajar Vaca (Universidad de Almer\u00eda)Elena Mart\u00edn Monje (UNED)Jorge Ar\u00fas Hita (UCM)Jos\u00e9 Luis Calvo (UNED)Blanca Garc\u00eda Riaza (USAL)Mercedes Sanz Gil (Universitat Jaume I)Mar\u00eda Goicoechea (UCM)Antonio Pareja Lora (UAH)Tamara Garc\u00eda Vidal (UNED)Timothy Martin Read (UNED)Cristina Calle Mart\u00ednez (UCM)Rosabel Roig Vila (UA)Isabel G\u00f3mez Trigueros (UA)Mar\u00eda Tabuenca Cuenca (UA)Jos\u00e9 Rovira Collado (UA)M\u00f3nica Ruiz Ba\u00f1uls (UA)Delf\u00edn Ortega S\u00e1nchez (Catedr\u00e1tico Universidad de Burgos)Jos\u00e9 Manuel de Amo S\u00e1nchez-Fort\u00fan (Catedr\u00e1tico Universidad de Almer\u00eda)Pere Marqu\u00e8s Graells (DIM-EDU)Sebasti\u00e1n Reyes Alvarado (Catedr\u00e1tico ISAE Universidad de Panam\u00e1)Jos\u00e9 Luis Ortega (Catedr\u00e1tico Universidad de Granada)Irene Romera Pintor (Catedr\u00e1tica UV)<\/p>\n","protected":false},"author":8071,"featured_media":0,"parent":0,"menu_order":0,"comment_status":"closed","ping_status":"closed","template":"","meta":{"footnotes":""},"class_list":["post-1607","page","type-page","status-publish"],"_links":{"self":[{"href":"https:\/\/blogs.uned.es\/rediceua\/wp-json\/wp\/v2\/pages\/1607","targetHints":{"allow":["GET"]}}],"collection":[{"href":"https:\/\/blogs.uned.es\/rediceua\/wp-json\/wp\/v2\/pages"}],"about":[{"href":"https:\/\/blogs.uned.es\/rediceua\/wp-json\/wp\/v2\/types\/page"}],"author":[{"embeddable":true,"href":"https:\/\/blogs.uned.es\/rediceua\/wp-json\/wp\/v2\/users\/8071"}],"replies":[{"embeddable":true,"href":"https:\/\/blogs.uned.es\/rediceua\/wp-json\/wp\/v2\/comments?post=1607"}],"version-history":[{"count":10,"href":"https:\/\/blogs.uned.es\/rediceua\/wp-json\/wp\/v2\/pages\/1607\/revisions"}],"predecessor-version":[{"id":1965,"href":"https:\/\/blogs.uned.es\/rediceua\/wp-json\/wp\/v2\/pages\/1607\/revisions\/1965"}],"wp:attachment":[{"href":"https:\/\/blogs.uned.es\/rediceua\/wp-json\/wp\/v2\/media?parent=1607"}],"curies":[{"name":"wp","href":"https:\/\/api.w.org\/{rel}","templated":true}]}}