{"id":1519,"date":"2026-02-16T07:00:31","date_gmt":"2026-02-16T06:00:31","guid":{"rendered":"https:\/\/blogs.uned.es\/rediceua\/?page_id=1519"},"modified":"2026-02-16T17:17:17","modified_gmt":"2026-02-16T16:17:17","slug":"comite-de-apoyo","status":"publish","type":"page","link":"https:\/\/blogs.uned.es\/rediceua\/comite-de-apoyo\/","title":{"rendered":"Comit\u00e9 de apoyo"},"content":{"rendered":"\t\t<div data-elementor-type=\"wp-page\" data-elementor-id=\"1519\" class=\"elementor elementor-1519\">\n\t\t\t\t\t\t<section class=\"elementor-section elementor-top-section elementor-element elementor-element-f92e62c elementor-section-stretched elementor-section-height-min-height elementor-section-content-middle elementor-section-boxed elementor-section-height-default elementor-section-items-middle\" data-id=\"f92e62c\" data-element_type=\"section\" data-e-type=\"section\" data-settings=\"{&quot;stretch_section&quot;:&quot;section-stretched&quot;,&quot;background_background&quot;:&quot;gradient&quot;}\">\n\t\t\t\t\t\t<div class=\"elementor-container elementor-column-gap-default\">\n\t\t\t\t\t<div class=\"elementor-column elementor-col-100 elementor-top-column elementor-element elementor-element-34ddc4c\" data-id=\"34ddc4c\" data-element_type=\"column\" data-e-type=\"column\">\n\t\t\t<div class=\"elementor-widget-wrap elementor-element-populated\">\n\t\t\t\t\t\t<section class=\"elementor-section elementor-inner-section elementor-element elementor-element-0e1f338 elementor-section-boxed elementor-section-height-default elementor-section-height-default\" data-id=\"0e1f338\" data-element_type=\"section\" data-e-type=\"section\">\n\t\t\t\t\t\t<div class=\"elementor-container elementor-column-gap-default\">\n\t\t\t\t\t<div class=\"elementor-column elementor-col-100 elementor-inner-column elementor-element elementor-element-c2f68ff\" data-id=\"c2f68ff\" data-element_type=\"column\" data-e-type=\"column\">\n\t\t\t<div class=\"elementor-widget-wrap elementor-element-populated\">\n\t\t\t\t\t\t<div class=\"elementor-element elementor-element-0119519 elementor-widget__width-initial elementor-widget elementor-widget-heading\" data-id=\"0119519\" data-element_type=\"widget\" data-e-type=\"widget\" data-widget_type=\"heading.default\">\n\t\t\t\t<div class=\"elementor-widget-container\">\n\t\t\t\t\t<h2 class=\"elementor-heading-title elementor-size-xxl\">Comit\u00e9 de apoyo<\/h2>\t\t\t\t<\/div>\n\t\t\t\t<\/div>\n\t\t\t\t\t<\/div>\n\t\t<\/div>\n\t\t\t\t\t<\/div>\n\t\t<\/section>\n\t\t\t\t\t<\/div>\n\t\t<\/div>\n\t\t\t\t\t<\/div>\n\t\t<\/section>\n\t\t\t\t<section class=\"elementor-section elementor-top-section elementor-element elementor-element-782643f elementor-section-boxed elementor-section-height-default elementor-section-height-default\" data-id=\"782643f\" data-element_type=\"section\" data-e-type=\"section\">\n\t\t\t\t\t\t<div class=\"elementor-container elementor-column-gap-default\">\n\t\t\t\t\t<div class=\"elementor-column elementor-col-100 elementor-top-column elementor-element elementor-element-5d5fe39\" data-id=\"5d5fe39\" data-element_type=\"column\" data-e-type=\"column\">\n\t\t\t<div class=\"elementor-widget-wrap elementor-element-populated\">\n\t\t\t\t\t\t<div class=\"elementor-element elementor-element-ebe747f elementor-widget elementor-widget-text-editor\" data-id=\"ebe747f\" data-element_type=\"widget\" data-e-type=\"widget\" data-widget_type=\"text-editor.default\">\n\t\t\t\t<div class=\"elementor-widget-container\">\n\t\t\t\t\t\t\t\t\t<div>Lidia Mart\u00ed Barch\u00edn (UA)<br \/>Antonio Mart\u00ednez Gonz\u00e1lez (Gabo-UA)<br \/>Mar\u00eda Ribes Lafoz (UA)<br \/>Celia Castrill\u00f3n Villarrubia (University of Heidelberg)<br \/><b>RED\/ICE 6194:<\/b> Jose Luis Medina Gracia; Miguel Marcos Chanca; Roser Noguer Mas; Leyre Alejaldre Biel; Margarita Asensio Pastor; Juana Mar\u00eda Blanco Fern\u00e1ndez; Mar\u00eda Lourdes Diaz Rodr\u00edguez; Maravillas G\u00f3mez Soriano; Mar\u00eda Luisa Rodr\u00edguez Mu\u00f1oz (UCO); Macarena Jim\u00e9nez Ortiz (University of Sydney); Laura Su\u00e1rez (University of Grenoble-Francia); Natasha Leal Rivas (Universit\u00e0 degli Studi di Napoli Federico II);\u00a0 Antonio Mart\u00ednez Arboleda (University of Leeds).<\/div>\t\t\t\t\t\t\t\t<\/div>\n\t\t\t\t<\/div>\n\t\t\t\t\t<\/div>\n\t\t<\/div>\n\t\t\t\t\t<\/div>\n\t\t<\/section>\n\t\t\t\t<\/div>\n\t\t","protected":false},"excerpt":{"rendered":"<p>Comit\u00e9 de apoyo Lidia Mart\u00ed Barch\u00edn (UA)Antonio Mart\u00ednez Gonz\u00e1lez (Gabo-UA)Mar\u00eda Ribes Lafoz (UA)Celia Castrill\u00f3n Villarrubia (University of Heidelberg)RED\/ICE 6194: Jose Luis Medina Gracia; Miguel Marcos Chanca; Roser Noguer Mas; Leyre Alejaldre Biel; Margarita Asensio Pastor; Juana Mar\u00eda Blanco Fern\u00e1ndez; Mar\u00eda Lourdes Diaz Rodr\u00edguez; Maravillas G\u00f3mez Soriano; Mar\u00eda Luisa Rodr\u00edguez Mu\u00f1oz (UCO); Macarena Jim\u00e9nez Ortiz (University of Sydney); Laura Su\u00e1rez (University of Grenoble-Francia); Natasha Leal Rivas (Universit\u00e0 degli Studi di Napoli Federico II);\u00a0 Antonio Mart\u00ednez Arboleda (University of Leeds).<\/p>\n","protected":false},"author":8071,"featured_media":0,"parent":0,"menu_order":0,"comment_status":"closed","ping_status":"closed","template":"","meta":{"footnotes":""},"class_list":["post-1519","page","type-page","status-publish"],"_links":{"self":[{"href":"https:\/\/blogs.uned.es\/rediceua\/wp-json\/wp\/v2\/pages\/1519","targetHints":{"allow":["GET"]}}],"collection":[{"href":"https:\/\/blogs.uned.es\/rediceua\/wp-json\/wp\/v2\/pages"}],"about":[{"href":"https:\/\/blogs.uned.es\/rediceua\/wp-json\/wp\/v2\/types\/page"}],"author":[{"embeddable":true,"href":"https:\/\/blogs.uned.es\/rediceua\/wp-json\/wp\/v2\/users\/8071"}],"replies":[{"embeddable":true,"href":"https:\/\/blogs.uned.es\/rediceua\/wp-json\/wp\/v2\/comments?post=1519"}],"version-history":[{"count":13,"href":"https:\/\/blogs.uned.es\/rediceua\/wp-json\/wp\/v2\/pages\/1519\/revisions"}],"predecessor-version":[{"id":1803,"href":"https:\/\/blogs.uned.es\/rediceua\/wp-json\/wp\/v2\/pages\/1519\/revisions\/1803"}],"wp:attachment":[{"href":"https:\/\/blogs.uned.es\/rediceua\/wp-json\/wp\/v2\/media?parent=1519"}],"curies":[{"name":"wp","href":"https:\/\/api.w.org\/{rel}","templated":true}]}}