{"id":15,"date":"2019-10-09T10:29:38","date_gmt":"2019-10-09T08:29:38","guid":{"rendered":"http:\/\/blogs.uned.es\/rediceua\/?page_id=15"},"modified":"2026-03-30T17:11:12","modified_gmt":"2026-03-30T15:11:12","slug":"inicio","status":"publish","type":"page","link":"https:\/\/blogs.uned.es\/rediceua\/","title":{"rendered":"INICIO"},"content":{"rendered":"\t\t<div data-elementor-type=\"wp-page\" data-elementor-id=\"15\" class=\"elementor elementor-15\">\n\t\t\t\t\t\t<section class=\"elementor-section elementor-top-section elementor-element elementor-element-648e023 elementor-section-stretched elementor-section-height-min-height elementor-section-content-middle elementor-section-items-stretch elementor-section-boxed elementor-section-height-default\" data-id=\"648e023\" data-element_type=\"section\" data-e-type=\"section\" data-settings=\"{&quot;stretch_section&quot;:&quot;section-stretched&quot;,&quot;background_background&quot;:&quot;classic&quot;}\">\n\t\t\t\t\t\t<div class=\"elementor-container elementor-column-gap-default\">\n\t\t\t\t\t<div class=\"elementor-column elementor-col-100 elementor-top-column elementor-element elementor-element-4ef8723\" data-id=\"4ef8723\" data-element_type=\"column\" data-e-type=\"column\">\n\t\t\t<div class=\"elementor-widget-wrap\">\n\t\t\t\t\t\t\t<\/div>\n\t\t<\/div>\n\t\t\t\t\t<\/div>\n\t\t<\/section>\n\t\t\t\t<section class=\"elementor-section elementor-top-section elementor-element elementor-element-fde810b elementor-section-stretched elementor-section-boxed elementor-section-height-default elementor-section-height-default\" data-id=\"fde810b\" data-element_type=\"section\" data-e-type=\"section\" data-settings=\"{&quot;stretch_section&quot;:&quot;section-stretched&quot;,&quot;background_background&quot;:&quot;classic&quot;}\">\n\t\t\t\t\t\t<div class=\"elementor-container elementor-column-gap-default\">\n\t\t\t\t\t<div class=\"elementor-column elementor-col-100 elementor-top-column elementor-element elementor-element-5224ea1\" data-id=\"5224ea1\" data-element_type=\"column\" data-e-type=\"column\">\n\t\t\t<div class=\"elementor-widget-wrap elementor-element-populated\">\n\t\t\t\t\t\t<div class=\"elementor-element elementor-element-eddfffd elementor-widget elementor-widget-text-editor\" data-id=\"eddfffd\" data-element_type=\"widget\" data-e-type=\"widget\" data-widget_type=\"text-editor.default\">\n\t\t\t\t<div class=\"elementor-widget-container\">\n\t\t\t\t\t\t\t\t\t<h4 class=\"elementor-heading-title elementor-size-default elementor-inline-editing pen\" style=\"font-family: Roboto, sans-serif;text-align: center\" data-elementor-setting-key=\"title\" data-pen-placeholder=\"Teclea aqu\u00ed...\">La Universidad Nacional de Educaci\u00f3n a Distancia (Departamento de Filolog\u00edas Extranjeras y sus Ling\u00fc\u00edsticas de la Facultad de Filolog\u00eda), la Universidad de Alicante, la Universidad de las Indias Occidentales y la C\u00e1tedra UNESCO de Educaci\u00f3n convocan el I Congreso Internacional de la Red ICE\/UA-6194 sobre <i>Pensamiento cr\u00edtico y \u00e9tica. Inteligencia Artificial Generativa en el aprendizaje ling\u00fc\u00edstico del siglo XXI. Humanismo y Educaci\u00f3n vs. Tecnolog\u00eda<\/i> con la finalidad de estudiar y difundir las investigaciones que hasta ahora se han hecho sobre el impacto de esta tecnolog\u00eda emergente en el \u00e1mbito ling\u00fc\u00edstico y educativo, resaltando el pensamiento cr\u00edtico y la \u00e9tica que est\u00e1n al frente de las diferentes pol\u00e9micas sobre el uso y la divulgaci\u00f3n de estas herramientas tecnol\u00f3gicas en los \u00e1mbitos ling\u00fc\u00edstico y educativo.<\/h4>\t\t\t\t\t\t\t\t<\/div>\n\t\t\t\t<\/div>\n\t\t\t\t\t<\/div>\n\t\t<\/div>\n\t\t\t\t\t<\/div>\n\t\t<\/section>\n\t\t\t\t<section class=\"elementor-section elementor-top-section elementor-element elementor-element-99ff4f4 elementor-section-boxed elementor-section-height-default elementor-section-height-default\" data-id=\"99ff4f4\" data-element_type=\"section\" data-e-type=\"section\">\n\t\t\t\t\t\t<div class=\"elementor-container elementor-column-gap-default\">\n\t\t\t\t\t<div class=\"elementor-column elementor-col-100 elementor-top-column elementor-element elementor-element-3eab777\" data-id=\"3eab777\" data-element_type=\"column\" data-e-type=\"column\">\n\t\t\t<div class=\"elementor-widget-wrap elementor-element-populated\">\n\t\t\t\t\t\t<div class=\"elementor-element elementor-element-19be4a4 elementor-widget__width-inherit elementor-widget elementor-widget-image\" data-id=\"19be4a4\" data-element_type=\"widget\" data-e-type=\"widget\" data-widget_type=\"image.default\">\n\t\t\t\t<div class=\"elementor-widget-container\">\n\t\t\t\t\t\t\t\t\t\t\t\t\t\t\t<img fetchpriority=\"high\" decoding=\"async\" width=\"2560\" height=\"365\" src=\"https:\/\/blogs.uned.es\/rediceua\/wp-content\/uploads\/sites\/623\/2026\/02\/Sin-titulo-2560-x-250-px-1-1-scaled.png\" class=\"attachment-full size-full wp-image-1169\" alt=\"\" srcset=\"https:\/\/blogs.uned.es\/rediceua\/wp-content\/uploads\/sites\/623\/2026\/02\/Sin-titulo-2560-x-250-px-1-1-scaled.png 2560w, https:\/\/blogs.uned.es\/rediceua\/wp-content\/uploads\/sites\/623\/2026\/02\/Sin-titulo-2560-x-250-px-1-1-300x43.png 300w, https:\/\/blogs.uned.es\/rediceua\/wp-content\/uploads\/sites\/623\/2026\/02\/Sin-titulo-2560-x-250-px-1-1-1024x146.png 1024w, https:\/\/blogs.uned.es\/rediceua\/wp-content\/uploads\/sites\/623\/2026\/02\/Sin-titulo-2560-x-250-px-1-1-768x109.png 768w, https:\/\/blogs.uned.es\/rediceua\/wp-content\/uploads\/sites\/623\/2026\/02\/Sin-titulo-2560-x-250-px-1-1-1536x219.png 1536w, https:\/\/blogs.uned.es\/rediceua\/wp-content\/uploads\/sites\/623\/2026\/02\/Sin-titulo-2560-x-250-px-1-1-2048x292.png 2048w\" sizes=\"(max-width: 2560px) 100vw, 2560px\" \/>\t\t\t\t\t\t\t\t\t\t\t\t\t\t\t<\/div>\n\t\t\t\t<\/div>\n\t\t\t\t\t<\/div>\n\t\t<\/div>\n\t\t\t\t\t<\/div>\n\t\t<\/section>\n\t\t\t\t<\/div>\n\t\t","protected":false},"excerpt":{"rendered":"<p>La Universidad Nacional de Educaci\u00f3n a Distancia (Departamento de Filolog\u00edas Extranjeras y sus Ling\u00fc\u00edsticas de la Facultad de Filolog\u00eda), la Universidad de Alicante, la Universidad de las Indias Occidentales y la C\u00e1tedra UNESCO de Educaci\u00f3n convocan el I Congreso Internacional de la Red ICE\/UA-6194 sobre Pensamiento cr\u00edtico y \u00e9tica. Inteligencia Artificial Generativa en el aprendizaje ling\u00fc\u00edstico del siglo XXI. Humanismo y Educaci\u00f3n vs. Tecnolog\u00eda con la finalidad de estudiar y difundir las investigaciones que hasta ahora se han hecho sobre el impacto de esta tecnolog\u00eda emergente en el \u00e1mbito ling\u00fc\u00edstico y educativo, resaltando el pensamiento cr\u00edtico y la \u00e9tica que est\u00e1n al frente de las diferentes pol\u00e9micas sobre el uso y la divulgaci\u00f3n de estas herramientas tecnol\u00f3gicas en los \u00e1mbitos ling\u00fc\u00edstico y educativo.<\/p>\n","protected":false},"author":1,"featured_media":0,"parent":0,"menu_order":0,"comment_status":"closed","ping_status":"closed","template":"","meta":{"footnotes":""},"class_list":["post-15","page","type-page","status-publish"],"_links":{"self":[{"href":"https:\/\/blogs.uned.es\/rediceua\/wp-json\/wp\/v2\/pages\/15","targetHints":{"allow":["GET"]}}],"collection":[{"href":"https:\/\/blogs.uned.es\/rediceua\/wp-json\/wp\/v2\/pages"}],"about":[{"href":"https:\/\/blogs.uned.es\/rediceua\/wp-json\/wp\/v2\/types\/page"}],"author":[{"embeddable":true,"href":"https:\/\/blogs.uned.es\/rediceua\/wp-json\/wp\/v2\/users\/1"}],"replies":[{"embeddable":true,"href":"https:\/\/blogs.uned.es\/rediceua\/wp-json\/wp\/v2\/comments?post=15"}],"version-history":[{"count":156,"href":"https:\/\/blogs.uned.es\/rediceua\/wp-json\/wp\/v2\/pages\/15\/revisions"}],"predecessor-version":[{"id":2505,"href":"https:\/\/blogs.uned.es\/rediceua\/wp-json\/wp\/v2\/pages\/15\/revisions\/2505"}],"wp:attachment":[{"href":"https:\/\/blogs.uned.es\/rediceua\/wp-json\/wp\/v2\/media?parent=15"}],"curies":[{"name":"wp","href":"https:\/\/api.w.org\/{rel}","templated":true}]}}