{"id":1493,"date":"2026-02-16T06:54:48","date_gmt":"2026-02-16T05:54:48","guid":{"rendered":"https:\/\/blogs.uned.es\/rediceua\/?page_id=1493"},"modified":"2026-02-16T11:23:32","modified_gmt":"2026-02-16T10:23:32","slug":"elementor-pagina-1493","status":"publish","type":"page","link":"https:\/\/blogs.uned.es\/rediceua\/elementor-pagina-1493\/","title":{"rendered":"Comit\u00e9 organizador"},"content":{"rendered":"\t\t<div data-elementor-type=\"wp-page\" data-elementor-id=\"1493\" class=\"elementor elementor-1493\">\n\t\t\t\t\t\t<section class=\"elementor-section elementor-top-section elementor-element elementor-element-4d5641a elementor-section-stretched elementor-section-height-min-height elementor-section-content-middle elementor-section-boxed elementor-section-height-default elementor-section-items-middle\" data-id=\"4d5641a\" data-element_type=\"section\" data-e-type=\"section\" data-settings=\"{&quot;stretch_section&quot;:&quot;section-stretched&quot;,&quot;background_background&quot;:&quot;gradient&quot;}\">\n\t\t\t\t\t\t<div class=\"elementor-container elementor-column-gap-default\">\n\t\t\t\t\t<div class=\"elementor-column elementor-col-100 elementor-top-column elementor-element elementor-element-50b49f3\" data-id=\"50b49f3\" data-element_type=\"column\" data-e-type=\"column\">\n\t\t\t<div class=\"elementor-widget-wrap elementor-element-populated\">\n\t\t\t\t\t\t<section class=\"elementor-section elementor-inner-section elementor-element elementor-element-6a9646e elementor-section-boxed elementor-section-height-default elementor-section-height-default\" data-id=\"6a9646e\" data-element_type=\"section\" data-e-type=\"section\">\n\t\t\t\t\t\t<div class=\"elementor-container elementor-column-gap-default\">\n\t\t\t\t\t<div class=\"elementor-column elementor-col-100 elementor-inner-column elementor-element elementor-element-68f9d0a\" data-id=\"68f9d0a\" data-element_type=\"column\" data-e-type=\"column\">\n\t\t\t<div class=\"elementor-widget-wrap elementor-element-populated\">\n\t\t\t\t\t\t<div class=\"elementor-element elementor-element-1f06f63 elementor-widget__width-initial elementor-widget elementor-widget-heading\" data-id=\"1f06f63\" data-element_type=\"widget\" data-e-type=\"widget\" data-widget_type=\"heading.default\">\n\t\t\t\t<div class=\"elementor-widget-container\">\n\t\t\t\t\t<h2 class=\"elementor-heading-title elementor-size-xxl\">Comit\u00e9 organizador<\/h2>\t\t\t\t<\/div>\n\t\t\t\t<\/div>\n\t\t\t\t\t<\/div>\n\t\t<\/div>\n\t\t\t\t\t<\/div>\n\t\t<\/section>\n\t\t\t\t\t<\/div>\n\t\t<\/div>\n\t\t\t\t\t<\/div>\n\t\t<\/section>\n\t\t\t\t<section class=\"elementor-section elementor-top-section elementor-element elementor-element-415e70a elementor-section-boxed elementor-section-height-default elementor-section-height-default\" data-id=\"415e70a\" data-element_type=\"section\" data-e-type=\"section\">\n\t\t\t\t\t\t<div class=\"elementor-container elementor-column-gap-default\">\n\t\t\t\t\t<div class=\"elementor-column elementor-col-100 elementor-top-column elementor-element elementor-element-6cc206d\" data-id=\"6cc206d\" data-element_type=\"column\" data-e-type=\"column\">\n\t\t\t<div class=\"elementor-widget-wrap elementor-element-populated\">\n\t\t\t\t\t\t<div class=\"elementor-element elementor-element-d599c23 elementor-widget elementor-widget-text-editor\" data-id=\"d599c23\" data-element_type=\"widget\" data-e-type=\"widget\" data-widget_type=\"text-editor.default\">\n\t\t\t\t<div class=\"elementor-widget-container\">\n\t\t\t\t\t\t\t\t\t<p>Maria Angelica Giordano (UNED)<br \/>Marisol Villarrubia Z\u00fa\u00f1iga (UA)<br \/>Paula Gonz\u00e1lez Garc\u00eda (UWI)<br \/>Mar\u00eda Gracia Moreno Celeghin (UNED)<br \/>Manuel Gali\u00e1n Pe\u00f1alver (UNED)<br \/>Sebasti\u00e1n Miras Espantoso (UA)<br \/>Juan Carlos P\u00e9rez Beneyto (UA)<br \/>Paula Y\u00e1nez Baz (UNED)<br \/>Javier Cervantes Rej\u00f3n (UNED)<br \/>Mar\u00eda Dolores Ram\u00edrez Verdugo (UNED)<br \/>Mireia Sell\u00e9s G\u00f3mez (UNED)<br \/>Carmen G\u00f3mez Galisteo (UNED)<br \/>Patricia Coloma Pe\u00f1ate (UNED)<br \/>Mar\u00eda Luz Arroyo V\u00e1zquez (UNED)<br \/>Jennifer Lertola (UNED)<br \/>Mar\u00eda Teresa Gonz\u00e1lez M\u00ednguez (UNED)<br \/>Rosana Herrero Mart\u00edn (UWI)<br \/>Rosabel Mart\u00ednez Roig (UA)<br \/>Ver\u00f3nica Onrubia Mart\u00ednez (UA)<br \/>Alejandra Armero Galiano (UA)<br \/>Ignacio Ballester Pardo (UA)<br \/>Copelia Mateo Guill\u00e9n (UA)<br \/>Mar\u00eda Dolores Miralles Alberola (UA)<br \/>Javier Fern\u00e1ndez Molina (UA)<br \/>Melina Allegro (Istituto Teseo)<br \/>Francisco Antonio Mart\u00ednez Carratal\u00e1 (UA)<\/p>\t\t\t\t\t\t\t\t<\/div>\n\t\t\t\t<\/div>\n\t\t\t\t\t<\/div>\n\t\t<\/div>\n\t\t\t\t\t<\/div>\n\t\t<\/section>\n\t\t\t\t<\/div>\n\t\t","protected":false},"excerpt":{"rendered":"<p>Comit\u00e9 organizador Maria Angelica Giordano (UNED)Marisol Villarrubia Z\u00fa\u00f1iga (UA)Paula Gonz\u00e1lez Garc\u00eda (UWI)Mar\u00eda Gracia Moreno Celeghin (UNED)Manuel Gali\u00e1n Pe\u00f1alver (UNED)Sebasti\u00e1n Miras Espantoso (UA)Juan Carlos P\u00e9rez Beneyto (UA)Paula Y\u00e1nez Baz (UNED)Javier Cervantes Rej\u00f3n (UNED)Mar\u00eda Dolores Ram\u00edrez Verdugo (UNED)Mireia Sell\u00e9s G\u00f3mez (UNED)Carmen G\u00f3mez Galisteo (UNED)Patricia Coloma Pe\u00f1ate (UNED)Mar\u00eda Luz Arroyo V\u00e1zquez (UNED)Jennifer Lertola (UNED)Mar\u00eda Teresa Gonz\u00e1lez M\u00ednguez (UNED)Rosana Herrero Mart\u00edn (UWI)Rosabel Mart\u00ednez Roig (UA)Ver\u00f3nica Onrubia Mart\u00ednez (UA)Alejandra Armero Galiano (UA)Ignacio Ballester Pardo (UA)Copelia Mateo Guill\u00e9n (UA)Mar\u00eda Dolores Miralles Alberola (UA)Javier Fern\u00e1ndez Molina (UA)Melina Allegro (Istituto Teseo)Francisco Antonio Mart\u00ednez Carratal\u00e1 (UA)<\/p>\n","protected":false},"author":8071,"featured_media":0,"parent":0,"menu_order":0,"comment_status":"closed","ping_status":"closed","template":"","meta":{"footnotes":""},"class_list":["post-1493","page","type-page","status-publish"],"_links":{"self":[{"href":"https:\/\/blogs.uned.es\/rediceua\/wp-json\/wp\/v2\/pages\/1493","targetHints":{"allow":["GET"]}}],"collection":[{"href":"https:\/\/blogs.uned.es\/rediceua\/wp-json\/wp\/v2\/pages"}],"about":[{"href":"https:\/\/blogs.uned.es\/rediceua\/wp-json\/wp\/v2\/types\/page"}],"author":[{"embeddable":true,"href":"https:\/\/blogs.uned.es\/rediceua\/wp-json\/wp\/v2\/users\/8071"}],"replies":[{"embeddable":true,"href":"https:\/\/blogs.uned.es\/rediceua\/wp-json\/wp\/v2\/comments?post=1493"}],"version-history":[{"count":32,"href":"https:\/\/blogs.uned.es\/rediceua\/wp-json\/wp\/v2\/pages\/1493\/revisions"}],"predecessor-version":[{"id":1731,"href":"https:\/\/blogs.uned.es\/rediceua\/wp-json\/wp\/v2\/pages\/1493\/revisions\/1731"}],"wp:attachment":[{"href":"https:\/\/blogs.uned.es\/rediceua\/wp-json\/wp\/v2\/media?parent=1493"}],"curies":[{"name":"wp","href":"https:\/\/api.w.org\/{rel}","templated":true}]}}