{"id":1411,"date":"2026-02-15T19:01:15","date_gmt":"2026-02-15T18:01:15","guid":{"rendered":"https:\/\/blogs.uned.es\/rediceua\/?page_id=1411"},"modified":"2026-02-25T05:25:03","modified_gmt":"2026-02-25T04:25:03","slug":"alojamiento","status":"publish","type":"page","link":"https:\/\/blogs.uned.es\/rediceua\/alojamiento\/","title":{"rendered":"Alojamiento"},"content":{"rendered":"\t\t<div data-elementor-type=\"wp-page\" data-elementor-id=\"1411\" class=\"elementor elementor-1411\">\n\t\t\t\t\t\t<section class=\"elementor-section elementor-top-section elementor-element elementor-element-4476a67 elementor-section-stretched elementor-section-height-min-height elementor-section-content-middle elementor-section-boxed elementor-section-height-default elementor-section-items-middle\" data-id=\"4476a67\" data-element_type=\"section\" data-e-type=\"section\" data-settings=\"{&quot;stretch_section&quot;:&quot;section-stretched&quot;,&quot;background_background&quot;:&quot;gradient&quot;}\">\n\t\t\t\t\t\t<div class=\"elementor-container elementor-column-gap-default\">\n\t\t\t\t\t<div class=\"elementor-column elementor-col-100 elementor-top-column elementor-element elementor-element-91b138d\" data-id=\"91b138d\" data-element_type=\"column\" data-e-type=\"column\">\n\t\t\t<div class=\"elementor-widget-wrap elementor-element-populated\">\n\t\t\t\t\t\t<section class=\"elementor-section elementor-inner-section elementor-element elementor-element-a325f6e elementor-section-boxed elementor-section-height-default elementor-section-height-default\" data-id=\"a325f6e\" data-element_type=\"section\" data-e-type=\"section\">\n\t\t\t\t\t\t<div class=\"elementor-container elementor-column-gap-default\">\n\t\t\t\t\t<div class=\"elementor-column elementor-col-100 elementor-inner-column elementor-element elementor-element-37c0680\" data-id=\"37c0680\" data-element_type=\"column\" data-e-type=\"column\">\n\t\t\t<div class=\"elementor-widget-wrap elementor-element-populated\">\n\t\t\t\t\t\t<div class=\"elementor-element elementor-element-bc9f425 elementor-widget__width-initial elementor-widget elementor-widget-heading\" data-id=\"bc9f425\" data-element_type=\"widget\" data-e-type=\"widget\" data-widget_type=\"heading.default\">\n\t\t\t\t<div class=\"elementor-widget-container\">\n\t\t\t\t\t<h2 class=\"elementor-heading-title elementor-size-xxl\">Alojamiento<\/h2>\t\t\t\t<\/div>\n\t\t\t\t<\/div>\n\t\t\t\t\t<\/div>\n\t\t<\/div>\n\t\t\t\t\t<\/div>\n\t\t<\/section>\n\t\t\t\t\t<\/div>\n\t\t<\/div>\n\t\t\t\t\t<\/div>\n\t\t<\/section>\n\t\t\t\t<section class=\"elementor-section elementor-top-section elementor-element elementor-element-9e6cb53 elementor-section-boxed elementor-section-height-default elementor-section-height-default\" data-id=\"9e6cb53\" data-element_type=\"section\" data-e-type=\"section\">\n\t\t\t\t\t\t<div class=\"elementor-container elementor-column-gap-default\">\n\t\t\t\t\t<div class=\"elementor-column elementor-col-100 elementor-top-column elementor-element elementor-element-85e2b75\" data-id=\"85e2b75\" data-element_type=\"column\" data-e-type=\"column\">\n\t\t\t<div class=\"elementor-widget-wrap elementor-element-populated\">\n\t\t\t\t\t\t<div class=\"elementor-element elementor-element-cf3c048 elementor-widget elementor-widget-text-editor\" data-id=\"cf3c048\" data-element_type=\"widget\" data-e-type=\"widget\" data-widget_type=\"text-editor.default\">\n\t\t\t\t<div class=\"elementor-widget-container\">\n\t\t\t\t\t\t\t\t\t<h1><span style=\"color: #000000\">HOTELES CERCANOS A LA SEDE DEL CONGRESO:<\/span><\/h1><p><strong><span style=\"color: #000000\">HOTEL EXE MONCLOA:<\/span><\/strong><br \/><span style=\"color: #000000\">Reservas:\u00a0reservas@hotelexemoncloa.com<\/span><br \/><em><strong><span style=\"color: #000000\">C\u00f3digo de descuento del 12 % participantes congreso: <\/span><\/strong><\/em><strong><span style=\"color: #000000\">UNEDOCT <\/span><\/strong><em><span style=\"color: #000000\">(L<\/span><span style=\"color: #000000\">os\/as invitados\/as al congreso podr\u00e1n reservar a trav\u00e9s de la web oficial del hotel hasta 1 mes antes para beneficiarse del mismo).<\/span><\/em><\/p><p><strong><span style=\"color: #000000\">EXE ZARZUELA PARK:<\/span><\/strong><br \/><span style=\"color: #000000\">Reservas: https:\/\/www.eurostarshotels.com\/contactar.html<\/span><br \/><em><strong><span style=\"color: #000000\">C\u00f3digo de descuento del 12 % participantes congreso: <\/span><\/strong><\/em><strong><span style=\"color: #000000\">UNEDOCT <\/span><\/strong><span style=\"color: #000000\"><em>(Los\/as invitados\/as al congreso podr\u00e1n reservar a trav\u00e9s de la web oficial del hotel hasta 1 mes antes para beneficiarse del mismo).<\/em><\/span><\/p><p><strong><span style=\"color: #000000\">HOTEL EUROSTARS MADRID GRAN V\u00cdA<\/span><\/strong><br \/><span style=\"color: #000000\">Reservas: <a href=\"https:\/\/www.eurostarshotels.com\/eurostars-madrid-gran-via.html?referer_code=lb0gg00yx&amp;utm_source=google&amp;utm_medium=business&amp;utm_campaign=lb0gg00yx\">formulario de contacto<\/a><\/span><\/p><p><strong><span style=\"color: #000000\">NIDO PR\u00cdNCIPE P\u00cdO HOTEL<\/span><\/strong><br \/><span style=\"color: #000000\">Reservas: <a href=\"mailto:hotelprincipepio@nidoliving.com\">hotelprincipepio@nidoliving.com<\/a><\/span><\/p><p><strong><span style=\"color: #000000\">HOTEL PRINCESA PLAZA MADRID<\/span><\/strong><br \/><span style=\"color: #000000\">Reservas:\u00a0687 034 193<\/span><\/p><p><strong><span style=\"color: #000000\">HOTEL MELI\u00c1 MADRID PRINCESA<\/span><\/strong><br \/><span style=\"color: #000000\">Reservas:\u00a0<a href=\"mailto:melia.madrid.princesa@melia.com\">melia.madrid.princesa@melia.com<\/a><\/span><\/p><p><strong><span style=\"color: #000000\">LEONARDO MADRID CENTRE (HOTEL NH ALBERTO AGUILERA)<\/span><\/strong><br \/><span style=\"color: #000000\">Reservas:\u00a0<a href=\"mailto:info.madridcity@leonardo-hotels.com\">info.madridcity@leonardo-hotels.com<\/a><\/span><\/p><p><strong><span style=\"color: #000000\">HOTEL INDIGO MADRID PRINCESA<\/span><\/strong><br \/><span style=\"color: #000000\">Reservas:\u00a0<a href=\"mailto:info@indigomadrid.com\">info@indigomadrid.com<\/a><\/span><\/p><p><strong><span style=\"color: #000000\">AC HOTEL LOS VASCOS<\/span><\/strong><br \/><span style=\"color: #000000\">Reservas:\u00a0<a href=\"mailto:aclosvascos@ac-hotels.com\">aclosvascos@ac-hotels.com<\/a><\/span><\/p><p><strong><span style=\"color: #000000\">SERCOTEL GRAN HOTEL CONDE DUQUE<\/span><\/strong><br \/><span style=\"color: #000000\">\u00a0Reservas:\u00a0<a href=\"mailto:reservas@sercotel.com\">reservas@sercotel.com<\/a><\/span><\/p><p><strong><span style=\"color: #000000\">HOTEL MADRID GRAN VIA 25<\/span><\/strong><\/p><p><span style=\"color: #000000\">Reservas:\u00a0<a href=\"mailto:hotelmadridgranvia@melia.com\">hotelmadridgranvia@melia.com<\/a><\/span><\/p><h1><span style=\"color: #000000\">COLEGIOS MAYORES EN CIUDAD UNIVERSITARIA:<\/span><\/h1><p><strong><span style=\"color: #000000\">COLEGIO MAYOR ARGENTINO NUESTRA SE\u00d1ORA DE LUJ\u00c1N<\/span><\/strong><br \/><span style=\"color: #000000\">Reservas:\u00a0<a href=\"mailto:administracion@cmanslujan.com\">administracion@cmanslujan.com<\/a><\/span><\/p>\t\t\t\t\t\t\t\t<\/div>\n\t\t\t\t<\/div>\n\t\t\t\t\t<\/div>\n\t\t<\/div>\n\t\t\t\t\t<\/div>\n\t\t<\/section>\n\t\t\t\t<\/div>\n\t\t","protected":false},"excerpt":{"rendered":"<p>Alojamiento HOTELES CERCANOS A LA SEDE DEL CONGRESO: HOTEL EXE MONCLOA:Reservas:\u00a0reservas@hotelexemoncloa.comC\u00f3digo de descuento del 12 % participantes congreso: UNEDOCT (Los\/as invitados\/as al congreso podr\u00e1n reservar a trav\u00e9s de la web oficial del hotel hasta 1 mes antes para beneficiarse del mismo). EXE ZARZUELA PARK:Reservas: https:\/\/www.eurostarshotels.com\/contactar.htmlC\u00f3digo de descuento del 12 % participantes congreso: UNEDOCT (Los\/as invitados\/as al congreso podr\u00e1n reservar a trav\u00e9s de la web oficial del hotel hasta 1 mes antes para beneficiarse del mismo). HOTEL EUROSTARS MADRID GRAN V\u00cdAReservas: formulario de contacto NIDO PR\u00cdNCIPE P\u00cdO HOTELReservas: hotelprincipepio@nidoliving.com HOTEL PRINCESA PLAZA MADRIDReservas:\u00a0687 034 193 HOTEL MELI\u00c1 MADRID PRINCESAReservas:\u00a0melia.madrid.princesa@melia.com LEONARDO MADRID CENTRE (HOTEL NH ALBERTO AGUILERA)Reservas:\u00a0info.madridcity@leonardo-hotels.com HOTEL INDIGO MADRID PRINCESAReservas:\u00a0info@indigomadrid.com AC HOTEL LOS VASCOSReservas:\u00a0aclosvascos@ac-hotels.com SERCOTEL GRAN HOTEL CONDE DUQUE\u00a0Reservas:\u00a0reservas@sercotel.com HOTEL MADRID GRAN VIA 25 Reservas:\u00a0hotelmadridgranvia@melia.com COLEGIOS MAYORES EN CIUDAD UNIVERSITARIA: COLEGIO MAYOR ARGENTINO NUESTRA SE\u00d1ORA DE LUJ\u00c1NReservas:\u00a0administracion@cmanslujan.com<\/p>\n","protected":false},"author":8071,"featured_media":0,"parent":0,"menu_order":0,"comment_status":"closed","ping_status":"closed","template":"","meta":{"footnotes":""},"class_list":["post-1411","page","type-page","status-publish"],"_links":{"self":[{"href":"https:\/\/blogs.uned.es\/rediceua\/wp-json\/wp\/v2\/pages\/1411","targetHints":{"allow":["GET"]}}],"collection":[{"href":"https:\/\/blogs.uned.es\/rediceua\/wp-json\/wp\/v2\/pages"}],"about":[{"href":"https:\/\/blogs.uned.es\/rediceua\/wp-json\/wp\/v2\/types\/page"}],"author":[{"embeddable":true,"href":"https:\/\/blogs.uned.es\/rediceua\/wp-json\/wp\/v2\/users\/8071"}],"replies":[{"embeddable":true,"href":"https:\/\/blogs.uned.es\/rediceua\/wp-json\/wp\/v2\/comments?post=1411"}],"version-history":[{"count":32,"href":"https:\/\/blogs.uned.es\/rediceua\/wp-json\/wp\/v2\/pages\/1411\/revisions"}],"predecessor-version":[{"id":2271,"href":"https:\/\/blogs.uned.es\/rediceua\/wp-json\/wp\/v2\/pages\/1411\/revisions\/2271"}],"wp:attachment":[{"href":"https:\/\/blogs.uned.es\/rediceua\/wp-json\/wp\/v2\/media?parent=1411"}],"curies":[{"name":"wp","href":"https:\/\/api.w.org\/{rel}","templated":true}]}}