{"id":35,"date":"2019-10-09T10:31:37","date_gmt":"2019-10-09T08:31:37","guid":{"rendered":"http:\/\/blogs.uned.es\/protocolear\/?page_id=35"},"modified":"2025-11-08T10:37:48","modified_gmt":"2025-11-08T09:37:48","slug":"episodios","status":"publish","type":"page","link":"https:\/\/blogs.uned.es\/protocolear\/episodios\/","title":{"rendered":"Episodios"},"content":{"rendered":"\t\t<div data-elementor-type=\"wp-page\" data-elementor-id=\"35\" class=\"elementor elementor-35\">\n\t\t\t\t\t\t<section class=\"elementor-section elementor-top-section elementor-element elementor-element-1a17409 elementor-section-stretched elementor-section-height-min-height elementor-section-content-middle elementor-section-boxed elementor-section-height-default elementor-section-items-middle\" data-id=\"1a17409\" data-element_type=\"section\" data-e-type=\"section\" data-settings=\"{&quot;stretch_section&quot;:&quot;section-stretched&quot;,&quot;background_background&quot;:&quot;classic&quot;}\">\n\t\t\t\t\t\t<div class=\"elementor-container elementor-column-gap-default\">\n\t\t\t\t\t<div class=\"elementor-column elementor-col-100 elementor-top-column elementor-element elementor-element-ca323d7\" data-id=\"ca323d7\" data-element_type=\"column\" data-e-type=\"column\">\n\t\t\t<div class=\"elementor-widget-wrap elementor-element-populated\">\n\t\t\t\t\t\t<section class=\"elementor-section elementor-inner-section elementor-element elementor-element-dcda665 elementor-section-boxed elementor-section-height-default elementor-section-height-default\" data-id=\"dcda665\" data-element_type=\"section\" data-e-type=\"section\">\n\t\t\t\t\t\t<div class=\"elementor-container elementor-column-gap-default\">\n\t\t\t\t\t<div class=\"elementor-column elementor-col-50 elementor-inner-column elementor-element elementor-element-368870a\" data-id=\"368870a\" data-element_type=\"column\" data-e-type=\"column\">\n\t\t\t<div class=\"elementor-widget-wrap\">\n\t\t\t\t\t\t\t<\/div>\n\t\t<\/div>\n\t\t\t\t<div class=\"elementor-column elementor-col-50 elementor-inner-column elementor-element elementor-element-6b90ff0\" data-id=\"6b90ff0\" data-element_type=\"column\" data-e-type=\"column\">\n\t\t\t<div class=\"elementor-widget-wrap elementor-element-populated\">\n\t\t\t\t\t\t<div class=\"elementor-element elementor-element-e109f77 elementor-widget elementor-widget-heading\" data-id=\"e109f77\" data-element_type=\"widget\" data-e-type=\"widget\" data-widget_type=\"heading.default\">\n\t\t\t\t<div class=\"elementor-widget-container\">\n\t\t\t\t\t<h2 class=\"elementor-heading-title elementor-size-default\">Episodios<\/h2>\t\t\t\t<\/div>\n\t\t\t\t<\/div>\n\t\t\t\t\t<\/div>\n\t\t<\/div>\n\t\t\t\t\t<\/div>\n\t\t<\/section>\n\t\t\t\t\t<\/div>\n\t\t<\/div>\n\t\t\t\t\t<\/div>\n\t\t<\/section>\n\t\t\t\t<section class=\"elementor-section elementor-top-section elementor-element elementor-element-98050fc elementor-section-stretched elementor-section-boxed elementor-section-height-default elementor-section-height-default\" data-id=\"98050fc\" data-element_type=\"section\" data-e-type=\"section\" data-settings=\"{&quot;stretch_section&quot;:&quot;section-stretched&quot;}\">\n\t\t\t\t\t\t<div class=\"elementor-container elementor-column-gap-default\">\n\t\t\t\t\t<div class=\"elementor-column elementor-col-100 elementor-top-column elementor-element elementor-element-1315733\" data-id=\"1315733\" data-element_type=\"column\" data-e-type=\"column\">\n\t\t\t<div class=\"elementor-widget-wrap elementor-element-populated\">\n\t\t\t\t\t\t<section class=\"elementor-section elementor-inner-section elementor-element elementor-element-5a8e272 elementor-section-boxed elementor-section-height-default elementor-section-height-default\" data-id=\"5a8e272\" data-element_type=\"section\" data-e-type=\"section\">\n\t\t\t\t\t\t<div class=\"elementor-container elementor-column-gap-default\">\n\t\t\t\t\t<div class=\"elementor-column elementor-col-25 elementor-inner-column elementor-element elementor-element-b77a60e\" data-id=\"b77a60e\" data-element_type=\"column\" data-e-type=\"column\">\n\t\t\t<div class=\"elementor-widget-wrap elementor-element-populated\">\n\t\t\t\t\t\t<div class=\"elementor-element elementor-element-1127048 elementor-position-top elementor-widget elementor-widget-image-box\" data-id=\"1127048\" data-element_type=\"widget\" data-e-type=\"widget\" data-widget_type=\"image-box.default\">\n\t\t\t\t<div class=\"elementor-widget-container\">\n\t\t\t\t\t<div class=\"elementor-image-box-wrapper\"><figure class=\"elementor-image-box-img\"><a href=\"https:\/\/blogs.uned.es\/protocolear\/2024\/03\/19\/t1-e1\/\" tabindex=\"-1\"><img fetchpriority=\"high\" decoding=\"async\" width=\"2243\" height=\"2307\" src=\"https:\/\/blogs.uned.es\/protocolear\/wp-content\/uploads\/sites\/507\/2024\/02\/logo-entradas.png\" class=\"attachment-full size-full wp-image-747\" alt=\"\" srcset=\"https:\/\/blogs.uned.es\/protocolear\/wp-content\/uploads\/sites\/507\/2024\/02\/logo-entradas.png 2243w, https:\/\/blogs.uned.es\/protocolear\/wp-content\/uploads\/sites\/507\/2024\/02\/logo-entradas-292x300.png 292w, https:\/\/blogs.uned.es\/protocolear\/wp-content\/uploads\/sites\/507\/2024\/02\/logo-entradas-996x1024.png 996w, https:\/\/blogs.uned.es\/protocolear\/wp-content\/uploads\/sites\/507\/2024\/02\/logo-entradas-768x790.png 768w, https:\/\/blogs.uned.es\/protocolear\/wp-content\/uploads\/sites\/507\/2024\/02\/logo-entradas-1493x1536.png 1493w, https:\/\/blogs.uned.es\/protocolear\/wp-content\/uploads\/sites\/507\/2024\/02\/logo-entradas-1991x2048.png 1991w\" sizes=\"(max-width: 2243px) 100vw, 2243px\" \/><\/a><\/figure><div class=\"elementor-image-box-content\"><h4 class=\"elementor-image-box-title\"><a href=\"https:\/\/blogs.uned.es\/protocolear\/2024\/03\/19\/t1-e1\/\">Episodio 1<\/a><\/h4><p class=\"elementor-image-box-description\">Bienvenidos a protocolear<\/p><\/div><\/div>\t\t\t\t<\/div>\n\t\t\t\t<\/div>\n\t\t\t\t\t<\/div>\n\t\t<\/div>\n\t\t\t\t<div class=\"elementor-column elementor-col-25 elementor-inner-column elementor-element elementor-element-7f17ab0\" data-id=\"7f17ab0\" data-element_type=\"column\" data-e-type=\"column\">\n\t\t\t<div class=\"elementor-widget-wrap elementor-element-populated\">\n\t\t\t\t\t\t<div class=\"elementor-element elementor-element-b5c97f3 elementor-position-top elementor-widget elementor-widget-image-box\" data-id=\"b5c97f3\" data-element_type=\"widget\" data-e-type=\"widget\" data-widget_type=\"image-box.default\">\n\t\t\t\t<div class=\"elementor-widget-container\">\n\t\t\t\t\t<div class=\"elementor-image-box-wrapper\"><figure class=\"elementor-image-box-img\"><a href=\"https:\/\/blogs.uned.es\/protocolear\/2024\/03\/19\/t1-e2\/\" tabindex=\"-1\"><img fetchpriority=\"high\" decoding=\"async\" width=\"2243\" height=\"2307\" src=\"https:\/\/blogs.uned.es\/protocolear\/wp-content\/uploads\/sites\/507\/2024\/02\/logo-entradas.png\" class=\"attachment-full size-full wp-image-747\" alt=\"\" srcset=\"https:\/\/blogs.uned.es\/protocolear\/wp-content\/uploads\/sites\/507\/2024\/02\/logo-entradas.png 2243w, https:\/\/blogs.uned.es\/protocolear\/wp-content\/uploads\/sites\/507\/2024\/02\/logo-entradas-292x300.png 292w, https:\/\/blogs.uned.es\/protocolear\/wp-content\/uploads\/sites\/507\/2024\/02\/logo-entradas-996x1024.png 996w, https:\/\/blogs.uned.es\/protocolear\/wp-content\/uploads\/sites\/507\/2024\/02\/logo-entradas-768x790.png 768w, https:\/\/blogs.uned.es\/protocolear\/wp-content\/uploads\/sites\/507\/2024\/02\/logo-entradas-1493x1536.png 1493w, https:\/\/blogs.uned.es\/protocolear\/wp-content\/uploads\/sites\/507\/2024\/02\/logo-entradas-1991x2048.png 1991w\" sizes=\"(max-width: 2243px) 100vw, 2243px\" \/><\/a><\/figure><div class=\"elementor-image-box-content\"><h4 class=\"elementor-image-box-title\"><a href=\"https:\/\/blogs.uned.es\/protocolear\/2024\/03\/19\/t1-e2\/\">Episodio 2<\/a><\/h4><p class=\"elementor-image-box-description\">Detr\u00e1s de las normas: desmitificando el protocolo<\/p><\/div><\/div>\t\t\t\t<\/div>\n\t\t\t\t<\/div>\n\t\t\t\t\t<\/div>\n\t\t<\/div>\n\t\t\t\t<div class=\"elementor-column elementor-col-25 elementor-inner-column elementor-element elementor-element-7d1931d\" data-id=\"7d1931d\" data-element_type=\"column\" data-e-type=\"column\">\n\t\t\t<div class=\"elementor-widget-wrap elementor-element-populated\">\n\t\t\t\t\t\t<div class=\"elementor-element elementor-element-62afc3a elementor-position-top elementor-widget elementor-widget-image-box\" data-id=\"62afc3a\" data-element_type=\"widget\" data-e-type=\"widget\" data-widget_type=\"image-box.default\">\n\t\t\t\t<div class=\"elementor-widget-container\">\n\t\t\t\t\t<div class=\"elementor-image-box-wrapper\"><figure class=\"elementor-image-box-img\"><a href=\"https:\/\/blogs.uned.es\/protocolear\/2024\/03\/19\/t1-e2-2\/\" tabindex=\"-1\"><img fetchpriority=\"high\" decoding=\"async\" width=\"2243\" height=\"2307\" src=\"https:\/\/blogs.uned.es\/protocolear\/wp-content\/uploads\/sites\/507\/2024\/02\/logo-entradas.png\" class=\"attachment-full size-full wp-image-747\" alt=\"\" srcset=\"https:\/\/blogs.uned.es\/protocolear\/wp-content\/uploads\/sites\/507\/2024\/02\/logo-entradas.png 2243w, https:\/\/blogs.uned.es\/protocolear\/wp-content\/uploads\/sites\/507\/2024\/02\/logo-entradas-292x300.png 292w, https:\/\/blogs.uned.es\/protocolear\/wp-content\/uploads\/sites\/507\/2024\/02\/logo-entradas-996x1024.png 996w, https:\/\/blogs.uned.es\/protocolear\/wp-content\/uploads\/sites\/507\/2024\/02\/logo-entradas-768x790.png 768w, https:\/\/blogs.uned.es\/protocolear\/wp-content\/uploads\/sites\/507\/2024\/02\/logo-entradas-1493x1536.png 1493w, https:\/\/blogs.uned.es\/protocolear\/wp-content\/uploads\/sites\/507\/2024\/02\/logo-entradas-1991x2048.png 1991w\" sizes=\"(max-width: 2243px) 100vw, 2243px\" \/><\/a><\/figure><div class=\"elementor-image-box-content\"><h4 class=\"elementor-image-box-title\"><a href=\"https:\/\/blogs.uned.es\/protocolear\/2024\/03\/19\/t1-e2-2\/\">Episodio 3<\/a><\/h4><p class=\"elementor-image-box-description\">Errores comunes en el protocolo. \u00bfQu\u00e9 es romper el protocolo?<\/p><\/div><\/div>\t\t\t\t<\/div>\n\t\t\t\t<\/div>\n\t\t\t\t\t<\/div>\n\t\t<\/div>\n\t\t\t\t<div class=\"elementor-column elementor-col-25 elementor-inner-column elementor-element elementor-element-5da4836\" data-id=\"5da4836\" data-element_type=\"column\" data-e-type=\"column\">\n\t\t\t<div class=\"elementor-widget-wrap elementor-element-populated\">\n\t\t\t\t\t\t<div class=\"elementor-element elementor-element-6aeeb53 elementor-position-top elementor-widget elementor-widget-image-box\" data-id=\"6aeeb53\" data-element_type=\"widget\" data-e-type=\"widget\" data-widget_type=\"image-box.default\">\n\t\t\t\t<div class=\"elementor-widget-container\">\n\t\t\t\t\t<div class=\"elementor-image-box-wrapper\"><figure class=\"elementor-image-box-img\"><a href=\"https:\/\/blogs.uned.es\/protocolear\/2024\/03\/19\/t1-e3\/\" tabindex=\"-1\"><img fetchpriority=\"high\" decoding=\"async\" width=\"2243\" height=\"2307\" src=\"https:\/\/blogs.uned.es\/protocolear\/wp-content\/uploads\/sites\/507\/2024\/02\/logo-entradas.png\" class=\"attachment-full size-full wp-image-747\" alt=\"\" srcset=\"https:\/\/blogs.uned.es\/protocolear\/wp-content\/uploads\/sites\/507\/2024\/02\/logo-entradas.png 2243w, https:\/\/blogs.uned.es\/protocolear\/wp-content\/uploads\/sites\/507\/2024\/02\/logo-entradas-292x300.png 292w, https:\/\/blogs.uned.es\/protocolear\/wp-content\/uploads\/sites\/507\/2024\/02\/logo-entradas-996x1024.png 996w, https:\/\/blogs.uned.es\/protocolear\/wp-content\/uploads\/sites\/507\/2024\/02\/logo-entradas-768x790.png 768w, https:\/\/blogs.uned.es\/protocolear\/wp-content\/uploads\/sites\/507\/2024\/02\/logo-entradas-1493x1536.png 1493w, https:\/\/blogs.uned.es\/protocolear\/wp-content\/uploads\/sites\/507\/2024\/02\/logo-entradas-1991x2048.png 1991w\" sizes=\"(max-width: 2243px) 100vw, 2243px\" \/><\/a><\/figure><div class=\"elementor-image-box-content\"><h4 class=\"elementor-image-box-title\"><a href=\"https:\/\/blogs.uned.es\/protocolear\/2024\/03\/19\/t1-e3\/\">Episodio 4<\/a><\/h4><p class=\"elementor-image-box-description\">Protocolo en los actos. Organizando con elegancia.<\/p><\/div><\/div>\t\t\t\t<\/div>\n\t\t\t\t<\/div>\n\t\t\t\t\t<\/div>\n\t\t<\/div>\n\t\t\t\t\t<\/div>\n\t\t<\/section>\n\t\t\t\t<section class=\"elementor-section elementor-inner-section elementor-element elementor-element-df21a41 elementor-section-boxed elementor-section-height-default elementor-section-height-default\" data-id=\"df21a41\" data-element_type=\"section\" data-e-type=\"section\">\n\t\t\t\t\t\t<div class=\"elementor-container elementor-column-gap-default\">\n\t\t\t\t\t<div class=\"elementor-column elementor-col-25 elementor-inner-column elementor-element elementor-element-7ecb44b\" data-id=\"7ecb44b\" data-element_type=\"column\" data-e-type=\"column\">\n\t\t\t<div class=\"elementor-widget-wrap elementor-element-populated\">\n\t\t\t\t\t\t<div class=\"elementor-element elementor-element-3373db2 elementor-position-top elementor-widget elementor-widget-image-box\" data-id=\"3373db2\" data-element_type=\"widget\" data-e-type=\"widget\" data-widget_type=\"image-box.default\">\n\t\t\t\t<div class=\"elementor-widget-container\">\n\t\t\t\t\t<div class=\"elementor-image-box-wrapper\"><figure class=\"elementor-image-box-img\"><a href=\"https:\/\/blogs.uned.es\/protocolear\/2025\/11\/07\/t2-e1\/\" tabindex=\"-1\"><img fetchpriority=\"high\" decoding=\"async\" width=\"2243\" height=\"2307\" src=\"https:\/\/blogs.uned.es\/protocolear\/wp-content\/uploads\/sites\/507\/2024\/02\/logo-entradas.png\" class=\"attachment-full size-full wp-image-747\" alt=\"\" srcset=\"https:\/\/blogs.uned.es\/protocolear\/wp-content\/uploads\/sites\/507\/2024\/02\/logo-entradas.png 2243w, https:\/\/blogs.uned.es\/protocolear\/wp-content\/uploads\/sites\/507\/2024\/02\/logo-entradas-292x300.png 292w, https:\/\/blogs.uned.es\/protocolear\/wp-content\/uploads\/sites\/507\/2024\/02\/logo-entradas-996x1024.png 996w, https:\/\/blogs.uned.es\/protocolear\/wp-content\/uploads\/sites\/507\/2024\/02\/logo-entradas-768x790.png 768w, https:\/\/blogs.uned.es\/protocolear\/wp-content\/uploads\/sites\/507\/2024\/02\/logo-entradas-1493x1536.png 1493w, https:\/\/blogs.uned.es\/protocolear\/wp-content\/uploads\/sites\/507\/2024\/02\/logo-entradas-1991x2048.png 1991w\" sizes=\"(max-width: 2243px) 100vw, 2243px\" \/><\/a><\/figure><div class=\"elementor-image-box-content\"><h4 class=\"elementor-image-box-title\"><a href=\"https:\/\/blogs.uned.es\/protocolear\/2025\/11\/07\/t2-e1\/\">Episodio 5<\/a><\/h4><p class=\"elementor-image-box-description\">\u00bfPor qu\u00e9 mi sitio es m\u00e1s importante? La proxemia<\/p><\/div><\/div>\t\t\t\t<\/div>\n\t\t\t\t<\/div>\n\t\t\t\t\t<\/div>\n\t\t<\/div>\n\t\t\t\t<div class=\"elementor-column elementor-col-25 elementor-inner-column elementor-element elementor-element-3cf28ce\" data-id=\"3cf28ce\" data-element_type=\"column\" data-e-type=\"column\">\n\t\t\t<div class=\"elementor-widget-wrap elementor-element-populated\">\n\t\t\t\t\t\t<div class=\"elementor-element elementor-element-a46e9d5 elementor-position-top elementor-widget elementor-widget-image-box\" data-id=\"a46e9d5\" data-element_type=\"widget\" data-e-type=\"widget\" data-widget_type=\"image-box.default\">\n\t\t\t\t<div class=\"elementor-widget-container\">\n\t\t\t\t\t<div class=\"elementor-image-box-wrapper\"><figure class=\"elementor-image-box-img\"><a href=\"https:\/\/blogs.uned.es\/protocolear\/2025\/11\/07\/t2-e2\/\" tabindex=\"-1\"><img fetchpriority=\"high\" decoding=\"async\" width=\"2243\" height=\"2307\" src=\"https:\/\/blogs.uned.es\/protocolear\/wp-content\/uploads\/sites\/507\/2024\/02\/logo-entradas.png\" class=\"attachment-full size-full wp-image-747\" alt=\"\" srcset=\"https:\/\/blogs.uned.es\/protocolear\/wp-content\/uploads\/sites\/507\/2024\/02\/logo-entradas.png 2243w, https:\/\/blogs.uned.es\/protocolear\/wp-content\/uploads\/sites\/507\/2024\/02\/logo-entradas-292x300.png 292w, https:\/\/blogs.uned.es\/protocolear\/wp-content\/uploads\/sites\/507\/2024\/02\/logo-entradas-996x1024.png 996w, https:\/\/blogs.uned.es\/protocolear\/wp-content\/uploads\/sites\/507\/2024\/02\/logo-entradas-768x790.png 768w, https:\/\/blogs.uned.es\/protocolear\/wp-content\/uploads\/sites\/507\/2024\/02\/logo-entradas-1493x1536.png 1493w, https:\/\/blogs.uned.es\/protocolear\/wp-content\/uploads\/sites\/507\/2024\/02\/logo-entradas-1991x2048.png 1991w\" sizes=\"(max-width: 2243px) 100vw, 2243px\" \/><\/a><\/figure><div class=\"elementor-image-box-content\"><h4 class=\"elementor-image-box-title\"><a href=\"https:\/\/blogs.uned.es\/protocolear\/2025\/11\/07\/t2-e2\/\">Episodio 6<\/a><\/h4><p class=\"elementor-image-box-description\">El poder del protocolo en los actos acad\u00e9micos<\/p><\/div><\/div>\t\t\t\t<\/div>\n\t\t\t\t<\/div>\n\t\t\t\t\t<\/div>\n\t\t<\/div>\n\t\t\t\t<div class=\"elementor-column elementor-col-25 elementor-inner-column elementor-element elementor-element-9174821\" data-id=\"9174821\" data-element_type=\"column\" data-e-type=\"column\">\n\t\t\t<div class=\"elementor-widget-wrap elementor-element-populated\">\n\t\t\t\t\t\t<div class=\"elementor-element elementor-element-0790fc6 elementor-position-top elementor-widget elementor-widget-image-box\" data-id=\"0790fc6\" data-element_type=\"widget\" data-e-type=\"widget\" data-widget_type=\"image-box.default\">\n\t\t\t\t<div class=\"elementor-widget-container\">\n\t\t\t\t\t<div class=\"elementor-image-box-wrapper\"><figure class=\"elementor-image-box-img\"><a href=\"https:\/\/blogs.uned.es\/protocolear\/2025\/11\/07\/t2-e3\/\" tabindex=\"-1\"><img fetchpriority=\"high\" decoding=\"async\" width=\"2243\" height=\"2307\" src=\"https:\/\/blogs.uned.es\/protocolear\/wp-content\/uploads\/sites\/507\/2024\/02\/logo-entradas.png\" class=\"attachment-full size-full wp-image-747\" alt=\"\" srcset=\"https:\/\/blogs.uned.es\/protocolear\/wp-content\/uploads\/sites\/507\/2024\/02\/logo-entradas.png 2243w, https:\/\/blogs.uned.es\/protocolear\/wp-content\/uploads\/sites\/507\/2024\/02\/logo-entradas-292x300.png 292w, https:\/\/blogs.uned.es\/protocolear\/wp-content\/uploads\/sites\/507\/2024\/02\/logo-entradas-996x1024.png 996w, https:\/\/blogs.uned.es\/protocolear\/wp-content\/uploads\/sites\/507\/2024\/02\/logo-entradas-768x790.png 768w, https:\/\/blogs.uned.es\/protocolear\/wp-content\/uploads\/sites\/507\/2024\/02\/logo-entradas-1493x1536.png 1493w, https:\/\/blogs.uned.es\/protocolear\/wp-content\/uploads\/sites\/507\/2024\/02\/logo-entradas-1991x2048.png 1991w\" sizes=\"(max-width: 2243px) 100vw, 2243px\" \/><\/a><\/figure><div class=\"elementor-image-box-content\"><h4 class=\"elementor-image-box-title\"><a href=\"https:\/\/blogs.uned.es\/protocolear\/2025\/11\/07\/t2-e3\/\">Episodio 7<\/a><\/h4><p class=\"elementor-image-box-description\">Protocolo y ceremonial en los municipios<\/p><\/div><\/div>\t\t\t\t<\/div>\n\t\t\t\t<\/div>\n\t\t\t\t\t<\/div>\n\t\t<\/div>\n\t\t\t\t<div class=\"elementor-column elementor-col-25 elementor-inner-column elementor-element elementor-element-51838d8\" data-id=\"51838d8\" data-element_type=\"column\" data-e-type=\"column\">\n\t\t\t<div class=\"elementor-widget-wrap elementor-element-populated\">\n\t\t\t\t\t\t<div class=\"elementor-element elementor-element-b6cf97c elementor-position-top elementor-widget elementor-widget-image-box\" data-id=\"b6cf97c\" data-element_type=\"widget\" data-e-type=\"widget\" data-widget_type=\"image-box.default\">\n\t\t\t\t<div class=\"elementor-widget-container\">\n\t\t\t\t\t<div class=\"elementor-image-box-wrapper\"><figure class=\"elementor-image-box-img\"><a href=\"https:\/\/blogs.uned.es\/protocolear\/2025\/11\/07\/t2-e4\/\" tabindex=\"-1\"><img fetchpriority=\"high\" decoding=\"async\" width=\"2243\" height=\"2307\" src=\"https:\/\/blogs.uned.es\/protocolear\/wp-content\/uploads\/sites\/507\/2024\/02\/logo-entradas.png\" class=\"attachment-full size-full wp-image-747\" alt=\"\" srcset=\"https:\/\/blogs.uned.es\/protocolear\/wp-content\/uploads\/sites\/507\/2024\/02\/logo-entradas.png 2243w, https:\/\/blogs.uned.es\/protocolear\/wp-content\/uploads\/sites\/507\/2024\/02\/logo-entradas-292x300.png 292w, https:\/\/blogs.uned.es\/protocolear\/wp-content\/uploads\/sites\/507\/2024\/02\/logo-entradas-996x1024.png 996w, https:\/\/blogs.uned.es\/protocolear\/wp-content\/uploads\/sites\/507\/2024\/02\/logo-entradas-768x790.png 768w, https:\/\/blogs.uned.es\/protocolear\/wp-content\/uploads\/sites\/507\/2024\/02\/logo-entradas-1493x1536.png 1493w, https:\/\/blogs.uned.es\/protocolear\/wp-content\/uploads\/sites\/507\/2024\/02\/logo-entradas-1991x2048.png 1991w\" sizes=\"(max-width: 2243px) 100vw, 2243px\" \/><\/a><\/figure><div class=\"elementor-image-box-content\"><h4 class=\"elementor-image-box-title\"><a href=\"https:\/\/blogs.uned.es\/protocolear\/2025\/11\/07\/t2-e4\/\">Episodio 8<\/a><\/h4><p class=\"elementor-image-box-description\">Protocolo en la Casa Real: c\u00f3mo gestionar la imagen p\u00fablica de la Familia Real a trav\u00e9s de los actos<\/p><\/div><\/div>\t\t\t\t<\/div>\n\t\t\t\t<\/div>\n\t\t\t\t\t<\/div>\n\t\t<\/div>\n\t\t\t\t\t<\/div>\n\t\t<\/section>\n\t\t\t\t\t<\/div>\n\t\t<\/div>\n\t\t\t\t\t<\/div>\n\t\t<\/section>\n\t\t\t\t<\/div>\n\t\t","protected":false},"excerpt":{"rendered":"<p>Episodios Episodio 1 Bienvenidos a protocolear Episodio 2 Detr\u00e1s de las normas: desmitificando el protocolo Episodio 3 Errores comunes en el protocolo. \u00bfQu\u00e9 es romper el protocolo? Episodio 4 Protocolo en los actos. Organizando con elegancia. Episodio 5 \u00bfPor qu\u00e9 mi sitio es m\u00e1s importante? La proxemia Episodio 6 El poder del protocolo en los actos acad\u00e9micos Episodio 7 Protocolo y ceremonial en los municipios Episodio 8 Protocolo en la Casa Real: c\u00f3mo gestionar la imagen p\u00fablica de la Familia Real a trav\u00e9s de los actos<\/p>\n","protected":false},"author":1,"featured_media":0,"parent":0,"menu_order":0,"comment_status":"closed","ping_status":"closed","template":"","meta":{"footnotes":""},"class_list":["post-35","page","type-page","status-publish"],"_links":{"self":[{"href":"https:\/\/blogs.uned.es\/protocolear\/wp-json\/wp\/v2\/pages\/35","targetHints":{"allow":["GET"]}}],"collection":[{"href":"https:\/\/blogs.uned.es\/protocolear\/wp-json\/wp\/v2\/pages"}],"about":[{"href":"https:\/\/blogs.uned.es\/protocolear\/wp-json\/wp\/v2\/types\/page"}],"author":[{"embeddable":true,"href":"https:\/\/blogs.uned.es\/protocolear\/wp-json\/wp\/v2\/users\/1"}],"replies":[{"embeddable":true,"href":"https:\/\/blogs.uned.es\/protocolear\/wp-json\/wp\/v2\/comments?post=35"}],"version-history":[{"count":33,"href":"https:\/\/blogs.uned.es\/protocolear\/wp-json\/wp\/v2\/pages\/35\/revisions"}],"predecessor-version":[{"id":1275,"href":"https:\/\/blogs.uned.es\/protocolear\/wp-json\/wp\/v2\/pages\/35\/revisions\/1275"}],"wp:attachment":[{"href":"https:\/\/blogs.uned.es\/protocolear\/wp-json\/wp\/v2\/media?parent=35"}],"curies":[{"name":"wp","href":"https:\/\/api.w.org\/{rel}","templated":true}]}}