{"id":15,"date":"2019-10-09T10:29:38","date_gmt":"2019-10-09T08:29:38","guid":{"rendered":"http:\/\/blogs.uned.es\/protocolear\/?page_id=15"},"modified":"2024-06-11T12:28:38","modified_gmt":"2024-06-11T10:28:38","slug":"inicio","status":"publish","type":"page","link":"https:\/\/blogs.uned.es\/protocolear\/","title":{"rendered":"Inicio"},"content":{"rendered":"\t\t<div data-elementor-type=\"wp-page\" data-elementor-id=\"15\" class=\"elementor elementor-15\">\n\t\t\t\t\t\t<section class=\"elementor-section elementor-top-section elementor-element elementor-element-7911ead4 elementor-section-boxed elementor-section-height-default elementor-section-height-default\" data-id=\"7911ead4\" data-element_type=\"section\" data-e-type=\"section\">\n\t\t\t\t\t\t<div class=\"elementor-container elementor-column-gap-default\">\n\t\t\t\t\t<div class=\"elementor-column elementor-col-100 elementor-top-column elementor-element elementor-element-111d9805\" data-id=\"111d9805\" data-element_type=\"column\" data-e-type=\"column\">\n\t\t\t<div class=\"elementor-widget-wrap elementor-element-populated\">\n\t\t\t\t\t\t<div class=\"elementor-element elementor-element-30054b66 elementor-widget elementor-widget-text-editor\" data-id=\"30054b66\" data-element_type=\"widget\" data-e-type=\"widget\" data-widget_type=\"text-editor.default\">\n\t\t\t\t<div class=\"elementor-widget-container\">\n\t\t\t\t\t\t\t\t\t<h1>Protocolear<\/h1>\n<h2 data-speed=\"10\" data-loop=\"1\">Un podcast del G. I. InStuReG<\/h2>\n<p>Financiado a trav\u00e9s de la Convocatoria de ayudas para la realizaci\u00f3n de actividades de divulgaci\u00f3n cient\u00edfica y ciencia ciudadana 2023 de la UNED<\/p>\n<p>\u00a1Bienvenidos a \u00abProtocolear\u00bb, el podcast que te lleva de la mano a explorar el apasionante universo del protocolo y la organizaci\u00f3n de eventos institucionales! En cada episodio, nos sumergimos en la magia detr\u00e1s de la etiqueta y las ceremonias, revelando c\u00f3mo la planificaci\u00f3n meticulosa y el protocolo influyen en los momentos que dan forma a nuestra sociedad y vida cotidiana.<\/p>\n<p>En cada episodio, exploramos la fascinante tarea de organizar eventos institucionales y descubrimos la importancia del protocolo en nuestro d\u00eda a d\u00eda. \u00bfQu\u00e9 puedes esperar de protocolear?<\/p>\n<p><strong>\u00a0Charlas con expertos:<\/strong> Conversamos con profesionales del protocolo de diversas instituciones. Descubrimos sus experiencias, desaf\u00edos y \u00e9xitos, aprendiendo c\u00f3mo el protocolo influye en diferentes contextos.<\/p>\n<p><strong>Debates sobre temas actuales:<\/strong> Exploramos temas candentes relacionados con el pensamiento jur\u00eddico y pol\u00edtico, buscando entender c\u00f3mo estas cuestiones impactan en la organizaci\u00f3n de eventos y protocolo en general.<\/p>\n<p><strong>Ideas claras:<\/strong> Nos sumergimos en conceptos clave del protocolo, destacamos errores comunes (y c\u00f3mo evitarlos) y te explicamos las normas b\u00e1sicas de manera f\u00e1cil de entender. \u00a1El protocolo es la clave!<\/p>\n<p><strong>Analizamos eventos institucionales:<\/strong> Seleccionamos eventos importantes y los\u00a0 desmenuzamos desde la perspectiva del protocolo de una forma cercana y sencilla.\u00a0 Te invitamos a ser parte de la conversaci\u00f3n.<\/p>\n<p>As\u00ed que, si te interesa descubrir los secretos detr\u00e1s de la organizaci\u00f3n de eventos, entender el protocolo en acci\u00f3n y sumergirte en conversaciones interesantes, \u00abProtocoleando\u00bb es tu espacio. \u00a1Acomp\u00e1\u00f1anos en esta aventura donde conversamos juntos, de manera f\u00e1cil y divertida, sobre el fascinante mundo del protocolo!<\/p>\n<p><a href=\"#\"><br \/><img fetchpriority=\"high\" decoding=\"async\" src=\"https:\/\/blogs.uned.es\/protocolear\/wp-content\/uploads\/sites\/507\/2024\/01\/laptops-593296_1280-1-1024x682.jpg\" alt=\"\" width=\"800\" height=\"533\" \/> <\/a><\/p>\n<h5><a href=\"#\">Charlas con expertos<\/a><\/h5>\n<p style=\"text-align: center\">Nos sumergimos en charlas \u00edntimas con profesionales del protocolo de diversas instituciones. Descubrimos sus experiencias, desaf\u00edos y victorias, arrojando luz sobre c\u00f3mo el protocolo se manifiesta en el tejido de nuestra sociedad. \u00bfC\u00f3mo enfrentan los expertos los retos en la organizaci\u00f3n de eventos institucionales? \u00a1Lo descubriremos juntos!<\/p>\n<p><a href=\"#\"><br \/><img decoding=\"async\" src=\"https:\/\/blogs.uned.es\/protocolear\/wp-content\/uploads\/sites\/507\/2024\/03\/Imagen1-1.jpg\" alt=\"\" width=\"527\" height=\"317\" \/> <\/a><\/p>\n<h5><a href=\"#\">Debates que nos hacen reflexionar:<\/a><\/h5>\n<p style=\"text-align: center\">Nuestra secci\u00f3n de debates aborda temas actuales relacionados con el protocolo y su aplicaci\u00f3n pr\u00e1ctica. \u00bfC\u00f3mo afectan estas cuestiones al protocolo y la organizaci\u00f3n de eventos? Exploramos estas conexiones, generando reflexiones que nos invitan a comprender mejor nuestro entorno institucional y personal.<\/p>\n<p><a href=\"#\"><br \/><img decoding=\"async\" src=\"https:\/\/blogs.uned.es\/protocolear\/wp-content\/uploads\/sites\/507\/2024\/01\/microphone-5340340_1280-1-1024x682.jpg\" alt=\"\" width=\"800\" height=\"533\" \/> <\/a><\/p>\n<h5><a href=\"#\">Aspectos b\u00e1sicos sin complicaciones<\/a><\/h5>\n<p>Desglosamos conceptos clave del protocolo, destacamos errores comunes (y c\u00f3mo evitarlos) y te guiamos a trav\u00e9s de las normas y regulaciones de manera f\u00e1cil de entender. Aqu\u00ed, el protocolo es accesible para todos.<\/p>\n<p><a role=\"button\" href=\"http:\/\/blogs.uned.es\/plantillabase\/quienes\/\"><br \/>Con\u00f3cenos<br \/><\/a><\/p>\n<h2>Noticias y publicaciones<\/h2>\n\n\n<div class=\"wp-block-columns is-layout-flex wp-container-core-columns-is-layout-9d6595d7 wp-block-columns-is-layout-flex\">\n<div class=\"wp-block-column is-layout-flow wp-block-column-is-layout-flow\" style=\"flex-basis:100%\">\n<div class=\"wp-block-group\"><div class=\"wp-block-group__inner-container is-layout-constrained wp-block-group-is-layout-constrained\">\n<div class=\"wp-block-columns is-layout-flex wp-container-core-columns-is-layout-9d6595d7 wp-block-columns-is-layout-flex\">\n<div class=\"wp-block-column is-layout-flow wp-block-column-is-layout-flow\" style=\"flex-basis:100%\">\n<div class=\"wp-block-columns is-layout-flex wp-container-core-columns-is-layout-9d6595d7 wp-block-columns-is-layout-flex\">\n<div class=\"wp-block-column is-layout-flow wp-block-column-is-layout-flow\" style=\"flex-basis:100%\">\n<div class=\"wp-block-group\"><div class=\"wp-block-group__inner-container is-layout-constrained wp-block-group-is-layout-constrained\"><ul class=\"wp-block-latest-posts__list wp-block-latest-posts\"><li><a class=\"wp-block-latest-posts__post-title\" href=\"https:\/\/blogs.uned.es\/protocolear\/2025\/11\/07\/t2-e4\/\">T2 E4<\/a><\/li>\n<li><a class=\"wp-block-latest-posts__post-title\" href=\"https:\/\/blogs.uned.es\/protocolear\/2025\/11\/07\/t2-e3\/\">T2 E3<\/a><\/li>\n<li><a class=\"wp-block-latest-posts__post-title\" href=\"https:\/\/blogs.uned.es\/protocolear\/2025\/11\/07\/t2-e2\/\">T2 E2<\/a><\/li>\n<li><a class=\"wp-block-latest-posts__post-title\" href=\"https:\/\/blogs.uned.es\/protocolear\/2025\/11\/07\/t2-e1\/\">T2 E1<\/a><\/li>\n<li><a class=\"wp-block-latest-posts__post-title\" href=\"https:\/\/blogs.uned.es\/protocolear\/2024\/06\/11\/presentacion-protocolear\/\">Presentaci\u00f3n Protocolear<\/a><\/li>\n<\/ul><\/div><\/div>\n<\/div>\n<\/div>\n<\/div>\n<\/div>\n<\/div><\/div>\n<\/div>\n<\/div>\n\t\t\t\t\t\t\t\t<\/div>\n\t\t\t\t<\/div>\n\t\t\t\t\t<\/div>\n\t\t<\/div>\n\t\t\t\t\t<\/div>\n\t\t<\/section>\n\t\t\t\t<section class=\"elementor-section elementor-top-section elementor-element elementor-element-25180e2 elementor-section-boxed elementor-section-height-default elementor-section-height-default\" data-id=\"25180e2\" data-element_type=\"section\" data-e-type=\"section\">\n\t\t\t\t\t\t<div class=\"elementor-container elementor-column-gap-default\">\n\t\t\t\t\t<div class=\"elementor-column elementor-col-25 elementor-top-column elementor-element elementor-element-f642d29\" data-id=\"f642d29\" data-element_type=\"column\" data-e-type=\"column\">\n\t\t\t<div class=\"elementor-widget-wrap elementor-element-populated\">\n\t\t\t\t\t\t<div class=\"elementor-element elementor-element-8c190eb elementor-position-top elementor-widget elementor-widget-image-box\" data-id=\"8c190eb\" data-element_type=\"widget\" data-e-type=\"widget\" data-widget_type=\"image-box.default\">\n\t\t\t\t<div class=\"elementor-widget-container\">\n\t\t\t\t\t<div class=\"elementor-image-box-wrapper\"><figure class=\"elementor-image-box-img\"><a href=\"https:\/\/canal.uned.es\/video\/660e7599a35b621e1e3152b4\" tabindex=\"-1\"><img decoding=\"async\" src=\"https:\/\/blogs.uned.es\/protocolear\/wp-content\/uploads\/sites\/507\/elementor\/thumbs\/7aa6e66a-916c-4ebe-bc52-5d6e09c99662-qm86b140tapbpsrl41g21mxi3q1nkl21t9yow1kalc.jpg\" title=\"7aa6e66a-916c-4ebe-bc52-5d6e09c99662\" alt=\"7aa6e66a-916c-4ebe-bc52-5d6e09c99662\" class=\"elementor-animation-grow\" loading=\"lazy\" \/><\/a><\/figure><div class=\"elementor-image-box-content\"><h3 class=\"elementor-image-box-title\"><a href=\"https:\/\/canal.uned.es\/video\/660e7599a35b621e1e3152b4\">I Jornada de Divulgaci\u00f3n Cient\u00edf\u00edca UCC-UNED<\/a><\/h3><p class=\"elementor-image-box-description\">El pasado d\u00eda 3 de abril presentamos \"Protocolear\" <\/p><\/div><\/div>\t\t\t\t<\/div>\n\t\t\t\t<\/div>\n\t\t\t\t\t<\/div>\n\t\t<\/div>\n\t\t\t\t<div class=\"elementor-column elementor-col-25 elementor-top-column elementor-element elementor-element-dc8c721\" data-id=\"dc8c721\" data-element_type=\"column\" data-e-type=\"column\">\n\t\t\t<div class=\"elementor-widget-wrap elementor-element-populated\">\n\t\t\t\t\t\t<div class=\"elementor-element elementor-element-eaf96ce elementor-position-top elementor-widget elementor-widget-image-box\" data-id=\"eaf96ce\" data-element_type=\"widget\" data-e-type=\"widget\" data-widget_type=\"image-box.default\">\n\t\t\t\t<div class=\"elementor-widget-container\">\n\t\t\t\t\t<div class=\"elementor-image-box-wrapper\"><figure class=\"elementor-image-box-img\"><a href=\"https:\/\/blogs.uned.es\/protocolear\/2024\/03\/19\/t1-e1\/\" tabindex=\"-1\"><img loading=\"lazy\" decoding=\"async\" width=\"2243\" height=\"2307\" src=\"https:\/\/blogs.uned.es\/protocolear\/wp-content\/uploads\/sites\/507\/2024\/02\/logo-entradas.png\" class=\"attachment-full size-full wp-image-747\" alt=\"\" srcset=\"https:\/\/blogs.uned.es\/protocolear\/wp-content\/uploads\/sites\/507\/2024\/02\/logo-entradas.png 2243w, https:\/\/blogs.uned.es\/protocolear\/wp-content\/uploads\/sites\/507\/2024\/02\/logo-entradas-292x300.png 292w, https:\/\/blogs.uned.es\/protocolear\/wp-content\/uploads\/sites\/507\/2024\/02\/logo-entradas-996x1024.png 996w, https:\/\/blogs.uned.es\/protocolear\/wp-content\/uploads\/sites\/507\/2024\/02\/logo-entradas-768x790.png 768w, https:\/\/blogs.uned.es\/protocolear\/wp-content\/uploads\/sites\/507\/2024\/02\/logo-entradas-1493x1536.png 1493w, https:\/\/blogs.uned.es\/protocolear\/wp-content\/uploads\/sites\/507\/2024\/02\/logo-entradas-1991x2048.png 1991w\" sizes=\"(max-width: 2243px) 100vw, 2243px\" \/><\/a><\/figure><div class=\"elementor-image-box-content\"><h3 class=\"elementor-image-box-title\"><a href=\"https:\/\/blogs.uned.es\/protocolear\/2024\/03\/19\/t1-e1\/\">Disponible el primer episodio de Protocolear<\/a><\/h3><p class=\"elementor-image-box-description\">Ya puedes escuchar el primer episodio de nuestro podcast.<\/p><\/div><\/div>\t\t\t\t<\/div>\n\t\t\t\t<\/div>\n\t\t\t\t\t<\/div>\n\t\t<\/div>\n\t\t\t\t<div class=\"elementor-column elementor-col-25 elementor-top-column elementor-element elementor-element-57cb0af\" data-id=\"57cb0af\" data-element_type=\"column\" data-e-type=\"column\">\n\t\t\t<div class=\"elementor-widget-wrap elementor-element-populated\">\n\t\t\t\t\t\t<div class=\"elementor-element elementor-element-f7ebda0 elementor-position-top elementor-widget elementor-widget-image-box\" data-id=\"f7ebda0\" data-element_type=\"widget\" data-e-type=\"widget\" data-widget_type=\"image-box.default\">\n\t\t\t\t<div class=\"elementor-widget-container\">\n\t\t\t\t\t<div class=\"elementor-image-box-wrapper\"><figure class=\"elementor-image-box-img\"><a href=\"https:\/\/blogs.uned.es\/protocolear\/2024\/03\/19\/t1-e2\/\" tabindex=\"-1\"><img loading=\"lazy\" decoding=\"async\" width=\"2243\" height=\"2307\" src=\"https:\/\/blogs.uned.es\/protocolear\/wp-content\/uploads\/sites\/507\/2024\/02\/logo-entradas.png\" class=\"attachment-full size-full wp-image-747\" alt=\"\" srcset=\"https:\/\/blogs.uned.es\/protocolear\/wp-content\/uploads\/sites\/507\/2024\/02\/logo-entradas.png 2243w, https:\/\/blogs.uned.es\/protocolear\/wp-content\/uploads\/sites\/507\/2024\/02\/logo-entradas-292x300.png 292w, https:\/\/blogs.uned.es\/protocolear\/wp-content\/uploads\/sites\/507\/2024\/02\/logo-entradas-996x1024.png 996w, https:\/\/blogs.uned.es\/protocolear\/wp-content\/uploads\/sites\/507\/2024\/02\/logo-entradas-768x790.png 768w, https:\/\/blogs.uned.es\/protocolear\/wp-content\/uploads\/sites\/507\/2024\/02\/logo-entradas-1493x1536.png 1493w, https:\/\/blogs.uned.es\/protocolear\/wp-content\/uploads\/sites\/507\/2024\/02\/logo-entradas-1991x2048.png 1991w\" sizes=\"(max-width: 2243px) 100vw, 2243px\" \/><\/a><\/figure><div class=\"elementor-image-box-content\"><h3 class=\"elementor-image-box-title\"><a href=\"https:\/\/blogs.uned.es\/protocolear\/2024\/03\/19\/t1-e2\/\">Disponible el segundo episodio de Protocolear<\/a><\/h3><p class=\"elementor-image-box-description\">Ya puedes escuchar el segundo episodio de nuestro podcast.<\/p><\/div><\/div>\t\t\t\t<\/div>\n\t\t\t\t<\/div>\n\t\t\t\t\t<\/div>\n\t\t<\/div>\n\t\t\t\t<div class=\"elementor-column elementor-col-25 elementor-top-column elementor-element elementor-element-fcee30e\" data-id=\"fcee30e\" data-element_type=\"column\" data-e-type=\"column\">\n\t\t\t<div class=\"elementor-widget-wrap elementor-element-populated\">\n\t\t\t\t\t\t<div class=\"elementor-element elementor-element-641d912 elementor-position-top elementor-widget elementor-widget-image-box\" data-id=\"641d912\" data-element_type=\"widget\" data-e-type=\"widget\" data-widget_type=\"image-box.default\">\n\t\t\t\t<div class=\"elementor-widget-container\">\n\t\t\t\t\t<div class=\"elementor-image-box-wrapper\"><figure class=\"elementor-image-box-img\"><a href=\"https:\/\/blogs.uned.es\/protocolear\/2024\/03\/19\/t1-e2-2\/\" tabindex=\"-1\"><img loading=\"lazy\" decoding=\"async\" width=\"2243\" height=\"2307\" src=\"https:\/\/blogs.uned.es\/protocolear\/wp-content\/uploads\/sites\/507\/2024\/02\/logo-entradas.png\" class=\"attachment-full size-full wp-image-747\" alt=\"\" srcset=\"https:\/\/blogs.uned.es\/protocolear\/wp-content\/uploads\/sites\/507\/2024\/02\/logo-entradas.png 2243w, https:\/\/blogs.uned.es\/protocolear\/wp-content\/uploads\/sites\/507\/2024\/02\/logo-entradas-292x300.png 292w, https:\/\/blogs.uned.es\/protocolear\/wp-content\/uploads\/sites\/507\/2024\/02\/logo-entradas-996x1024.png 996w, https:\/\/blogs.uned.es\/protocolear\/wp-content\/uploads\/sites\/507\/2024\/02\/logo-entradas-768x790.png 768w, https:\/\/blogs.uned.es\/protocolear\/wp-content\/uploads\/sites\/507\/2024\/02\/logo-entradas-1493x1536.png 1493w, https:\/\/blogs.uned.es\/protocolear\/wp-content\/uploads\/sites\/507\/2024\/02\/logo-entradas-1991x2048.png 1991w\" sizes=\"(max-width: 2243px) 100vw, 2243px\" \/><\/a><\/figure><div class=\"elementor-image-box-content\"><h3 class=\"elementor-image-box-title\"><a href=\"https:\/\/blogs.uned.es\/protocolear\/2024\/03\/19\/t1-e2-2\/\">Disponible el tercer episodio de Protocolear<\/a><\/h3><p class=\"elementor-image-box-description\">Ya puedes escuchar el primer episodio de nuestro podcast.<\/p><\/div><\/div>\t\t\t\t<\/div>\n\t\t\t\t<\/div>\n\t\t\t\t\t<\/div>\n\t\t<\/div>\n\t\t\t\t\t<\/div>\n\t\t<\/section>\n\t\t\t\t<\/div>\n\t\t","protected":false},"excerpt":{"rendered":"<p>Protocolear Un podcast del G. I. InStuReG Financiado a trav\u00e9s de la Convocatoria de ayudas para la realizaci\u00f3n de actividades de divulgaci\u00f3n cient\u00edfica y ciencia ciudadana 2023 de la UNED \u00a1Bienvenidos a \u00abProtocolear\u00bb, el podcast que te lleva de la mano a explorar el apasionante universo del protocolo y la organizaci\u00f3n de eventos institucionales! En cada episodio, nos sumergimos en la magia detr\u00e1s de la etiqueta y las ceremonias, revelando c\u00f3mo la planificaci\u00f3n meticulosa y el protocolo influyen en los momentos que dan forma a nuestra sociedad y vida cotidiana. En cada episodio, exploramos la fascinante tarea de organizar eventos institucionales y descubrimos la importancia del protocolo en nuestro d\u00eda a d\u00eda. \u00bfQu\u00e9 puedes esperar de protocolear? \u00a0Charlas con expertos: Conversamos con profesionales del protocolo de diversas instituciones. Descubrimos sus experiencias, desaf\u00edos y \u00e9xitos, aprendiendo c\u00f3mo el protocolo influye en diferentes contextos. Debates sobre temas actuales: Exploramos temas candentes relacionados&hellip;<\/p>\n<p> <a class=\"more-link\" href=\"https:\/\/blogs.uned.es\/protocolear\/\">Leer m\u00e1s<\/a><\/p>\n","protected":false},"author":1,"featured_media":0,"parent":0,"menu_order":0,"comment_status":"closed","ping_status":"closed","template":"","meta":{"footnotes":""},"class_list":["post-15","page","type-page","status-publish"],"_links":{"self":[{"href":"https:\/\/blogs.uned.es\/protocolear\/wp-json\/wp\/v2\/pages\/15","targetHints":{"allow":["GET"]}}],"collection":[{"href":"https:\/\/blogs.uned.es\/protocolear\/wp-json\/wp\/v2\/pages"}],"about":[{"href":"https:\/\/blogs.uned.es\/protocolear\/wp-json\/wp\/v2\/types\/page"}],"author":[{"embeddable":true,"href":"https:\/\/blogs.uned.es\/protocolear\/wp-json\/wp\/v2\/users\/1"}],"replies":[{"embeddable":true,"href":"https:\/\/blogs.uned.es\/protocolear\/wp-json\/wp\/v2\/comments?post=15"}],"version-history":[{"count":143,"href":"https:\/\/blogs.uned.es\/protocolear\/wp-json\/wp\/v2\/pages\/15\/revisions"}],"predecessor-version":[{"id":1177,"href":"https:\/\/blogs.uned.es\/protocolear\/wp-json\/wp\/v2\/pages\/15\/revisions\/1177"}],"wp:attachment":[{"href":"https:\/\/blogs.uned.es\/protocolear\/wp-json\/wp\/v2\/media?parent=15"}],"curies":[{"name":"wp","href":"https:\/\/api.w.org\/{rel}","templated":true}]}}