{"id":9685,"date":"2023-11-17T08:03:56","date_gmt":"2023-11-17T07:03:56","guid":{"rendered":"https:\/\/blogs.uned.es\/protedis\/?page_id=9685"},"modified":"2023-11-17T08:07:14","modified_gmt":"2023-11-17T07:07:14","slug":"siete-entidades-de-extremadura-completan-dos-anos-de-participacion-en-el-proyecto-de-buen-trato","status":"publish","type":"page","link":"https:\/\/blogs.uned.es\/protedis\/siete-entidades-de-extremadura-completan-dos-anos-de-participacion-en-el-proyecto-de-buen-trato\/","title":{"rendered":"Siete entidades de Extremadura completan dos a\u00f1os de participaci\u00f3n en el PROYECTO DE BUEN TRATO"},"content":{"rendered":"\t\t<div data-elementor-type=\"wp-page\" data-elementor-id=\"9685\" class=\"elementor elementor-9685\">\n\t\t\t\t\t\t<section class=\"elementor-section elementor-top-section elementor-element elementor-element-28bc5f6 elementor-section-boxed elementor-section-height-default elementor-section-height-default\" data-id=\"28bc5f6\" data-element_type=\"section\" data-e-type=\"section\">\n\t\t\t\t\t\t<div class=\"elementor-container elementor-column-gap-default\">\n\t\t\t\t\t<div class=\"elementor-column elementor-col-100 elementor-top-column elementor-element elementor-element-c3ac19a\" data-id=\"c3ac19a\" data-element_type=\"column\" data-e-type=\"column\">\n\t\t\t<div class=\"elementor-widget-wrap elementor-element-populated\">\n\t\t\t\t\t\t<div class=\"elementor-element elementor-element-70382e3 elementor-widget elementor-widget-image\" data-id=\"70382e3\" data-element_type=\"widget\" data-e-type=\"widget\" data-widget_type=\"image.default\">\n\t\t\t\t<div class=\"elementor-widget-container\">\n\t\t\t\t\t\t\t\t\t\t\t\t\t\t\t<img fetchpriority=\"high\" decoding=\"async\" width=\"751\" height=\"229\" src=\"https:\/\/blogs.uned.es\/protedis\/wp-content\/uploads\/sites\/101\/2022\/04\/banner_plextremadura.jpg\" class=\"attachment-large size-large wp-image-7583\" alt=\"https:\/\/blogs.uned.es\/protedis\/plena-inclusion-extremadura-4a-reunion-con-los-centros-del-proyecto-de-buen-trato\/\" srcset=\"https:\/\/blogs.uned.es\/protedis\/wp-content\/uploads\/sites\/101\/2022\/04\/banner_plextremadura.jpg 751w, https:\/\/blogs.uned.es\/protedis\/wp-content\/uploads\/sites\/101\/2022\/04\/banner_plextremadura-300x91.jpg 300w\" sizes=\"(max-width: 751px) 100vw, 751px\" \/>\t\t\t\t\t\t\t\t\t\t\t\t\t\t\t<\/div>\n\t\t\t\t<\/div>\n\t\t\t\t\t<\/div>\n\t\t<\/div>\n\t\t\t\t\t<\/div>\n\t\t<\/section>\n\t\t\t\t<section class=\"elementor-section elementor-top-section elementor-element elementor-element-7f9c07a2 elementor-section-boxed elementor-section-height-default elementor-section-height-default\" data-id=\"7f9c07a2\" data-element_type=\"section\" data-e-type=\"section\">\n\t\t\t\t\t\t<div class=\"elementor-container elementor-column-gap-default\">\n\t\t\t\t\t<div class=\"elementor-column elementor-col-100 elementor-top-column elementor-element elementor-element-54a5fc39\" data-id=\"54a5fc39\" data-element_type=\"column\" data-e-type=\"column\">\n\t\t\t<div class=\"elementor-widget-wrap elementor-element-populated\">\n\t\t\t\t\t\t<div class=\"elementor-element elementor-element-2b284910 elementor-widget elementor-widget-text-editor\" data-id=\"2b284910\" data-element_type=\"widget\" data-e-type=\"widget\" data-widget_type=\"text-editor.default\">\n\t\t\t\t<div class=\"elementor-widget-container\">\n\t\t\t\t\t\t\t\t\t<p>ASINDI, PLACEAT, APTO, MONTIJO, OLIVENZA, APROSUBA 7 Y CENTRO NTRA. SRA. DE LA LUZ, han participado en el proyecto de Buen Trato fruto de la colaboraci\u00f3n entre PLENA INCLUSI\u00d3N EXTREMADURA Y PROTEDIS.<\/p><p>El pr\u00f3ximo a\u00f1o en una Jornada presencial compartiremos con todos vosotros algunas de sus actuaciones m\u00e1s relevantes.<\/p><p>Gracias a <strong>Plena inclusi\u00f3n Extremadura<\/strong> y a los siete centros por su enorme implicaci\u00f3n en este proyecto al que tenemos pensado dar continuidad.<\/p>\t\t\t\t\t\t\t\t<\/div>\n\t\t\t\t<\/div>\n\t\t\t\t\t<\/div>\n\t\t<\/div>\n\t\t\t\t\t<\/div>\n\t\t<\/section>\n\t\t\t\t<\/div>\n\t\t","protected":false},"excerpt":{"rendered":"<p>\/*! elementor &#8211; v3.5.0 &#8211; 12-12-2021 *\/ .elementor-widget-image{text-align:center}.elementor-widget-image a{display:inline-block}.elementor-widget-image a img[src$=\u00bb.svg\u00bb]{width:48px}.elementor-widget-image img{vertical-align:middle;display:inline-block} ASINDI, PLACEAT, APTO, MONTIJO, OLIVENZA, APROSUBA 7 Y CENTRO NTRA. SRA. DE LA LUZ, han participado en el proyecto de Buen Trato fruto de la colaboraci\u00f3n entre PLENA INCLUSI\u00d3N EXTREMADURA Y PROTEDIS. El pr\u00f3ximo a\u00f1o en una Jornada presencial compartiremos con todos vosotros [&hellip;]<\/p>\n","protected":false},"author":183,"featured_media":0,"parent":0,"menu_order":0,"comment_status":"closed","ping_status":"closed","template":"","meta":{"footnotes":""},"class_list":["post-9685","page","type-page","status-publish","czr-hentry"],"_links":{"self":[{"href":"https:\/\/blogs.uned.es\/protedis\/wp-json\/wp\/v2\/pages\/9685","targetHints":{"allow":["GET"]}}],"collection":[{"href":"https:\/\/blogs.uned.es\/protedis\/wp-json\/wp\/v2\/pages"}],"about":[{"href":"https:\/\/blogs.uned.es\/protedis\/wp-json\/wp\/v2\/types\/page"}],"author":[{"embeddable":true,"href":"https:\/\/blogs.uned.es\/protedis\/wp-json\/wp\/v2\/users\/183"}],"replies":[{"embeddable":true,"href":"https:\/\/blogs.uned.es\/protedis\/wp-json\/wp\/v2\/comments?post=9685"}],"version-history":[{"count":7,"href":"https:\/\/blogs.uned.es\/protedis\/wp-json\/wp\/v2\/pages\/9685\/revisions"}],"predecessor-version":[{"id":9701,"href":"https:\/\/blogs.uned.es\/protedis\/wp-json\/wp\/v2\/pages\/9685\/revisions\/9701"}],"wp:attachment":[{"href":"https:\/\/blogs.uned.es\/protedis\/wp-json\/wp\/v2\/media?parent=9685"}],"curies":[{"name":"wp","href":"https:\/\/api.w.org\/{rel}","templated":true}]}}