{"id":295,"date":"2017-09-25T10:14:22","date_gmt":"2017-09-25T10:14:22","guid":{"rendered":"http:\/\/blogs.uned.es\/protedis\/?page_id=295"},"modified":"2022-03-15T12:16:18","modified_gmt":"2022-03-15T11:16:18","slug":"seguimiento-del-plan","status":"publish","type":"page","link":"https:\/\/blogs.uned.es\/protedis\/seguimiento-del-plan\/","title":{"rendered":"Puesta en marcha del Plan"},"content":{"rendered":"\t\t<div data-elementor-type=\"wp-page\" data-elementor-id=\"295\" class=\"elementor elementor-295\">\n\t\t\t\t\t\t<section class=\"elementor-section elementor-top-section elementor-element elementor-element-ad4c5c9 elementor-section-boxed elementor-section-height-default elementor-section-height-default\" data-id=\"ad4c5c9\" data-element_type=\"section\" data-e-type=\"section\">\n\t\t\t\t\t\t<div class=\"elementor-container elementor-column-gap-default\">\n\t\t\t\t\t<div class=\"elementor-column elementor-col-100 elementor-top-column elementor-element elementor-element-d13dbf3\" data-id=\"d13dbf3\" data-element_type=\"column\" data-e-type=\"column\">\n\t\t\t<div class=\"elementor-widget-wrap elementor-element-populated\">\n\t\t\t\t\t\t<div class=\"elementor-element elementor-element-868214e elementor-widget elementor-widget-image\" data-id=\"868214e\" data-element_type=\"widget\" data-e-type=\"widget\" data-widget_type=\"image.default\">\n\t\t\t\t<div class=\"elementor-widget-container\">\n\t\t\t\t\t\t\t\t\t\t\t\t\t\t\t<img fetchpriority=\"high\" decoding=\"async\" width=\"391\" height=\"151\" src=\"https:\/\/blogs.uned.es\/protedis\/wp-content\/uploads\/sites\/101\/2022\/03\/protedis_blanco.jpg\" class=\"attachment-large size-large wp-image-3743\" alt=\"\" srcset=\"https:\/\/blogs.uned.es\/protedis\/wp-content\/uploads\/sites\/101\/2022\/03\/protedis_blanco.jpg 391w, https:\/\/blogs.uned.es\/protedis\/wp-content\/uploads\/sites\/101\/2022\/03\/protedis_blanco-300x116.jpg 300w\" sizes=\"(max-width: 391px) 100vw, 391px\" \/>\t\t\t\t\t\t\t\t\t\t\t\t\t\t\t<\/div>\n\t\t\t\t<\/div>\n\t\t\t\t\t<\/div>\n\t\t<\/div>\n\t\t\t\t\t<\/div>\n\t\t<\/section>\n\t\t\t\t<section class=\"elementor-section elementor-top-section elementor-element elementor-element-8ffbf0e elementor-section-boxed elementor-section-height-default elementor-section-height-default\" data-id=\"8ffbf0e\" data-element_type=\"section\" data-e-type=\"section\">\n\t\t\t\t\t\t<div class=\"elementor-container elementor-column-gap-default\">\n\t\t\t\t\t<div class=\"elementor-column elementor-col-100 elementor-top-column elementor-element elementor-element-e582f69\" data-id=\"e582f69\" data-element_type=\"column\" data-e-type=\"column\">\n\t\t\t<div class=\"elementor-widget-wrap elementor-element-populated\">\n\t\t\t\t\t\t<div class=\"elementor-element elementor-element-6fd5015 elementor-widget elementor-widget-heading\" data-id=\"6fd5015\" data-element_type=\"widget\" data-e-type=\"widget\" data-widget_type=\"heading.default\">\n\t\t\t\t<div class=\"elementor-widget-container\">\n\t\t\t\t\t<h2 class=\"elementor-heading-title elementor-size-default\">PROTEDIS acompa\u00f1a en la puesta en marcha del PLAN<\/h2>\t\t\t\t<\/div>\n\t\t\t\t<\/div>\n\t\t\t\t\t<\/div>\n\t\t<\/div>\n\t\t\t\t\t<\/div>\n\t\t<\/section>\n\t\t\t\t<section class=\"elementor-section elementor-top-section elementor-element elementor-element-b20b6f8 elementor-section-boxed elementor-section-height-default elementor-section-height-default\" data-id=\"b20b6f8\" data-element_type=\"section\" data-e-type=\"section\">\n\t\t\t\t\t\t<div class=\"elementor-container elementor-column-gap-default\">\n\t\t\t\t\t<div class=\"elementor-column elementor-col-33 elementor-top-column elementor-element elementor-element-554b1b1\" data-id=\"554b1b1\" data-element_type=\"column\" data-e-type=\"column\">\n\t\t\t<div class=\"elementor-widget-wrap elementor-element-populated\">\n\t\t\t\t\t\t<div class=\"elementor-element elementor-element-96e66a2 elementor-widget elementor-widget-image\" data-id=\"96e66a2\" data-element_type=\"widget\" data-e-type=\"widget\" data-widget_type=\"image.default\">\n\t\t\t\t<div class=\"elementor-widget-container\">\n\t\t\t\t\t\t\t\t\t\t\t\t\t\t\t\t<a href=\"https:\/\/blogs.uned.es\/protedis\/el-manual\/\" target=\"_blank\">\n\t\t\t\t\t\t\t<img decoding=\"async\" width=\"189\" height=\"300\" src=\"https:\/\/blogs.uned.es\/protedis\/wp-content\/uploads\/sites\/101\/2017\/07\/imagen_protedis-189x300.jpg\" class=\"attachment-medium size-medium wp-image-201\" alt=\"\" srcset=\"https:\/\/blogs.uned.es\/protedis\/wp-content\/uploads\/sites\/101\/2017\/07\/imagen_protedis-189x300.jpg 189w, https:\/\/blogs.uned.es\/protedis\/wp-content\/uploads\/sites\/101\/2017\/07\/imagen_protedis-644x1024.jpg 644w, https:\/\/blogs.uned.es\/protedis\/wp-content\/uploads\/sites\/101\/2017\/07\/imagen_protedis.jpg 743w\" sizes=\"(max-width: 189px) 100vw, 189px\" \/>\t\t\t\t\t\t\t\t<\/a>\n\t\t\t\t\t\t\t\t\t\t\t\t\t\t\t<\/div>\n\t\t\t\t<\/div>\n\t\t\t\t\t<\/div>\n\t\t<\/div>\n\t\t\t\t<div class=\"elementor-column elementor-col-33 elementor-top-column elementor-element elementor-element-09808bd\" data-id=\"09808bd\" data-element_type=\"column\" data-e-type=\"column\">\n\t\t\t<div class=\"elementor-widget-wrap elementor-element-populated\">\n\t\t\t\t\t\t<div class=\"elementor-element elementor-element-94a2d12 elementor-widget elementor-widget-text-editor\" data-id=\"94a2d12\" data-element_type=\"widget\" data-e-type=\"widget\" data-widget_type=\"text-editor.default\">\n\t\t\t\t<div class=\"elementor-widget-container\">\n\t\t\t\t\t\t\t\t\t<h6>No dudes en ponerte en contacto con nosotras para cualquier duda o inquietud sobre el PLAN.\u00a0<\/h6>\t\t\t\t\t\t\t\t<\/div>\n\t\t\t\t<\/div>\n\t\t\t\t<div class=\"elementor-element elementor-element-8a08db1 elementor-widget elementor-widget-text-editor\" data-id=\"8a08db1\" data-element_type=\"widget\" data-e-type=\"widget\" data-widget_type=\"text-editor.default\">\n\t\t\t\t<div class=\"elementor-widget-container\">\n\t\t\t\t\t\t\t\t\t<h6>contactar con <strong>Bel\u00e9n Guti\u00e9rrez Bermejo<\/strong>, Directora del Proyecto: <strong><a href=\"mailto:mbgutierrez@psi.uned.es\">mbgutierrez@psi.uned.es<\/a><\/strong><\/h6>\t\t\t\t\t\t\t\t<\/div>\n\t\t\t\t<\/div>\n\t\t\t\t<div class=\"elementor-element elementor-element-5d6ce15 elementor-widget elementor-widget-text-editor\" data-id=\"5d6ce15\" data-element_type=\"widget\" data-e-type=\"widget\" data-widget_type=\"text-editor.default\">\n\t\t\t\t<div class=\"elementor-widget-container\">\n\t\t\t\t\t\t\t\t\t<h6>SABER M\u00c1S SOBRE <a href=\"https:\/\/blogs.uned.es\/protedis\/el-manual\/\"><strong>EL MANUAL\u00a0 EL PLAN<\/strong><\/a><\/h6>\t\t\t\t\t\t\t\t<\/div>\n\t\t\t\t<\/div>\n\t\t\t\t\t<\/div>\n\t\t<\/div>\n\t\t\t\t<div class=\"elementor-column elementor-col-33 elementor-top-column elementor-element elementor-element-2dbc92e\" data-id=\"2dbc92e\" data-element_type=\"column\" data-e-type=\"column\">\n\t\t\t<div class=\"elementor-widget-wrap elementor-element-populated\">\n\t\t\t\t\t\t<div class=\"elementor-element elementor-element-d8d0faf elementor-widget elementor-widget-image\" data-id=\"d8d0faf\" data-element_type=\"widget\" data-e-type=\"widget\" data-widget_type=\"image.default\">\n\t\t\t\t<div class=\"elementor-widget-container\">\n\t\t\t\t\t\t\t\t\t\t\t\t\t\t\t\t<a href=\"https:\/\/blogs.uned.es\/protedis\/el-manual\/\" target=\"_blank\">\n\t\t\t\t\t\t\t<img decoding=\"async\" width=\"225\" height=\"300\" src=\"https:\/\/blogs.uned.es\/protedis\/wp-content\/uploads\/sites\/101\/2022\/03\/Plan-4-5-6-7-225x300.jpg\" class=\"attachment-medium size-medium wp-image-3659\" alt=\"\" srcset=\"https:\/\/blogs.uned.es\/protedis\/wp-content\/uploads\/sites\/101\/2022\/03\/Plan-4-5-6-7-225x300.jpg 225w, https:\/\/blogs.uned.es\/protedis\/wp-content\/uploads\/sites\/101\/2022\/03\/Plan-4-5-6-7-768x1024.jpg 768w, https:\/\/blogs.uned.es\/protedis\/wp-content\/uploads\/sites\/101\/2022\/03\/Plan-4-5-6-7-1152x1536.jpg 1152w, https:\/\/blogs.uned.es\/protedis\/wp-content\/uploads\/sites\/101\/2022\/03\/Plan-4-5-6-7-1536x2048.jpg 1536w, https:\/\/blogs.uned.es\/protedis\/wp-content\/uploads\/sites\/101\/2022\/03\/Plan-4-5-6-7-scaled.jpg 1920w\" sizes=\"(max-width: 225px) 100vw, 225px\" \/>\t\t\t\t\t\t\t\t<\/a>\n\t\t\t\t\t\t\t\t\t\t\t\t\t\t\t<\/div>\n\t\t\t\t<\/div>\n\t\t\t\t\t<\/div>\n\t\t<\/div>\n\t\t\t\t\t<\/div>\n\t\t<\/section>\n\t\t\t\t<section class=\"elementor-section elementor-top-section elementor-element elementor-element-c9e2150 elementor-section-boxed elementor-section-height-default elementor-section-height-default\" data-id=\"c9e2150\" data-element_type=\"section\" data-e-type=\"section\">\n\t\t\t\t\t\t<div class=\"elementor-container elementor-column-gap-default\">\n\t\t\t\t\t<div class=\"elementor-column elementor-col-100 elementor-top-column elementor-element elementor-element-2a7812ae\" data-id=\"2a7812ae\" data-element_type=\"column\" data-e-type=\"column\">\n\t\t\t<div class=\"elementor-widget-wrap elementor-element-populated\">\n\t\t\t\t\t\t<div class=\"elementor-element elementor-element-5e6b7504 elementor-widget elementor-widget-text-editor\" data-id=\"5e6b7504\" data-element_type=\"widget\" data-e-type=\"widget\" data-widget_type=\"text-editor.default\">\n\t\t\t\t<div class=\"elementor-widget-container\">\n\t\t\t\t\t\t\t\t\t<h6>Los <strong>centros o entidades<\/strong> que as\u00ed lo deseen podr\u00e1n <strong>solicitar a PROTEDIS<\/strong> el acompa\u00f1amiento en la puesta en marcha del Plan de prevenci\u00f3n e intervenci\u00f3n ante el maltrato en sus centros.\u00a0<\/h6><h6>Este acompa\u00f1amiento y <strong>asesoramiento garantiza<\/strong> el desarrollo del Plan de forma adecuada con la aportaci\u00f3n de materiales, grupos de trabajo presenciales y online y resoluci\u00f3n de dudas en cualquier momento de su implantaci\u00f3n o posterior a la misma.<\/h6><p>\u00a0<\/p><hr \/><blockquote><p>M\u00e1s informaci\u00f3n:<\/p><p>M\u00aa Bel\u00e9n Guti\u00e9rrez Bermejo<\/p><p>mbgutierrez@psi.uned.es<\/p><p>Facultad de Psicolog\u00eda de la UNED<br \/>Departamento de Psicolog\u00eda Evolutiva y de la Educaci\u00f3n<br \/>C\/ Juan del Rosal, 10<br \/>28040 Madrid<\/p><\/blockquote><p>\n\n<\/p>\t\t\t\t\t\t\t\t<\/div>\n\t\t\t\t<\/div>\n\t\t\t\t\t<\/div>\n\t\t<\/div>\n\t\t\t\t\t<\/div>\n\t\t<\/section>\n\t\t\t\t<\/div>\n\t\t","protected":false},"excerpt":{"rendered":"<p>\/*! elementor &#8211; v3.5.5 &#8211; 03-02-2022 *\/ .elementor-widget-image{text-align:center}.elementor-widget-image a{display:inline-block}.elementor-widget-image a img[src$=\u00bb.svg\u00bb]{width:48px}.elementor-widget-image img{vertical-align:middle;display:inline-block} \/*! elementor &#8211; v3.5.5 &#8211; 03-02-2022 *\/ .elementor-heading-title{padding:0;margin:0;line-height:1}.elementor-widget-heading .elementor-heading-title[class*=elementor-size-]&gt;a{color:inherit;font-size:inherit;line-height:inherit}.elementor-widget-heading .elementor-heading-title.elementor-size-small{font-size:15px}.elementor-widget-heading .elementor-heading-title.elementor-size-medium{font-size:19px}.elementor-widget-heading .elementor-heading-title.elementor-size-large{font-size:29px}.elementor-widget-heading .elementor-heading-title.elementor-size-xl{font-size:39px}.elementor-widget-heading .elementor-heading-title.elementor-size-xxl{font-size:59px} PROTEDIS acompa\u00f1a en la puesta en marcha del PLAN No dudes en ponerte en contacto con nosotras para cualquier duda o inquietud sobre el PLAN.\u00a0 contactar con Bel\u00e9n Guti\u00e9rrez [&hellip;]<\/p>\n","protected":false},"author":197,"featured_media":0,"parent":0,"menu_order":0,"comment_status":"closed","ping_status":"closed","template":"","meta":{"footnotes":""},"class_list":["post-295","page","type-page","status-publish","czr-hentry"],"_links":{"self":[{"href":"https:\/\/blogs.uned.es\/protedis\/wp-json\/wp\/v2\/pages\/295","targetHints":{"allow":["GET"]}}],"collection":[{"href":"https:\/\/blogs.uned.es\/protedis\/wp-json\/wp\/v2\/pages"}],"about":[{"href":"https:\/\/blogs.uned.es\/protedis\/wp-json\/wp\/v2\/types\/page"}],"author":[{"embeddable":true,"href":"https:\/\/blogs.uned.es\/protedis\/wp-json\/wp\/v2\/users\/197"}],"replies":[{"embeddable":true,"href":"https:\/\/blogs.uned.es\/protedis\/wp-json\/wp\/v2\/comments?post=295"}],"version-history":[{"count":12,"href":"https:\/\/blogs.uned.es\/protedis\/wp-json\/wp\/v2\/pages\/295\/revisions"}],"predecessor-version":[{"id":4345,"href":"https:\/\/blogs.uned.es\/protedis\/wp-json\/wp\/v2\/pages\/295\/revisions\/4345"}],"wp:attachment":[{"href":"https:\/\/blogs.uned.es\/protedis\/wp-json\/wp\/v2\/media?parent=295"}],"curies":[{"name":"wp","href":"https:\/\/api.w.org\/{rel}","templated":true}]}}