{"id":29,"date":"2017-07-06T06:27:16","date_gmt":"2017-07-06T06:27:16","guid":{"rendered":"http:\/\/blogs.uned.es\/protedis-2\/?page_id=29"},"modified":"2022-03-14T13:08:13","modified_gmt":"2022-03-14T12:08:13","slug":"lineas-de-actuacion","status":"publish","type":"page","link":"https:\/\/blogs.uned.es\/protedis\/lineas-de-actuacion\/","title":{"rendered":"Servicios"},"content":{"rendered":"\t\t<div data-elementor-type=\"wp-page\" data-elementor-id=\"29\" class=\"elementor elementor-29\">\n\t\t\t\t\t\t<section class=\"elementor-section elementor-top-section elementor-element elementor-element-58b471b elementor-section-boxed elementor-section-height-default elementor-section-height-default\" data-id=\"58b471b\" data-element_type=\"section\" data-e-type=\"section\">\n\t\t\t\t\t\t<div class=\"elementor-container elementor-column-gap-default\">\n\t\t\t\t\t<div class=\"elementor-column elementor-col-100 elementor-top-column elementor-element elementor-element-36b540f\" data-id=\"36b540f\" data-element_type=\"column\" data-e-type=\"column\">\n\t\t\t<div class=\"elementor-widget-wrap elementor-element-populated\">\n\t\t\t\t\t\t<div class=\"elementor-element elementor-element-043bb67 elementor-widget elementor-widget-heading\" data-id=\"043bb67\" data-element_type=\"widget\" data-e-type=\"widget\" data-widget_type=\"heading.default\">\n\t\t\t\t<div class=\"elementor-widget-container\">\n\t\t\t\t\t<h2 class=\"elementor-heading-title elementor-size-default\">\u00bfQu\u00e9 hacemos? Servicios que ofrecemos<\/h2>\t\t\t\t<\/div>\n\t\t\t\t<\/div>\n\t\t\t\t\t<\/div>\n\t\t<\/div>\n\t\t\t\t\t<\/div>\n\t\t<\/section>\n\t\t\t\t<section class=\"elementor-section elementor-top-section elementor-element elementor-element-9a74372 elementor-section-boxed elementor-section-height-default elementor-section-height-default\" data-id=\"9a74372\" data-element_type=\"section\" data-e-type=\"section\">\n\t\t\t\t\t\t<div class=\"elementor-container elementor-column-gap-default\">\n\t\t\t\t\t<div class=\"elementor-column elementor-col-100 elementor-top-column elementor-element elementor-element-96e2301\" data-id=\"96e2301\" data-element_type=\"column\" data-e-type=\"column\">\n\t\t\t<div class=\"elementor-widget-wrap elementor-element-populated\">\n\t\t\t\t\t\t<div class=\"elementor-element elementor-element-5f5816f elementor-widget elementor-widget-spacer\" data-id=\"5f5816f\" data-element_type=\"widget\" data-e-type=\"widget\" data-widget_type=\"spacer.default\">\n\t\t\t\t<div class=\"elementor-widget-container\">\n\t\t\t\t\t\t\t<div class=\"elementor-spacer\">\n\t\t\t<div class=\"elementor-spacer-inner\"><\/div>\n\t\t<\/div>\n\t\t\t\t\t\t<\/div>\n\t\t\t\t<\/div>\n\t\t\t\t\t<\/div>\n\t\t<\/div>\n\t\t\t\t\t<\/div>\n\t\t<\/section>\n\t\t\t\t<section class=\"elementor-section elementor-top-section elementor-element elementor-element-10509199 elementor-section-boxed elementor-section-height-default elementor-section-height-default\" data-id=\"10509199\" data-element_type=\"section\" data-e-type=\"section\">\n\t\t\t\t\t\t<div class=\"elementor-container elementor-column-gap-default\">\n\t\t\t\t\t<div class=\"elementor-column elementor-col-100 elementor-top-column elementor-element elementor-element-5c99c4bb\" data-id=\"5c99c4bb\" data-element_type=\"column\" data-e-type=\"column\">\n\t\t\t<div class=\"elementor-widget-wrap elementor-element-populated\">\n\t\t\t\t\t\t<div class=\"elementor-element elementor-element-437c487c elementor-widget elementor-widget-text-editor\" data-id=\"437c487c\" data-element_type=\"widget\" data-e-type=\"widget\" data-widget_type=\"text-editor.default\">\n\t\t\t\t<div class=\"elementor-widget-container\">\n\t\t\t\t\t\t\t\t\t<ul><li><h6><strong>Investigaciones<\/strong> en el \u00e1mbito del maltrato hacia las personas con discapacidad intelectual.<\/h6><\/li><li><h6>Elaboraci\u00f3n de <strong>Materiales<\/strong> espec\u00edficos para prevenir la violencia hacia las personas con discapacidad intelectual.<\/h6><\/li><li><h6>Cursos de<strong> formaci\u00f3n<\/strong> a profesionales.<\/h6><\/li><li><h6>Sellos de calidad. <strong>Acreditaci\u00f3n<\/strong> a centros en base al Plan de Prevenci\u00f3n y Actuaci\u00f3n ante el maltrato.\u00a0<\/h6><\/li><li><h6><strong>Programas de intervenci\u00f3n<\/strong> con v\u00edctimas y agresores.<\/h6><\/li><li><h6>Programas de <strong>concienciaci\u00f3n<\/strong> social.<\/h6><\/li><li><h6>Programas con y para las<strong> familias.<\/strong><\/h6><\/li><li><h6><strong>Asesoramiento<\/strong> a Federaciones\/Asociaciones, Centros\/Entidades, profesionales y familias.<\/h6><\/li><li><h6>Campa\u00f1as de <strong>prevenci\u00f3n.<\/strong><\/h6><\/li><li><h6>Reuniones cient\u00edficas en forma de <strong>Congresos y\/o Jornadas.\u00a0<\/strong><\/h6><\/li><\/ul>\t\t\t\t\t\t\t\t<\/div>\n\t\t\t\t<\/div>\n\t\t\t\t\t<\/div>\n\t\t<\/div>\n\t\t\t\t\t<\/div>\n\t\t<\/section>\n\t\t\t\t<section class=\"elementor-section elementor-top-section elementor-element elementor-element-579cd76 elementor-section-boxed elementor-section-height-default elementor-section-height-default\" data-id=\"579cd76\" data-element_type=\"section\" data-e-type=\"section\">\n\t\t\t\t\t\t<div class=\"elementor-container elementor-column-gap-default\">\n\t\t\t\t\t<div class=\"elementor-column elementor-col-25 elementor-top-column elementor-element elementor-element-e6caab8\" data-id=\"e6caab8\" data-element_type=\"column\" data-e-type=\"column\">\n\t\t\t<div class=\"elementor-widget-wrap elementor-element-populated\">\n\t\t\t\t\t\t<div class=\"elementor-element elementor-element-ec55680 elementor-widget elementor-widget-text-editor\" data-id=\"ec55680\" data-element_type=\"widget\" data-e-type=\"widget\" data-widget_type=\"text-editor.default\">\n\t\t\t\t<div class=\"elementor-widget-container\">\n\t\t\t\t\t\t\t\t\t<h6><a href=\"https:\/\/blogs.uned.es\/protedis\/nuestro-objetivo\/\"><strong>NUESTRO OBJETIVO<\/strong><\/a><\/h6>\t\t\t\t\t\t\t\t<\/div>\n\t\t\t\t<\/div>\n\t\t\t\t\t<\/div>\n\t\t<\/div>\n\t\t\t\t<div class=\"elementor-column elementor-col-25 elementor-top-column elementor-element elementor-element-1d34175\" data-id=\"1d34175\" data-element_type=\"column\" data-e-type=\"column\">\n\t\t\t<div class=\"elementor-widget-wrap elementor-element-populated\">\n\t\t\t\t\t\t<div class=\"elementor-element elementor-element-b979cdc elementor-widget elementor-widget-text-editor\" data-id=\"b979cdc\" data-element_type=\"widget\" data-e-type=\"widget\" data-widget_type=\"text-editor.default\">\n\t\t\t\t<div class=\"elementor-widget-container\">\n\t\t\t\t\t\t\t\t\t<h6><a href=\"http:\/\/blogs.uned.es\/protedis\/personal\/\"><strong>quienes somos. equipo\u00a0<\/strong><\/a><\/h6>\t\t\t\t\t\t\t\t<\/div>\n\t\t\t\t<\/div>\n\t\t\t\t\t<\/div>\n\t\t<\/div>\n\t\t\t\t<div class=\"elementor-column elementor-col-25 elementor-top-column elementor-element elementor-element-56e8435\" data-id=\"56e8435\" data-element_type=\"column\" data-e-type=\"column\">\n\t\t\t<div class=\"elementor-widget-wrap elementor-element-populated\">\n\t\t\t\t\t\t<div class=\"elementor-element elementor-element-44e0893 elementor-widget elementor-widget-text-editor\" data-id=\"44e0893\" data-element_type=\"widget\" data-e-type=\"widget\" data-widget_type=\"text-editor.default\">\n\t\t\t\t<div class=\"elementor-widget-container\">\n\t\t\t\t\t\t\t\t\t<h6><a href=\"http:\/\/blogs.uned.es\/protedis\/colaboramos-con\/\"><strong>Redes. Estamos colaborando con<\/strong><\/a>\u00a0<\/h6>\t\t\t\t\t\t\t\t<\/div>\n\t\t\t\t<\/div>\n\t\t\t\t\t<\/div>\n\t\t<\/div>\n\t\t\t\t<div class=\"elementor-column elementor-col-25 elementor-top-column elementor-element elementor-element-0491369\" data-id=\"0491369\" data-element_type=\"column\" data-e-type=\"column\">\n\t\t\t<div class=\"elementor-widget-wrap elementor-element-populated\">\n\t\t\t\t\t\t<div class=\"elementor-element elementor-element-321bb1e elementor-widget elementor-widget-text-editor\" data-id=\"321bb1e\" data-element_type=\"widget\" data-e-type=\"widget\" data-widget_type=\"text-editor.default\">\n\t\t\t\t<div class=\"elementor-widget-container\">\n\t\t\t\t\t\t\t\t\t<h6><a href=\"https:\/\/blogs.uned.es\/protedis\/el-manual\/\"><strong>MANUAL DE PREVENCI\u00d3N Y ACTUACI\u00d3N<\/strong><\/a><\/h6>\t\t\t\t\t\t\t\t<\/div>\n\t\t\t\t<\/div>\n\t\t\t\t\t<\/div>\n\t\t<\/div>\n\t\t\t\t\t<\/div>\n\t\t<\/section>\n\t\t\t\t<section class=\"elementor-section elementor-top-section elementor-element elementor-element-f5ae2ea elementor-section-boxed elementor-section-height-default elementor-section-height-default\" data-id=\"f5ae2ea\" data-element_type=\"section\" data-e-type=\"section\">\n\t\t\t\t\t\t<div class=\"elementor-container elementor-column-gap-default\">\n\t\t\t\t\t<div class=\"elementor-column elementor-col-25 elementor-top-column elementor-element elementor-element-2a923d6\" data-id=\"2a923d6\" data-element_type=\"column\" data-e-type=\"column\">\n\t\t\t<div class=\"elementor-widget-wrap elementor-element-populated\">\n\t\t\t\t\t\t<div class=\"elementor-element elementor-element-0dcdb28 elementor-widget elementor-widget-image\" data-id=\"0dcdb28\" data-element_type=\"widget\" data-e-type=\"widget\" data-widget_type=\"image.default\">\n\t\t\t\t<div class=\"elementor-widget-container\">\n\t\t\t\t\t\t\t\t\t\t\t\t\t\t\t<img fetchpriority=\"high\" decoding=\"async\" width=\"1024\" height=\"683\" src=\"https:\/\/blogs.uned.es\/protedis\/wp-content\/uploads\/sites\/101\/2022\/03\/MANOS_Buen_trato-1024x683.jpeg\" class=\"attachment-large size-large wp-image-4211\" alt=\"\" srcset=\"https:\/\/blogs.uned.es\/protedis\/wp-content\/uploads\/sites\/101\/2022\/03\/MANOS_Buen_trato-1024x683.jpeg 1024w, https:\/\/blogs.uned.es\/protedis\/wp-content\/uploads\/sites\/101\/2022\/03\/MANOS_Buen_trato-300x200.jpeg 300w, https:\/\/blogs.uned.es\/protedis\/wp-content\/uploads\/sites\/101\/2022\/03\/MANOS_Buen_trato-768x512.jpeg 768w, https:\/\/blogs.uned.es\/protedis\/wp-content\/uploads\/sites\/101\/2022\/03\/MANOS_Buen_trato-1536x1024.jpeg 1536w, https:\/\/blogs.uned.es\/protedis\/wp-content\/uploads\/sites\/101\/2022\/03\/MANOS_Buen_trato-2048x1365.jpeg 2048w, https:\/\/blogs.uned.es\/protedis\/wp-content\/uploads\/sites\/101\/2022\/03\/MANOS_Buen_trato-272x182.jpeg 272w\" sizes=\"(max-width: 1024px) 100vw, 1024px\" \/>\t\t\t\t\t\t\t\t\t\t\t\t\t\t\t<\/div>\n\t\t\t\t<\/div>\n\t\t\t\t\t<\/div>\n\t\t<\/div>\n\t\t\t\t<div class=\"elementor-column elementor-col-25 elementor-top-column elementor-element elementor-element-9c01908\" data-id=\"9c01908\" data-element_type=\"column\" data-e-type=\"column\">\n\t\t\t<div class=\"elementor-widget-wrap elementor-element-populated\">\n\t\t\t\t\t\t<div class=\"elementor-element elementor-element-0a41cec elementor-widget elementor-widget-image\" data-id=\"0a41cec\" data-element_type=\"widget\" data-e-type=\"widget\" data-widget_type=\"image.default\">\n\t\t\t\t<div class=\"elementor-widget-container\">\n\t\t\t\t\t\t\t\t\t\t\t\t\t\t\t<img decoding=\"async\" width=\"612\" height=\"339\" src=\"https:\/\/blogs.uned.es\/protedis\/wp-content\/uploads\/sites\/101\/2022\/03\/manos_unidas_2.jpg\" class=\"attachment-large size-large wp-image-4065\" alt=\"\" srcset=\"https:\/\/blogs.uned.es\/protedis\/wp-content\/uploads\/sites\/101\/2022\/03\/manos_unidas_2.jpg 612w, https:\/\/blogs.uned.es\/protedis\/wp-content\/uploads\/sites\/101\/2022\/03\/manos_unidas_2-300x166.jpg 300w\" sizes=\"(max-width: 612px) 100vw, 612px\" \/>\t\t\t\t\t\t\t\t\t\t\t\t\t\t\t<\/div>\n\t\t\t\t<\/div>\n\t\t\t\t\t<\/div>\n\t\t<\/div>\n\t\t\t\t<div class=\"elementor-column elementor-col-25 elementor-top-column elementor-element elementor-element-d8e7d8d\" data-id=\"d8e7d8d\" data-element_type=\"column\" data-e-type=\"column\">\n\t\t\t<div class=\"elementor-widget-wrap elementor-element-populated\">\n\t\t\t\t\t\t<div class=\"elementor-element elementor-element-75b82ae elementor-widget elementor-widget-image\" data-id=\"75b82ae\" data-element_type=\"widget\" data-e-type=\"widget\" data-widget_type=\"image.default\">\n\t\t\t\t<div class=\"elementor-widget-container\">\n\t\t\t\t\t\t\t\t\t\t\t\t\t\t\t<img decoding=\"async\" width=\"500\" height=\"281\" src=\"https:\/\/blogs.uned.es\/protedis\/wp-content\/uploads\/sites\/101\/2022\/03\/buentrato1.jpeg\" class=\"attachment-large size-large wp-image-4069\" alt=\"\" srcset=\"https:\/\/blogs.uned.es\/protedis\/wp-content\/uploads\/sites\/101\/2022\/03\/buentrato1.jpeg 500w, https:\/\/blogs.uned.es\/protedis\/wp-content\/uploads\/sites\/101\/2022\/03\/buentrato1-300x169.jpeg 300w\" sizes=\"(max-width: 500px) 100vw, 500px\" \/>\t\t\t\t\t\t\t\t\t\t\t\t\t\t\t<\/div>\n\t\t\t\t<\/div>\n\t\t\t\t\t<\/div>\n\t\t<\/div>\n\t\t\t\t<div class=\"elementor-column elementor-col-25 elementor-top-column elementor-element elementor-element-76d3946\" data-id=\"76d3946\" data-element_type=\"column\" data-e-type=\"column\">\n\t\t\t<div class=\"elementor-widget-wrap elementor-element-populated\">\n\t\t\t\t\t\t<div class=\"elementor-element elementor-element-fe271e9 elementor-widget elementor-widget-image\" data-id=\"fe271e9\" data-element_type=\"widget\" data-e-type=\"widget\" data-widget_type=\"image.default\">\n\t\t\t\t<div class=\"elementor-widget-container\">\n\t\t\t\t\t\t\t\t\t\t\t\t\t\t\t<img loading=\"lazy\" decoding=\"async\" width=\"189\" height=\"300\" src=\"https:\/\/blogs.uned.es\/protedis\/wp-content\/uploads\/sites\/101\/2017\/07\/imagen_protedis-189x300.jpg\" class=\"attachment-medium size-medium wp-image-201\" alt=\"\" srcset=\"https:\/\/blogs.uned.es\/protedis\/wp-content\/uploads\/sites\/101\/2017\/07\/imagen_protedis-189x300.jpg 189w, https:\/\/blogs.uned.es\/protedis\/wp-content\/uploads\/sites\/101\/2017\/07\/imagen_protedis-644x1024.jpg 644w, https:\/\/blogs.uned.es\/protedis\/wp-content\/uploads\/sites\/101\/2017\/07\/imagen_protedis.jpg 743w\" sizes=\"(max-width: 189px) 100vw, 189px\" \/>\t\t\t\t\t\t\t\t\t\t\t\t\t\t\t<\/div>\n\t\t\t\t<\/div>\n\t\t\t\t\t<\/div>\n\t\t<\/div>\n\t\t\t\t\t<\/div>\n\t\t<\/section>\n\t\t\t\t<section class=\"elementor-section elementor-top-section elementor-element elementor-element-83cc3ce elementor-section-boxed elementor-section-height-default elementor-section-height-default\" data-id=\"83cc3ce\" data-element_type=\"section\" data-e-type=\"section\">\n\t\t\t\t\t\t<div class=\"elementor-container elementor-column-gap-default\">\n\t\t\t\t\t<div class=\"elementor-column elementor-col-100 elementor-top-column elementor-element elementor-element-96a7a23\" data-id=\"96a7a23\" data-element_type=\"column\" data-e-type=\"column\">\n\t\t\t<div class=\"elementor-widget-wrap elementor-element-populated\">\n\t\t\t\t\t\t<div class=\"elementor-element elementor-element-1308800 elementor-widget elementor-widget-heading\" data-id=\"1308800\" data-element_type=\"widget\" data-e-type=\"widget\" data-widget_type=\"heading.default\">\n\t\t\t\t<div class=\"elementor-widget-container\">\n\t\t\t\t\t<h2 class=\"elementor-heading-title elementor-size-default\">Contacta con nosotras<\/h2>\t\t\t\t<\/div>\n\t\t\t\t<\/div>\n\t\t\t\t\t<\/div>\n\t\t<\/div>\n\t\t\t\t\t<\/div>\n\t\t<\/section>\n\t\t\t\t<section class=\"elementor-section elementor-top-section elementor-element elementor-element-30c9b94 elementor-section-boxed elementor-section-height-default elementor-section-height-default\" data-id=\"30c9b94\" data-element_type=\"section\" data-e-type=\"section\">\n\t\t\t\t\t\t<div class=\"elementor-container elementor-column-gap-default\">\n\t\t\t\t\t<div class=\"elementor-column elementor-col-100 elementor-top-column elementor-element elementor-element-d567928\" data-id=\"d567928\" data-element_type=\"column\" data-e-type=\"column\">\n\t\t\t<div class=\"elementor-widget-wrap elementor-element-populated\">\n\t\t\t\t\t\t<div class=\"elementor-element elementor-element-b11ec62 elementor-widget elementor-widget-text-editor\" data-id=\"b11ec62\" data-element_type=\"widget\" data-e-type=\"widget\" data-widget_type=\"text-editor.default\">\n\t\t\t\t<div class=\"elementor-widget-container\">\n\t\t\t\t\t\t\t\t\t<h6><a href=\"http:\/\/blogs.uned.es\/protedis\/contacto\/\"><strong>Formulario de contacto<\/strong><\/a><\/h6>\t\t\t\t\t\t\t\t<\/div>\n\t\t\t\t<\/div>\n\t\t\t\t\t<\/div>\n\t\t<\/div>\n\t\t\t\t\t<\/div>\n\t\t<\/section>\n\t\t\t\t<\/div>\n\t\t","protected":false},"excerpt":{"rendered":"<p>\/*! elementor &#8211; v3.5.5 &#8211; 03-02-2022 *\/ .elementor-heading-title{padding:0;margin:0;line-height:1}.elementor-widget-heading .elementor-heading-title[class*=elementor-size-]&gt;a{color:inherit;font-size:inherit;line-height:inherit}.elementor-widget-heading .elementor-heading-title.elementor-size-small{font-size:15px}.elementor-widget-heading .elementor-heading-title.elementor-size-medium{font-size:19px}.elementor-widget-heading .elementor-heading-title.elementor-size-large{font-size:29px}.elementor-widget-heading .elementor-heading-title.elementor-size-xl{font-size:39px}.elementor-widget-heading .elementor-heading-title.elementor-size-xxl{font-size:59px} \u00bfQu\u00e9 hacemos? Servicios que ofrecemos Investigaciones en el \u00e1mbito del maltrato hacia las personas con discapacidad intelectual. Elaboraci\u00f3n de Materiales espec\u00edficos para prevenir la violencia hacia las personas con discapacidad intelectual. Cursos de formaci\u00f3n a profesionales. Sellos de calidad. Acreditaci\u00f3n a [&hellip;]<\/p>\n","protected":false},"author":1,"featured_media":0,"parent":0,"menu_order":0,"comment_status":"closed","ping_status":"closed","template":"","meta":{"footnotes":""},"class_list":["post-29","page","type-page","status-publish","czr-hentry"],"_links":{"self":[{"href":"https:\/\/blogs.uned.es\/protedis\/wp-json\/wp\/v2\/pages\/29","targetHints":{"allow":["GET"]}}],"collection":[{"href":"https:\/\/blogs.uned.es\/protedis\/wp-json\/wp\/v2\/pages"}],"about":[{"href":"https:\/\/blogs.uned.es\/protedis\/wp-json\/wp\/v2\/types\/page"}],"author":[{"embeddable":true,"href":"https:\/\/blogs.uned.es\/protedis\/wp-json\/wp\/v2\/users\/1"}],"replies":[{"embeddable":true,"href":"https:\/\/blogs.uned.es\/protedis\/wp-json\/wp\/v2\/comments?post=29"}],"version-history":[{"count":42,"href":"https:\/\/blogs.uned.es\/protedis\/wp-json\/wp\/v2\/pages\/29\/revisions"}],"predecessor-version":[{"id":4217,"href":"https:\/\/blogs.uned.es\/protedis\/wp-json\/wp\/v2\/pages\/29\/revisions\/4217"}],"wp:attachment":[{"href":"https:\/\/blogs.uned.es\/protedis\/wp-json\/wp\/v2\/media?parent=29"}],"curies":[{"name":"wp","href":"https:\/\/api.w.org\/{rel}","templated":true}]}}