{"id":11563,"date":"2022-09-19T09:56:49","date_gmt":"2022-09-19T09:56:49","guid":{"rendered":"https:\/\/blogs.uned.es\/plantillapruebas\/?page_id=11563"},"modified":"2025-03-31T08:55:10","modified_gmt":"2025-03-31T08:55:10","slug":"contacto","status":"publish","type":"page","link":"https:\/\/blogs.uned.es\/prombot\/contacto\/","title":{"rendered":"Resultados I+D+i"},"content":{"rendered":"\n<div class=\"wp-block-cover alignfull is-light\" style=\"min-height:305px;aspect-ratio:unset;\"><span aria-hidden=\"true\" class=\"wp-block-cover__background has-background-dim-0 has-background-dim\"><\/span><img loading=\"lazy\" decoding=\"async\" width=\"1024\" height=\"222\" class=\"wp-block-cover__image-background wp-image-301\" alt=\"\" src=\"http:\/\/blogs.uned.es\/pruebasnuevaplantilla\/wp-content\/uploads\/sites\/391\/2019\/10\/contacto7-1024x222.jpg\" data-object-fit=\"cover\" srcset=\"https:\/\/blogs.uned.es\/prombot\/wp-content\/uploads\/sites\/501\/2019\/10\/contacto7-1024x222.jpg 1024w, https:\/\/blogs.uned.es\/prombot\/wp-content\/uploads\/sites\/501\/2019\/10\/contacto7-300x65.jpg 300w, https:\/\/blogs.uned.es\/prombot\/wp-content\/uploads\/sites\/501\/2019\/10\/contacto7-768x166.jpg 768w, https:\/\/blogs.uned.es\/prombot\/wp-content\/uploads\/sites\/501\/2019\/10\/contacto7-1536x333.jpg 1536w, https:\/\/blogs.uned.es\/prombot\/wp-content\/uploads\/sites\/501\/2019\/10\/contacto7-2048x444.jpg 2048w\" sizes=\"auto, (max-width: 1024px) 100vw, 1024px\" \/><div class=\"wp-block-cover__inner-container is-layout-flow wp-block-cover-is-layout-flow\">\n<div class=\"wp-block-columns is-layout-flex wp-container-core-columns-is-layout-28f84493 wp-block-columns-is-layout-flex\">\n<div class=\"wp-block-column is-layout-flow wp-block-column-is-layout-flow\" style=\"flex-basis:50%\">\n<p class=\"has-text-align-right\" style=\"font-size:60px\"><\/p>\n<\/div>\n\n\n\n<div class=\"wp-block-column is-layout-flow wp-block-column-is-layout-flow\" style=\"flex-basis:50%\">\n<p><\/p>\n\n\n\n<p class=\"has-text-align-center has-background-color has-text-color\" style=\"font-size:75px\"><strong> Resultados PROMBOT<\/strong><\/p>\n<\/div>\n<\/div>\n<\/div><\/div>\n\n\n\n<div style=\"height:100px\" aria-hidden=\"true\" class=\"wp-block-spacer ticss-83178733\"><\/div>\n\n\n\n<div class=\"wp-block-group is-nowrap is-layout-flex wp-container-core-group-is-layout-6c531013 wp-block-group-is-layout-flex\">\n<div class=\"wp-block-columns is-layout-flex wp-container-core-columns-is-layout-28f84493 wp-block-columns-is-layout-flex\">\n<div class=\"wp-block-column is-layout-flow wp-block-column-is-layout-flow\"><\/div>\n<\/div>\n\n\n\n<p><\/p>\n<\/div>\n\n\n\n<div class=\"wp-block-columns is-layout-flex wp-container-core-columns-is-layout-28f84493 wp-block-columns-is-layout-flex\">\n<div class=\"wp-block-column is-layout-flow wp-block-column-is-layout-flow\">\n<figure class=\"wp-block-table\"><table class=\"has-fixed-layout\"><tbody><tr><td><\/td><\/tr><\/tbody><\/table><\/figure>\n\n\n\n<p><strong>Libros y cap\u00edtulos<\/strong><\/p>\n\n\n\n<p>S\u00e1ez L\u00f3pez, J.M. (2024). <em>Innovaci\u00f3n y funciones docentes: ejemplos metodol\u00f3gicos y tecnol\u00f3gicos, con codificaci\u00f3n creativa y aprendizaje autom\u00e1tico<\/em>. Editorial UNED. &nbsp;<\/p>\n\n\n\n<p>S\u00e1ez L\u00f3pez, J.M. (2024). <em>Aplicaciones Educativas de la Tecnolog\u00eda<\/em>. Editorial UNED.<\/p>\n\n\n\n<p>S\u00e1ez-L\u00f3pez, J. M, V\u00e1zquez-Cano, E., Ortega, I. y Holgueras, A.I. (2025). Proyecto Prombot, una propuesta innovadora para una Codificaci\u00f3n Creativa. En J. J. Guti\u00e9rrez-Castillo, R. Pi\u00f1ero-Virue, A. Le\u00f3n-Garrido y M. Montenegro-Rueda (Ed.),\u00a0<em>Pensamiento computacional y rob\u00f3tica como motores de innovaci\u00f3n\u00a0<\/em>(pp. 179-190). Dykinson. <a href=\"https:\/\/www.dykinson.com\/libros\/transformando-la-educacion-pensamiento-computacional-y-robotica-como-motores-de-innovacion\/9791370060572\/\" target=\"_blank\" rel=\"noreferrer noopener\">https:\/\/www.dykinson.com\/libros\/transformando-la-educacion-pensamiento-computacional-y-robotica-como-motores-de-innovacion\/9791370060572\/<\/a><\/p>\n<\/div>\n<\/div>\n\n\n\n<p><strong>Congresos<\/strong><\/p>\n\n\n\n<ol start=\"1\" class=\"wp-block-list\">\n<li>S\u00e1ez-L\u00f3pez, J. M. (2023). De la programaci\u00f3n visual por bloques a la introducci\u00f3n de c\u00f3digo C# en Educaci\u00f3n elemental. Una propuesta l\u00fadica. 7\u00ba Encuentro de Centros Innovadores en Madrid (DIM-EDU). 25 de octubre de 2023, Madrid.<\/li>\n<\/ol>\n\n\n\n<ol start=\"2\" class=\"wp-block-list\">\n<li>S\u00e1ez-L\u00f3pez, J. M. (2023). How to read a selected journal article. Una propuesta l\u00fadica. 100 OJC evento ResearchIC. 19 de octubre de 2023, Madrid.<\/li>\n<\/ol>\n\n\n\n<ol start=\"3\" class=\"wp-block-list\">\n<li>Fombona, J y Pascual, M. A. (2024). Creaci\u00f3n de ambientes de aprendizaje de pensamiento computacional en Educaci\u00f3n Infantil. II seminario cient\u00edfico Internacional permanente. Tecnolog\u00edas emergentes y activas en educaci\u00f3n. Una visi\u00f3n interdisciplinar y de transferencia a la sociedad. Madrid, 30 y 31 de mayo.<\/li>\n<\/ol>\n\n\n\n<ol start=\"4\" class=\"wp-block-list\">\n<li>Villen, M y De Lara, S. (2024). Rob\u00f3tica en Educaci\u00f3n Infantil y Primaria. II seminario cient\u00edfico Internacional permanente. Tecnolog\u00edas emergentes y activas en educaci\u00f3n. Una visi\u00f3n interdisciplinar y de transferencia a la sociedad. Madrid, 30 y 31 de mayo.<\/li>\n<\/ol>\n\n\n\n<ol start=\"5\" class=\"wp-block-list\">\n<li>Del Se\u00f1or, M. (2024). La m\u00fasica como herramienta educativa y terape\u00fatica. II seminario cient\u00edfico Internacional permanente. Tecnolog\u00edas emergentes y activas en educaci\u00f3n. Una visi\u00f3n interdisciplinar y de transferencia a la sociedad. Madrid, 30 y 31 de mayo.<\/li>\n<\/ol>\n\n\n\n<ol start=\"6\" class=\"wp-block-list\">\n<li>Batista, F. y Brito, I. (2024). Ense\u00f1ando a cantar a ni\u00f1os y ni\u00f1as en pubertad: c\u00f3mo las apps de los m\u00f3viles pueden ser usadas m\u00e1s all\u00e1 de los juegos y las redes sociales. II seminario cient\u00edfico Internacional permanente. Tecnolog\u00edas emergentes y activas en educaci\u00f3n. Una visi\u00f3n interdisciplinar y de transferencia a la sociedad. Madrid, 30 y 31 de mayo.<\/li>\n<\/ol>\n\n\n\n<ol start=\"7\" class=\"wp-block-list\">\n<li>Batista, F. (2024). El rol de la tecnolog\u00eda en la educaci\u00f3n para la salud a lo largo de la vida con la m\u00fasica. II seminario cient\u00edfico Internacional permanente. Tecnolog\u00edas emergentes y activas en educaci\u00f3n. Una visi\u00f3n interdisciplinar y de transferencia a la sociedad. Madrid, 30 y 31 de mayo.<\/li>\n<\/ol>\n\n\n\n<ol start=\"8\" class=\"wp-block-list\">\n<li>Buceta, R. (2024). El robot M Bot para el aprendizaje de coordenadas cartesianas en Educaci\u00f3n Secundaria. II seminario cient\u00edfico Internacional permanente. Tecnolog\u00edas emergentes y activas en educaci\u00f3n. Una visi\u00f3n interdisciplinar y de transferencia a la sociedad. Madrid, 30 y 31 de mayo.<\/li>\n<\/ol>\n\n\n\n<ol start=\"9\" class=\"wp-block-list\">\n<li>Alegre de la Rosa, O. M., Ortega S\u00e1nchez, I., Mart\u00edn-Aragoneses, M.T., Rodr\u00edguez Jim\u00e9nez, M. C. y M\u00e1rquez Dom\u00ednguez, Y. (2024). Revisi\u00f3n y an\u00e1lisis del marco conceptual y pr\u00e1ctico del uso de la codificaci\u00f3n, la programaci\u00f3n, la rob\u00f3tica y el aprendizaje autom\u00e1tico en educaci\u00f3n primaria. II seminario cient\u00edfico Internacional permanente. Tecnolog\u00edas emergentes y activas en educaci\u00f3n. Una visi\u00f3n interdisciplinar y de transferencia a la sociedad. Madrid, 30 y 31 de mayo.<\/li>\n<\/ol>\n\n\n\n<ol start=\"10\" class=\"wp-block-list\">\n<li>V\u00e1zquez y S\u00e1ez. (2024). Chatbots y Machine Learning. II seminario cient\u00edfico Internacional permanente. Tecnolog\u00edas emergentes y activas en educaci\u00f3n. Una visi\u00f3n interdisciplinar y de transferencia a la sociedad. Madrid, 30 y 31 de mayo<\/li>\n\n\n\n<li>S\u00e1ez L\u00f3pez, J.M., V\u00e1zquez, E., Ortega., I. y Holguras, A.I (2024). PROMBOT, APLICANDO LA ROB\u00d3TICA Y EL PENSAMIENTO COMPUTACIONAL EN EDUCACI\u00d3N PRIMARIA en el XXVII Congreso Internacional sobre Tecnolog\u00eda Educativa \u2013 EDUTEC\u00b424<\/li>\n\n\n\n<li>V\u00e1zquez, E y S\u00e1ez-L\u00f3pez, E (2024). An\u00e1lisis del empleo de un Chatbot con integraci\u00f3n de ChatGPT en Educaci\u00f3n Superior\u201d, en las XXXI Jornadas Internacionales Universitarias de Tecnolog\u00eda Educativa con el t\u00edtulo \u201cPersonas, Tecnolog\u00edas y Entornos. Una visi\u00f3n de Futuro sobre los Espacios Educativos\u201d, celebradas los d\u00edas 27 y 28 de junio de 2024 en la Universidad de Extremadura, C\u00e1ceres.<\/li>\n<\/ol>\n\n\n\n<p><\/p>\n\n\n\n<p><strong>Tesis<\/strong><\/p>\n\n\n\n<p><\/p>\n\n\n\n<p>\u201cLa rob\u00f3tica educativa en la ense\u00f1anza: un cambio metodol\u00f3gico para el trabajo en el aula\u201d (Marzo de 2023Rogelio Buceta Otero. Directores: Jos\u00e9 Manuel S\u00e1ez L\u00f3pez, y Jos\u00e9 Luis Garc\u00eda Llamas. UNED. Sobresaliente Cum Laude.<\/p>\n\n\n\n<p><strong>Otros<\/strong><\/p>\n\n\n\n<p>Premio al trabajo: Computational thinking and mathematics using Scratch: an experiment with sixth-grade students. Interactive Learning Environments, 28(3), 316-327.\u201dBICI Curso 2023-2024 11 de diciembre de 2023 N\u00famero 11<\/p>\n\n\n\n<p>\u2018Programaci\u00f3n y Rob\u00f3tica sencilla para los futuros docentes\u2019, accesit, premios del Consejo Social. 21 de diciembre de 2023<\/p>\n\n\n\n<p>Transferencia. 3 sesiones a docentes y estudiantes en 6 Colegios p\u00fablicos, anonimato por LOPD (quedan otros 4 en la 3\u00ba fase del proyecto)<\/p>\n\n\n\n<figure class=\"wp-block-table\"><table class=\"has-fixed-layout\"><tbody><tr><td>MOOC. &nbsp;Programaci\u00f3n y rob\u00f3tica educativa en Educaci\u00f3n Primaria. (UNED Abierta) &nbsp;<\/td><\/tr><\/tbody><\/table><\/figure>\n\n\n\n<p>En abril tendremos un libro en la editorial Dykinson que detallaremos en el informe final.<\/p>\n\n\n\n<p><\/p>\n","protected":false},"excerpt":{"rendered":"<p>Libros y cap\u00edtulos S\u00e1ez L\u00f3pez, J.M. (2024). Innovaci\u00f3n y funciones docentes: ejemplos metodol\u00f3gicos y tecnol\u00f3gicos, con codificaci\u00f3n creativa y aprendizaje autom\u00e1tico. Editorial UNED. &nbsp; S\u00e1ez L\u00f3pez, J.M. (2024). Aplicaciones Educativas de la Tecnolog\u00eda. Editorial UNED. S\u00e1ez-L\u00f3pez, J. M, V\u00e1zquez-Cano, E., Ortega, I. y Holgueras, A.I. (2025). Proyecto Prombot, una propuesta innovadora para una Codificaci\u00f3n Creativa. [&hellip;]<\/p>\n","protected":false},"author":1,"featured_media":0,"parent":0,"menu_order":0,"comment_status":"closed","ping_status":"closed","template":"","meta":{"footnotes":""},"class_list":["post-11563","page","type-page","status-publish","hentry"],"_links":{"self":[{"href":"https:\/\/blogs.uned.es\/prombot\/wp-json\/wp\/v2\/pages\/11563","targetHints":{"allow":["GET"]}}],"collection":[{"href":"https:\/\/blogs.uned.es\/prombot\/wp-json\/wp\/v2\/pages"}],"about":[{"href":"https:\/\/blogs.uned.es\/prombot\/wp-json\/wp\/v2\/types\/page"}],"author":[{"embeddable":true,"href":"https:\/\/blogs.uned.es\/prombot\/wp-json\/wp\/v2\/users\/1"}],"replies":[{"embeddable":true,"href":"https:\/\/blogs.uned.es\/prombot\/wp-json\/wp\/v2\/comments?post=11563"}],"version-history":[{"count":8,"href":"https:\/\/blogs.uned.es\/prombot\/wp-json\/wp\/v2\/pages\/11563\/revisions"}],"predecessor-version":[{"id":12067,"href":"https:\/\/blogs.uned.es\/prombot\/wp-json\/wp\/v2\/pages\/11563\/revisions\/12067"}],"wp:attachment":[{"href":"https:\/\/blogs.uned.es\/prombot\/wp-json\/wp\/v2\/media?parent=11563"}],"curies":[{"name":"wp","href":"https:\/\/api.w.org\/{rel}","templated":true}]}}