{"id":11559,"date":"2022-09-19T09:56:30","date_gmt":"2022-09-19T09:56:30","guid":{"rendered":"https:\/\/blogs.uned.es\/plantillapruebas\/?page_id=11559"},"modified":"2024-06-08T09:30:28","modified_gmt":"2024-06-08T09:30:28","slug":"donde-estamos","status":"publish","type":"page","link":"https:\/\/blogs.uned.es\/prombot\/donde-estamos\/","title":{"rendered":"II Seminario Internacional Tecnolog\u00edas Emergentes y Activas en Educaci\u00f3n"},"content":{"rendered":"\n<p><strong>II Seminario Internacional Tecnolog\u00edas Emergentes y Activas en Educaci\u00f3n<\/strong><\/p>\n\n\n\n<p>Ver grabaci\u00f3n del evento AQU\u00cd: <a href=\"https:\/\/canal.uned.es\/series\/665975c3aef02503740c32b4\">https:\/\/canal.uned.es\/series\/665975c3aef02503740c32b4<\/a><\/p>\n\n\n\n<p>V<strong>er (30 y 31 de mayo) en CanalUNED:\u00a0<\/strong><a href=\"https:\/\/canal.uned.es\/live\/event\/661e35f8a35b62528440469c\" target=\"_blank\" rel=\"noreferrer noopener\">https:\/\/canal.uned.es\/live\/event\/661e35f8a35b62528440469c<\/a> (ya finalizado)<\/p>\n\n\n\n<div class=\"wp-block-cover alignfull\" style=\"min-height:265px;aspect-ratio:unset;\"><span aria-hidden=\"true\" class=\"wp-block-cover__background has-background-dim-10 has-background-dim\"><\/span><img loading=\"lazy\" decoding=\"async\" width=\"1024\" height=\"222\" class=\"wp-block-cover__image-background wp-image-417\" alt=\"\" src=\"https:\/\/blogs.uned.es\/plantillapruebas\/wp-content\/uploads\/sites\/365\/2019\/10\/mapas-1024x222.jpg\" data-object-fit=\"cover\" srcset=\"https:\/\/blogs.uned.es\/prombot\/wp-content\/uploads\/sites\/501\/2019\/10\/mapas-1024x222.jpg 1024w, https:\/\/blogs.uned.es\/prombot\/wp-content\/uploads\/sites\/501\/2019\/10\/mapas-300x65.jpg 300w, https:\/\/blogs.uned.es\/prombot\/wp-content\/uploads\/sites\/501\/2019\/10\/mapas-768x166.jpg 768w, https:\/\/blogs.uned.es\/prombot\/wp-content\/uploads\/sites\/501\/2019\/10\/mapas-1536x333.jpg 1536w, https:\/\/blogs.uned.es\/prombot\/wp-content\/uploads\/sites\/501\/2019\/10\/mapas-2048x443.jpg 2048w\" sizes=\"auto, (max-width: 1024px) 100vw, 1024px\" \/><div class=\"wp-block-cover__inner-container is-layout-flow wp-block-cover-is-layout-flow\">\n<div class=\"wp-block-columns is-layout-flex wp-container-core-columns-is-layout-28f84493 wp-block-columns-is-layout-flex\">\n<div class=\"wp-block-column is-layout-flow wp-block-column-is-layout-flow\">\n<figure class=\"wp-block-image size-large\"><img loading=\"lazy\" decoding=\"async\" width=\"724\" height=\"1024\" src=\"https:\/\/blogs.uned.es\/prombot\/wp-content\/uploads\/sites\/501\/2024\/01\/cartel_seminario2_2024-724x1024.jpg\" alt=\"\" class=\"wp-image-11889\" srcset=\"https:\/\/blogs.uned.es\/prombot\/wp-content\/uploads\/sites\/501\/2024\/01\/cartel_seminario2_2024-724x1024.jpg 724w, https:\/\/blogs.uned.es\/prombot\/wp-content\/uploads\/sites\/501\/2024\/01\/cartel_seminario2_2024-212x300.jpg 212w, https:\/\/blogs.uned.es\/prombot\/wp-content\/uploads\/sites\/501\/2024\/01\/cartel_seminario2_2024-768x1086.jpg 768w, https:\/\/blogs.uned.es\/prombot\/wp-content\/uploads\/sites\/501\/2024\/01\/cartel_seminario2_2024-1086x1536.jpg 1086w, https:\/\/blogs.uned.es\/prombot\/wp-content\/uploads\/sites\/501\/2024\/01\/cartel_seminario2_2024-1448x2048.jpg 1448w, https:\/\/blogs.uned.es\/prombot\/wp-content\/uploads\/sites\/501\/2024\/01\/cartel_seminario2_2024-scaled.jpg 1810w\" sizes=\"auto, (max-width: 724px) 100vw, 724px\" \/><\/figure>\n<\/div>\n\n\n\n<div class=\"wp-block-column is-layout-flow wp-block-column-is-layout-flow\">\n<p class=\"has-background-color has-text-color\" style=\"font-size:65px\">    Programa<\/p>\n\n\n\n<p><strong><em>30 de mayo de 2024<\/em><\/strong><\/p>\n\n\n\n<p>10:00 Autoridades.&nbsp;&nbsp;&nbsp;<\/p>\n\n\n\n<p>Esther L\u00f3pez, Vicerrectora de Innovaci\u00f3n.<\/p>\n\n\n\n<p>Mario Pena, Decano de la Facultad de Educaci\u00f3n.&nbsp;<\/p>\n\n\n\n<p>Ernesto L\u00f3pez, Director del departamento de Did\u00e1ctica, OE y DDEE<\/p>\n\n\n\n<p>10:30&nbsp;&nbsp;&nbsp; Pere Marqu\u00e9s. UAB. Cambios radicales en el curr\u00edculum en la Era de Internet y la inteligencia Artificial<\/p>\n\n\n\n<p>11:00&nbsp;&nbsp;&nbsp; Sergio Mart\u00edn. UNED. La disrupci\u00f3n de la IA en las tecnolog\u00edas educativas<\/p>\n\n\n\n<p>11:30&nbsp;&nbsp;&nbsp; Javier Fombona y M\u00aa \u00c1ngeles Pascual. UNIOVI. Creaci\u00f3n de ambientes de aprendizaje de pensamiento computacional en Educaci\u00f3n Infantil y Primaria<\/p>\n\n\n\n<p>12:00&nbsp;&nbsp;&nbsp; Descanso. Caf\u00e9<\/p>\n\n\n\n<p>12:45&nbsp;&nbsp;&nbsp; Implicaciones educativas, culturales y ciudadanas de la presencia del m\u00f3vil en las aulas.<br>Dr. Pedro C\u00e9sar Mellado. URJC.<\/p>\n\n\n\n<p>13:00&nbsp;&nbsp;&nbsp; Luis Pires. La aplicaci\u00f3n de las tecnolog\u00eda en Educaci\u00f3n. PISA 2022<\/p>\n\n\n\n<p>13:15&nbsp;&nbsp;&nbsp; Mar Rom\u00e1n y&nbsp; Lourdes P\u00e9rez. UNED. La Competencia Digital Docente: navegando entre los avances tecnol\u00f3gicos y su impacto en la educaci\u00f3n.<\/p>\n\n\n\n<p>13:30&nbsp;&nbsp;&nbsp; Sebas De Lara y Mayca Vill\u00e9n. JCCM. Rob\u00f3tica en Educaci\u00f3n Infantil y Primaria<\/p>\n\n\n\n<p>13:45&nbsp;&nbsp;&nbsp; Maria del Se\u00f1or Marchante. JCCM. La m\u00fasica como herramienta educativa y terape\u00fatica<\/p>\n\n\n\n<p><strong>Tarde (ponentes internacionales, en ingl\u00e9s)<\/strong><\/p>\n\n\n\n<p>16:30: Nardie Fanchamps. Open University Netherlands. Coding and innovations<\/p>\n\n\n\n<p>16:45 Annemarie Profanter. University of Bolzano. Innovation and methods<\/p>\n\n\n\n<p>17:00 Filipa Martins Batista La, e Ines Brito. Teaching boys and girls in puberty to sing: how mobile apps can be used beyond games and social networks<\/p>\n\n\n\n<p>17:15. Filipa Martins Batista La. The role of technology in lifelong health education with music<\/p>\n\n\n\n<p>17:30 Mohamed Belbrick UFC Argelia. Innovations UFC<\/p>\n\n\n\n<p>17:45 Agust\u00edn Lagunes. Universidad Veracruzana. Teacher support, blended learning and educational technology<\/p>\n\n\n\n<p>18:00 Steve Sherman. South Africa. Global Teachers and Innovations<\/p>\n\n\n\n<p><strong>31 de mayo de 2024<\/strong><\/p>\n\n\n\n<p>11:00&nbsp;&nbsp;&nbsp; Amor P\u00e9rez UHU. La visibilidad cient\u00edfica del investigador en la era de Internet<\/p>\n\n\n\n<p>11:45&nbsp;&nbsp;&nbsp; Debate_preguntas ponente<\/p>\n\n\n\n<p>12:00&nbsp;&nbsp;&nbsp; Descanso \/ caf\u00e9<\/p>\n\n\n\n<p>12:45&nbsp;&nbsp;&nbsp; Optimizando el aprendizaje: Investigaci\u00f3n Cient\u00edfica en Tecnolog\u00eda Educativa para Potenciar Cognici\u00f3n y Rendimiento Acad\u00e9mico. Dra. Blanca In\u00e9s Espinel. Fundaci\u00f3n Universitaria Tecnol\u00f3gico Comfenalco.<\/p>\n\n\n\n<p>13:00&nbsp;&nbsp;&nbsp; 13:00h. Rob\u00f3tica Educativa e Innovadora. Rockbotic.<\/p>\n\n\n\n<p>13:15&nbsp;&nbsp;&nbsp; Rogelio Buceta. JA. El Robot M Bot<\/p>\n\n\n\n<p>13:30&nbsp;&nbsp;&nbsp; Olga Mar\u00eda Alegre, Isabel Ortega, M\u00aa Teresa Mart\u00edn, M\u00ba Carmen Rodr\u00edguez, Yolanda M\u00e1rquez. (ULL y UNED). Revisi\u00f3n y an\u00e1lisis del marco conceptual y pr\u00e1ctico del uso de la codificaci\u00f3n, la programaci\u00f3n, la rob\u00f3tica y el aprendizaje autom\u00e1tico en educaci\u00f3n primaria.<\/p>\n\n\n\n<p>13:45&nbsp;&nbsp;&nbsp; Esteban V\u00e1zquez y Jos\u00e9 M. S\u00e1ez. Chatbots y Machine Learning (Cierre)<\/p>\n<\/div>\n<\/div>\n<\/div><\/div>\n\n\n\n<p class=\"ticss-66d864af has-large-font-size\">Asistencia presencial gratuita y certificada<\/p>\n\n\n\n<p>Facultad de Educaci\u00f3n. Juan del rosal 14, 28040 Madrid. Sal\u00f3n de grados<\/p>\n\n\n\n<p>Asistencia online en Canal UNED (no certificada)<\/p>\n\n\n\n<div class=\"wp-block-columns is-layout-flex wp-container-core-columns-is-layout-28f84493 wp-block-columns-is-layout-flex\">\n<div class=\"wp-block-column is-layout-flow wp-block-column-is-layout-flow\">\n<figure class=\"wp-block-image size-large\"><img loading=\"lazy\" decoding=\"async\" width=\"1024\" height=\"724\" src=\"http:\/\/blogs.uned.es\/prombot\/wp-content\/uploads\/sites\/501\/2024\/04\/Diptico_Seminario_robots_v3_Pagina_2-1024x724.jpg\" alt=\"\" class=\"wp-image-11921\" srcset=\"https:\/\/blogs.uned.es\/prombot\/wp-content\/uploads\/sites\/501\/2024\/04\/Diptico_Seminario_robots_v3_Pagina_2-1024x724.jpg 1024w, https:\/\/blogs.uned.es\/prombot\/wp-content\/uploads\/sites\/501\/2024\/04\/Diptico_Seminario_robots_v3_Pagina_2-300x212.jpg 300w, https:\/\/blogs.uned.es\/prombot\/wp-content\/uploads\/sites\/501\/2024\/04\/Diptico_Seminario_robots_v3_Pagina_2-768x543.jpg 768w, https:\/\/blogs.uned.es\/prombot\/wp-content\/uploads\/sites\/501\/2024\/04\/Diptico_Seminario_robots_v3_Pagina_2-1536x1086.jpg 1536w, https:\/\/blogs.uned.es\/prombot\/wp-content\/uploads\/sites\/501\/2024\/04\/Diptico_Seminario_robots_v3_Pagina_2-2048x1448.jpg 2048w\" sizes=\"auto, (max-width: 1024px) 100vw, 1024px\" \/><\/figure>\n<\/div>\n<\/div>\n\n\n\n<div class=\"wp-block-columns is-layout-flex wp-container-core-columns-is-layout-28f84493 wp-block-columns-is-layout-flex\">\n<div class=\"wp-block-column is-layout-flow wp-block-column-is-layout-flow\" style=\"flex-basis:100%\"><\/div>\n<\/div>\n\n\n\n<p><\/p>\n","protected":false},"excerpt":{"rendered":"<p>II Seminario Internacional Tecnolog\u00edas Emergentes y Activas en Educaci\u00f3n Ver grabaci\u00f3n del evento AQU\u00cd: https:\/\/canal.uned.es\/series\/665975c3aef02503740c32b4 Ver (30 y 31 de mayo) en CanalUNED:\u00a0https:\/\/canal.uned.es\/live\/event\/661e35f8a35b62528440469c (ya finalizado) Asistencia presencial gratuita y certificada Facultad de Educaci\u00f3n. Juan del rosal 14, 28040 Madrid. Sal\u00f3n de grados Asistencia online en Canal UNED (no certificada)<\/p>\n","protected":false},"author":1,"featured_media":0,"parent":0,"menu_order":0,"comment_status":"closed","ping_status":"closed","template":"","meta":{"footnotes":""},"class_list":["post-11559","page","type-page","status-publish","hentry"],"_links":{"self":[{"href":"https:\/\/blogs.uned.es\/prombot\/wp-json\/wp\/v2\/pages\/11559","targetHints":{"allow":["GET"]}}],"collection":[{"href":"https:\/\/blogs.uned.es\/prombot\/wp-json\/wp\/v2\/pages"}],"about":[{"href":"https:\/\/blogs.uned.es\/prombot\/wp-json\/wp\/v2\/types\/page"}],"author":[{"embeddable":true,"href":"https:\/\/blogs.uned.es\/prombot\/wp-json\/wp\/v2\/users\/1"}],"replies":[{"embeddable":true,"href":"https:\/\/blogs.uned.es\/prombot\/wp-json\/wp\/v2\/comments?post=11559"}],"version-history":[{"count":20,"href":"https:\/\/blogs.uned.es\/prombot\/wp-json\/wp\/v2\/pages\/11559\/revisions"}],"predecessor-version":[{"id":11981,"href":"https:\/\/blogs.uned.es\/prombot\/wp-json\/wp\/v2\/pages\/11559\/revisions\/11981"}],"wp:attachment":[{"href":"https:\/\/blogs.uned.es\/prombot\/wp-json\/wp\/v2\/media?parent=11559"}],"curies":[{"name":"wp","href":"https:\/\/api.w.org\/{rel}","templated":true}]}}