{"id":11553,"date":"2022-09-19T09:56:06","date_gmt":"2022-09-19T09:56:06","guid":{"rendered":"https:\/\/blogs.uned.es\/plantillapruebas\/?page_id=11553"},"modified":"2025-05-22T17:19:11","modified_gmt":"2025-05-22T17:19:11","slug":"quienes-somos","status":"publish","type":"page","link":"https:\/\/blogs.uned.es\/prombot\/quienes-somos\/","title":{"rendered":"Equipo"},"content":{"rendered":"\n<div class=\"wp-block-cover alignfull\" style=\"min-height:319px;aspect-ratio:unset;\"><img loading=\"lazy\" decoding=\"async\" width=\"2200\" height=\"477\" class=\"wp-block-cover__image-background wp-image-437\" alt=\"\" src=\"http:\/\/blogs.uned.es\/pruebasnuevaplantilla\/wp-content\/uploads\/sites\/391\/2019\/10\/participa.jpg\" data-object-fit=\"cover\" srcset=\"https:\/\/blogs.uned.es\/prombot\/wp-content\/uploads\/sites\/501\/2019\/10\/participa.jpg 2200w, https:\/\/blogs.uned.es\/prombot\/wp-content\/uploads\/sites\/501\/2019\/10\/participa-300x65.jpg 300w, https:\/\/blogs.uned.es\/prombot\/wp-content\/uploads\/sites\/501\/2019\/10\/participa-1024x222.jpg 1024w, https:\/\/blogs.uned.es\/prombot\/wp-content\/uploads\/sites\/501\/2019\/10\/participa-768x167.jpg 768w, https:\/\/blogs.uned.es\/prombot\/wp-content\/uploads\/sites\/501\/2019\/10\/participa-1536x333.jpg 1536w, https:\/\/blogs.uned.es\/prombot\/wp-content\/uploads\/sites\/501\/2019\/10\/participa-2048x444.jpg 2048w\" sizes=\"auto, (max-width: 2200px) 100vw, 2200px\" \/><span aria-hidden=\"true\" class=\"wp-block-cover__background has-background-dim-40 has-background-dim\" style=\"background-color:#000000\"><\/span><div class=\"wp-block-cover__inner-container is-layout-flow wp-block-cover-is-layout-flow\">\n<div class=\"wp-block-columns alignwide is-layout-flex wp-container-core-columns-is-layout-28f84493 wp-block-columns-is-layout-flex\">\n<div class=\"wp-block-column is-layout-flow wp-block-column-is-layout-flow\" style=\"flex-basis:60%\">\n<div class=\"wp-block-buttons is-layout-flex wp-block-buttons-is-layout-flex\">\n<div class=\"wp-block-button\"><a class=\"wp-block-button__link wp-element-button\">11 Universidades de 5 pa\u00edses (Colombia, Holanda, Italia, Portugal y Espa\u00f1a)<\/a><\/div>\n\n\n\n<div class=\"wp-block-button\"><a class=\"wp-block-button__link wp-element-button\">Transferencia en centros educativos. JCCM, J.A., C. Madrid<\/a><\/div>\n<\/div>\n<\/div>\n\n\n\n<div class=\"wp-block-column is-layout-flow wp-block-column-is-layout-flow\">\n<p style=\"font-size:65px\"><strong>Qui\u00e9nes somos<\/strong><\/p>\n<\/div>\n<\/div>\n<\/div><\/div>\n\n\n\n<div style=\"height:100px\" aria-hidden=\"true\" class=\"wp-block-spacer\"><\/div>\n\n\n\n<div class=\"wp-block-group ticss-ac3908c4 has-large-font-size is-layout-flow wp-block-group-is-layout-flow\">\n<div class=\"wp-block-columns ticss-c4a27a80 is-layout-flex wp-container-core-columns-is-layout-28f84493 wp-block-columns-is-layout-flex\" style=\"border-style:none;border-width:0px;border-radius:0px\">\n<div class=\"wp-block-column is-layout-flow wp-block-column-is-layout-flow\">\n<figure class=\"wp-block-image aligncenter size-full is-resized\"><img loading=\"lazy\" decoding=\"async\" width=\"250\" height=\"286\" src=\"https:\/\/blogs.uned.es\/prombot\/wp-content\/uploads\/sites\/501\/2024\/01\/My-project-1.jpg\" alt=\"\" class=\"wp-image-11843\" style=\"width:175px;height:auto\" \/><\/figure>\n<\/div>\n\n\n\n<div class=\"wp-block-column is-layout-flow wp-block-column-is-layout-flow\">\n<pre class=\"wp-block-code has-small-font-size\"><code><figure class=\"wp-block-image aligncenter size-full is-resized\"><img loading=\"lazy\" decoding=\"async\" width=\"218\" height=\"231\" class=\"wp-image-11781\" style=\"width: 11875182300px\" src=\"https:\/\/blogs.uned.es\/prombot\/wp-content\/uploads\/sites\/501\/2024\/01\/MLsev.jpg\" alt=\"\"><\/figure><\/code><\/pre>\n<\/div>\n\n\n\n<div class=\"wp-block-column is-layout-flow wp-block-column-is-layout-flow\">\n<figure class=\"wp-block-image size-full is-resized\"><img loading=\"lazy\" decoding=\"async\" width=\"960\" height=\"959\" src=\"https:\/\/blogs.uned.es\/prombot\/wp-content\/uploads\/sites\/501\/2024\/01\/foto_senda.jpg\" alt=\"\" class=\"wp-image-11779\" style=\"width:201px;height:auto\" srcset=\"https:\/\/blogs.uned.es\/prombot\/wp-content\/uploads\/sites\/501\/2024\/01\/foto_senda.jpg 960w, https:\/\/blogs.uned.es\/prombot\/wp-content\/uploads\/sites\/501\/2024\/01\/foto_senda-300x300.jpg 300w, https:\/\/blogs.uned.es\/prombot\/wp-content\/uploads\/sites\/501\/2024\/01\/foto_senda-150x150.jpg 150w, https:\/\/blogs.uned.es\/prombot\/wp-content\/uploads\/sites\/501\/2024\/01\/foto_senda-768x767.jpg 768w\" sizes=\"auto, (max-width: 960px) 100vw, 960px\" \/><figcaption class=\"wp-element-caption\">icono1.png<\/figcaption><\/figure>\n<\/div>\n<\/div>\n<\/div>\n\n\n\n<div class=\"wp-block-columns is-layout-flex wp-container-core-columns-is-layout-28f84493 wp-block-columns-is-layout-flex\">\n<div class=\"wp-block-column is-layout-flow wp-block-column-is-layout-flow\">\n<p class=\"has-text-align-center has-text-color\" style=\"color:#507fa8\"><strong>Esteban V\u00e1zquez Cano- IP<\/strong><\/p>\n<\/div>\n\n\n\n<div class=\"wp-block-column is-layout-flow wp-block-column-is-layout-flow\">\n<p class=\"has-text-align-center has-text-color\" style=\"color:#507fa8\"><strong><strong>M\u00aa Luisa Sevillano Fundadora RADTE<\/strong><\/strong><\/p>\n<\/div>\n\n\n\n<div class=\"wp-block-column is-layout-flow wp-block-column-is-layout-flow\">\n<p class=\"has-text-align-center has-text-color\" style=\"color:#507fa8\"><strong>Jos\u00e9 Manuel S\u00e1ez L\u00f3pez- IP<\/strong><\/p>\n<\/div>\n<\/div>\n\n\n\n<div class=\"wp-block-columns is-layout-flex wp-container-core-columns-is-layout-28f84493 wp-block-columns-is-layout-flex\">\n<div class=\"wp-block-column is-layout-flow wp-block-column-is-layout-flow\">\n<p class=\"has-text-align-center has-text-color has-small-font-size\" style=\"color:#707071\">Profesor Titular de Universidad UNED evazquez@edu.uned.es<\/p>\n<\/div>\n\n\n\n<div class=\"wp-block-column is-layout-flow wp-block-column-is-layout-flow\">\n<p class=\"has-text-align-center has-text-color has-small-font-size\" style=\"color:#707071\">Catedr\u00e1tica de Universidad UNED<\/p>\n<\/div>\n\n\n\n<div class=\"wp-block-column is-layout-flow wp-block-column-is-layout-flow\">\n<p class=\"has-text-align-center has-text-color has-small-font-size\" style=\"color:#707071\">Profesor Titular de Universidad UNED jmsaezlopez@edu.uned.es<\/p>\n<\/div>\n<\/div>\n\n\n\n<div style=\"height:89px\" aria-hidden=\"true\" class=\"wp-block-spacer\"><\/div>\n\n\n\n<p class=\"has-text-align-center has-x-large-font-size\"><strong><strong>EQUIPO DE INVESTIGACI\u00d3N<\/strong> y EQUIPO DE TRABAJO<\/strong><\/p>\n\n\n\n<div class=\"wp-block-group is-layout-flow wp-block-group-is-layout-flow\" style=\"padding-right:0px\">\n<p><strong>EQUIPO DE INVESTIGACI\u00d3N<\/strong><\/p>\n\n\n\n<p><strong>Esteban V\u00e1zquez Cano IP. UNED<\/strong><\/p>\n\n\n\n<p><strong>Jos\u00e9 Manuel S\u00e1ez L\u00f3pez IP. UNED<\/strong><\/p>\n\n\n\n<p><\/p>\n\n\n\n<p><strong>Pepe Carpio Ib\u00e1\u00f1ez. UNED<\/strong><\/p>\n\n\n\n<p><strong>M\u00aa \u00c1ngeles Pascual Sevillano. Universidad de Oviedo<\/strong><\/p>\n\n\n\n<p><strong>Javier Fombona Cadavieco. Universidad de Oviedo<\/strong><\/p>\n\n\n\n<p><strong>Jos\u00e9 Mar\u00eda Ruiz Ruiz. Universidad Complutense de Madrid<\/strong><\/p>\n\n\n\n<p><strong>Pilar Quicios Garc\u00eda. UNED<\/strong><\/p>\n\n\n\n<p><strong>Arturo Sim\u00f3n Garc\u00eda. Universidad de Castilla-La Mancha<\/strong><\/p>\n\n\n\n<p><strong>Filipa Martins Baptista La. UNED<\/strong><\/p>\n\n\n\n<p><strong>Cristina Moreno Pab\u00f3n. Universidad Aut\u00f3noma de Madrid<\/strong><\/p>\n\n\n\n<p><strong>Isabel Ortega S\u00e1nchez. UNED<\/strong><\/p>\n\n\n\n<p><strong>Olga M\u00aa Alegre De la Rosa. Universidad de La Laguna<\/strong><\/p>\n\n\n\n<p><\/p>\n\n\n\n<p><strong>EQUIPO DE TRABAJO<\/strong><\/p>\n\n\n\n<p><strong>M Luisa Sevillano Garc\u00eda. UNED<\/strong><\/p>\n\n\n\n<p><strong>Annemarie Profanter. Universidad de Bolzano (Italia)<\/strong><\/p>\n\n\n\n<p><strong>Mar\u00eda del Se\u00f1or Marchante. Junta de Comunidades de Castilla-La Mancha<\/strong><\/p>\n\n\n\n<p><strong>Rogelio Buceta Otero. Junta de Andaluc\u00eda<\/strong><\/p>\n\n\n\n<p><strong>Sebas de Lara Cervi\u00f1on. Junta de Comunidades de Castilla-La Mancha<\/strong><\/p>\n\n\n\n<p><strong>Mayca Villen de Arribas. Junta de Comunidades de Castilla-La Mancha<\/strong><\/p>\n\n\n\n<p><strong>Nardie Fanchamps. Open University (Holanda)<\/strong><\/p>\n\n\n\n<p><strong>Mar\u00eda Zapata C\u00e1ceres. Universidad Rey Juan Carlos<\/strong><\/p>\n\n\n\n<p><strong>Luisa Aires. Universidade Aberta (Portugal).<\/strong><\/p>\n\n\n\n<p><strong>Blanca In\u00e9s Espinel Segura.<\/strong> <strong>Fundaci\u00f3n Univ. Tecnol\u00f3gico Comfenalco (Colombia)<\/strong><\/p>\n\n\n\n<p><strong>Susana S\u00e1nchez Castro (Universidad de Oviedo)<\/strong><\/p>\n\n\n\n<p><strong>Jos\u00e9 Mar\u00eda Ruiz Rodr\u00edguez (Maestro de Primaria CM)<\/strong><\/p>\n\n\n\n<p><strong>Maribel Miranda Santos (Uab)<\/strong><\/p>\n<\/div>\n\n\n\n<p><strong>Yolanda Marqu\u00e9z Dom\u00ednguez (ULL)<\/strong><\/p>\n\n\n\n<div class=\"wp-block-group is-layout-flow wp-block-group-is-layout-flow\" style=\"padding-right:0px\">\n<p><strong>M\u00aa Carmen Rodr\u00edguez Jim\u00e9nez (ULL)<\/strong><\/p>\n\n\n\n<p><\/p>\n<\/div>\n\n\n\n<figure class=\"wp-block-image size-full wp-duotone-foreground-and-tertiary\"><img loading=\"lazy\" decoding=\"async\" width=\"841\" height=\"856\" src=\"https:\/\/blogs.uned.es\/prombot\/wp-content\/uploads\/sites\/501\/2024\/01\/radte.jpg\" alt=\"\" class=\"wp-image-11789\" srcset=\"https:\/\/blogs.uned.es\/prombot\/wp-content\/uploads\/sites\/501\/2024\/01\/radte.jpg 841w, https:\/\/blogs.uned.es\/prombot\/wp-content\/uploads\/sites\/501\/2024\/01\/radte-295x300.jpg 295w, https:\/\/blogs.uned.es\/prombot\/wp-content\/uploads\/sites\/501\/2024\/01\/radte-768x782.jpg 768w\" sizes=\"auto, (max-width: 841px) 100vw, 841px\" \/><\/figure>\n","protected":false},"excerpt":{"rendered":"<p>Esteban V\u00e1zquez Cano- IP M\u00aa Luisa Sevillano Fundadora RADTE Jos\u00e9 Manuel S\u00e1ez L\u00f3pez- IP Profesor Titular de Universidad UNED evazquez@edu.uned.es Catedr\u00e1tica de Universidad UNED Profesor Titular de Universidad UNED jmsaezlopez@edu.uned.es EQUIPO DE INVESTIGACI\u00d3N y EQUIPO DE TRABAJO EQUIPO DE INVESTIGACI\u00d3N Esteban V\u00e1zquez Cano IP. UNED Jos\u00e9 Manuel S\u00e1ez L\u00f3pez IP. UNED Pepe Carpio Ib\u00e1\u00f1ez. UNED [&hellip;]<\/p>\n","protected":false},"author":1,"featured_media":0,"parent":0,"menu_order":0,"comment_status":"closed","ping_status":"closed","template":"","meta":{"footnotes":""},"class_list":["post-11553","page","type-page","status-publish","hentry"],"_links":{"self":[{"href":"https:\/\/blogs.uned.es\/prombot\/wp-json\/wp\/v2\/pages\/11553","targetHints":{"allow":["GET"]}}],"collection":[{"href":"https:\/\/blogs.uned.es\/prombot\/wp-json\/wp\/v2\/pages"}],"about":[{"href":"https:\/\/blogs.uned.es\/prombot\/wp-json\/wp\/v2\/types\/page"}],"author":[{"embeddable":true,"href":"https:\/\/blogs.uned.es\/prombot\/wp-json\/wp\/v2\/users\/1"}],"replies":[{"embeddable":true,"href":"https:\/\/blogs.uned.es\/prombot\/wp-json\/wp\/v2\/comments?post=11553"}],"version-history":[{"count":10,"href":"https:\/\/blogs.uned.es\/prombot\/wp-json\/wp\/v2\/pages\/11553\/revisions"}],"predecessor-version":[{"id":12105,"href":"https:\/\/blogs.uned.es\/prombot\/wp-json\/wp\/v2\/pages\/11553\/revisions\/12105"}],"wp:attachment":[{"href":"https:\/\/blogs.uned.es\/prombot\/wp-json\/wp\/v2\/media?parent=11553"}],"curies":[{"name":"wp","href":"https:\/\/api.w.org\/{rel}","templated":true}]}}