{"id":607,"date":"2016-09-15T12:41:44","date_gmt":"2016-09-15T12:41:44","guid":{"rendered":"http:\/\/blogs.uned.es\/prlcrue\/?page_id=607"},"modified":"2025-02-20T13:54:17","modified_gmt":"2025-02-20T11:54:17","slug":"universidad-francisco-de-vitoria","status":"publish","type":"page","link":"https:\/\/blogs.uned.es\/prlcrue\/servicios-prevencion\/universidad-francisco-de-vitoria\/","title":{"rendered":"UNIVERSIDAD FRANCISCO DE VITORIA"},"content":{"rendered":"<p><img loading=\"lazy\" decoding=\"async\" class=\"wp-image-2657  alignleft\" src=\"https:\/\/blogs.uned.es\/prlcrue\/wp-content\/uploads\/sites\/19\/2025\/02\/logo-Universidad-Francisco-de-Vitoria-3.jpg-300x69.png\" alt=\"\" width=\"113\" height=\"26\" srcset=\"https:\/\/blogs.uned.es\/prlcrue\/wp-content\/uploads\/sites\/19\/2025\/02\/logo-Universidad-Francisco-de-Vitoria-3.jpg-300x69.png 300w, https:\/\/blogs.uned.es\/prlcrue\/wp-content\/uploads\/sites\/19\/2025\/02\/logo-Universidad-Francisco-de-Vitoria-3.jpg-1024x237.png 1024w, https:\/\/blogs.uned.es\/prlcrue\/wp-content\/uploads\/sites\/19\/2025\/02\/logo-Universidad-Francisco-de-Vitoria-3.jpg-768x178.png 768w, https:\/\/blogs.uned.es\/prlcrue\/wp-content\/uploads\/sites\/19\/2025\/02\/logo-Universidad-Francisco-de-Vitoria-3.jpg-1536x355.png 1536w, https:\/\/blogs.uned.es\/prlcrue\/wp-content\/uploads\/sites\/19\/2025\/02\/logo-Universidad-Francisco-de-Vitoria-3.jpg-2048x474.png 2048w\" sizes=\"auto, (max-width: 113px) 100vw, 113px\" \/><\/p>\n<p><strong>SERVICIO DE PREVENCI\u00d3N<\/strong><\/p>\n<p>Servicio de Prevenci\u00f3n Propio de la UFV<br \/>Tel\u00e9fono: 917091400<br \/>Direcci\u00f3n postal: Ctra. Pozuelo-Majadahonda Km. 1.800. 28223 Pozuelo de Alarc\u00f3n<br \/>Web: <a href=\"http:\/\/www.ufv.es\">www.ufv.es<\/a><\/p>\n<p><strong>PERSONAL DEL SERVICIO DE PREVENCI\u00d3N<\/strong><\/p>\n<p>SAMPER RIVAS, M\u00d3NICA\u00a0<br \/>DIRECTORA DEL SERVICIO DE SEGURIDAD, SALUD Y BIENESTAR<br \/>TEL\u00c9FONO: 917091400 (EXT 1331)<br \/>MAIL: <a href=\"mailto:monica.samper@ufv.es\">monica.samper@ufv.es<\/a><\/p>\n<p>LOSADA GARCIA, SUSANA\u00a0<br \/>T\u00c9CNICO SEGURIDAD, SALUD Y BIENESTAR<br \/>MAIL: <a href=\"mailto:susana.losada@ufv.es\">susana.losada@ufv.es<\/a><\/p>\n<p>DIAZ DE BUSTAMANTE, ANA\u00a0<br \/>T\u00c9CNICO SEGURIDAD, SALUD Y BIENESTAR<br \/>MAIL: <a href=\"mailto:a.diazdebustamante@ufv.es\">a.diazdebustamante@ufv.es<\/a><\/p>\n<p>GALLEGO GIL, ANA<br \/>T\u00c9CNICO SEGURIDAD, SALUD Y BIENESTAR<br \/>MAIL: <a href=\"mailto:ana.gallego@ufv.es\">ana.gallego@ufv.es<\/a><\/p>\n<p>GESTO ANTELO, JAVIER<br \/>T\u00c9CNICO SEGURIDAD, SALUD Y BIENESTAR<br \/>MAIL: <a title=\"mailto:j.gesto@ufv.es\" href=\"mailto:j.gesto@ufv.es\" data-outlook-id=\"d0fd3913-4b9f-4cb1-8cf6-16ea8d02e298\">j.gesto@ufv.es<\/a><\/p>\n\n\n<p><\/p>\n","protected":false},"excerpt":{"rendered":"<p>SERVICIO DE PREVENCI\u00d3N Servicio de Prevenci\u00f3n Propio de la UFVTel\u00e9fono: 917091400Direcci\u00f3n postal: Ctra. Pozuelo-Majadahonda Km. 1.800. 28223 Pozuelo de Alarc\u00f3nWeb: www.ufv.es PERSONAL DEL SERVICIO DE PREVENCI\u00d3N SAMPER RIVAS, M\u00d3NICA\u00a0DIRECTORA DEL SERVICIO DE SEGURIDAD, SALUD Y BIENESTARTEL\u00c9FONO: 917091400 (EXT 1331)MAIL: monica.samper@ufv.es LOSADA GARCIA, SUSANA\u00a0T\u00c9CNICO SEGURIDAD, SALUD Y BIENESTARMAIL: susana.losada@ufv.es DIAZ DE BUSTAMANTE, ANA\u00a0T\u00c9CNICO SEGURIDAD, SALUD Y &hellip; <a href=\"https:\/\/blogs.uned.es\/prlcrue\/servicios-prevencion\/universidad-francisco-de-vitoria\/\" class=\"more-link\">Seguir leyendo <span class=\"screen-reader-text\">UNIVERSIDAD FRANCISCO DE VITORIA<\/span> <span class=\"meta-nav\">&rarr;<\/span><\/a><\/p>\n","protected":false},"author":23,"featured_media":0,"parent":55,"menu_order":0,"comment_status":"closed","ping_status":"closed","template":"","meta":{"footnotes":""},"class_list":["post-607","page","type-page","status-publish","hentry"],"_links":{"self":[{"href":"https:\/\/blogs.uned.es\/prlcrue\/wp-json\/wp\/v2\/pages\/607","targetHints":{"allow":["GET"]}}],"collection":[{"href":"https:\/\/blogs.uned.es\/prlcrue\/wp-json\/wp\/v2\/pages"}],"about":[{"href":"https:\/\/blogs.uned.es\/prlcrue\/wp-json\/wp\/v2\/types\/page"}],"author":[{"embeddable":true,"href":"https:\/\/blogs.uned.es\/prlcrue\/wp-json\/wp\/v2\/users\/23"}],"replies":[{"embeddable":true,"href":"https:\/\/blogs.uned.es\/prlcrue\/wp-json\/wp\/v2\/comments?post=607"}],"version-history":[{"count":6,"href":"https:\/\/blogs.uned.es\/prlcrue\/wp-json\/wp\/v2\/pages\/607\/revisions"}],"predecessor-version":[{"id":2673,"href":"https:\/\/blogs.uned.es\/prlcrue\/wp-json\/wp\/v2\/pages\/607\/revisions\/2673"}],"up":[{"embeddable":true,"href":"https:\/\/blogs.uned.es\/prlcrue\/wp-json\/wp\/v2\/pages\/55"}],"wp:attachment":[{"href":"https:\/\/blogs.uned.es\/prlcrue\/wp-json\/wp\/v2\/media?parent=607"}],"curies":[{"name":"wp","href":"https:\/\/api.w.org\/{rel}","templated":true}]}}