{"id":599,"date":"2016-09-15T12:38:21","date_gmt":"2016-09-15T12:38:21","guid":{"rendered":"http:\/\/blogs.uned.es\/prlcrue\/?page_id=599"},"modified":"2017-04-26T08:38:54","modified_gmt":"2017-04-26T06:38:54","slug":"universidad-de-zaragoza","status":"publish","type":"page","link":"https:\/\/blogs.uned.es\/prlcrue\/servicios-prevencion\/universidad-de-zaragoza\/","title":{"rendered":"UNIVERSIDAD DE ZARAGOZA"},"content":{"rendered":"<p><img loading=\"lazy\" decoding=\"async\" class=\"alignnone size-full wp-image-481\" src=\"https:\/\/blogs.uned.es\/prlcrue\/wp-content\/uploads\/sites\/19\/2016\/09\/ZARAGOZA.png\" alt=\"zaragoza\" width=\"56\" height=\"34\" \/><\/p>\n<p><strong>UNIDAD DE PREVENCI\u00d3N DE RIESGOS LABORALES<\/strong><\/p>\n<p>Correo electr\u00f3nico: jefeuprl@unizar.es<br \/>\nWeb: <a href=\"http:\/\/uprl.unizar.es\">http:\/\/uprl.unizar.es<\/a><br \/>\nTel\u00e9fono: 976761354<br \/>\nDirecci\u00f3n postal: C\/. Pedro Cerbuna, n\u00ba 12 50009 Zaragoza<\/p>\n<p><strong>PERSONAL DEL SERVICIO DE PREVENCI\u00d3N<\/strong><\/p>\n<p>LUIS ANDR\u00c9S C\u00c1SEDAS URIEL<br \/>\nJEFE DE LA UNIDAD<br \/>\nCorreo electr\u00f3nico: lcasedas@unizar.es<br \/>\nTel\u00e9fono: 876553150<script><\/p>\n<p><\/script><\/p>\n","protected":false},"excerpt":{"rendered":"<p>UNIDAD DE PREVENCI\u00d3N DE RIESGOS LABORALES Correo electr\u00f3nico: jefeuprl@unizar.es Web: http:\/\/uprl.unizar.es Tel\u00e9fono: 976761354 Direcci\u00f3n postal: C\/. Pedro Cerbuna, n\u00ba 12 50009 Zaragoza PERSONAL DEL SERVICIO DE PREVENCI\u00d3N LUIS ANDR\u00c9S C\u00c1SEDAS URIEL JEFE DE LA UNIDAD Correo electr\u00f3nico: lcasedas@unizar.es Tel\u00e9fono: 876553150<\/p>\n","protected":false},"author":23,"featured_media":0,"parent":55,"menu_order":0,"comment_status":"closed","ping_status":"closed","template":"","meta":{"footnotes":""},"class_list":["post-599","page","type-page","status-publish","hentry"],"_links":{"self":[{"href":"https:\/\/blogs.uned.es\/prlcrue\/wp-json\/wp\/v2\/pages\/599","targetHints":{"allow":["GET"]}}],"collection":[{"href":"https:\/\/blogs.uned.es\/prlcrue\/wp-json\/wp\/v2\/pages"}],"about":[{"href":"https:\/\/blogs.uned.es\/prlcrue\/wp-json\/wp\/v2\/types\/page"}],"author":[{"embeddable":true,"href":"https:\/\/blogs.uned.es\/prlcrue\/wp-json\/wp\/v2\/users\/23"}],"replies":[{"embeddable":true,"href":"https:\/\/blogs.uned.es\/prlcrue\/wp-json\/wp\/v2\/comments?post=599"}],"version-history":[{"count":2,"href":"https:\/\/blogs.uned.es\/prlcrue\/wp-json\/wp\/v2\/pages\/599\/revisions"}],"predecessor-version":[{"id":1751,"href":"https:\/\/blogs.uned.es\/prlcrue\/wp-json\/wp\/v2\/pages\/599\/revisions\/1751"}],"up":[{"embeddable":true,"href":"https:\/\/blogs.uned.es\/prlcrue\/wp-json\/wp\/v2\/pages\/55"}],"wp:attachment":[{"href":"https:\/\/blogs.uned.es\/prlcrue\/wp-json\/wp\/v2\/media?parent=599"}],"curies":[{"name":"wp","href":"https:\/\/api.w.org\/{rel}","templated":true}]}}