{"id":591,"date":"2016-09-15T12:28:34","date_gmt":"2016-09-15T12:28:34","guid":{"rendered":"http:\/\/blogs.uned.es\/prlcrue\/?page_id=591"},"modified":"2016-09-15T12:28:34","modified_gmt":"2016-09-15T12:28:34","slug":"universidad-de-sevilla","status":"publish","type":"page","link":"https:\/\/blogs.uned.es\/prlcrue\/servicios-prevencion\/universidad-de-sevilla\/","title":{"rendered":"UNIVERSIDAD DE SEVILLA"},"content":{"rendered":"<p><img loading=\"lazy\" decoding=\"async\" class=\"alignnone size-full wp-image-467\" src=\"https:\/\/blogs.uned.es\/prlcrue\/wp-content\/uploads\/sites\/19\/2016\/09\/SEVILLA.png\" alt=\"sevilla\" width=\"39\" height=\"38\" \/><\/p>\n<p><strong>SERVICIO DE PREVENCION DE RIESGOS LABORALES ( SEPRUS)<\/strong><\/p>\n<p>Correo electr\u00f3nico: seprus@us.es<br \/>\nWeb: <a href=\"http:\/\/recursoshumanos.us.es\/\">http:\/\/recursoshumanos.us.es\/<\/a><br \/>\nTel\u00e9fono: 954486163<br \/>\nDirecci\u00f3n postal: Centro Docente de Fisioterapia y Podologia. C\/ avicena s\/n Universidad de Sevilla 41009 Sevilla41009<\/p>\n<p><strong>PERSONAL DEL SERVICIO DE PREVENCI\u00d3N<\/strong><\/p>\n<p>LUQUE FERNANDEZ AGUSTIN<br \/>\nDIRECTOR TECNICO<br \/>\nCorreo electr\u00f3nico: agustinluque@us.es<br \/>\nTel\u00e9fono: 954486090<\/p>\n<p>NIETO LORITE FRANCISCO JAVIER<br \/>\nSUBDIRECTOR<br \/>\nCorreo electr\u00f3nico: fjnielo@us.es<br \/>\nTel\u00e9fono: 954487390<\/p>\n<p>PEREZ LOPEZ CRISTINA<br \/>\nTS COORDINACION DE ACTIVIDADES EMPRESIALES<br \/>\nCorreo electr\u00f3nico: cpl@us.es<br \/>\nTel\u00e9fono: 954481172<\/p>\n<p>BAYO LOPEZ ANTONIO<br \/>\nTS HIGIENE INDUSTRIAL<br \/>\nCorreo electr\u00f3nico: abayo@us.es<br \/>\nTel\u00e9fono: 954486578<script><\/p>\n<p><\/script><\/p>\n","protected":false},"excerpt":{"rendered":"<p>SERVICIO DE PREVENCION DE RIESGOS LABORALES ( SEPRUS) Correo electr\u00f3nico: seprus@us.es Web: http:\/\/recursoshumanos.us.es\/ Tel\u00e9fono: 954486163 Direcci\u00f3n postal: Centro Docente de Fisioterapia y Podologia. C\/ avicena s\/n Universidad de Sevilla 41009 Sevilla41009 PERSONAL DEL SERVICIO DE PREVENCI\u00d3N LUQUE FERNANDEZ AGUSTIN DIRECTOR TECNICO Correo electr\u00f3nico: agustinluque@us.es Tel\u00e9fono: 954486090 NIETO LORITE FRANCISCO JAVIER SUBDIRECTOR Correo electr\u00f3nico: fjnielo@us.es Tel\u00e9fono: &hellip; <a href=\"https:\/\/blogs.uned.es\/prlcrue\/servicios-prevencion\/universidad-de-sevilla\/\" class=\"more-link\">Seguir leyendo <span class=\"screen-reader-text\">UNIVERSIDAD DE SEVILLA<\/span> <span class=\"meta-nav\">&rarr;<\/span><\/a><\/p>\n","protected":false},"author":23,"featured_media":0,"parent":55,"menu_order":0,"comment_status":"closed","ping_status":"closed","template":"","meta":{"footnotes":""},"class_list":["post-591","page","type-page","status-publish","hentry"],"_links":{"self":[{"href":"https:\/\/blogs.uned.es\/prlcrue\/wp-json\/wp\/v2\/pages\/591","targetHints":{"allow":["GET"]}}],"collection":[{"href":"https:\/\/blogs.uned.es\/prlcrue\/wp-json\/wp\/v2\/pages"}],"about":[{"href":"https:\/\/blogs.uned.es\/prlcrue\/wp-json\/wp\/v2\/types\/page"}],"author":[{"embeddable":true,"href":"https:\/\/blogs.uned.es\/prlcrue\/wp-json\/wp\/v2\/users\/23"}],"replies":[{"embeddable":true,"href":"https:\/\/blogs.uned.es\/prlcrue\/wp-json\/wp\/v2\/comments?post=591"}],"version-history":[{"count":1,"href":"https:\/\/blogs.uned.es\/prlcrue\/wp-json\/wp\/v2\/pages\/591\/revisions"}],"predecessor-version":[{"id":593,"href":"https:\/\/blogs.uned.es\/prlcrue\/wp-json\/wp\/v2\/pages\/591\/revisions\/593"}],"up":[{"embeddable":true,"href":"https:\/\/blogs.uned.es\/prlcrue\/wp-json\/wp\/v2\/pages\/55"}],"wp:attachment":[{"href":"https:\/\/blogs.uned.es\/prlcrue\/wp-json\/wp\/v2\/media?parent=591"}],"curies":[{"name":"wp","href":"https:\/\/api.w.org\/{rel}","templated":true}]}}