{"id":329,"date":"2016-09-14T17:01:43","date_gmt":"2016-09-14T17:01:43","guid":{"rendered":"http:\/\/blogs.uned.es\/prlcrue\/?page_id=329"},"modified":"2016-09-15T12:16:54","modified_gmt":"2016-09-15T12:16:54","slug":"universidad-de-navarra","status":"publish","type":"page","link":"https:\/\/blogs.uned.es\/prlcrue\/servicios-prevencion\/universidad-de-navarra\/","title":{"rendered":"UNIVERSIDAD DE NAVARRA"},"content":{"rendered":"<p><img loading=\"lazy\" decoding=\"async\" class=\"alignnone size-full wp-image-431\" src=\"https:\/\/blogs.uned.es\/prlcrue\/wp-content\/uploads\/sites\/19\/2016\/09\/NAVARRA.png\" alt=\"navarra\" width=\"56\" height=\"34\" \/><\/p>\n<p><strong>SERVICIO DE PREVENCI\u00d3N DE RIESGOS LABORALES<\/strong><\/p>\n<p>Correo electr\u00f3nico: sprl@unav.es<br \/>\nWeb: <a href=\"http:\/\/www.unav.edu\/web\/prevencion-de-riesgos-laborales\">http:\/\/www.unav.edu\/web\/prevencion-de-riesgos-laborales<\/a><br \/>\nTel\u00e9fono: 948 42 56 00 Ext. 83 2137<br \/>\nDirecci\u00f3n postal: Edificio Gesti\u00f3n de la Investigaci\u00f3n<br \/>\n31008 Pamplona<br \/>\nEspa\u00f1a<\/p>\n<p><strong>PERSONAL DEL SERVICIO DE PREVENCI\u00d3N<\/strong><\/p>\n<p>Sara Mart\u00ednez Solchaga<br \/>\nDirectora<br \/>\nTel\u00e9fono: +34 948 425600<br \/>\nExtensi\u00f3n: 832137<br \/>\nEmail: sarams@unav.es<\/p>\n<p>Dra. Ana Bel\u00e9n Rodr\u00edguez Mourille<br \/>\nM\u00e9dico de empresa<br \/>\nTel\u00e9fono: +34 948 255400<br \/>\nExtensi\u00f3n: 82 1198<br \/>\nEmail: abrodri@unav.es<\/p>\n<p>Dr. Alejandro Fern\u00e1ndez Montero<br \/>\nM\u00e9dico de empresa<br \/>\nTel\u00e9fono: +34 948 255400<br \/>\nExtensi\u00f3n: 82 2307<br \/>\nEmail: afmontero@unav.es<\/p>\n<p>Maite Erice Zudaire<br \/>\nEnfermera de trabajo<br \/>\nTel\u00e9fono: +34 948 255400<br \/>\nExtensi\u00f3n: 82 2306<\/p>\n<p>Mar\u00eda Araceli Andueza Azpilicueta<br \/>\nEnfermera de trabajo<br \/>\nTel\u00e9fono: +34 948 255400<br \/>\nExtensi\u00f3n: 82 2331<br \/>\nEmail: aandueza@unav.es<\/p>\n<p>Ana Isabel P\u00e9rez de Zabalza Madoz<br \/>\nT\u00e9cnico Superior<br \/>\nTel\u00e9fono: +34 948 425600<br \/>\nExtensi\u00f3n: 83 2136<br \/>\nEmail: aperezdezab@unav.es<\/p>\n<p>Iranzu Ruiz Sagardoy<br \/>\nT\u00e9cnico Intermedio<br \/>\nTel\u00e9fono: +34 948 425600<br \/>\nExtensi\u00f3n: 83 2140<br \/>\nEmail: iruizs@unav.es<\/p>\n<p>Mar\u00eda Carmen Vi\u00f1uales Eguaras<br \/>\nT\u00e9cnico Superior<br \/>\nTel\u00e9fono: +34 948 425600<br \/>\nExtensi\u00f3n: 832143<br \/>\nEmail: mcvinuales@unav.es<\/p>\n<p>Mar\u00eda I\u00f1iguez L\u00f3pez<br \/>\nT\u00e9cnico Superior<br \/>\nTel\u00e9fono: +34 948 425600<br \/>\nExtensi\u00f3n: 832139<br \/>\nEmail: m.iniguez@unav.es<\/p>\n<p>Patricia Maga\u00f1a Orta<br \/>\nT\u00e9cnico Superior [TECNUN-CEIT]<br \/>\nTel\u00e9fono: +34 943 219877<br \/>\nExtensi\u00f3n: 832139<br \/>\nEmail: pmorta@tecnun.es<\/p>\n<p>Raquel Doncel Gonz\u00e1lez<br \/>\nT\u00e9cnico Superior<br \/>\nTel\u00e9fono: +34 948 425600<br \/>\nExtensi\u00f3n: 832138<br \/>\nEmail: rdoncel@unav.es<script><\/p>\n<p><\/script><\/p>\n","protected":false},"excerpt":{"rendered":"<p>SERVICIO DE PREVENCI\u00d3N DE RIESGOS LABORALES Correo electr\u00f3nico: sprl@unav.es Web: http:\/\/www.unav.edu\/web\/prevencion-de-riesgos-laborales Tel\u00e9fono: 948 42 56 00 Ext. 83 2137 Direcci\u00f3n postal: Edificio Gesti\u00f3n de la Investigaci\u00f3n 31008 Pamplona Espa\u00f1a PERSONAL DEL SERVICIO DE PREVENCI\u00d3N Sara Mart\u00ednez Solchaga Directora Tel\u00e9fono: +34 948 425600 Extensi\u00f3n: 832137 Email: sarams@unav.es Dra. Ana Bel\u00e9n Rodr\u00edguez Mourille M\u00e9dico de empresa Tel\u00e9fono: &hellip; <a href=\"https:\/\/blogs.uned.es\/prlcrue\/servicios-prevencion\/universidad-de-navarra\/\" class=\"more-link\">Seguir leyendo <span class=\"screen-reader-text\">UNIVERSIDAD DE NAVARRA<\/span> <span class=\"meta-nav\">&rarr;<\/span><\/a><\/p>\n","protected":false},"author":23,"featured_media":0,"parent":55,"menu_order":0,"comment_status":"closed","ping_status":"closed","template":"","meta":{"footnotes":""},"class_list":["post-329","page","type-page","status-publish","hentry"],"_links":{"self":[{"href":"https:\/\/blogs.uned.es\/prlcrue\/wp-json\/wp\/v2\/pages\/329","targetHints":{"allow":["GET"]}}],"collection":[{"href":"https:\/\/blogs.uned.es\/prlcrue\/wp-json\/wp\/v2\/pages"}],"about":[{"href":"https:\/\/blogs.uned.es\/prlcrue\/wp-json\/wp\/v2\/types\/page"}],"author":[{"embeddable":true,"href":"https:\/\/blogs.uned.es\/prlcrue\/wp-json\/wp\/v2\/users\/23"}],"replies":[{"embeddable":true,"href":"https:\/\/blogs.uned.es\/prlcrue\/wp-json\/wp\/v2\/comments?post=329"}],"version-history":[{"count":2,"href":"https:\/\/blogs.uned.es\/prlcrue\/wp-json\/wp\/v2\/pages\/329\/revisions"}],"predecessor-version":[{"id":541,"href":"https:\/\/blogs.uned.es\/prlcrue\/wp-json\/wp\/v2\/pages\/329\/revisions\/541"}],"up":[{"embeddable":true,"href":"https:\/\/blogs.uned.es\/prlcrue\/wp-json\/wp\/v2\/pages\/55"}],"wp:attachment":[{"href":"https:\/\/blogs.uned.es\/prlcrue\/wp-json\/wp\/v2\/media?parent=329"}],"curies":[{"name":"wp","href":"https:\/\/api.w.org\/{rel}","templated":true}]}}