{"id":289,"date":"2016-09-13T14:21:07","date_gmt":"2016-09-13T14:21:07","guid":{"rendered":"http:\/\/blogs.uned.es\/prlcrue\/?page_id=289"},"modified":"2016-09-15T12:22:14","modified_gmt":"2016-09-15T12:22:14","slug":"universidad-de-jaen","status":"publish","type":"page","link":"https:\/\/blogs.uned.es\/prlcrue\/servicios-prevencion\/universidad-de-jaen\/","title":{"rendered":"UNIVERSIDAD DE JAEN"},"content":{"rendered":"<p><img loading=\"lazy\" decoding=\"async\" class=\"alignnone size-full wp-image-409\" src=\"https:\/\/blogs.uned.es\/prlcrue\/wp-content\/uploads\/sites\/19\/2016\/09\/JAEN.png\" alt=\"jaen\" width=\"56\" height=\"34\" \/><\/p>\n<p><strong>SERVICIO DE PREVENCION DE RIESGOS LABORALES<\/strong><\/p>\n<p>Correo electr\u00f3nico: prevencion@ujaen.es<br \/>\nWeb: <a href=\"https:\/\/www10.ujaen.es\/conocenos\/servicios-unidades\/prevencion\">https:\/\/www10.ujaen.es\/conocenos\/servicios-unidades\/prevencion<\/a><br \/>\nTel\u00e9fono: (+34) 953 212054(+34) 953 213338(+34) 953 211775<br \/>\nDirecci\u00f3n postal: Campus Las LagunillasEdificio Rectorado (B1) &#8211; Dependencia: B1-012623071 Ja\u00e9n<\/p>\n<p><strong>PERSONAL DEL SERVICIO DE PREVENCI\u00d3N<\/strong><\/p>\n<p>CANTERO JIM\u00c9NEZ, JACINTO<br \/>\nT\u00c9CNICO SEGURIDAD<br \/>\nCorreo electr\u00f3nico: jcantero@ujaen.es<\/p>\n<p>FERN\u00c1NDEZ SERRANO, EVA M\u00aa<br \/>\nT\u00c9CNICO ERGONOM\u00cdA Y PSICOSOCIOLOG\u00cdA APLICADA<br \/>\nCorreo electr\u00f3nico: evaferna@ujaen.es<\/p>\n<p>MESA BARRIONUEVO, CARMEN ROSARIO<br \/>\nOFICINA VERDE, MEDIO AMBIENTE Y SOSTENIBILIDAD<br \/>\nCorreo electr\u00f3nico: crmesa@ujaen.es<script><\/p>\n<p><\/script><\/p>\n","protected":false},"excerpt":{"rendered":"<p>SERVICIO DE PREVENCION DE RIESGOS LABORALES Correo electr\u00f3nico: prevencion@ujaen.es Web: https:\/\/www10.ujaen.es\/conocenos\/servicios-unidades\/prevencion Tel\u00e9fono: (+34) 953 212054(+34) 953 213338(+34) 953 211775 Direcci\u00f3n postal: Campus Las LagunillasEdificio Rectorado (B1) &#8211; Dependencia: B1-012623071 Ja\u00e9n PERSONAL DEL SERVICIO DE PREVENCI\u00d3N CANTERO JIM\u00c9NEZ, JACINTO T\u00c9CNICO SEGURIDAD Correo electr\u00f3nico: jcantero@ujaen.es FERN\u00c1NDEZ SERRANO, EVA M\u00aa T\u00c9CNICO ERGONOM\u00cdA Y PSICOSOCIOLOG\u00cdA APLICADA Correo electr\u00f3nico: evaferna@ujaen.es &hellip; <a href=\"https:\/\/blogs.uned.es\/prlcrue\/servicios-prevencion\/universidad-de-jaen\/\" class=\"more-link\">Seguir leyendo <span class=\"screen-reader-text\">UNIVERSIDAD DE JAEN<\/span> <span class=\"meta-nav\">&rarr;<\/span><\/a><\/p>\n","protected":false},"author":23,"featured_media":0,"parent":55,"menu_order":0,"comment_status":"closed","ping_status":"closed","template":"","meta":{"footnotes":""},"class_list":["post-289","page","type-page","status-publish","hentry"],"_links":{"self":[{"href":"https:\/\/blogs.uned.es\/prlcrue\/wp-json\/wp\/v2\/pages\/289","targetHints":{"allow":["GET"]}}],"collection":[{"href":"https:\/\/blogs.uned.es\/prlcrue\/wp-json\/wp\/v2\/pages"}],"about":[{"href":"https:\/\/blogs.uned.es\/prlcrue\/wp-json\/wp\/v2\/types\/page"}],"author":[{"embeddable":true,"href":"https:\/\/blogs.uned.es\/prlcrue\/wp-json\/wp\/v2\/users\/23"}],"replies":[{"embeddable":true,"href":"https:\/\/blogs.uned.es\/prlcrue\/wp-json\/wp\/v2\/comments?post=289"}],"version-history":[{"count":3,"href":"https:\/\/blogs.uned.es\/prlcrue\/wp-json\/wp\/v2\/pages\/289\/revisions"}],"predecessor-version":[{"id":565,"href":"https:\/\/blogs.uned.es\/prlcrue\/wp-json\/wp\/v2\/pages\/289\/revisions\/565"}],"up":[{"embeddable":true,"href":"https:\/\/blogs.uned.es\/prlcrue\/wp-json\/wp\/v2\/pages\/55"}],"wp:attachment":[{"href":"https:\/\/blogs.uned.es\/prlcrue\/wp-json\/wp\/v2\/media?parent=289"}],"curies":[{"name":"wp","href":"https:\/\/api.w.org\/{rel}","templated":true}]}}