{"id":211,"date":"2016-09-13T13:30:02","date_gmt":"2016-09-13T13:30:02","guid":{"rendered":"http:\/\/blogs.uned.es\/prlcrue\/?page_id=211"},"modified":"2018-04-20T13:12:02","modified_gmt":"2018-04-20T11:12:02","slug":"universidad-de-cantabria","status":"publish","type":"page","link":"https:\/\/blogs.uned.es\/prlcrue\/servicios-prevencion\/universidad-de-cantabria\/","title":{"rendered":"UNIVERSIDAD DE CANTABRIA"},"content":{"rendered":"<p><img loading=\"lazy\" decoding=\"async\" class=\"alignnone size-full wp-image-359\" src=\"https:\/\/blogs.uned.es\/prlcrue\/wp-content\/uploads\/sites\/19\/2016\/09\/CANTABRIA.png\" alt=\"cantabria\" width=\"40\" height=\"42\" \/><\/p>\n<p><strong>UNIDAD DE PREVENCI\u00d3N<\/strong><\/p>\n<p>Correo electr\u00f3nico: prevencion@unican.es<br \/>\nWeb: <a href=\"http:\/\/web.unican.es\/unidades\/prevencion\">http:\/\/web.unican.es\/unidades\/prevencion<\/a><br \/>\nTel\u00e9fono: 942201045\/6<br \/>\nDirecci\u00f3n postal: Pabell\u00f3n de Gobierno. Avd Los Castros s\/n 39005 Santander<\/p>\n<p><strong>PERSONAL DEL SERVICIO DE PREVENCI\u00d3N<\/strong><\/p>\n<p>MAR\u00cdA TERESA LANZA GUERRICAGOITIA<br \/>\nDIRECTORA UNIDAD DE PREVENCI\u00d3N<\/p>\n<p>CIRO LUIS SALCINES SU\u00c1REZ<br \/>\nT\u00c9CNICO EN PREVENCI\u00d3N. SUPERVISOR DE INSTALACIONES RADIACTIVAS<br \/>\nMail:\u00a0<a href=\"mailto:ciroluis.salcines@unican.es\">ciroluis.salcines@unican.es<\/a><script><\/p>\n<p><\/script><\/p>\n","protected":false},"excerpt":{"rendered":"<p>UNIDAD DE PREVENCI\u00d3N Correo electr\u00f3nico: prevencion@unican.es Web: http:\/\/web.unican.es\/unidades\/prevencion Tel\u00e9fono: 942201045\/6 Direcci\u00f3n postal: Pabell\u00f3n de Gobierno. Avd Los Castros s\/n 39005 Santander PERSONAL DEL SERVICIO DE PREVENCI\u00d3N MAR\u00cdA TERESA LANZA GUERRICAGOITIA DIRECTORA UNIDAD DE PREVENCI\u00d3N CIRO LUIS SALCINES SU\u00c1REZ T\u00c9CNICO EN PREVENCI\u00d3N. SUPERVISOR DE INSTALACIONES RADIACTIVAS Mail:\u00a0ciroluis.salcines@unican.es<\/p>\n","protected":false},"author":23,"featured_media":0,"parent":55,"menu_order":0,"comment_status":"closed","ping_status":"closed","template":"","meta":{"footnotes":""},"class_list":["post-211","page","type-page","status-publish","hentry"],"_links":{"self":[{"href":"https:\/\/blogs.uned.es\/prlcrue\/wp-json\/wp\/v2\/pages\/211","targetHints":{"allow":["GET"]}}],"collection":[{"href":"https:\/\/blogs.uned.es\/prlcrue\/wp-json\/wp\/v2\/pages"}],"about":[{"href":"https:\/\/blogs.uned.es\/prlcrue\/wp-json\/wp\/v2\/types\/page"}],"author":[{"embeddable":true,"href":"https:\/\/blogs.uned.es\/prlcrue\/wp-json\/wp\/v2\/users\/23"}],"replies":[{"embeddable":true,"href":"https:\/\/blogs.uned.es\/prlcrue\/wp-json\/wp\/v2\/comments?post=211"}],"version-history":[{"count":6,"href":"https:\/\/blogs.uned.es\/prlcrue\/wp-json\/wp\/v2\/pages\/211\/revisions"}],"predecessor-version":[{"id":1895,"href":"https:\/\/blogs.uned.es\/prlcrue\/wp-json\/wp\/v2\/pages\/211\/revisions\/1895"}],"up":[{"embeddable":true,"href":"https:\/\/blogs.uned.es\/prlcrue\/wp-json\/wp\/v2\/pages\/55"}],"wp:attachment":[{"href":"https:\/\/blogs.uned.es\/prlcrue\/wp-json\/wp\/v2\/media?parent=211"}],"curies":[{"name":"wp","href":"https:\/\/api.w.org\/{rel}","templated":true}]}}