{"id":619,"date":"2020-10-20T00:49:34","date_gmt":"2020-10-19T22:49:34","guid":{"rendered":"http:\/\/blogs.uned.es\/patrimonioindustrial\/?page_id=619"},"modified":"2023-11-28T10:35:38","modified_gmt":"2023-11-28T09:35:38","slug":"colaboradores-y-amigos","status":"publish","type":"page","link":"https:\/\/blogs.uned.es\/patrimonioindustrial\/colaboradores-y-amigos\/","title":{"rendered":"Colaboradores y Amigos"},"content":{"rendered":"\t\t<div data-elementor-type=\"wp-page\" data-elementor-id=\"619\" class=\"elementor elementor-619\">\n\t\t\t\t\t\t<section class=\"elementor-section elementor-top-section elementor-element elementor-element-1a17409 elementor-section-stretched elementor-section-height-min-height elementor-section-content-middle elementor-section-boxed elementor-section-height-default elementor-section-items-middle\" data-id=\"1a17409\" data-element_type=\"section\" data-e-type=\"section\" data-settings=\"{&quot;stretch_section&quot;:&quot;section-stretched&quot;,&quot;background_background&quot;:&quot;classic&quot;}\">\n\t\t\t\t\t\t<div class=\"elementor-container elementor-column-gap-default\">\n\t\t\t\t\t<div class=\"elementor-column elementor-col-100 elementor-top-column elementor-element elementor-element-ca323d7\" data-id=\"ca323d7\" data-element_type=\"column\" data-e-type=\"column\">\n\t\t\t<div class=\"elementor-widget-wrap elementor-element-populated\">\n\t\t\t\t\t\t<section class=\"elementor-section elementor-inner-section elementor-element elementor-element-dcda665 elementor-section-boxed elementor-section-height-default elementor-section-height-default\" data-id=\"dcda665\" data-element_type=\"section\" data-e-type=\"section\">\n\t\t\t\t\t\t<div class=\"elementor-container elementor-column-gap-default\">\n\t\t\t\t\t<div class=\"elementor-column elementor-col-50 elementor-inner-column elementor-element elementor-element-368870a\" data-id=\"368870a\" data-element_type=\"column\" data-e-type=\"column\">\n\t\t\t<div class=\"elementor-widget-wrap\">\n\t\t\t\t\t\t\t<\/div>\n\t\t<\/div>\n\t\t\t\t<div class=\"elementor-column elementor-col-50 elementor-inner-column elementor-element elementor-element-6b90ff0\" data-id=\"6b90ff0\" data-element_type=\"column\" data-e-type=\"column\">\n\t\t\t<div class=\"elementor-widget-wrap elementor-element-populated\">\n\t\t\t\t\t\t<div class=\"elementor-element elementor-element-e109f77 elementor-widget elementor-widget-heading\" data-id=\"e109f77\" data-element_type=\"widget\" data-e-type=\"widget\" data-widget_type=\"heading.default\">\n\t\t\t\t<div class=\"elementor-widget-container\">\n\t\t\t\t\t<h2 class=\"elementor-heading-title elementor-size-default\">Colaboradores y amigos<\/h2>\t\t\t\t<\/div>\n\t\t\t\t<\/div>\n\t\t\t\t\t<\/div>\n\t\t<\/div>\n\t\t\t\t\t<\/div>\n\t\t<\/section>\n\t\t\t\t\t<\/div>\n\t\t<\/div>\n\t\t\t\t\t<\/div>\n\t\t<\/section>\n\t\t\t\t<section class=\"elementor-section elementor-top-section elementor-element elementor-element-1c004a2 elementor-section-boxed elementor-section-height-default elementor-section-height-default\" data-id=\"1c004a2\" data-element_type=\"section\" data-e-type=\"section\">\n\t\t\t\t\t\t<div class=\"elementor-container elementor-column-gap-default\">\n\t\t\t\t\t<div class=\"elementor-column elementor-col-100 elementor-top-column elementor-element elementor-element-a27b543\" data-id=\"a27b543\" data-element_type=\"column\" data-e-type=\"column\">\n\t\t\t<div class=\"elementor-widget-wrap elementor-element-populated\">\n\t\t\t\t\t\t<section class=\"elementor-section elementor-inner-section elementor-element elementor-element-68e6fba elementor-section-boxed elementor-section-height-default elementor-section-height-default\" data-id=\"68e6fba\" data-element_type=\"section\" data-e-type=\"section\">\n\t\t\t\t\t\t<div class=\"elementor-container elementor-column-gap-default\">\n\t\t\t\t\t<div class=\"elementor-column elementor-col-50 elementor-inner-column elementor-element elementor-element-ed00224\" data-id=\"ed00224\" data-element_type=\"column\" data-e-type=\"column\">\n\t\t\t<div class=\"elementor-widget-wrap elementor-element-populated\">\n\t\t\t\t\t\t<div class=\"elementor-element elementor-element-64ca87c elementor-position-top elementor-widget elementor-widget-image-box\" data-id=\"64ca87c\" data-element_type=\"widget\" data-e-type=\"widget\" data-widget_type=\"image-box.default\">\n\t\t\t\t<div class=\"elementor-widget-container\">\n\t\t\t\t\t<div class=\"elementor-image-box-wrapper\"><figure class=\"elementor-image-box-img\"><a href=\"https:\/\/sif-mes.org\/\" tabindex=\"-1\"><img fetchpriority=\"high\" decoding=\"async\" width=\"224\" height=\"238\" src=\"https:\/\/blogs.uned.es\/patrimonioindustrial\/wp-content\/uploads\/sites\/247\/2020\/10\/logo.png\" class=\"attachment-medium size-medium wp-image-587\" alt=\"\" \/><\/a><\/figure><div class=\"elementor-image-box-content\"><h3 class=\"elementor-image-box-title\"><a href=\"https:\/\/sif-mes.org\/\">Sociedad de Ingenier\u00eda de Fabricaci\u00f3n <\/a><\/h3><\/div><\/div>\t\t\t\t<\/div>\n\t\t\t\t<\/div>\n\t\t\t\t\t<\/div>\n\t\t<\/div>\n\t\t\t\t<div class=\"elementor-column elementor-col-50 elementor-inner-column elementor-element elementor-element-5d7719a\" data-id=\"5d7719a\" data-element_type=\"column\" data-e-type=\"column\">\n\t\t\t<div class=\"elementor-widget-wrap elementor-element-populated\">\n\t\t\t\t\t\t<div class=\"elementor-element elementor-element-bd99ed0 elementor-position-top elementor-widget elementor-widget-image-box\" data-id=\"bd99ed0\" data-element_type=\"widget\" data-e-type=\"widget\" data-widget_type=\"image-box.default\">\n\t\t\t\t<div class=\"elementor-widget-container\">\n\t\t\t\t\t<div class=\"elementor-image-box-wrapper\"><figure class=\"elementor-image-box-img\"><a href=\"http:\/\/www.sedpgym.es\/\" tabindex=\"-1\"><img decoding=\"async\" width=\"227\" height=\"222\" src=\"https:\/\/blogs.uned.es\/patrimonioindustrial\/wp-content\/uploads\/sites\/247\/2020\/10\/descarga-1.png\" class=\"attachment-medium size-medium wp-image-579\" alt=\"\" \/><\/a><\/figure><div class=\"elementor-image-box-content\"><h3 class=\"elementor-image-box-title\"><a href=\"http:\/\/www.sedpgym.es\/\">Sociedad Espa\u00f1ola para la Defensa del Patrimonio Geol\u00f3gico y Minero<\/a><\/h3><\/div><\/div>\t\t\t\t<\/div>\n\t\t\t\t<\/div>\n\t\t\t\t\t<\/div>\n\t\t<\/div>\n\t\t\t\t\t<\/div>\n\t\t<\/section>\n\t\t\t\t<section class=\"elementor-section elementor-inner-section elementor-element elementor-element-3bb9d93 elementor-section-boxed elementor-section-height-default elementor-section-height-default\" data-id=\"3bb9d93\" data-element_type=\"section\" data-e-type=\"section\">\n\t\t\t\t\t\t<div class=\"elementor-container elementor-column-gap-default\">\n\t\t\t\t\t<div class=\"elementor-column elementor-col-50 elementor-inner-column elementor-element elementor-element-d54b3c4\" data-id=\"d54b3c4\" data-element_type=\"column\" data-e-type=\"column\">\n\t\t\t<div class=\"elementor-widget-wrap elementor-element-populated\">\n\t\t\t\t\t\t<div class=\"elementor-element elementor-element-85b2068 elementor-position-top elementor-widget elementor-widget-image-box\" data-id=\"85b2068\" data-element_type=\"widget\" data-e-type=\"widget\" data-widget_type=\"image-box.default\">\n\t\t\t\t<div class=\"elementor-widget-container\">\n\t\t\t\t\t<div class=\"elementor-image-box-wrapper\"><figure class=\"elementor-image-box-img\"><a href=\"http:\/\/www.sif-mes.org\/patrif\/\" tabindex=\"-1\"><img decoding=\"async\" width=\"300\" height=\"212\" src=\"https:\/\/blogs.uned.es\/patrimonioindustrial\/wp-content\/uploads\/sites\/247\/2021\/10\/logo-patrif-modificacion-8.0-300x212.jpg\" class=\"attachment-medium size-medium wp-image-1603\" alt=\"\" \/><\/a><\/figure><div class=\"elementor-image-box-content\"><h3 class=\"elementor-image-box-title\"><a href=\"http:\/\/www.sif-mes.org\/patrif\/\"> Grupo de Trabajo en Patrimonio Industrial de Fabricaci\u00f3n PATRIF<\/a><\/h3><\/div><\/div>\t\t\t\t<\/div>\n\t\t\t\t<\/div>\n\t\t\t\t\t<\/div>\n\t\t<\/div>\n\t\t\t\t<div class=\"elementor-column elementor-col-50 elementor-inner-column elementor-element elementor-element-bfd4f2a\" data-id=\"bfd4f2a\" data-element_type=\"column\" data-e-type=\"column\">\n\t\t\t<div class=\"elementor-widget-wrap elementor-element-populated\">\n\t\t\t\t\t\t<div class=\"elementor-element elementor-element-40387cc elementor-position-top elementor-widget elementor-widget-image-box\" data-id=\"40387cc\" data-element_type=\"widget\" data-e-type=\"widget\" data-widget_type=\"image-box.default\">\n\t\t\t\t<div class=\"elementor-widget-container\">\n\t\t\t\t\t<div class=\"elementor-image-box-wrapper\"><figure class=\"elementor-image-box-img\"><a href=\"http:\/\/gipai.aq.upm.es\/\" tabindex=\"-1\"><img loading=\"lazy\" decoding=\"async\" width=\"227\" height=\"100\" src=\"https:\/\/blogs.uned.es\/patrimonioindustrial\/wp-content\/uploads\/sites\/247\/2020\/10\/descarga-2.jpg\" class=\"attachment-full size-full wp-image-611\" alt=\"\" \/><\/a><\/figure><div class=\"elementor-image-box-content\"><h3 class=\"elementor-image-box-title\"><a href=\"http:\/\/gipai.aq.upm.es\/\">Aula G+PAI<\/a><\/h3><\/div><\/div>\t\t\t\t<\/div>\n\t\t\t\t<\/div>\n\t\t\t\t\t<\/div>\n\t\t<\/div>\n\t\t\t\t\t<\/div>\n\t\t<\/section>\n\t\t\t\t<section class=\"elementor-section elementor-inner-section elementor-element elementor-element-8cce8e8 elementor-section-boxed elementor-section-height-default elementor-section-height-default\" data-id=\"8cce8e8\" data-element_type=\"section\" data-e-type=\"section\">\n\t\t\t\t\t\t<div class=\"elementor-container elementor-column-gap-default\">\n\t\t\t\t\t<div class=\"elementor-column elementor-col-50 elementor-inner-column elementor-element elementor-element-227218d\" data-id=\"227218d\" data-element_type=\"column\" data-e-type=\"column\">\n\t\t\t<div class=\"elementor-widget-wrap elementor-element-populated\">\n\t\t\t\t\t\t<div class=\"elementor-element elementor-element-d4deecf elementor-position-top elementor-widget elementor-widget-image-box\" data-id=\"d4deecf\" data-element_type=\"widget\" data-e-type=\"widget\" data-widget_type=\"image-box.default\">\n\t\t\t\t<div class=\"elementor-widget-container\">\n\t\t\t\t\t<div class=\"elementor-image-box-wrapper\"><figure class=\"elementor-image-box-img\"><a href=\"http:\/\/www.asoc-aeim.es\/comisionMecanica.html\" target=\"_blank\" tabindex=\"-1\"><img loading=\"lazy\" decoding=\"async\" width=\"225\" height=\"138\" src=\"https:\/\/blogs.uned.es\/patrimonioindustrial\/wp-content\/uploads\/sites\/247\/2020\/11\/AEIM.png\" class=\"attachment-full size-full wp-image-1213\" alt=\"\" \/><\/a><\/figure><div class=\"elementor-image-box-content\"><h3 class=\"elementor-image-box-title\"><a href=\"http:\/\/www.asoc-aeim.es\/comisionMecanica.html\" target=\"_blank\">Asociaci\u00f3n Espa\u00f1ola de Ingenier\u00eda Mec\u00e1nica - Comisi\u00f3n T\u00e9cnica de Historia de la Ingenier\u00eda Mec\u00e1nica<\/a><\/h3><\/div><\/div>\t\t\t\t<\/div>\n\t\t\t\t<\/div>\n\t\t\t\t\t<\/div>\n\t\t<\/div>\n\t\t\t\t<div class=\"elementor-column elementor-col-50 elementor-inner-column elementor-element elementor-element-2c802bb\" data-id=\"2c802bb\" data-element_type=\"column\" data-e-type=\"column\">\n\t\t\t<div class=\"elementor-widget-wrap elementor-element-populated\">\n\t\t\t\t\t\t<div class=\"elementor-element elementor-element-ef77ee2 elementor-position-top elementor-widget elementor-widget-image-box\" data-id=\"ef77ee2\" data-element_type=\"widget\" data-e-type=\"widget\" data-widget_type=\"image-box.default\">\n\t\t\t\t<div class=\"elementor-widget-container\">\n\t\t\t\t\t<div class=\"elementor-image-box-wrapper\"><figure class=\"elementor-image-box-img\"><a href=\"http:\/\/fabricasderiopar.blogspot.com\/\" tabindex=\"-1\"><img loading=\"lazy\" decoding=\"async\" width=\"113\" height=\"113\" src=\"https:\/\/blogs.uned.es\/patrimonioindustrial\/wp-content\/uploads\/sites\/247\/2020\/10\/logo_golden-peque\u00f1o.jpg\" class=\"attachment-full size-full wp-image-603\" alt=\"\" \/><\/a><\/figure><div class=\"elementor-image-box-content\"><h3 class=\"elementor-image-box-title\"><a href=\"http:\/\/fabricasderiopar.blogspot.com\/\">Asociaci\u00f3n de Amigos de las Reales F\u00e1bricas de Ri\u00f3par<\/a><\/h3><\/div><\/div>\t\t\t\t<\/div>\n\t\t\t\t<\/div>\n\t\t\t\t\t<\/div>\n\t\t<\/div>\n\t\t\t\t\t<\/div>\n\t\t<\/section>\n\t\t\t\t<section class=\"elementor-section elementor-inner-section elementor-element elementor-element-9577fea elementor-section-boxed elementor-section-height-default elementor-section-height-default\" data-id=\"9577fea\" data-element_type=\"section\" data-e-type=\"section\">\n\t\t\t\t\t\t<div class=\"elementor-container elementor-column-gap-default\">\n\t\t\t\t\t<div class=\"elementor-column elementor-col-50 elementor-inner-column elementor-element elementor-element-5e21b44\" data-id=\"5e21b44\" data-element_type=\"column\" data-e-type=\"column\">\n\t\t\t<div class=\"elementor-widget-wrap elementor-element-populated\">\n\t\t\t\t\t\t<div class=\"elementor-element elementor-element-941b8cb elementor-position-top elementor-widget elementor-widget-image-box\" data-id=\"941b8cb\" data-element_type=\"widget\" data-e-type=\"widget\" data-widget_type=\"image-box.default\">\n\t\t\t\t<div class=\"elementor-widget-container\">\n\t\t\t\t\t<div class=\"elementor-image-box-wrapper\"><figure class=\"elementor-image-box-img\"><a href=\"http:\/\/observatorionoroeste.es\/pim\/\" tabindex=\"-1\"><img loading=\"lazy\" decoding=\"async\" width=\"224\" height=\"224\" src=\"https:\/\/blogs.uned.es\/patrimonioindustrial\/wp-content\/uploads\/sites\/247\/2020\/10\/descarga.png\" class=\"attachment-medium size-medium wp-image-581\" alt=\"\" srcset=\"https:\/\/blogs.uned.es\/patrimonioindustrial\/wp-content\/uploads\/sites\/247\/2020\/10\/descarga.png 224w, https:\/\/blogs.uned.es\/patrimonioindustrial\/wp-content\/uploads\/sites\/247\/2020\/10\/descarga-150x150.png 150w\" sizes=\"(max-width: 224px) 100vw, 224px\" \/><\/a><\/figure><div class=\"elementor-image-box-content\"><h3 class=\"elementor-image-box-title\"><a href=\"http:\/\/observatorionoroeste.es\/pim\/\">Grupo de Patrimonio Minero del Noroeste Ib\u00e9rico <\/a><\/h3><\/div><\/div>\t\t\t\t<\/div>\n\t\t\t\t<\/div>\n\t\t\t\t\t<\/div>\n\t\t<\/div>\n\t\t\t\t<div class=\"elementor-column elementor-col-50 elementor-inner-column elementor-element elementor-element-3c2b65e\" data-id=\"3c2b65e\" data-element_type=\"column\" data-e-type=\"column\">\n\t\t\t<div class=\"elementor-widget-wrap elementor-element-populated\">\n\t\t\t\t\t\t<div class=\"elementor-element elementor-element-0b671b4 elementor-position-top elementor-widget elementor-widget-image-box\" data-id=\"0b671b4\" data-element_type=\"widget\" data-e-type=\"widget\" data-widget_type=\"image-box.default\">\n\t\t\t\t<div class=\"elementor-widget-container\">\n\t\t\t\t\t<div class=\"elementor-image-box-wrapper\"><figure class=\"elementor-image-box-img\"><a href=\"http:\/\/catedraturismosostenible.es\/\" tabindex=\"-1\"><img loading=\"lazy\" decoding=\"async\" width=\"300\" height=\"300\" src=\"https:\/\/blogs.uned.es\/patrimonioindustrial\/wp-content\/uploads\/sites\/247\/2020\/10\/unnamed-300x300.jpg\" class=\"attachment-medium size-medium wp-image-601\" alt=\"\" srcset=\"https:\/\/blogs.uned.es\/patrimonioindustrial\/wp-content\/uploads\/sites\/247\/2020\/10\/unnamed-300x300.jpg 300w, https:\/\/blogs.uned.es\/patrimonioindustrial\/wp-content\/uploads\/sites\/247\/2020\/10\/unnamed-150x150.jpg 150w, https:\/\/blogs.uned.es\/patrimonioindustrial\/wp-content\/uploads\/sites\/247\/2020\/10\/unnamed.jpg 512w\" sizes=\"(max-width: 300px) 100vw, 300px\" \/><\/a><\/figure><div class=\"elementor-image-box-content\"><h3 class=\"elementor-image-box-title\"><a href=\"http:\/\/catedraturismosostenible.es\/\">C\u00e1tedra de Turismo Sostenible y Desarrollo Local<\/a><\/h3><\/div><\/div>\t\t\t\t<\/div>\n\t\t\t\t<\/div>\n\t\t\t\t\t<\/div>\n\t\t<\/div>\n\t\t\t\t\t<\/div>\n\t\t<\/section>\n\t\t\t\t<section class=\"elementor-section elementor-inner-section elementor-element elementor-element-d8121bd elementor-section-boxed elementor-section-height-default elementor-section-height-default\" data-id=\"d8121bd\" data-element_type=\"section\" data-e-type=\"section\">\n\t\t\t\t\t\t<div class=\"elementor-container elementor-column-gap-default\">\n\t\t\t\t\t<div class=\"elementor-column elementor-col-50 elementor-inner-column elementor-element elementor-element-1974b79\" data-id=\"1974b79\" data-element_type=\"column\" data-e-type=\"column\">\n\t\t\t<div class=\"elementor-widget-wrap elementor-element-populated\">\n\t\t\t\t\t\t<div class=\"elementor-element elementor-element-35b4567 elementor-position-top elementor-widget elementor-widget-image-box\" data-id=\"35b4567\" data-element_type=\"widget\" data-e-type=\"widget\" data-widget_type=\"image-box.default\">\n\t\t\t\t<div class=\"elementor-widget-container\">\n\t\t\t\t\t<div class=\"elementor-image-box-wrapper\"><figure class=\"elementor-image-box-img\"><a href=\"https:\/\/portal.uned.es\/portal\/page?_pageid=93,19770354&#038;_dad=portal&#038;_schema=PORTAL\" tabindex=\"-1\"><img loading=\"lazy\" decoding=\"async\" width=\"240\" height=\"131\" src=\"https:\/\/blogs.uned.es\/patrimonioindustrial\/wp-content\/uploads\/sites\/247\/2023\/11\/grupo-gi52.png\" class=\"attachment-full size-full wp-image-2527\" alt=\"\" \/><\/a><\/figure><div class=\"elementor-image-box-content\"><h3 class=\"elementor-image-box-title\"><a href=\"https:\/\/portal.uned.es\/portal\/page?_pageid=93,19770354&#038;_dad=portal&#038;_schema=PORTAL\">Grupo de investigaci\u00f3n Producci\u00f3n Industrial e Ingenier\u00eda de Fabricaci\u00f3n (IPME) de la UNED<\/a><\/h3><\/div><\/div>\t\t\t\t<\/div>\n\t\t\t\t<\/div>\n\t\t\t\t\t<\/div>\n\t\t<\/div>\n\t\t\t\t<div class=\"elementor-column elementor-col-50 elementor-inner-column elementor-element elementor-element-00caa67\" data-id=\"00caa67\" data-element_type=\"column\" data-e-type=\"column\">\n\t\t\t<div class=\"elementor-widget-wrap elementor-element-populated\">\n\t\t\t\t\t\t<div class=\"elementor-element elementor-element-99564bb elementor-position-top elementor-widget elementor-widget-image-box\" data-id=\"99564bb\" data-element_type=\"widget\" data-e-type=\"widget\" data-widget_type=\"image-box.default\">\n\t\t\t\t<div class=\"elementor-widget-container\">\n\t\t\t\t\t<div class=\"elementor-image-box-wrapper\"><figure class=\"elementor-image-box-img\"><a href=\"https:\/\/www.uma.es\/tep933\" tabindex=\"-1\"><img loading=\"lazy\" decoding=\"async\" width=\"217\" height=\"150\" src=\"https:\/\/blogs.uned.es\/patrimonioindustrial\/wp-content\/uploads\/sites\/247\/2023\/11\/GRUPO-MALAGA.jpg\" class=\"attachment-full size-full wp-image-2517\" alt=\"\" \/><\/a><\/figure><div class=\"elementor-image-box-content\"><h3 class=\"elementor-image-box-title\"><a href=\"https:\/\/www.uma.es\/tep933\">Grupo de Investigaci\u00f3n TEP933-Ingenier\u00eda de Fabricaci\u00f3n de la Universidad de M\u00e1laga<\/a><\/h3><\/div><\/div>\t\t\t\t<\/div>\n\t\t\t\t<\/div>\n\t\t\t\t\t<\/div>\n\t\t<\/div>\n\t\t\t\t\t<\/div>\n\t\t<\/section>\n\t\t\t\t\t<\/div>\n\t\t<\/div>\n\t\t\t\t\t<\/div>\n\t\t<\/section>\n\t\t\t\t<\/div>\n\t\t","protected":false},"excerpt":{"rendered":"<p>Colaboradores y amigos Sociedad de Ingenier\u00eda de Fabricaci\u00f3n Sociedad Espa\u00f1ola para la Defensa del Patrimonio Geol\u00f3gico y Minero Grupo de Trabajo en Patrimonio Industrial de Fabricaci\u00f3n PATRIF Aula G+PAI Asociaci\u00f3n Espa\u00f1ola de Ingenier\u00eda Mec\u00e1nica &#8211; Comisi\u00f3n T\u00e9cnica de Historia de la Ingenier\u00eda Mec\u00e1nica Asociaci\u00f3n de Amigos de las Reales F\u00e1bricas de Ri\u00f3par Grupo de Patrimonio Minero del Noroeste Ib\u00e9rico C\u00e1tedra de Turismo Sostenible y Desarrollo Local Grupo de investigaci\u00f3n Producci\u00f3n Industrial e Ingenier\u00eda de Fabricaci\u00f3n (IPME) de la UNED Grupo de Investigaci\u00f3n TEP933-Ingenier\u00eda de Fabricaci\u00f3n de la Universidad de M\u00e1laga<\/p>\n","protected":false},"author":7337,"featured_media":0,"parent":0,"menu_order":0,"comment_status":"closed","ping_status":"closed","template":"","meta":{"footnotes":""},"class_list":["post-619","page","type-page","status-publish"],"_links":{"self":[{"href":"https:\/\/blogs.uned.es\/patrimonioindustrial\/wp-json\/wp\/v2\/pages\/619","targetHints":{"allow":["GET"]}}],"collection":[{"href":"https:\/\/blogs.uned.es\/patrimonioindustrial\/wp-json\/wp\/v2\/pages"}],"about":[{"href":"https:\/\/blogs.uned.es\/patrimonioindustrial\/wp-json\/wp\/v2\/types\/page"}],"author":[{"embeddable":true,"href":"https:\/\/blogs.uned.es\/patrimonioindustrial\/wp-json\/wp\/v2\/users\/7337"}],"replies":[{"embeddable":true,"href":"https:\/\/blogs.uned.es\/patrimonioindustrial\/wp-json\/wp\/v2\/comments?post=619"}],"version-history":[{"count":15,"href":"https:\/\/blogs.uned.es\/patrimonioindustrial\/wp-json\/wp\/v2\/pages\/619\/revisions"}],"predecessor-version":[{"id":2545,"href":"https:\/\/blogs.uned.es\/patrimonioindustrial\/wp-json\/wp\/v2\/pages\/619\/revisions\/2545"}],"wp:attachment":[{"href":"https:\/\/blogs.uned.es\/patrimonioindustrial\/wp-json\/wp\/v2\/media?parent=619"}],"curies":[{"name":"wp","href":"https:\/\/api.w.org\/{rel}","templated":true}]}}