{"id":11817,"date":"2023-09-30T14:48:24","date_gmt":"2023-09-30T14:48:24","guid":{"rendered":"https:\/\/blogs.uned.es\/nominasuned\/?page_id=11817"},"modified":"2023-10-13T17:27:15","modified_gmt":"2023-10-13T17:27:15","slug":"objetivos","status":"publish","type":"page","link":"https:\/\/blogs.uned.es\/nominasuned\/objetivos\/","title":{"rendered":"Objetivos"},"content":{"rendered":"\n<div class=\"wp-block-cover alignfull\" style=\"min-height:325px;aspect-ratio:unset;\"><span aria-hidden=\"true\" class=\"wp-block-cover__background has-background-dim-20 has-background-dim\"><\/span><img loading=\"lazy\" decoding=\"async\" width=\"2626\" height=\"1755\" class=\"wp-block-cover__image-background wp-image-11827\" alt=\"\" src=\"http:\/\/blogs.uned.es\/nominasuned\/wp-content\/uploads\/sites\/457\/2023\/09\/Objectivos.png\" style=\"object-position:48% 44%\" data-object-fit=\"cover\" data-object-position=\"48% 44%\" srcset=\"https:\/\/blogs.uned.es\/nominasuned\/wp-content\/uploads\/sites\/457\/2023\/09\/Objectivos.png 2626w, https:\/\/blogs.uned.es\/nominasuned\/wp-content\/uploads\/sites\/457\/2023\/09\/Objectivos-300x200.png 300w, https:\/\/blogs.uned.es\/nominasuned\/wp-content\/uploads\/sites\/457\/2023\/09\/Objectivos-1024x684.png 1024w, https:\/\/blogs.uned.es\/nominasuned\/wp-content\/uploads\/sites\/457\/2023\/09\/Objectivos-768x513.png 768w, https:\/\/blogs.uned.es\/nominasuned\/wp-content\/uploads\/sites\/457\/2023\/09\/Objectivos-1536x1027.png 1536w, https:\/\/blogs.uned.es\/nominasuned\/wp-content\/uploads\/sites\/457\/2023\/09\/Objectivos-2048x1369.png 2048w\" sizes=\"auto, (max-width: 2626px) 100vw, 2626px\" \/><div class=\"wp-block-cover__inner-container is-layout-flow wp-block-cover-is-layout-flow\">\n<p class=\"has-text-align-right\" style=\"font-size:65px\"><strong>Objetivos del curso<\/strong><\/p>\n<\/div><\/div>\n\n\n\n<div style=\"height:50px\" aria-hidden=\"true\" class=\"wp-block-spacer\"><\/div>\n\n\n\n<p>Los <strong>principales objetivos<\/strong> son que el estudiante:<\/p>\n\n\n\n<div style=\"height:50px\" aria-hidden=\"true\" class=\"wp-block-spacer\"><\/div>\n\n\n\n<div class=\"wp-block-columns is-layout-flex wp-container-core-columns-is-layout-28f84493 wp-block-columns-is-layout-flex\">\n<div class=\"wp-block-column is-layout-flow wp-block-column-is-layout-flow\">\n<figure class=\"wp-block-image aligncenter size-full is-resized\"><img loading=\"lazy\" decoding=\"async\" width=\"512\" height=\"512\" src=\"https:\/\/blogs.uned.es\/nominasuned\/wp-content\/uploads\/sites\/457\/2023\/09\/lampara.png\" alt=\"\" class=\"wp-image-11829\" style=\"width:150px;height:150px\" srcset=\"https:\/\/blogs.uned.es\/nominasuned\/wp-content\/uploads\/sites\/457\/2023\/09\/lampara.png 512w, https:\/\/blogs.uned.es\/nominasuned\/wp-content\/uploads\/sites\/457\/2023\/09\/lampara-300x300.png 300w, https:\/\/blogs.uned.es\/nominasuned\/wp-content\/uploads\/sites\/457\/2023\/09\/lampara-150x150.png 150w\" sizes=\"auto, (max-width: 512px) 100vw, 512px\" \/><\/figure>\n\n\n\n<p class=\"has-text-align-center\">Desarrolle <strong>conocimientos legales y econ\u00f3micos dentro del \u00e1mbito de la administraci\u00f3n de los recursos humanos <\/strong>y pueda asumir nuevas competencias.<\/p>\n<\/div>\n\n\n\n<div class=\"wp-block-column is-layout-flow wp-block-column-is-layout-flow\">\n<figure class=\"wp-block-image aligncenter size-full is-resized\"><img loading=\"lazy\" decoding=\"async\" width=\"512\" height=\"512\" src=\"https:\/\/blogs.uned.es\/nominasuned\/wp-content\/uploads\/sites\/457\/2023\/09\/product-management.png\" alt=\"\" class=\"wp-image-11831\" style=\"object-fit:cover;width:150px;height:150px\" srcset=\"https:\/\/blogs.uned.es\/nominasuned\/wp-content\/uploads\/sites\/457\/2023\/09\/product-management.png 512w, https:\/\/blogs.uned.es\/nominasuned\/wp-content\/uploads\/sites\/457\/2023\/09\/product-management-300x300.png 300w, https:\/\/blogs.uned.es\/nominasuned\/wp-content\/uploads\/sites\/457\/2023\/09\/product-management-150x150.png 150w\" sizes=\"auto, (max-width: 512px) 100vw, 512px\" \/><\/figure>\n\n\n\n<p class=\"has-text-align-center\">Gestione eficazmente consultas y <strong>tr\u00e1mites administrativos, econ\u00f3micos y de documentaci\u00f3n <\/strong>relacionados con la plantilla de trabajadores.<\/p>\n<\/div>\n<\/div>\n\n\n\n<div class=\"wp-block-columns is-layout-flex wp-container-core-columns-is-layout-28f84493 wp-block-columns-is-layout-flex\">\n<div class=\"wp-block-column is-layout-flow wp-block-column-is-layout-flow\">\n<figure class=\"wp-block-image aligncenter size-full is-resized\"><img loading=\"lazy\" decoding=\"async\" width=\"512\" height=\"512\" src=\"http:\/\/blogs.uned.es\/nominasuned\/wp-content\/uploads\/sites\/457\/2023\/09\/logro.png\" alt=\"\" class=\"wp-image-11835\" style=\"width:150px;height:150px\" srcset=\"https:\/\/blogs.uned.es\/nominasuned\/wp-content\/uploads\/sites\/457\/2023\/09\/logro.png 512w, https:\/\/blogs.uned.es\/nominasuned\/wp-content\/uploads\/sites\/457\/2023\/09\/logro-300x300.png 300w, https:\/\/blogs.uned.es\/nominasuned\/wp-content\/uploads\/sites\/457\/2023\/09\/logro-150x150.png 150w\" sizes=\"auto, (max-width: 512px) 100vw, 512px\" \/><\/figure>\n\n\n\n<p class=\"has-text-align-center\">Lleve a la pr\u00e1ctica profesional todo lo que aprende, gracias al desarrollo de <strong>casos pr\u00e1cticos<\/strong>.<\/p>\n<\/div>\n\n\n\n<div class=\"wp-block-column is-layout-flow wp-block-column-is-layout-flow\">\n<figure class=\"wp-block-image aligncenter size-full is-resized\"><img loading=\"lazy\" decoding=\"async\" width=\"512\" height=\"512\" src=\"https:\/\/blogs.uned.es\/nominasuned\/wp-content\/uploads\/sites\/457\/2023\/09\/carrera-profesional-1.png\" alt=\"\" class=\"wp-image-11837\" style=\"width:150px;height:undefinedpx\" srcset=\"https:\/\/blogs.uned.es\/nominasuned\/wp-content\/uploads\/sites\/457\/2023\/09\/carrera-profesional-1.png 512w, https:\/\/blogs.uned.es\/nominasuned\/wp-content\/uploads\/sites\/457\/2023\/09\/carrera-profesional-1-300x300.png 300w, https:\/\/blogs.uned.es\/nominasuned\/wp-content\/uploads\/sites\/457\/2023\/09\/carrera-profesional-1-150x150.png 150w\" sizes=\"auto, (max-width: 512px) 100vw, 512px\" \/><\/figure>\n\n\n\n<p class=\"has-text-align-center\">Adquiera una preparaci\u00f3n que le permita demostrar los conocimientos m\u00e1s actuales y<strong> trabajar como t\u00e9cnico o asesor en contrataci\u00f3n laboral, n\u00f3minas y Seguridad Social.<\/strong><\/p>\n<\/div>\n<\/div>\n\n\n\n<div style=\"height:50px\" aria-hidden=\"true\" class=\"wp-block-spacer\"><\/div>\n\n\n\n<p>El <strong>objetivo general<\/strong> es que el estudiante adquiera los conocimientos y habilidades pr\u00e1cticas necesarios para aplicar los sistemas retributivos y para confeccionar n\u00f3minas y seguros sociales.<\/p>\n\n\n\n<div style=\"height:50px\" aria-hidden=\"true\" class=\"wp-block-spacer\"><\/div>\n","protected":false},"excerpt":{"rendered":"<p>Los principales objetivos son que el estudiante: Desarrolle conocimientos legales y econ\u00f3micos dentro del \u00e1mbito de la administraci\u00f3n de los recursos humanos y pueda asumir nuevas competencias. Gestione eficazmente consultas y tr\u00e1mites administrativos, econ\u00f3micos y de documentaci\u00f3n relacionados con la plantilla de trabajadores. Lleve a la pr\u00e1ctica profesional todo lo que aprende, gracias al desarrollo [&hellip;]<\/p>\n","protected":false},"author":7731,"featured_media":0,"parent":0,"menu_order":0,"comment_status":"closed","ping_status":"closed","template":"","meta":{"footnotes":""},"class_list":["post-11817","page","type-page","status-publish","hentry"],"_links":{"self":[{"href":"https:\/\/blogs.uned.es\/nominasuned\/wp-json\/wp\/v2\/pages\/11817","targetHints":{"allow":["GET"]}}],"collection":[{"href":"https:\/\/blogs.uned.es\/nominasuned\/wp-json\/wp\/v2\/pages"}],"about":[{"href":"https:\/\/blogs.uned.es\/nominasuned\/wp-json\/wp\/v2\/types\/page"}],"author":[{"embeddable":true,"href":"https:\/\/blogs.uned.es\/nominasuned\/wp-json\/wp\/v2\/users\/7731"}],"replies":[{"embeddable":true,"href":"https:\/\/blogs.uned.es\/nominasuned\/wp-json\/wp\/v2\/comments?post=11817"}],"version-history":[{"count":9,"href":"https:\/\/blogs.uned.es\/nominasuned\/wp-json\/wp\/v2\/pages\/11817\/revisions"}],"predecessor-version":[{"id":12125,"href":"https:\/\/blogs.uned.es\/nominasuned\/wp-json\/wp\/v2\/pages\/11817\/revisions\/12125"}],"wp:attachment":[{"href":"https:\/\/blogs.uned.es\/nominasuned\/wp-json\/wp\/v2\/media?parent=11817"}],"curies":[{"name":"wp","href":"https:\/\/api.w.org\/{rel}","templated":true}]}}